{"id":3361,"date":"2024-06-21T01:24:32","date_gmt":"2024-06-21T01:24:32","guid":{"rendered":"https:\/\/chicchem.com\/?post_type=product&#038;p=3361"},"modified":"2024-06-21T01:27:33","modified_gmt":"2024-06-21T01:27:33","slug":"chicslc-275","status":"publish","type":"product","link":"https:\/\/chicchem.com\/fr\/produit\/chicslc-275\/","title":{"rendered":"ChicSLC 275"},"content":{"rendered":"<p><span style=\"color: #f2a516;\"><strong><b>Description du produit<\/b><\/strong><\/span><\/p>\n<p><span style=\"color: #000000;\">Ce produit est ininflammable, avec une viscosit\u00e9 mod\u00e9r\u00e9e \u00e0 temp\u00e9rature ambiante et un vide limite inf\u00e9rieur \u00e0 celui du 274. Il pr\u00e9sente une tr\u00e8s faible pression de vapeur satur\u00e9e \u00e0 temp\u00e9rature ambiante, avec un vide limite atteignant 10-8~10-9kpa.<\/span><\/p>\n<p><span style=\"color: #000000;\">Son excellente stabilit\u00e9 thermique assure une r\u00e9sistance \u00e0 l&#039;oxydation m\u00eame \u00e0 une temp\u00e9rature de travail de 200\u00b0C et en pr\u00e9sence de catalyseurs m\u00e9talliques. De plus, il d\u00e9montre des performances louables en termes de d\u00e9bit de pompage et de d\u00e9bit invers\u00e9.<\/span><\/p>\n<p><span style=\"color: #000000;\">ChicSLC 275 pr\u00e9sente une stabilit\u00e9 \u00e0 l&#039;oxydation sup\u00e9rieure \u00e0 celle de l&#039;huile pour pompe \u00e0 diffusion d&#039;huile min\u00e9rale, attribu\u00e9e aux propri\u00e9t\u00e9s de l&#039;huile de silicone ph\u00e9nylm\u00e9thyle. Il r\u00e9siste \u00e0 l\u2019oxydation lorsqu\u2019il est expos\u00e9 aux conditions atmosph\u00e9riques et peut r\u00e9sister au rayonnement du champ magn\u00e9tique.<\/span><\/p>\n<p><span style=\"color: #f2a516;\"><strong><b>Propri\u00e9t\u00e9s physiques<\/b><\/strong><\/span><\/p>\n<table>\n<tbody>\n<tr>\n<td style=\"background-color: #ffecc9;\" width=\"467\"><span style=\"color: #000000;\">\u00a0Forme physique<\/span><\/td>\n<td width=\"710\"><span style=\"color: #000000;\">Liquide transparent incolore \u00e0 jaune clair<\/span><\/td>\n<\/tr>\n<tr>\n<td style=\"background-color: #ffecc9;\" width=\"467\"><span style=\"color: #000000;\">Viscosit\u00e9 (25\u2103), mm2\/s<\/span><\/td>\n<td width=\"710\"><span style=\"color: #000000;\">160-190<\/span><\/td>\n<\/tr>\n<tr>\n<td style=\"background-color: #ffecc9;\" width=\"467\"><span style=\"color: #000000;\">Densit\u00e9 (25\u2103)<\/span><\/td>\n<td width=\"710\"><span style=\"color: #000000;\">1.060-1.100<\/span><\/td>\n<\/tr>\n<tr>\n<td style=\"background-color: #ffecc9;\" width=\"467\"><span style=\"color: #000000;\">Indice de r\u00e9fraction (25 \u2103)<\/span><\/td>\n<td width=\"710\"><span style=\"color: #000000;\">1.565-1.589<\/span><\/td>\n<\/tr>\n<tr>\n<td style=\"background-color: #ffecc9;\" width=\"467\"><span style=\"color: #000000;\">Point d&#039;\u00e9clair (coupelle ouverte) \u00b0C, \u2265<\/span><\/td>\n<td width=\"710\"><span style=\"color: #000000;\">240<\/span><\/td>\n<\/tr>\n<\/tbody>\n<\/table>\n<p><span style=\"color: #000000;\">Remarque\u00a0: Les donn\u00e9es repr\u00e9sentent les r\u00e9sultats de tests effectu\u00e9s sur des \u00e9chantillons repr\u00e9sentatifs et les performances du produit peuvent varier en fonction des tests r\u00e9els.<\/span><\/p>\n<p><span style=\"color: #f2a516;\"><strong><b>Caract\u00e9ristiques et avantages<\/b><\/strong><\/span><\/p>\n<p><span style=\"color: #000000;\">L&#039;huile de silicone pour pompe \u00e0 diffusion Chicslc 275 sert d&#039;huile pour pompe \u00e0 diffusion sous vide pouss\u00e9 dans l&#039;\u00e9lectronique, la m\u00e9tallurgie, l&#039;instrumentation et d&#039;autres industries. Il fonctionne comme caloporteur \u00e0 haute temp\u00e9rature et fluide de transfert dans les instruments.<\/span><\/p>\n<p><span style=\"color: #000000;\">De plus, le Chicslc 275 agit comme le fluide de travail pr\u00e9f\u00e9r\u00e9 pour les pompes \u00e0 ultra-haute diffusion, essentielles dans des industries telles que les secteurs de l&#039;\u00e9lectronique, de l&#039;a\u00e9rospatiale et du nucl\u00e9aire.<\/span><\/p>\n<p><span style=\"color: #000000;\">De plus, elle est utilis\u00e9e comme huile de remplissage pour la transmission de signaux de pression dans divers instruments transmetteurs de pression, en particulier dans les environnements sujets aux fluctuations de temp\u00e9rature.<\/span><\/p>\n<p><span style=\"color: #f2a516;\"><strong><b>Emballer<\/b><\/strong><\/span><\/p>\n<p><span style=\"color: #000000;\">Ce produit est pr\u00e9sent\u00e9 en bouteilles pesant 1 kg chacune, avec 12 bouteilles par carton.<\/span><\/p>\n<p><span style=\"color: #f2a516;\"><strong><b>Stockage et transport<\/b><\/strong><\/span><\/p>\n<p><span style=\"color: #000000;\">Ce produit est class\u00e9 comme produit chimique non dangereux. Il doit \u00eatre stock\u00e9 dans un endroit frais et bien ventil\u00e9, et des pr\u00e9cautions doivent \u00eatre prises pour \u00e9viter les fuites pendant le transport. Adh\u00e9rer aux pratiques industrielles appropri\u00e9es et manipuler avec soin pour minimiser le risque de contamination de l&#039;environnement.<\/span><\/p>\n<p>&nbsp;<\/p>","protected":false},"excerpt":{"rendered":"<p>Prot\u00e8ge les mat\u00e9riaux des dommages oxydatifs, prolongeant leur dur\u00e9e de vie.<\/p>","protected":false},"featured_media":0,"template":"","meta":{"site-sidebar-layout":"default","site-content-layout":"","ast-site-content-layout":"default","site-content-style":"default","site-sidebar-style":"default","ast-global-header-display":"","ast-banner-title-visibility":"","ast-main-header-display":"","ast-hfb-above-header-display":"","ast-hfb-below-header-display":"","ast-hfb-mobile-header-display":"","site-post-title":"","ast-breadcrumbs-content":"","ast-featured-img":"","footer-sml-layout":"","theme-transparent-header-meta":"default","adv-header-id-meta":"","stick-header-meta":"","header-above-stick-meta":"","header-main-stick-meta":"","header-below-stick-meta":"","astra-migrate-meta-layouts":"set","ast-page-background-enabled":"default","ast-page-background-meta":{"desktop":{"background-color":"","background-image":"","background-repeat":"repeat","background-position":"center center","background-size":"auto","background-attachment":"scroll","background-type":"","background-media":"","overlay-type":"","overlay-color":"","overlay-opacity":"","overlay-gradient":""},"tablet":{"background-color":"","background-image":"","background-repeat":"repeat","background-position":"center center","background-size":"auto","background-attachment":"scroll","background-type":"","background-media":"","overlay-type":"","overlay-color":"","overlay-opacity":"","overlay-gradient":""},"mobile":{"background-color":"","background-image":"","background-repeat":"repeat","background-position":"center center","background-size":"auto","background-attachment":"scroll","background-type":"","background-media":"","overlay-type":"","overlay-color":"","overlay-opacity":"","overlay-gradient":""}},"ast-content-background-meta":{"desktop":{"background-color":"var(--ast-global-color-5)","background-image":"","background-repeat":"repeat","background-position":"center center","background-size":"auto","background-attachment":"scroll","background-type":"","background-media":"","overlay-type":"","overlay-color":"","overlay-opacity":"","overlay-gradient":""},"tablet":{"background-color":"var(--ast-global-color-5)","background-image":"","background-repeat":"repeat","background-position":"center center","background-size":"auto","background-attachment":"scroll","background-type":"","background-media":"","overlay-type":"","overlay-color":"","overlay-opacity":"","overlay-gradient":""},"mobile":{"background-color":"var(--ast-global-color-5)","background-image":"","background-repeat":"repeat","background-position":"center center","background-size":"auto","background-attachment":"scroll","background-type":"","background-media":"","overlay-type":"","overlay-color":"","overlay-opacity":"","overlay-gradient":""}}},"product_brand":[],"product_cat":[18,20],"product_tag":[],"class_list":{"0":"post-3361","1":"product","2":"type-product","3":"status-publish","5":"product_cat-products","6":"product_cat-antioxidant-for-lubricant","7":"desktop-align-left","8":"tablet-align-left","9":"mobile-align-left","11":"first","12":"instock","13":"shipping-taxable","14":"product-type-simple"},"_links":{"self":[{"href":"https:\/\/chicchem.com\/fr\/wp-json\/wp\/v2\/product\/3361","targetHints":{"allow":["GET"]}}],"collection":[{"href":"https:\/\/chicchem.com\/fr\/wp-json\/wp\/v2\/product"}],"about":[{"href":"https:\/\/chicchem.com\/fr\/wp-json\/wp\/v2\/types\/product"}],"wp:attachment":[{"href":"https:\/\/chicchem.com\/fr\/wp-json\/wp\/v2\/media?parent=3361"}],"wp:term":[{"taxonomy":"product_brand","embeddable":true,"href":"https:\/\/chicchem.com\/fr\/wp-json\/wp\/v2\/product_brand?post=3361"},{"taxonomy":"product_cat","embeddable":true,"href":"https:\/\/chicchem.com\/fr\/wp-json\/wp\/v2\/product_cat?post=3361"},{"taxonomy":"product_tag","embeddable":true,"href":"https:\/\/chicchem.com\/fr\/wp-json\/wp\/v2\/product_tag?post=3361"}],"curies":[{"name":"wp","href":"https:\/\/api.w.org\/{rel}","templated":true}]}}