{"id":3362,"date":"2024-06-21T01:26:03","date_gmt":"2024-06-21T01:26:03","guid":{"rendered":"https:\/\/chicchem.com\/?post_type=product&#038;p=3362"},"modified":"2024-06-21T01:26:47","modified_gmt":"2024-06-21T01:26:47","slug":"chicstab-4426","status":"publish","type":"product","link":"https:\/\/chicchem.com\/fr\/produit\/chicstab-4426\/","title":{"rendered":"Chictab 4426"},"content":{"rendered":"<p><span style=\"color: #f2a516;\"><strong>Description du produit<\/strong><\/span><\/p>\n<p><span style=\"color: #000000;\">N \u00b0 CAS.  118-82-1<\/span><\/p>\n<p><span style=\"color: #000000;\">Chicstab 4426 est un antioxydant ph\u00e9nolique encombr\u00e9 avec sa nature non polluante, sa faible volatilit\u00e9 et son excellente stabilit\u00e9 thermique \u00e0 l&#039;oxyg\u00e8ne. G\u00e9n\u00e9ralement utilis\u00e9 comme additif pour l&#039;huile, il offre une r\u00e9sistance remarquable \u00e0 l&#039;oxydation \u00e0 haute temp\u00e9rature, ce qui le rend id\u00e9al pour les applications dans les huiles de transfert thermique, les huiles de trempe, les graisses sp\u00e9ciales et autres huiles soumises \u00e0 des temp\u00e9ratures \u00e9lev\u00e9es.<\/span><\/p>\n<p><span style=\"color: #000000;\">Compar\u00e9 \u00e0 l&#039;Antioxydant 501, le Chicstab 4426 d\u00e9montre une stabilit\u00e9 sup\u00e9rieure de r\u00e9sistance thermique et \u00e0 l&#039;oxyg\u00e8ne \u00e0 des temp\u00e9ratures de fonctionnement \u00e9lev\u00e9es.<\/span><\/p>\n<p><span style=\"color: #f2a516;\"><strong><b>Propri\u00e9t\u00e9s physiques<\/b><\/strong><\/span><\/p>\n<table>\n<tbody>\n<tr>\n<td style=\"background-color: #ffecc9;\" width=\"467\"><span style=\"color: #000000;\">Forme physique<\/span><\/td>\n<td width=\"710\"><span style=\"color: #000000;\">Poudre cristalline blanc cass\u00e9 ou jaune clair<\/span><\/td>\n<\/tr>\n<tr>\n<td style=\"background-color: #ffecc9;\" width=\"467\"><span style=\"color: #000000;\">Puret\u00e9, % \u2265<\/span><\/td>\n<td width=\"710\"><span style=\"color: #000000;\">98.0<\/span><\/td>\n<\/tr>\n<tr>\n<td style=\"background-color: #ffecc9;\" width=\"467\"><span style=\"color: #000000;\">Point de fusion, \u2103<\/span><\/td>\n<td width=\"710\"><span style=\"color: #000000;\">149-154<\/span><\/td>\n<\/tr>\n<tr>\n<td style=\"background-color: #ffecc9;\" width=\"467\"><span style=\"color: #000000;\">Mati\u00e8res volatiles, % \u2264<\/span><\/td>\n<td width=\"710\"><span style=\"color: #000000;\">0.3<\/span><\/td>\n<\/tr>\n<\/tbody>\n<\/table>\n<p><span style=\"color: #f2a516;\"><strong>Guide d&#039;utilisation<\/strong><\/span><\/p>\n<p><span style=\"color: #000000;\">Le dosage standard de ce produit est de 0,1% \u00e0 0,5%, mais il peut \u00eatre ajust\u00e9 en fonction des exigences sp\u00e9cifiques des clients.<\/span><\/p>\n<p><span style=\"color: #f2a516;\"><strong><b>Paquet<\/b><\/strong><strong><b>\u00e2ge<\/b><\/strong><\/span><\/p>\n<p><span style=\"color: #000000;\">Ce produit est disponible en sac papier-plastique de 25 kg ou en f\u00fbt carton doubl\u00e9 d&#039;un sac plastique.<\/span><\/p>\n<p><span style=\"color: #f2a516;\"><strong><b>S<\/b><\/strong><strong><b>dur\u00e9e de vie<\/b><\/strong><\/span><\/p>\n<p><span style=\"color: #000000;\">24 mois \u00e0 compter de la date de production sous emballage d&#039;origine non ouvert.<\/span><\/p>\n<p><span style=\"color: #f2a516;\"><strong><b>Stockage et transport<\/b><\/strong><\/span><\/p>\n<p><span style=\"color: #000000;\">Conserver dans des conditions sombres, s\u00e8ches, fra\u00eeches et scell\u00e9es.  Une fois ouvert et utilis\u00e9, il est conseill\u00e9 de le conserver herm\u00e9tiquement ferm\u00e9 et de l\u2019utiliser rapidement. Pendant le transport, des pr\u00e9cautions doivent \u00eatre prises pour \u00e9viter les fuites. Il est essentiel de suivre des pratiques industrielles appropri\u00e9es, de manipuler avec soin et de minimiser le risque de pollution de l&#039;environnement.<\/span><\/p>","protected":false},"excerpt":{"rendered":"<p>Prot\u00e8ge les mat\u00e9riaux des dommages oxydatifs, prolongeant leur dur\u00e9e de vie.<\/p>","protected":false},"featured_media":0,"template":"","meta":{"site-sidebar-layout":"default","site-content-layout":"","ast-site-content-layout":"default","site-content-style":"default","site-sidebar-style":"default","ast-global-header-display":"","ast-banner-title-visibility":"","ast-main-header-display":"","ast-hfb-above-header-display":"","ast-hfb-below-header-display":"","ast-hfb-mobile-header-display":"","site-post-title":"","ast-breadcrumbs-content":"","ast-featured-img":"","footer-sml-layout":"","theme-transparent-header-meta":"default","adv-header-id-meta":"","stick-header-meta":"","header-above-stick-meta":"","header-main-stick-meta":"","header-below-stick-meta":"","astra-migrate-meta-layouts":"set","ast-page-background-enabled":"default","ast-page-background-meta":{"desktop":{"background-color":"","background-image":"","background-repeat":"repeat","background-position":"center center","background-size":"auto","background-attachment":"scroll","background-type":"","background-media":"","overlay-type":"","overlay-color":"","overlay-opacity":"","overlay-gradient":""},"tablet":{"background-color":"","background-image":"","background-repeat":"repeat","background-position":"center center","background-size":"auto","background-attachment":"scroll","background-type":"","background-media":"","overlay-type":"","overlay-color":"","overlay-opacity":"","overlay-gradient":""},"mobile":{"background-color":"","background-image":"","background-repeat":"repeat","background-position":"center center","background-size":"auto","background-attachment":"scroll","background-type":"","background-media":"","overlay-type":"","overlay-color":"","overlay-opacity":"","overlay-gradient":""}},"ast-content-background-meta":{"desktop":{"background-color":"var(--ast-global-color-5)","background-image":"","background-repeat":"repeat","background-position":"center center","background-size":"auto","background-attachment":"scroll","background-type":"","background-media":"","overlay-type":"","overlay-color":"","overlay-opacity":"","overlay-gradient":""},"tablet":{"background-color":"var(--ast-global-color-5)","background-image":"","background-repeat":"repeat","background-position":"center center","background-size":"auto","background-attachment":"scroll","background-type":"","background-media":"","overlay-type":"","overlay-color":"","overlay-opacity":"","overlay-gradient":""},"mobile":{"background-color":"var(--ast-global-color-5)","background-image":"","background-repeat":"repeat","background-position":"center center","background-size":"auto","background-attachment":"scroll","background-type":"","background-media":"","overlay-type":"","overlay-color":"","overlay-opacity":"","overlay-gradient":""}}},"product_brand":[],"product_cat":[18,20],"product_tag":[],"class_list":{"0":"post-3362","1":"product","2":"type-product","3":"status-publish","5":"product_cat-products","6":"product_cat-antioxidant-for-lubricant","7":"desktop-align-left","8":"tablet-align-left","9":"mobile-align-left","11":"first","12":"instock","13":"shipping-taxable","14":"product-type-simple"},"_links":{"self":[{"href":"https:\/\/chicchem.com\/fr\/wp-json\/wp\/v2\/product\/3362","targetHints":{"allow":["GET"]}}],"collection":[{"href":"https:\/\/chicchem.com\/fr\/wp-json\/wp\/v2\/product"}],"about":[{"href":"https:\/\/chicchem.com\/fr\/wp-json\/wp\/v2\/types\/product"}],"wp:attachment":[{"href":"https:\/\/chicchem.com\/fr\/wp-json\/wp\/v2\/media?parent=3362"}],"wp:term":[{"taxonomy":"product_brand","embeddable":true,"href":"https:\/\/chicchem.com\/fr\/wp-json\/wp\/v2\/product_brand?post=3362"},{"taxonomy":"product_cat","embeddable":true,"href":"https:\/\/chicchem.com\/fr\/wp-json\/wp\/v2\/product_cat?post=3362"},{"taxonomy":"product_tag","embeddable":true,"href":"https:\/\/chicchem.com\/fr\/wp-json\/wp\/v2\/product_tag?post=3362"}],"curies":[{"name":"wp","href":"https:\/\/api.w.org\/{rel}","templated":true}]}}