{"id":3363,"date":"2024-06-21T01:29:36","date_gmt":"2024-06-21T01:29:36","guid":{"rendered":"https:\/\/chicchem.com\/?post_type=product&#038;p=3363"},"modified":"2024-06-21T01:29:37","modified_gmt":"2024-06-21T01:29:37","slug":"chicstab-l01","status":"publish","type":"product","link":"https:\/\/chicchem.com\/fr\/produit\/chicstab-l01\/","title":{"rendered":"Chicstab L01"},"content":{"rendered":"<p><span style=\"color: #f2a516;\"><strong>Description du produit<\/strong><\/span><\/p>\n<p><span style=\"color: #000000;\">N \u00b0 CAS.  101-67-7<\/span><\/p>\n<p><span style=\"color: #000000;\">Chicstab L01 est un antioxydant diisooctyl diph\u00e9nylamine con\u00e7u pour la protection contre le vieillissement thermique par l&#039;oxyg\u00e8ne des lubrifiants \u00e0 base d&#039;huile min\u00e9rale et d&#039;ester synth\u00e9tique. Il pr\u00e9sente une volatilit\u00e9 extr\u00eamement faible et peut r\u00e9sister \u00e0 des temp\u00e9ratures de service \u00e9lev\u00e9es, emp\u00eachant ainsi l&#039;oxydation des lubrifiants d\u00e9riv\u00e9s d&#039;huiles min\u00e9rales et d&#039;huiles synth\u00e9tiques \u00e0 des temp\u00e9ratures \u00e9lev\u00e9es. De plus, il contr\u00f4le la formation de boues \u00e0 des temp\u00e9ratures \u00e9lev\u00e9es, maintenant ainsi la propret\u00e9 des \u00e9quipements. De plus, il pr\u00e9sente une plus grande r\u00e9sistance au changement de couleur que les autres d\u00e9riv\u00e9s de diph\u00e9nylamine.<\/span><\/p>\n<p><span style=\"color: #f2a516;\"><strong><b>Propri\u00e9t\u00e9s physiques<\/b><\/strong><\/span><\/p>\n<table>\n<tbody>\n<tr>\n<td style=\"background-color: #ffecc9;\" colspan=\"2\" width=\"467\"><span style=\"color: #000000;\">Forme physique<\/span><\/td>\n<td width=\"710\"><span style=\"color: #000000;\">poudre cristalline blanche ou blanc cass\u00e9<\/span><\/td>\n<\/tr>\n<tr>\n<td style=\"background-color: #ffecc9;\" colspan=\"2\" width=\"467\"><span style=\"color: #000000;\">Point d&#039;\u00e9clair \uff08COC\uff09\/\u2103 \uff1e<\/span><\/td>\n<td width=\"710\"><span style=\"color: #000000;\">150<\/span><\/td>\n<\/tr>\n<tr>\n<td style=\"background-color: #ffecc9;\" colspan=\"2\" width=\"467\"><span style=\"color: #000000;\">Teneur en azote\/%<\/span><\/td>\n<td width=\"710\"><span style=\"color: #000000;\">3.1-3.7<\/span><\/td>\n<\/tr>\n<tr>\n<td style=\"background-color: #ffecc9;\" colspan=\"2\" width=\"467\"><span style=\"color: #000000;\">TGA<\/span><\/td>\n<td width=\"710\"><span style=\"color: #000000;\">5-10% perte de poids &gt; 300\u00b0C<\/span><\/td>\n<\/tr>\n<tr>\n<td style=\"background-color: #ffecc9;\" colspan=\"2\" width=\"467\"><span style=\"color: #000000;\">Point de fusion, \u2103\u2265<\/span><\/td>\n<td width=\"710\"><span style=\"color: #000000;\">98<\/span><\/td>\n<\/tr>\n<tr>\n<td style=\"background-color: #ffecc9;\" colspan=\"2\" width=\"467\"><span style=\"color: #000000;\">Volatilisant, % \u2264<\/span><\/td>\n<td width=\"710\"><span style=\"color: #000000;\">0.30<\/span><\/td>\n<\/tr>\n<tr>\n<td style=\"background-color: #ffecc9;\" rowspan=\"3\" width=\"233\"><span style=\"color: #000000;\">\u00a0\u00a0\u00a0\u00a0\u00a0\u00a0\u00a0\u00a0\u00a0\u00a0Solubilit\u00e9<\/span><\/td>\n<td style=\"background-color: #ffecc9;\" width=\"233\"><span style=\"color: #000000;\">huile min\u00e9rale\/%<\/span><\/td>\n<td width=\"710\"><span style=\"color: #000000;\">\u22655<\/span><\/td>\n<\/tr>\n<tr>\n<td style=\"background-color: #ffecc9;\" width=\"233\"><span style=\"color: #000000;\">ester\/%<\/span><\/td>\n<td width=\"710\"><span style=\"color: #000000;\">\u22655<\/span><\/td>\n<\/tr>\n<tr>\n<td style=\"background-color: #ffecc9;\" width=\"233\"><span style=\"color: #000000;\">eau<\/span><\/td>\n<td width=\"710\"><span style=\"color: #000000;\">Insoluble<\/span><\/td>\n<\/tr>\n<\/tbody>\n<\/table>\n<p><span style=\"color: #f2a516;\"><strong>Caract\u00e9ristiques et avantages<\/strong><\/span><\/p>\n<p><span style=\"color: #000000;\">Ce produit trouve une application dans divers lubrifiants \u00e0 base d&#039;huile min\u00e9rale et d&#039;ester synth\u00e9tique, notamment l&#039;huile pour turbine, l&#039;huile pour compresseur, l&#039;huile moteur, l&#039;huile pour engrenages industriels et automobiles et l&#039;huile pour cha\u00eene haute temp\u00e9rature, entre autres. La posologie recommand\u00e9e varie de 0,1% \u00e0 2%.<\/span><\/p>\n<p><span style=\"color: #000000;\">Chicstab L01 est particuli\u00e8rement adapt\u00e9 aux huiles moteur d\u2019avion, r\u00e9pondant \u00e0 des exigences diverses. Sa volatilit\u00e9 extr\u00eamement faible le distingue de nombreux autres produits diph\u00e9nylamines alkyl\u00e9s, en particulier dans les graisses haute temp\u00e9rature.<\/span><\/p>\n<p><span style=\"color: #000000;\">La combinaison de Chicstab L01 avec des antioxydants ph\u00e9noliques comme Chicstab L135 et des d\u00e9sactivateurs de cuivre m\u00e9tallique am\u00e9liore ses performances. De m\u00eame, son association avec Chicstab L115 am\u00e9liore les capacit\u00e9s antioxydantes. De plus, lorsqu\u2019il est utilis\u00e9 avec des ph\u00e9nyl-\u03b1-naphtal\u00e8ne amines, il contr\u00f4le plus efficacement la formation de boues de mani\u00e8re synergique.<\/span><\/p>\n<p><span style=\"color: #f2a516;\"><strong><b>Dur\u00e9e de conservation<\/b><\/strong><\/span><\/p>\n<p><span style=\"color: #000000;\">24 mois \u00e0 compter de la date de production sous emballage d&#039;origine non ouvert.<\/span><\/p>\n<p><span style=\"color: #f2a516;\"><strong><b>Stockage et transport<\/b><\/strong><\/span><\/p>\n<p><span style=\"color: #000000;\">\u00a0Stock\u00e9 dans des conditions sombres, s\u00e8ches, fra\u00eeches et scell\u00e9es. L&#039;exposition \u00e0 la lumi\u00e8re peut assombrir sa couleur, mais cela n&#039;affectera pas ses performances. Il doit donc \u00eatre prot\u00e9g\u00e9 de la lumi\u00e8re et de l\u2019humidit\u00e9 pendant le stockage. Apr\u00e8s ouverture et utilisation, il est conseill\u00e9 de le conserver herm\u00e9tiquement ferm\u00e9 et de l&#039;utiliser rapidement. Pendant le transport, des pr\u00e9cautions doivent \u00eatre prises pour \u00e9viter les fuites. Suivez les pratiques industrielles appropri\u00e9es, manipulez-les avec soin et minimisez le risque de pollution de l\u2019environnement.<\/span><\/p>","protected":false},"excerpt":{"rendered":"<p>Prot\u00e8ge les mat\u00e9riaux des dommages oxydatifs, prolongeant leur dur\u00e9e de vie.<\/p>","protected":false},"featured_media":0,"template":"","meta":{"site-sidebar-layout":"default","site-content-layout":"","ast-site-content-layout":"default","site-content-style":"default","site-sidebar-style":"default","ast-global-header-display":"","ast-banner-title-visibility":"","ast-main-header-display":"","ast-hfb-above-header-display":"","ast-hfb-below-header-display":"","ast-hfb-mobile-header-display":"","site-post-title":"","ast-breadcrumbs-content":"","ast-featured-img":"","footer-sml-layout":"","theme-transparent-header-meta":"default","adv-header-id-meta":"","stick-header-meta":"","header-above-stick-meta":"","header-main-stick-meta":"","header-below-stick-meta":"","astra-migrate-meta-layouts":"set","ast-page-background-enabled":"default","ast-page-background-meta":{"desktop":{"background-color":"","background-image":"","background-repeat":"repeat","background-position":"center center","background-size":"auto","background-attachment":"scroll","background-type":"","background-media":"","overlay-type":"","overlay-color":"","overlay-opacity":"","overlay-gradient":""},"tablet":{"background-color":"","background-image":"","background-repeat":"repeat","background-position":"center center","background-size":"auto","background-attachment":"scroll","background-type":"","background-media":"","overlay-type":"","overlay-color":"","overlay-opacity":"","overlay-gradient":""},"mobile":{"background-color":"","background-image":"","background-repeat":"repeat","background-position":"center center","background-size":"auto","background-attachment":"scroll","background-type":"","background-media":"","overlay-type":"","overlay-color":"","overlay-opacity":"","overlay-gradient":""}},"ast-content-background-meta":{"desktop":{"background-color":"var(--ast-global-color-5)","background-image":"","background-repeat":"repeat","background-position":"center center","background-size":"auto","background-attachment":"scroll","background-type":"","background-media":"","overlay-type":"","overlay-color":"","overlay-opacity":"","overlay-gradient":""},"tablet":{"background-color":"var(--ast-global-color-5)","background-image":"","background-repeat":"repeat","background-position":"center center","background-size":"auto","background-attachment":"scroll","background-type":"","background-media":"","overlay-type":"","overlay-color":"","overlay-opacity":"","overlay-gradient":""},"mobile":{"background-color":"var(--ast-global-color-5)","background-image":"","background-repeat":"repeat","background-position":"center center","background-size":"auto","background-attachment":"scroll","background-type":"","background-media":"","overlay-type":"","overlay-color":"","overlay-opacity":"","overlay-gradient":""}}},"product_brand":[],"product_cat":[18,20],"product_tag":[],"class_list":{"0":"post-3363","1":"product","2":"type-product","3":"status-publish","5":"product_cat-products","6":"product_cat-antioxidant-for-lubricant","7":"desktop-align-left","8":"tablet-align-left","9":"mobile-align-left","11":"first","12":"instock","13":"shipping-taxable","14":"product-type-simple"},"_links":{"self":[{"href":"https:\/\/chicchem.com\/fr\/wp-json\/wp\/v2\/product\/3363","targetHints":{"allow":["GET"]}}],"collection":[{"href":"https:\/\/chicchem.com\/fr\/wp-json\/wp\/v2\/product"}],"about":[{"href":"https:\/\/chicchem.com\/fr\/wp-json\/wp\/v2\/types\/product"}],"wp:attachment":[{"href":"https:\/\/chicchem.com\/fr\/wp-json\/wp\/v2\/media?parent=3363"}],"wp:term":[{"taxonomy":"product_brand","embeddable":true,"href":"https:\/\/chicchem.com\/fr\/wp-json\/wp\/v2\/product_brand?post=3363"},{"taxonomy":"product_cat","embeddable":true,"href":"https:\/\/chicchem.com\/fr\/wp-json\/wp\/v2\/product_cat?post=3363"},{"taxonomy":"product_tag","embeddable":true,"href":"https:\/\/chicchem.com\/fr\/wp-json\/wp\/v2\/product_tag?post=3363"}],"curies":[{"name":"wp","href":"https:\/\/api.w.org\/{rel}","templated":true}]}}