{"id":3364,"date":"2024-06-21T01:34:06","date_gmt":"2024-06-21T01:34:06","guid":{"rendered":"https:\/\/chicchem.com\/?post_type=product&#038;p=3364"},"modified":"2024-06-21T01:34:07","modified_gmt":"2024-06-21T01:34:07","slug":"chicstab-l05","status":"publish","type":"product","link":"https:\/\/chicchem.com\/fr\/produit\/chicstab-l05\/","title":{"rendered":"Chictab L05"},"content":{"rendered":"<p><span style=\"color: #f2a516;\"><strong><b>Description du produit<\/b><\/strong><\/span><\/p>\n<p><span style=\"color: #000000;\">N \u00b0 CAS.  10081-67-1<\/span><\/p>\n<p><span style=\"color: #000000;\">Chicstab L05 est un antioxydant diph\u00e9nylamine substitu\u00e9, distingu\u00e9 comme l&#039;un des rares antioxydants non toxiques, inodores et de couleur claire. Il trouve des applications dans les graisses lubrifiantes et les huiles de transfert de chaleur, entre autres utilisations. Il att\u00e9nue efficacement l&#039;augmentation de la viscosit\u00e9 due \u00e0 l&#039;oxydation, prolongeant ainsi la dur\u00e9e de vie des produits p\u00e9troliers. De plus, il offre une protection fiable contre le vieillissement induit par la chaleur, la lumi\u00e8re, l\u2019ozone et d\u2019autres facteurs.<\/span><\/p>\n<p><span style=\"color: #f2a516;\"><strong><b>Propri\u00e9t\u00e9s physiques<\/b><\/strong><\/span><\/p>\n<table>\n<tbody>\n<tr>\n<td style=\"background-color: #ffecc9;\" width=\"467\"><span style=\"color: #000000;\">Forme physique<\/span><\/td>\n<td width=\"710\"><span style=\"color: #000000;\">poudre cristalline blanche<\/span><\/td>\n<\/tr>\n<tr>\n<td style=\"background-color: #ffecc9;\" width=\"467\"><span style=\"color: #000000;\">Point de fusion, \u2103\u2265<\/span><\/td>\n<td width=\"710\"><span style=\"color: #000000;\">98.5<\/span><\/td>\n<\/tr>\n<tr>\n<td style=\"background-color: #ffecc9;\" width=\"467\"><span style=\"color: #000000;\">Volatilisant, % \u2264<\/span><\/td>\n<td width=\"710\"><span style=\"color: #000000;\">0.25<\/span><\/td>\n<\/tr>\n<tr>\n<td style=\"background-color: #ffecc9;\" width=\"467\"><span style=\"color: #000000;\">Teneur en cendres, % \u2264<\/span><\/td>\n<td width=\"710\"><span style=\"color: #000000;\">0.15<\/span><\/td>\n<\/tr>\n<tr>\n<td style=\"background-color: #ffecc9;\" width=\"467\"><span style=\"color: #000000;\">Point de fusion, \u2103\u2265<\/span><\/td>\n<td width=\"710\"><span style=\"color: #000000;\">98.0<\/span><\/td>\n<\/tr>\n<\/tbody>\n<\/table>\n<p><span style=\"color: #f2a516;\"><strong>Caract\u00e9ristiques et avantages<\/strong><\/span><\/p>\n<p><span style=\"color: #000000;\">Ce produit se distingue comme l\u2019une des rares options d\u2019antioxydants non toxiques, inodores et de couleur claire parmi les antioxydants amin\u00e9s. Il pr\u00e9sente des effets synergiques accrus lorsqu\u2019il est combin\u00e9 avec des antioxydants contenant du soufre. Avec une excellente solubilit\u00e9 dans l\u2019huile et une compatibilit\u00e9 avec divers additifs fonctionnels, il pr\u00e9sente des avantages significatifs, en particulier lorsqu\u2019il est utilis\u00e9 avec des antioxydants ph\u00e9noliques. De plus, il conserve son efficacit\u00e9 antioxydante m\u00eame \u00e0 des temp\u00e9ratures de service plus \u00e9lev\u00e9es.<\/span><\/p>\n<p><span style=\"color: #000000;\">Il trouve une application \u00e9tendue dans diverses huiles de transfert de chaleur, huiles pour moteurs \u00e0 combustion interne de haute qualit\u00e9, huiles pour turbines, huiles hydrauliques, huiles pour turbines \u00e0 gaz, ainsi que diverses graisses et mazouts.<\/span><\/p>\n<p><span style=\"color: #f2a516;\"><strong><b>Emballer<\/b><\/strong><\/span><\/p>\n<p><span style=\"color: #000000;\">Ce produit est disponible en sac papier-plastique de 25 kg ou en f\u00fbt carton doubl\u00e9 d&#039;un sac plastique.<\/span><\/p>\n<p><span style=\"color: #f2a516;\"><strong><b>Dur\u00e9e de conservation<\/b><\/strong><\/span><\/p>\n<p><span style=\"color: #000000;\">24 mois \u00e0 compter de la date de production sous emballage d&#039;origine non ouvert.<\/span><\/p>\n<p><span style=\"color: #f2a516;\"><strong><b>Stockage et transport<\/b><\/strong><\/span><\/p>\n<p><span style=\"color: #000000;\">Bien que ce produit soit un antioxydant non polluant, il peut subir de l\u00e9gers changements de couleur lors d&#039;une exposition au soleil et d&#039;une exposition prolong\u00e9e \u00e0 l&#039;air, bien qu&#039;il ne migre pas. Pendant le stockage, il doit \u00eatre \u00e0 l\u2019abri de la lumi\u00e8re, scell\u00e9, prot\u00e9g\u00e9 de l\u2019humidit\u00e9, du soleil et de la pluie et conserv\u00e9 dans un endroit frais et sec. Apr\u00e8s ouverture et utilisation, il est conseill\u00e9 de le fermer herm\u00e9tiquement et de l&#039;utiliser rapidement. Des pr\u00e9cautions doivent \u00eatre prises pour \u00e9viter les fuites pendant le transport, respecter des normes d&#039;exploitation industrielles strictes et manipuler avec soin pour \u00e9viter la pollution de l&#039;environnement.<\/span><\/p>","protected":false},"excerpt":{"rendered":"<p>Prot\u00e8ge les mat\u00e9riaux des dommages oxydatifs, prolongeant leur dur\u00e9e de vie.<\/p>","protected":false},"featured_media":0,"template":"","meta":{"site-sidebar-layout":"default","site-content-layout":"","ast-site-content-layout":"default","site-content-style":"default","site-sidebar-style":"default","ast-global-header-display":"","ast-banner-title-visibility":"","ast-main-header-display":"","ast-hfb-above-header-display":"","ast-hfb-below-header-display":"","ast-hfb-mobile-header-display":"","site-post-title":"","ast-breadcrumbs-content":"","ast-featured-img":"","footer-sml-layout":"","theme-transparent-header-meta":"default","adv-header-id-meta":"","stick-header-meta":"","header-above-stick-meta":"","header-main-stick-meta":"","header-below-stick-meta":"","astra-migrate-meta-layouts":"set","ast-page-background-enabled":"default","ast-page-background-meta":{"desktop":{"background-color":"","background-image":"","background-repeat":"repeat","background-position":"center center","background-size":"auto","background-attachment":"scroll","background-type":"","background-media":"","overlay-type":"","overlay-color":"","overlay-opacity":"","overlay-gradient":""},"tablet":{"background-color":"","background-image":"","background-repeat":"repeat","background-position":"center center","background-size":"auto","background-attachment":"scroll","background-type":"","background-media":"","overlay-type":"","overlay-color":"","overlay-opacity":"","overlay-gradient":""},"mobile":{"background-color":"","background-image":"","background-repeat":"repeat","background-position":"center center","background-size":"auto","background-attachment":"scroll","background-type":"","background-media":"","overlay-type":"","overlay-color":"","overlay-opacity":"","overlay-gradient":""}},"ast-content-background-meta":{"desktop":{"background-color":"var(--ast-global-color-5)","background-image":"","background-repeat":"repeat","background-position":"center center","background-size":"auto","background-attachment":"scroll","background-type":"","background-media":"","overlay-type":"","overlay-color":"","overlay-opacity":"","overlay-gradient":""},"tablet":{"background-color":"var(--ast-global-color-5)","background-image":"","background-repeat":"repeat","background-position":"center center","background-size":"auto","background-attachment":"scroll","background-type":"","background-media":"","overlay-type":"","overlay-color":"","overlay-opacity":"","overlay-gradient":""},"mobile":{"background-color":"var(--ast-global-color-5)","background-image":"","background-repeat":"repeat","background-position":"center center","background-size":"auto","background-attachment":"scroll","background-type":"","background-media":"","overlay-type":"","overlay-color":"","overlay-opacity":"","overlay-gradient":""}}},"product_brand":[],"product_cat":[18,20],"product_tag":[],"class_list":{"0":"post-3364","1":"product","2":"type-product","3":"status-publish","5":"product_cat-products","6":"product_cat-antioxidant-for-lubricant","7":"desktop-align-left","8":"tablet-align-left","9":"mobile-align-left","11":"first","12":"instock","13":"shipping-taxable","14":"product-type-simple"},"_links":{"self":[{"href":"https:\/\/chicchem.com\/fr\/wp-json\/wp\/v2\/product\/3364","targetHints":{"allow":["GET"]}}],"collection":[{"href":"https:\/\/chicchem.com\/fr\/wp-json\/wp\/v2\/product"}],"about":[{"href":"https:\/\/chicchem.com\/fr\/wp-json\/wp\/v2\/types\/product"}],"wp:attachment":[{"href":"https:\/\/chicchem.com\/fr\/wp-json\/wp\/v2\/media?parent=3364"}],"wp:term":[{"taxonomy":"product_brand","embeddable":true,"href":"https:\/\/chicchem.com\/fr\/wp-json\/wp\/v2\/product_brand?post=3364"},{"taxonomy":"product_cat","embeddable":true,"href":"https:\/\/chicchem.com\/fr\/wp-json\/wp\/v2\/product_cat?post=3364"},{"taxonomy":"product_tag","embeddable":true,"href":"https:\/\/chicchem.com\/fr\/wp-json\/wp\/v2\/product_tag?post=3364"}],"curies":[{"name":"wp","href":"https:\/\/api.w.org\/{rel}","templated":true}]}}