{"id":3365,"date":"2024-06-21T01:35:50","date_gmt":"2024-06-21T01:35:50","guid":{"rendered":"https:\/\/chicchem.com\/?post_type=product&#038;p=3365"},"modified":"2024-08-07T07:32:56","modified_gmt":"2024-08-07T07:32:56","slug":"chicstab-l57","status":"publish","type":"product","link":"https:\/\/chicchem.com\/fr\/produit\/chicstab-l57\/","title":{"rendered":"Chicstab L57"},"content":{"rendered":"<p><span style=\"color: #f2a516;\"><strong><b>Description du produit<\/b><\/strong><\/span><\/p>\n<p><span style=\"color: #000000;\">N \u00b0 CAS.  68411-46-1<\/span><\/p>\n<p><span style=\"color: #000000;\">L&#039;antioxydant haute temp\u00e9rature Chicstab L57, un antioxydant \u00e0 base d&#039;amines mixtes, trouve une application dans la graisse et l&#039;huile lubrifiante. Il g\u00e8re efficacement l\u2019augmentation de viscosit\u00e9 r\u00e9sultant de l\u2019oxydation, prolongeant ainsi la dur\u00e9e de vie des produits p\u00e9troliers.<\/span><\/p>\n<p><span style=\"color: #f2a516;\"><strong><b>Propri\u00e9t\u00e9s physiques<\/b><\/strong><\/span><\/p>\n<table>\n<tbody>\n<tr>\n<td style=\"background-color: #ffecc9;\" width=\"582\"><span style=\"color: #000000;\">\u00a0Forme physique<\/span><\/td>\n<td width=\"772\"><span style=\"color: #000000;\">Liquide ambr\u00e9 clair \u00e0 fonc\u00e9<\/span><\/td>\n<\/tr>\n<tr>\n<td style=\"background-color: #ffecc9;\" width=\"582\"><span style=\"color: #000000;\">Densit\u00e9 (20\u2103), g\/cm<sup>3<\/sup><\/span><\/td>\n<td width=\"772\"><span style=\"color: #000000;\">0,96-1,0 g\/cm<sup>3<\/sup><\/span><\/td>\n<\/tr>\n<tr>\n<td style=\"background-color: #ffecc9;\" width=\"582\"><span style=\"color: #000000;\">Viscosit\u00e9 cin\u00e9matique \uff0840 \u2103\uff09\uff0cmm<sup>2<\/sup><sub>\/<\/sub>s<\/span><\/td>\n<td width=\"772\"><span style=\"color: #000000;\">300-600mm<sup>2<\/sup>\/s<\/span><\/td>\n<\/tr>\n<tr>\n<td style=\"background-color: #ffecc9;\" width=\"582\"><span style=\"color: #000000;\">N Contenu %<\/span><\/td>\n<td width=\"772\"><span style=\"color: #000000;\">\u00a04.3-4.8<\/span><\/td>\n<\/tr>\n<tr>\n<td style=\"background-color: #ffecc9;\" width=\"582\"><span style=\"color: #000000;\">Diph\u00e9nylamine wt%<\/span><\/td>\n<td width=\"772\"><span style=\"color: #000000;\">\u22640,1<\/span><\/td>\n<\/tr>\n<\/tbody>\n<\/table>\n<p><span style=\"color: #f2a516;\"><strong><b>Avantages<\/b><\/strong><\/span><\/p>\n<ul>\n<li><span style=\"color: #000000;\">Conforme \u00e0 la r\u00e9glementation 21 CFR 178.3570 de la Food and Drug Administration des \u00c9tats-Unis (FDA\/USA), autorisant son utilisation dans les graisses lubrifiantes destin\u00e9es au contact alimentaire accidentel dans les applications USDAH-1, avec une capacit\u00e9 limite maximale de &lt; 0,51 TP3T.<\/span><\/li>\n<li><span style=\"color: #000000;\">Am\u00e9liore consid\u00e9rablement l&#039;indice de base total (TBN), atteignant jusqu&#039;\u00e0 180, et offre une teneur \u00e9lev\u00e9e en azote r\u00e9actif.<\/span><\/li>\n<li><span style=\"color: #000000;\">Contr\u00f4le efficacement la croissance de la viscosit\u00e9 due \u00e0 l&#039;oxydation, prolongeant ainsi la dur\u00e9e de vie du produit.<\/span><\/li>\n<li><span style=\"color: #000000;\">Pr\u00e9sente une excellente compatibilit\u00e9 avec les mat\u00e9riaux d\u2019\u00e9tanch\u00e9it\u00e9 sans dilution.<\/span><\/li>\n<li><span style=\"color: #000000;\">D\u00e9montre des effets synergiques notables lorsqu\u2019il est combin\u00e9 avec l\u2019antioxydant Chicstab L135 dans diverses huiles de base.<\/span><\/li>\n<\/ul>\n<p><span style=\"color: #f2a516;\"><strong>Caract\u00e9ristiques<\/strong><\/span><\/p>\n<p><span style=\"color: #000000;\">Avec une excellente solubilit\u00e9 dans l\u2019huile et une compatibilit\u00e9 avec divers additifs fonctionnels, en particulier lorsqu\u2019il est combin\u00e9 avec des antioxydants d\u2019ester ph\u00e9nolique, son efficacit\u00e9 est am\u00e9lior\u00e9e. M\u00eame \u00e0 haute temp\u00e9rature, il conserve un effet antioxydant fiable.<\/span><\/p>\n<p><span style=\"color: #f2a516;\"><strong><b>Application<\/b><\/strong><\/span><\/p>\n<p><span style=\"color: #000000;\">Il est largement utilis\u00e9 dans diverses applications, notamment les huiles de transfert de chaleur, les huiles pour moteurs \u00e0 combustion interne de haute qualit\u00e9, les huiles pour turbines, les huiles hydrauliques, ainsi que diverses graisses et huiles.<\/span><\/p>\n<p><span style=\"color: #f2a516;\"><strong><b>Guide d&#039;utilisation<\/b><\/strong><\/span><\/p>\n<ul>\n<li><span style=\"color: #000000;\">Lubrifiants industriels \u00e0 base d&#039;huile min\u00e9rale\u00a0: 0,1 ~ 0,5%<\/span><\/li>\n<li><span style=\"color: #000000;\">Huile lubrifiante et graisse industrielles synth\u00e9tiques\u00a0: 0,3 ~ 1%<\/span><\/li>\n<li><span style=\"color: #000000;\">Huile moteur\u00a0: 0,3 ~ 1%<\/span><\/li>\n<li><span style=\"color: #000000;\">Huile moteur \u00e0 combustion interne de haute qualit\u00e9\u00a0: 0,3 ~ 1%<\/span><\/li>\n<\/ul>\n<p><span style=\"color: #f2a516;\"><strong><b>Emballer<\/b><\/strong><\/span><\/p>\n<p><span style=\"color: #000000;\">Poids net 180 kg\/tambour<\/span><\/p>\n<p><span style=\"color: #f2a516;\"><strong><b>Dur\u00e9e de conservation<\/b><\/strong><\/span><\/p>\n<p><span style=\"color: #000000;\">24 mois \u00e0 compter de la date de production sous emballage d&#039;origine non ouvert.<\/span><\/p>\n<p><span style=\"color: #f2a516;\"><strong><b>Stockage<\/b><\/strong><\/span><\/p>\n<p><span style=\"color: #000000;\">Conserver dans un environnement sombre, sec et frais, en gardant le r\u00e9cipient bien ferm\u00e9. Apr\u00e8s ouverture, fermer herm\u00e9tiquement le r\u00e9cipient et utiliser le produit dans les plus brefs d\u00e9lais.<\/span><\/p>","protected":false},"excerpt":{"rendered":"<p>Prot\u00e8ge les mat\u00e9riaux des dommages oxydatifs, prolongeant leur dur\u00e9e de vie.<\/p>","protected":false},"featured_media":0,"template":"","meta":{"site-sidebar-layout":"default","site-content-layout":"","ast-site-content-layout":"default","site-content-style":"default","site-sidebar-style":"default","ast-global-header-display":"","ast-banner-title-visibility":"","ast-main-header-display":"","ast-hfb-above-header-display":"","ast-hfb-below-header-display":"","ast-hfb-mobile-header-display":"","site-post-title":"","ast-breadcrumbs-content":"","ast-featured-img":"","footer-sml-layout":"","theme-transparent-header-meta":"default","adv-header-id-meta":"","stick-header-meta":"","header-above-stick-meta":"","header-main-stick-meta":"","header-below-stick-meta":"","astra-migrate-meta-layouts":"set","ast-page-background-enabled":"default","ast-page-background-meta":{"desktop":{"background-color":"","background-image":"","background-repeat":"repeat","background-position":"center center","background-size":"auto","background-attachment":"scroll","background-type":"","background-media":"","overlay-type":"","overlay-color":"","overlay-opacity":"","overlay-gradient":""},"tablet":{"background-color":"","background-image":"","background-repeat":"repeat","background-position":"center center","background-size":"auto","background-attachment":"scroll","background-type":"","background-media":"","overlay-type":"","overlay-color":"","overlay-opacity":"","overlay-gradient":""},"mobile":{"background-color":"","background-image":"","background-repeat":"repeat","background-position":"center center","background-size":"auto","background-attachment":"scroll","background-type":"","background-media":"","overlay-type":"","overlay-color":"","overlay-opacity":"","overlay-gradient":""}},"ast-content-background-meta":{"desktop":{"background-color":"var(--ast-global-color-5)","background-image":"","background-repeat":"repeat","background-position":"center center","background-size":"auto","background-attachment":"scroll","background-type":"","background-media":"","overlay-type":"","overlay-color":"","overlay-opacity":"","overlay-gradient":""},"tablet":{"background-color":"var(--ast-global-color-5)","background-image":"","background-repeat":"repeat","background-position":"center center","background-size":"auto","background-attachment":"scroll","background-type":"","background-media":"","overlay-type":"","overlay-color":"","overlay-opacity":"","overlay-gradient":""},"mobile":{"background-color":"var(--ast-global-color-5)","background-image":"","background-repeat":"repeat","background-position":"center center","background-size":"auto","background-attachment":"scroll","background-type":"","background-media":"","overlay-type":"","overlay-color":"","overlay-opacity":"","overlay-gradient":""}}},"product_brand":[],"product_cat":[18,20],"product_tag":[],"class_list":{"0":"post-3365","1":"product","2":"type-product","3":"status-publish","5":"product_cat-products","6":"product_cat-antioxidant-for-lubricant","7":"desktop-align-left","8":"tablet-align-left","9":"mobile-align-left","11":"first","12":"instock","13":"shipping-taxable","14":"product-type-simple"},"_links":{"self":[{"href":"https:\/\/chicchem.com\/fr\/wp-json\/wp\/v2\/product\/3365","targetHints":{"allow":["GET"]}}],"collection":[{"href":"https:\/\/chicchem.com\/fr\/wp-json\/wp\/v2\/product"}],"about":[{"href":"https:\/\/chicchem.com\/fr\/wp-json\/wp\/v2\/types\/product"}],"wp:attachment":[{"href":"https:\/\/chicchem.com\/fr\/wp-json\/wp\/v2\/media?parent=3365"}],"wp:term":[{"taxonomy":"product_brand","embeddable":true,"href":"https:\/\/chicchem.com\/fr\/wp-json\/wp\/v2\/product_brand?post=3365"},{"taxonomy":"product_cat","embeddable":true,"href":"https:\/\/chicchem.com\/fr\/wp-json\/wp\/v2\/product_cat?post=3365"},{"taxonomy":"product_tag","embeddable":true,"href":"https:\/\/chicchem.com\/fr\/wp-json\/wp\/v2\/product_tag?post=3365"}],"curies":[{"name":"wp","href":"https:\/\/api.w.org\/{rel}","templated":true}]}}