{"id":3366,"date":"2024-06-21T01:37:34","date_gmt":"2024-06-21T01:37:34","guid":{"rendered":"https:\/\/chicchem.com\/?post_type=product&#038;p=3366"},"modified":"2024-06-21T01:37:35","modified_gmt":"2024-06-21T01:37:35","slug":"chicstab-l67","status":"publish","type":"product","link":"https:\/\/chicchem.com\/fr\/produit\/chicstab-l67\/","title":{"rendered":"Chicstab L67"},"content":{"rendered":"<p><span style=\"color: #f2a516;\"><strong><b>Description du produit<\/b><\/strong><\/span><\/p>\n<p><span style=\"color: #000000;\">Chicstab L67 est un antioxydant amin\u00e9 utilis\u00e9 dans les graisses et les huiles lubrifiantes pour contr\u00f4ler efficacement l&#039;augmentation de la viscosit\u00e9 caus\u00e9e par l&#039;oxydation. Il pr\u00e9sente une bonne compatibilit\u00e9 avec les mat\u00e9riaux d\u2019\u00e9tanch\u00e9it\u00e9 et ne n\u00e9cessite aucun diluant. Lorsqu&#039;il est combin\u00e9 avec des antioxydants ph\u00e9noliques encombr\u00e9s dans diverses huiles de base, il pr\u00e9sente un effet synergique significatif. De plus, Chicstab L67 offre une bonne solubilit\u00e9 dans l&#039;huile et une bonne compatibilit\u00e9 avec d&#039;autres types d&#039;additifs fonctionnels, en particulier lorsqu&#039;il est utilis\u00e9 en combinaison avec des antioxydants ph\u00e9noliques encombr\u00e9s, conduisant \u00e0 des performances am\u00e9lior\u00e9es. M\u00eame \u00e0 des temp\u00e9ratures de fonctionnement plus \u00e9lev\u00e9es, il conserve un effet antioxydant relativement bon.<\/span><\/p>\n<p><span style=\"color: #f2a516;\"><strong><b>Propri\u00e9t\u00e9s physiques<\/b><\/strong><\/span><\/p>\n<table>\n<tbody>\n<tr>\n<td style=\"background-color: #ffecc9;\" width=\"582\"><span style=\"color: #000000;\">\u00a0Forme physique<\/span><\/td>\n<td width=\"772\"><span style=\"color: #000000;\">liquide clair, jaune \u00e0 rose<\/span><\/td>\n<\/tr>\n<tr>\n<td style=\"background-color: #ffecc9;\" width=\"582\"><span style=\"color: #000000;\">Contenu N %<\/span><\/td>\n<td width=\"772\"><span style=\"color: #000000;\">3.2-3.8<\/span><\/td>\n<\/tr>\n<tr>\n<td style=\"background-color: #ffecc9;\" width=\"582\"><span style=\"color: #000000;\">Viscosit\u00e9 cin\u00e9matique \uff0840 \u2103\uff09\uff0cmm<sup>2<\/sup><sub>\/<\/sub>s<\/span><\/td>\n<td width=\"772\"><span style=\"color: #000000;\">400-900<\/span><\/td>\n<\/tr>\n<tr>\n<td style=\"background-color: #ffecc9;\" width=\"582\"><span style=\"color: #000000;\">Densit\u00e9\uff0820\u2103\uff09g\/ml<\/span><\/td>\n<td width=\"772\"><span style=\"color: #000000;\">0.920-0.970<\/span><\/td>\n<\/tr>\n<tr>\n<td style=\"background-color: #ffecc9;\" width=\"582\"><span style=\"color: #000000;\">\u00a0Teneur en eau % \u2264<\/span><\/td>\n<td width=\"772\"><span style=\"color: #000000;\">0.15<\/span><\/td>\n<\/tr>\n<\/tbody>\n<\/table>\n<p><span style=\"color: #f2a516;\"><strong><b>\u00a0<\/b><\/strong><strong><b>Applications<\/b><\/strong><\/span><\/p>\n<p><span style=\"color: #000000;\">Chicstab L67 est largement applicable dans diverses huiles de transfert de chaleur, huiles moteur de haute qualit\u00e9, huiles de turbine, huiles hydrauliques et diverses graisses et mazouts.<\/span><\/p>\n<p><span style=\"color: #f2a516;\"><strong><b>Guide d&#039;utilisation<\/b><\/strong><\/span><\/p>\n<ul>\n<li><span style=\"color: #000000;\">Lubrifiants industriels \u00e0 base d&#039;huile min\u00e9rale\u00a0: 0,1 ~ 0,5%<\/span><\/li>\n<li><span style=\"color: #000000;\">Huile lubrifiante et graisse industrielles synth\u00e9tiques\u00a0: 0,3 ~ 1%<\/span><\/li>\n<li><span style=\"color: #000000;\">Huile moteur\u00a0: 0,3 ~ 1%<\/span><\/li>\n<li><span style=\"color: #000000;\">Huile moteur \u00e0 combustion interne de haute qualit\u00e9\u00a0: 0,3 ~ 1%<\/span><\/li>\n<\/ul>\n<p><span style=\"color: #f2a516;\"><strong><b>Emballer<\/b><\/strong><\/span><\/p>\n<p><span style=\"color: #000000;\">Poids net 180 kg\/tambour<\/span><\/p>\n<p><span style=\"color: #f2a516;\"><strong><b>Dur\u00e9e de conservation<\/b><\/strong><\/span><\/p>\n<p><span style=\"color: #000000;\">12 mois \u00e0 compter de la date de production sous emballage d&#039;origine non ouvert.<\/span><\/p>\n<p><span style=\"color: #f2a516;\"><strong><b>Stockage<\/b><\/strong><\/span><\/p>\n<p><span style=\"color: #000000;\">Conserver dans un environnement sombre, sec et frais, en gardant le r\u00e9cipient bien ferm\u00e9. Apr\u00e8s ouverture, fermer herm\u00e9tiquement le r\u00e9cipient et utiliser le produit dans les plus brefs d\u00e9lais.<\/span><\/p>","protected":false},"excerpt":{"rendered":"<p>Prot\u00e8ge les mat\u00e9riaux des dommages oxydatifs, prolongeant leur dur\u00e9e de vie.<\/p>","protected":false},"featured_media":0,"template":"","meta":{"site-sidebar-layout":"default","site-content-layout":"","ast-site-content-layout":"default","site-content-style":"default","site-sidebar-style":"default","ast-global-header-display":"","ast-banner-title-visibility":"","ast-main-header-display":"","ast-hfb-above-header-display":"","ast-hfb-below-header-display":"","ast-hfb-mobile-header-display":"","site-post-title":"","ast-breadcrumbs-content":"","ast-featured-img":"","footer-sml-layout":"","theme-transparent-header-meta":"default","adv-header-id-meta":"","stick-header-meta":"","header-above-stick-meta":"","header-main-stick-meta":"","header-below-stick-meta":"","astra-migrate-meta-layouts":"set","ast-page-background-enabled":"default","ast-page-background-meta":{"desktop":{"background-color":"","background-image":"","background-repeat":"repeat","background-position":"center center","background-size":"auto","background-attachment":"scroll","background-type":"","background-media":"","overlay-type":"","overlay-color":"","overlay-opacity":"","overlay-gradient":""},"tablet":{"background-color":"","background-image":"","background-repeat":"repeat","background-position":"center center","background-size":"auto","background-attachment":"scroll","background-type":"","background-media":"","overlay-type":"","overlay-color":"","overlay-opacity":"","overlay-gradient":""},"mobile":{"background-color":"","background-image":"","background-repeat":"repeat","background-position":"center center","background-size":"auto","background-attachment":"scroll","background-type":"","background-media":"","overlay-type":"","overlay-color":"","overlay-opacity":"","overlay-gradient":""}},"ast-content-background-meta":{"desktop":{"background-color":"var(--ast-global-color-5)","background-image":"","background-repeat":"repeat","background-position":"center center","background-size":"auto","background-attachment":"scroll","background-type":"","background-media":"","overlay-type":"","overlay-color":"","overlay-opacity":"","overlay-gradient":""},"tablet":{"background-color":"var(--ast-global-color-5)","background-image":"","background-repeat":"repeat","background-position":"center center","background-size":"auto","background-attachment":"scroll","background-type":"","background-media":"","overlay-type":"","overlay-color":"","overlay-opacity":"","overlay-gradient":""},"mobile":{"background-color":"var(--ast-global-color-5)","background-image":"","background-repeat":"repeat","background-position":"center center","background-size":"auto","background-attachment":"scroll","background-type":"","background-media":"","overlay-type":"","overlay-color":"","overlay-opacity":"","overlay-gradient":""}}},"product_brand":[],"product_cat":[18,20],"product_tag":[],"class_list":{"0":"post-3366","1":"product","2":"type-product","3":"status-publish","5":"product_cat-products","6":"product_cat-antioxidant-for-lubricant","7":"desktop-align-left","8":"tablet-align-left","9":"mobile-align-left","11":"first","12":"instock","13":"shipping-taxable","14":"product-type-simple"},"_links":{"self":[{"href":"https:\/\/chicchem.com\/fr\/wp-json\/wp\/v2\/product\/3366","targetHints":{"allow":["GET"]}}],"collection":[{"href":"https:\/\/chicchem.com\/fr\/wp-json\/wp\/v2\/product"}],"about":[{"href":"https:\/\/chicchem.com\/fr\/wp-json\/wp\/v2\/types\/product"}],"wp:attachment":[{"href":"https:\/\/chicchem.com\/fr\/wp-json\/wp\/v2\/media?parent=3366"}],"wp:term":[{"taxonomy":"product_brand","embeddable":true,"href":"https:\/\/chicchem.com\/fr\/wp-json\/wp\/v2\/product_brand?post=3366"},{"taxonomy":"product_cat","embeddable":true,"href":"https:\/\/chicchem.com\/fr\/wp-json\/wp\/v2\/product_cat?post=3366"},{"taxonomy":"product_tag","embeddable":true,"href":"https:\/\/chicchem.com\/fr\/wp-json\/wp\/v2\/product_tag?post=3366"}],"curies":[{"name":"wp","href":"https:\/\/api.w.org\/{rel}","templated":true}]}}