{"id":3367,"date":"2024-06-21T01:39:06","date_gmt":"2024-06-21T01:39:06","guid":{"rendered":"https:\/\/chicchem.com\/?post_type=product&#038;p=3367"},"modified":"2024-06-21T01:40:47","modified_gmt":"2024-06-21T01:40:47","slug":"chicstab-l101","status":"publish","type":"product","link":"https:\/\/chicchem.com\/fr\/produit\/chicstab-l101\/","title":{"rendered":"Chicstab L101"},"content":{"rendered":"<p><span style=\"color: #f2a516;\"><strong><b>Description du produit<\/b><\/strong><\/span><\/p>\n<p><span style=\"color: #000000;\">N\u00b0 CAS 6683-19-8<\/span><\/p>\n<p><span style=\"color: #000000;\">Chicstab L101 est un antioxydant ph\u00e9nolique encombr\u00e9 de haut poids mol\u00e9culaire con\u00e7u pour la protection contre le vieillissement thermo-oxydant des huiles lubrifiantes, en particulier dans les lubrifiants \u00e0 base d&#039;esters synth\u00e9tiques \u00e0 haute temp\u00e9rature. Il pr\u00e9sente une faible volatilit\u00e9, une excellente r\u00e9sistance \u00e0 l\u2019extraction, une stabilit\u00e9 thermique \u00e9lev\u00e9e, une efficacit\u00e9 durable et aucune coloration ni pollution.<\/span><\/p>\n<p><span style=\"color: #f2a516;\"><strong><b>Propri\u00e9t\u00e9s physiques<\/b><\/strong><\/span><\/p>\n<table>\n<tbody>\n<tr>\n<td style=\"background-color: #ffecc9;\" colspan=\"2\" width=\"467\"><span style=\"color: #000000;\">Forme physique<\/span><\/td>\n<td width=\"710\"><span style=\"color: #000000;\">poudre cristalline blanche<\/span><\/td>\n<\/tr>\n<tr>\n<td style=\"background-color: #ffecc9;\" colspan=\"2\" width=\"467\"><span style=\"color: #000000;\">Dosage, % \u2265<\/span><\/td>\n<td width=\"710\"><span style=\"color: #000000;\">98.0<\/span><\/td>\n<\/tr>\n<tr>\n<td style=\"background-color: #ffecc9;\" colspan=\"2\" width=\"467\"><span style=\"color: #000000;\">Point de fusion, \u2103<\/span><\/td>\n<td width=\"710\"><span style=\"color: #000000;\">110-125 (le point de fusion varie selon la forme du cristal)<\/span><\/td>\n<\/tr>\n<tr>\n<td style=\"background-color: #ffecc9;\" colspan=\"2\" width=\"467\"><span style=\"color: #000000;\">Point d&#039;\u00e9clair (COC)\/\u2103 \u00a0\u00a0<\/span><\/td>\n<td width=\"710\"><span style=\"color: #000000;\">297<\/span><\/td>\n<\/tr>\n<tr>\n<td style=\"background-color: #ffecc9;\" rowspan=\"3\" width=\"233\"><span style=\"color: #000000;\">\u00a0\u00a0\u00a0\u00a0\u00a0\u00a0\u00a0\u00a0\u00a0\u00a0Solubilit\u00e9<\/span><\/td>\n<td style=\"background-color: #ffecc9;\" width=\"233\"><span style=\"color: #000000;\">huile min\u00e9rale\/%<\/span><\/td>\n<td width=\"710\"><span style=\"color: #000000;\">0.1-0.5<\/span><\/td>\n<\/tr>\n<tr>\n<td style=\"background-color: #ffecc9;\" width=\"233\"><span style=\"color: #000000;\">ester\/%<\/span><\/td>\n<td width=\"710\"><span style=\"color: #000000;\">2<\/span><\/td>\n<\/tr>\n<tr>\n<td style=\"background-color: #ffecc9;\" width=\"233\"><span style=\"color: #000000;\">eau\/%<\/span><\/td>\n<td width=\"710\"><span style=\"color: #000000;\">&lt;0,01<\/span><\/td>\n<\/tr>\n<\/tbody>\n<\/table>\n<p><span style=\"color: #f2a516;\"><strong><b>Caract\u00e9ristiques et avantages<\/b><\/strong><\/span><\/p>\n<ul>\n<li><span style=\"color: #000000;\">Antioxydant ph\u00e9nolique fractionn\u00e9 et de poids mol\u00e9culaire \u00e9lev\u00e9 avec une volatilit\u00e9 extr\u00eamement faible, adapt\u00e9 aux huiles synth\u00e9tiques et min\u00e9rales, aux cires et plus encore.<\/span><\/li>\n<li><span style=\"color: #000000;\">D\u00e9montre une stabilit\u00e9 sup\u00e9rieure \u00e0 haute temp\u00e9rature par rapport aux antioxydants ph\u00e9noliques traditionnels.<\/span><\/li>\n<li><span style=\"color: #000000;\">Sans danger pour une utilisation dans les lubrifiants pouvant entrer en contact avec les aliments.<\/span><\/li>\n<li><span style=\"color: #000000;\">La solubilit\u00e9 dans certains min\u00e9raux est inf\u00e9rieure \u00e0 0,31 TP3T, ce qui n\u00e9cessite une attention particuli\u00e8re au liquide formul\u00e9.<\/span><\/li>\n<\/ul>\n<p><span style=\"color: #f2a516;\"><strong>Guide d&#039;utilisation<\/strong><\/span><\/p>\n<p><span style=\"color: #000000;\">Dosage recommand\u00e9:<\/span><\/p>\n<ul>\n<li><span style=\"color: #000000;\">Huile synth\u00e9tique et min\u00e9rale : 0,5%-1,0%<\/span><\/li>\n<li><span style=\"color: #000000;\">Cire\u00a0: 0,5%<\/span><\/li>\n<\/ul>\n<p><span style=\"color: #f2a516;\"><strong><b>Emballer<\/b><\/strong><\/span><\/p>\n<p><span style=\"color: #000000;\">Ce produit est disponible en sac papier-plastique de 25 kg ou en f\u00fbt carton doubl\u00e9 d&#039;un sac plastique.<\/span><\/p>\n<p><span style=\"color: #f2a516;\"><strong><b>S<\/b><\/strong><strong><b>dur\u00e9e de vie<\/b><\/strong><\/span><\/p>\n<p><span style=\"color: #000000;\">24 mois \u00e0 compter de la date de production sous emballage d&#039;origine non ouvert.<\/span><\/p>\n<p><span style=\"color: #f2a516;\"><strong><b>Stockage <\/b><\/strong><\/span><\/p>\n<p><span style=\"color: #000000;\">Il doit \u00eatre conserv\u00e9 \u00e0 l\u2019abri de la lumi\u00e8re et de l\u2019humidit\u00e9 dans un endroit frais et bien a\u00e9r\u00e9.<\/span><\/p>","protected":false},"excerpt":{"rendered":"<p>Prot\u00e8ge les mat\u00e9riaux des dommages oxydatifs, prolongeant leur dur\u00e9e de vie.<\/p>","protected":false},"featured_media":0,"template":"","meta":{"site-sidebar-layout":"default","site-content-layout":"","ast-site-content-layout":"default","site-content-style":"default","site-sidebar-style":"default","ast-global-header-display":"","ast-banner-title-visibility":"","ast-main-header-display":"","ast-hfb-above-header-display":"","ast-hfb-below-header-display":"","ast-hfb-mobile-header-display":"","site-post-title":"","ast-breadcrumbs-content":"","ast-featured-img":"","footer-sml-layout":"","theme-transparent-header-meta":"default","adv-header-id-meta":"","stick-header-meta":"","header-above-stick-meta":"","header-main-stick-meta":"","header-below-stick-meta":"","astra-migrate-meta-layouts":"set","ast-page-background-enabled":"default","ast-page-background-meta":{"desktop":{"background-color":"","background-image":"","background-repeat":"repeat","background-position":"center center","background-size":"auto","background-attachment":"scroll","background-type":"","background-media":"","overlay-type":"","overlay-color":"","overlay-opacity":"","overlay-gradient":""},"tablet":{"background-color":"","background-image":"","background-repeat":"repeat","background-position":"center center","background-size":"auto","background-attachment":"scroll","background-type":"","background-media":"","overlay-type":"","overlay-color":"","overlay-opacity":"","overlay-gradient":""},"mobile":{"background-color":"","background-image":"","background-repeat":"repeat","background-position":"center center","background-size":"auto","background-attachment":"scroll","background-type":"","background-media":"","overlay-type":"","overlay-color":"","overlay-opacity":"","overlay-gradient":""}},"ast-content-background-meta":{"desktop":{"background-color":"var(--ast-global-color-5)","background-image":"","background-repeat":"repeat","background-position":"center center","background-size":"auto","background-attachment":"scroll","background-type":"","background-media":"","overlay-type":"","overlay-color":"","overlay-opacity":"","overlay-gradient":""},"tablet":{"background-color":"var(--ast-global-color-5)","background-image":"","background-repeat":"repeat","background-position":"center center","background-size":"auto","background-attachment":"scroll","background-type":"","background-media":"","overlay-type":"","overlay-color":"","overlay-opacity":"","overlay-gradient":""},"mobile":{"background-color":"var(--ast-global-color-5)","background-image":"","background-repeat":"repeat","background-position":"center center","background-size":"auto","background-attachment":"scroll","background-type":"","background-media":"","overlay-type":"","overlay-color":"","overlay-opacity":"","overlay-gradient":""}}},"product_brand":[],"product_cat":[18,20],"product_tag":[],"class_list":{"0":"post-3367","1":"product","2":"type-product","3":"status-publish","5":"product_cat-products","6":"product_cat-antioxidant-for-lubricant","7":"desktop-align-left","8":"tablet-align-left","9":"mobile-align-left","11":"first","12":"instock","13":"shipping-taxable","14":"product-type-simple"},"_links":{"self":[{"href":"https:\/\/chicchem.com\/fr\/wp-json\/wp\/v2\/product\/3367","targetHints":{"allow":["GET"]}}],"collection":[{"href":"https:\/\/chicchem.com\/fr\/wp-json\/wp\/v2\/product"}],"about":[{"href":"https:\/\/chicchem.com\/fr\/wp-json\/wp\/v2\/types\/product"}],"wp:attachment":[{"href":"https:\/\/chicchem.com\/fr\/wp-json\/wp\/v2\/media?parent=3367"}],"wp:term":[{"taxonomy":"product_brand","embeddable":true,"href":"https:\/\/chicchem.com\/fr\/wp-json\/wp\/v2\/product_brand?post=3367"},{"taxonomy":"product_cat","embeddable":true,"href":"https:\/\/chicchem.com\/fr\/wp-json\/wp\/v2\/product_cat?post=3367"},{"taxonomy":"product_tag","embeddable":true,"href":"https:\/\/chicchem.com\/fr\/wp-json\/wp\/v2\/product_tag?post=3367"}],"curies":[{"name":"wp","href":"https:\/\/api.w.org\/{rel}","templated":true}]}}