{"id":3368,"date":"2024-06-21T01:42:24","date_gmt":"2024-06-21T01:42:24","guid":{"rendered":"https:\/\/chicchem.com\/?post_type=product&#038;p=3368"},"modified":"2024-06-21T01:42:25","modified_gmt":"2024-06-21T01:42:25","slug":"chicstab-l107","status":"publish","type":"product","link":"https:\/\/chicchem.com\/fr\/produit\/chicstab-l107\/","title":{"rendered":"Chicstab L107"},"content":{"rendered":"<p><span style=\"color: #f2a516;\"><strong>Description du produit<\/strong><\/span><\/p>\n<p><span style=\"color: #000000;\">N \u00b0 CAS.  2082-79-3<\/span><\/p>\n<p><span style=\"color: #000000;\">Chicstab L107 est un antioxydant ph\u00e9nolique encombr\u00e9 de haut poids mol\u00e9culaire avec une stabilit\u00e9 exceptionnelle de r\u00e9sistance \u00e0 la chaleur, un faible coefficient de d\u00e9coloration et une excellente compatibilit\u00e9 avec les huiles. Il inhibe efficacement la d\u00e9gradation thermique et oxydative de l&#039;huile lubrifiante, ce qui la rend adapt\u00e9e \u00e0 la protection contre le vieillissement thermique par l&#039;oxyg\u00e8ne de l&#039;huile en circulation, de l&#039;huile hydraulique et de la graisse lubrifiante, en particulier dans les lubrifiants esters synth\u00e9tiques \u00e0 haute temp\u00e9rature. Il pr\u00e9sente une faible volatilit\u00e9, une excellente r\u00e9sistance \u00e0 l\u2019extraction, une stabilit\u00e9 thermique \u00e9lev\u00e9e, une efficacit\u00e9 durable et est exempt de coloration et de pollution.<\/span><\/p>\n<p><span style=\"color: #f2a516;\"><strong><b>Propri\u00e9t\u00e9s physiques<\/b><\/strong><\/span><\/p>\n<table>\n<tbody>\n<tr>\n<td style=\"background-color: #ffecc9;\" width=\"467\"><span style=\"color: #000000;\">Forme physique<\/span><\/td>\n<td width=\"710\"><span style=\"color: #000000;\">poudre cristalline blanche ou granul\u00e9s<\/span><\/td>\n<\/tr>\n<tr>\n<td style=\"background-color: #ffecc9;\" width=\"467\"><span style=\"color: #000000;\">Contenu efficace, % \u2265<\/span><\/td>\n<td width=\"710\"><span style=\"color: #000000;\">98.0<\/span><\/td>\n<\/tr>\n<tr>\n<td style=\"background-color: #ffecc9;\" width=\"467\"><span style=\"color: #000000;\">Point de fusion, \u2103<\/span><\/td>\n<td width=\"710\"><span style=\"color: #000000;\">50-55<\/span><\/td>\n<\/tr>\n<tr>\n<td style=\"background-color: #ffecc9;\" width=\"467\"><span style=\"color: #000000;\">Volatilisant, % \u2264<\/span><\/td>\n<td width=\"710\"><span style=\"color: #000000;\">0.2<\/span><\/td>\n<\/tr>\n<tr>\n<td style=\"background-color: #ffecc9;\" width=\"467\"><span style=\"color: #000000;\">Teneur en cendres, % \u2264<\/span><\/td>\n<td width=\"710\"><span style=\"color: #000000;\">0.1<\/span><\/td>\n<\/tr>\n<tr>\n<td style=\"background-color: #ffecc9;\" width=\"467\"><span style=\"color: #000000;\">Point d&#039;\u00e9clair, \u2103<\/span><\/td>\n<td width=\"710\"><span style=\"color: #000000;\">273<\/span><\/td>\n<\/tr>\n<\/tbody>\n<\/table>\n<p><span style=\"color: #f2a516;\"><strong>Caract\u00e9ristiques et avantages<\/strong><\/span><\/p>\n<ul>\n<li><span style=\"color: #000000;\">Un antioxydant ph\u00e9nolique \u00e0 fraction \u00e9lev\u00e9e et \u00e0 poids mol\u00e9culaire \u00e9lev\u00e9, caract\u00e9ris\u00e9 par une tr\u00e8s faible volatilit\u00e9, ce qui le rend adapt\u00e9 \u00e0 la circulation de l&#039;huile, de l&#039;huile hydraulique, de la graisse lubrifiante, etc.<\/span><\/li>\n<li><span style=\"color: #000000;\">D\u00e9montre une stabilit\u00e9 sup\u00e9rieure \u00e0 haute temp\u00e9rature par rapport aux antioxydants ph\u00e9noliques traditionnels.<\/span><\/li>\n<li><span style=\"color: #000000;\">Sans danger pour une utilisation dans les graisses lubrifiantes pouvant entrer en contact avec les aliments.<\/span><\/li>\n<\/ul>\n<p><span style=\"color: #f2a516;\"><strong><b>Guide d&#039;utilisation<\/b><\/strong><\/span><\/p>\n<p><span style=\"color: #000000;\">La posologie recommand\u00e9e varie de 0,05% \u00e0 0,5%. mais il peut \u00eatre ajust\u00e9 en fonction des exigences sp\u00e9cifiques des clients.<\/span><\/p>\n<p><span style=\"color: #f2a516;\"><strong><b>Emballer<\/b><\/strong><\/span><\/p>\n<p><span style=\"color: #000000;\">Ce produit est conditionn\u00e9 dans un sac composite papier-plastique de 20 kg avec une doublure int\u00e9rieure en plastique.<\/span><\/p>\n<p><span style=\"color: #f2a516;\"><strong><b>Dur\u00e9e de conservation<\/b><\/strong><\/span><\/p>\n<p><span style=\"color: #000000;\">24 mois \u00e0 compter de la date de production sous emballage d&#039;origine non ouvert.<\/span><\/p>\n<p><span style=\"color: #f2a516;\"><strong><b>Stockage et transport<\/b><\/strong><\/span><\/p>\n<p><span style=\"color: #000000;\">Ce produit est non toxique, ininflammable et non corrosif. Il doit \u00eatre stock\u00e9 dans un endroit frais et bien a\u00e9r\u00e9, \u00e0 l&#039;abri de la lumi\u00e8re et de l&#039;humidit\u00e9. Pendant le transport, des pr\u00e9cautions doivent \u00eatre prises pour \u00e9viter les fuites. Le respect des bonnes pratiques industrielles, une manipulation soigneuse et la pr\u00e9vention de la pollution de l&#039;environnement sont essentiels.<\/span><\/p>","protected":false},"excerpt":{"rendered":"<p>Prot\u00e8ge les mat\u00e9riaux des dommages oxydatifs, prolongeant leur dur\u00e9e de vie.<\/p>","protected":false},"featured_media":0,"template":"","meta":{"site-sidebar-layout":"default","site-content-layout":"","ast-site-content-layout":"default","site-content-style":"default","site-sidebar-style":"default","ast-global-header-display":"","ast-banner-title-visibility":"","ast-main-header-display":"","ast-hfb-above-header-display":"","ast-hfb-below-header-display":"","ast-hfb-mobile-header-display":"","site-post-title":"","ast-breadcrumbs-content":"","ast-featured-img":"","footer-sml-layout":"","theme-transparent-header-meta":"default","adv-header-id-meta":"","stick-header-meta":"","header-above-stick-meta":"","header-main-stick-meta":"","header-below-stick-meta":"","astra-migrate-meta-layouts":"set","ast-page-background-enabled":"default","ast-page-background-meta":{"desktop":{"background-color":"","background-image":"","background-repeat":"repeat","background-position":"center center","background-size":"auto","background-attachment":"scroll","background-type":"","background-media":"","overlay-type":"","overlay-color":"","overlay-opacity":"","overlay-gradient":""},"tablet":{"background-color":"","background-image":"","background-repeat":"repeat","background-position":"center center","background-size":"auto","background-attachment":"scroll","background-type":"","background-media":"","overlay-type":"","overlay-color":"","overlay-opacity":"","overlay-gradient":""},"mobile":{"background-color":"","background-image":"","background-repeat":"repeat","background-position":"center center","background-size":"auto","background-attachment":"scroll","background-type":"","background-media":"","overlay-type":"","overlay-color":"","overlay-opacity":"","overlay-gradient":""}},"ast-content-background-meta":{"desktop":{"background-color":"var(--ast-global-color-5)","background-image":"","background-repeat":"repeat","background-position":"center center","background-size":"auto","background-attachment":"scroll","background-type":"","background-media":"","overlay-type":"","overlay-color":"","overlay-opacity":"","overlay-gradient":""},"tablet":{"background-color":"var(--ast-global-color-5)","background-image":"","background-repeat":"repeat","background-position":"center center","background-size":"auto","background-attachment":"scroll","background-type":"","background-media":"","overlay-type":"","overlay-color":"","overlay-opacity":"","overlay-gradient":""},"mobile":{"background-color":"var(--ast-global-color-5)","background-image":"","background-repeat":"repeat","background-position":"center center","background-size":"auto","background-attachment":"scroll","background-type":"","background-media":"","overlay-type":"","overlay-color":"","overlay-opacity":"","overlay-gradient":""}}},"product_brand":[],"product_cat":[18,20],"product_tag":[],"class_list":{"0":"post-3368","1":"product","2":"type-product","3":"status-publish","5":"product_cat-products","6":"product_cat-antioxidant-for-lubricant","7":"desktop-align-left","8":"tablet-align-left","9":"mobile-align-left","11":"first","12":"instock","13":"shipping-taxable","14":"product-type-simple"},"_links":{"self":[{"href":"https:\/\/chicchem.com\/fr\/wp-json\/wp\/v2\/product\/3368","targetHints":{"allow":["GET"]}}],"collection":[{"href":"https:\/\/chicchem.com\/fr\/wp-json\/wp\/v2\/product"}],"about":[{"href":"https:\/\/chicchem.com\/fr\/wp-json\/wp\/v2\/types\/product"}],"wp:attachment":[{"href":"https:\/\/chicchem.com\/fr\/wp-json\/wp\/v2\/media?parent=3368"}],"wp:term":[{"taxonomy":"product_brand","embeddable":true,"href":"https:\/\/chicchem.com\/fr\/wp-json\/wp\/v2\/product_brand?post=3368"},{"taxonomy":"product_cat","embeddable":true,"href":"https:\/\/chicchem.com\/fr\/wp-json\/wp\/v2\/product_cat?post=3368"},{"taxonomy":"product_tag","embeddable":true,"href":"https:\/\/chicchem.com\/fr\/wp-json\/wp\/v2\/product_tag?post=3368"}],"curies":[{"name":"wp","href":"https:\/\/api.w.org\/{rel}","templated":true}]}}