{"id":3369,"date":"2024-06-21T01:45:15","date_gmt":"2024-06-21T01:45:15","guid":{"rendered":"https:\/\/chicchem.com\/?post_type=product&#038;p=3369"},"modified":"2024-06-21T01:48:03","modified_gmt":"2024-06-21T01:48:03","slug":"chicstab-l115","status":"publish","type":"product","link":"https:\/\/chicchem.com\/fr\/produit\/chicstab-l115\/","title":{"rendered":"Chicstab L115"},"content":{"rendered":"<p><span style=\"color: #f2a516;\"><strong><b>Description du produit<\/b><\/strong><\/span><\/p>\n<p><span style=\"color: #000000;\">N \u00b0 CAS.  41484-35-9<\/span><\/p>\n<p><span style=\"color: #000000;\">Chicstab L115 est un antioxydant ph\u00e9nolique encombr\u00e9 de type thio\u00e9ther.  Il se pr\u00e9sente sous la forme d\u2019une poudre cristalline blanche, inodore et peu toxique. Il trouve une application \u00e9tendue pour fournir une protection contre le vieillissement thermique par l&#039;oxyg\u00e8ne \u00e0 diverses graisses lubrifiantes. Il peut \u00eatre combin\u00e9 efficacement avec d&#039;autres antioxydants, tels que la diph\u00e9nylamine alkyl\u00e9e, la dioctyldiph\u00e9nylamine (L01) ou d&#039;autres antioxydants ph\u00e9noliques, ainsi qu&#039;avec des d\u00e9sactivateurs de m\u00e9taux, entre autres. De telles combinaisons servent \u00e0 am\u00e9liorer encore les performances du produit, en particulier dans des conditions de temp\u00e9ratures \u00e9lev\u00e9es.<\/span><\/p>\n<p><span style=\"color: #f2a516;\"><strong><b>Propri\u00e9t\u00e9s physiques<\/b><\/strong><\/span><\/p>\n<table>\n<tbody>\n<tr>\n<td style=\"background-color: #ffecc9;\" colspan=\"2\" width=\"481\"><span style=\"color: #000000;\">Grade<\/span><\/td>\n<td width=\"355\"><span style=\"color: #000000;\">Qualit\u00e9 sup\u00e9rieure<\/span><\/td>\n<td width=\"355\"><span style=\"color: #000000;\">Premi\u00e8re ann\u00e9e<\/span><\/td>\n<\/tr>\n<tr>\n<td style=\"background-color: #ffecc9;\" colspan=\"2\" width=\"481\"><span style=\"color: #000000;\">Dosage, % \u2265<\/span><\/td>\n<td width=\"355\"><span style=\"color: #000000;\">99<\/span><\/td>\n<td width=\"355\"><span style=\"color: #000000;\">98.5<\/span><\/td>\n<\/tr>\n<tr>\n<td style=\"background-color: #ffecc9;\" colspan=\"2\" width=\"481\"><span style=\"color: #000000;\">Point de fusion, \u2103\u2265<\/span><\/td>\n<td width=\"355\"><span style=\"color: #000000;\">63<\/span><\/td>\n<td width=\"355\"><span style=\"color: #000000;\">63<\/span><\/td>\n<\/tr>\n<tr>\n<td style=\"background-color: #ffecc9;\" colspan=\"2\" width=\"481\"><span style=\"color: #000000;\">Teneur en cendres, % \u2264<\/span><\/td>\n<td width=\"355\"><span style=\"color: #000000;\">0.01<\/span><\/td>\n<td width=\"355\"><span style=\"color: #000000;\">0.03<\/span><\/td>\n<\/tr>\n<tr>\n<td style=\"background-color: #ffecc9;\" colspan=\"2\" width=\"481\"><span style=\"color: #000000;\">Mati\u00e8res volatiles\/% \u2264<\/span><\/td>\n<td width=\"355\"><span style=\"color: #000000;\">0.1<\/span><\/td>\n<td width=\"355\"><span style=\"color: #000000;\">0.3<\/span><\/td>\n<\/tr>\n<tr>\n<td style=\"background-color: #ffecc9;\" rowspan=\"2\" width=\"247\"><span style=\"color: #000000;\">Transmission\/%<\/span><\/td>\n<td style=\"background-color: #ffecc9;\" width=\"233\"><span style=\"color: #000000;\">425nm \u2265<\/span><\/td>\n<td width=\"355\"><span style=\"color: #000000;\">97<\/span><\/td>\n<td width=\"355\"><span style=\"color: #000000;\">95<\/span><\/td>\n<\/tr>\n<tr>\n<td style=\"background-color: #ffecc9;\" width=\"233\"><span style=\"color: #000000;\">500nm \u2265<\/span><\/td>\n<td width=\"355\"><span style=\"color: #000000;\">99<\/span><\/td>\n<td width=\"355\"><span style=\"color: #000000;\">97<\/span><\/td>\n<\/tr>\n<\/tbody>\n<\/table>\n<p><span style=\"color: #f2a516;\"><strong>Caract\u00e9ristiques et avantages<\/strong><\/span><\/p>\n<p><span style=\"color: #000000;\">Chicstab L115 sert d&#039;agent antioxydant et de d\u00e9composition du peroxyde, offrant une activit\u00e9 multifonctionnelle. Il surpasse les antioxydants ph\u00e9noliques traditionnels en termes de stabilit\u00e9 thermique et a la capacit\u00e9 d\u2019\u00e9lever le point d\u2019\u00e9clair des huiles d\u2019esters synth\u00e9tiques. Gr\u00e2ce \u00e0 sa solubilit\u00e9 louable dans l\u2019huile et \u00e0 sa compatibilit\u00e9 avec divers additifs fonctionnels, en particulier lorsqu\u2019il est associ\u00e9 \u00e0 des antioxydants d\u2019ester ph\u00e9nolique, il garantit des performances optimales. M\u00eame \u00e0 haute temp\u00e9rature, il conserve ses puissantes propri\u00e9t\u00e9s antioxydantes.<\/span><\/p>\n<p><span style=\"color: #f2a516;\"><strong><b>Application<\/b><\/strong><\/span><\/p>\n<p><span style=\"color: #000000;\">Ce produit trouve une application r\u00e9pandue dans diverses industries, notamment la fabrication d&#039;huiles de transfert de chaleur, d&#039;huiles pour moteurs \u00e0 combustion interne de haute qualit\u00e9, d&#039;huiles pour turbines, d&#039;huiles hydrauliques, d&#039;huiles pour turbines \u00e0 gaz, ainsi que diverses graisses et mazouts. Plus pr\u00e9cis\u00e9ment, il est largement utilis\u00e9 dans les huiles lubrifiantes pour l\u2019aviation et les huiles pour compresseurs d\u2019air, r\u00e9pondant \u00e0 des exigences strictes en mati\u00e8re de r\u00e9sistance \u00e0 l\u2019oxydation et \u00e0 la corrosion dans des conditions de temp\u00e9ratures ultra-\u00e9lev\u00e9es.<\/span><\/p>\n<p><span style=\"color: #000000;\">De plus, il convient \u00e0 une utilisation dans les lubrifiants pouvant entrer en contact avec les aliments, d\u00e9montrant des performances exceptionnelles lors des tests CIGRE.<\/span><\/p>\n<p><span style=\"color: #f2a516;\"><strong><b>Guide d&#039;utilisation<\/b><\/strong><\/span><\/p>\n<p><span style=\"color: #000000;\">Huile moteur synth\u00e9tique : 0,1-0,5% Huile pour compresseur d&#039;air : 0,15-0,5%<\/span><\/p>\n<p><span style=\"color: #000000;\">Huile de cha\u00eene et de roulement haute temp\u00e9rature\u00a0: 0,2-1,0% Huile pour turbine \u00e0 gaz\u00a0: 0,1-0,5%<\/span><\/p>\n<p><span style=\"color: #000000;\">Huile pour engrenages industriels\u00a0: 0,2-0,5% Graisse\u00a0: 0,1-0,5%<\/span><\/p>\n<p><span style=\"color: #f2a516;\"><strong><b>Emballer<\/b><\/strong><\/span><\/p>\n<p><span style=\"color: #000000;\">Il est conditionn\u00e9 dans des sacs papier-plastique de 25 kg ou dans des f\u00fbts en carton doubl\u00e9s de sacs plastique.<\/span><\/p>\n<p><span style=\"color: #f2a516;\"><strong><b>Dur\u00e9e de conservation<\/b><\/strong><\/span><\/p>\n<p><span style=\"color: #000000;\">24 mois \u00e0 compter de la date de production sous emballage d&#039;origine non ouvert.<\/span><\/p>\n<p><span style=\"color: #f2a516;\"><strong>Stockage<\/strong><\/span><\/p>\n<p><span style=\"color: #000000;\">Stock\u00e9 dans un environnement frais et bien ventil\u00e9.<\/span><\/p>","protected":false},"excerpt":{"rendered":"<p>Prot\u00e8ge les mat\u00e9riaux des dommages oxydatifs, prolongeant leur dur\u00e9e de vie.<\/p>","protected":false},"featured_media":0,"template":"","meta":{"site-sidebar-layout":"default","site-content-layout":"","ast-site-content-layout":"default","site-content-style":"default","site-sidebar-style":"default","ast-global-header-display":"","ast-banner-title-visibility":"","ast-main-header-display":"","ast-hfb-above-header-display":"","ast-hfb-below-header-display":"","ast-hfb-mobile-header-display":"","site-post-title":"","ast-breadcrumbs-content":"","ast-featured-img":"","footer-sml-layout":"","theme-transparent-header-meta":"default","adv-header-id-meta":"","stick-header-meta":"","header-above-stick-meta":"","header-main-stick-meta":"","header-below-stick-meta":"","astra-migrate-meta-layouts":"set","ast-page-background-enabled":"default","ast-page-background-meta":{"desktop":{"background-color":"","background-image":"","background-repeat":"repeat","background-position":"center center","background-size":"auto","background-attachment":"scroll","background-type":"","background-media":"","overlay-type":"","overlay-color":"","overlay-opacity":"","overlay-gradient":""},"tablet":{"background-color":"","background-image":"","background-repeat":"repeat","background-position":"center center","background-size":"auto","background-attachment":"scroll","background-type":"","background-media":"","overlay-type":"","overlay-color":"","overlay-opacity":"","overlay-gradient":""},"mobile":{"background-color":"","background-image":"","background-repeat":"repeat","background-position":"center center","background-size":"auto","background-attachment":"scroll","background-type":"","background-media":"","overlay-type":"","overlay-color":"","overlay-opacity":"","overlay-gradient":""}},"ast-content-background-meta":{"desktop":{"background-color":"var(--ast-global-color-5)","background-image":"","background-repeat":"repeat","background-position":"center center","background-size":"auto","background-attachment":"scroll","background-type":"","background-media":"","overlay-type":"","overlay-color":"","overlay-opacity":"","overlay-gradient":""},"tablet":{"background-color":"var(--ast-global-color-5)","background-image":"","background-repeat":"repeat","background-position":"center center","background-size":"auto","background-attachment":"scroll","background-type":"","background-media":"","overlay-type":"","overlay-color":"","overlay-opacity":"","overlay-gradient":""},"mobile":{"background-color":"var(--ast-global-color-5)","background-image":"","background-repeat":"repeat","background-position":"center center","background-size":"auto","background-attachment":"scroll","background-type":"","background-media":"","overlay-type":"","overlay-color":"","overlay-opacity":"","overlay-gradient":""}}},"product_brand":[],"product_cat":[18,20],"product_tag":[],"class_list":{"0":"post-3369","1":"product","2":"type-product","3":"status-publish","5":"product_cat-products","6":"product_cat-antioxidant-for-lubricant","7":"desktop-align-left","8":"tablet-align-left","9":"mobile-align-left","11":"first","12":"instock","13":"shipping-taxable","14":"product-type-simple"},"_links":{"self":[{"href":"https:\/\/chicchem.com\/fr\/wp-json\/wp\/v2\/product\/3369","targetHints":{"allow":["GET"]}}],"collection":[{"href":"https:\/\/chicchem.com\/fr\/wp-json\/wp\/v2\/product"}],"about":[{"href":"https:\/\/chicchem.com\/fr\/wp-json\/wp\/v2\/types\/product"}],"wp:attachment":[{"href":"https:\/\/chicchem.com\/fr\/wp-json\/wp\/v2\/media?parent=3369"}],"wp:term":[{"taxonomy":"product_brand","embeddable":true,"href":"https:\/\/chicchem.com\/fr\/wp-json\/wp\/v2\/product_brand?post=3369"},{"taxonomy":"product_cat","embeddable":true,"href":"https:\/\/chicchem.com\/fr\/wp-json\/wp\/v2\/product_cat?post=3369"},{"taxonomy":"product_tag","embeddable":true,"href":"https:\/\/chicchem.com\/fr\/wp-json\/wp\/v2\/product_tag?post=3369"}],"curies":[{"name":"wp","href":"https:\/\/api.w.org\/{rel}","templated":true}]}}