{"id":3372,"date":"2024-06-21T01:49:53","date_gmt":"2024-06-21T01:49:53","guid":{"rendered":"https:\/\/chicchem.com\/?post_type=product&#038;p=3372"},"modified":"2024-06-21T01:50:44","modified_gmt":"2024-06-21T01:50:44","slug":"chicstab-l135","status":"publish","type":"product","link":"https:\/\/chicchem.com\/fr\/produit\/chicstab-l135\/","title":{"rendered":"Chicstab L135"},"content":{"rendered":"<p><span style=\"color: #f2a516;\"><strong>Description du produit<\/strong><\/span><\/p>\n<p><span style=\"color: #000000;\">N \u00b0 CAS.  125643-61-0<\/span><\/p>\n<p><span style=\"color: #000000;\">Chicstab L135 est un antioxydant ph\u00e9nolique \u00e0 encombrement liquide actif 100%, sp\u00e9cialement con\u00e7u pour diverses huiles min\u00e9rales ou synth\u00e9tiques avec des exigences particuli\u00e8res en mati\u00e8re d&#039;antioxydants sans cendres \u00e0 haute temp\u00e9rature. Il est largement utilis\u00e9 dans diverses huiles lubrifiantes, huiles moteur et divers lubrifiants industriels, notamment l&#039;huile moteur, l&#039;huile moteur pour turbine \u00e0 gaz, l&#039;huile pour engrenages, l&#039;huile pour compresseur d&#039;air, l&#039;huile conductrice de chaleur, l&#039;huile hydraulique, l&#039;huile lubrifiante pour l&#039;aviation, entre autres. Lorsqu&#039;il est utilis\u00e9 en association avec l&#039;Antioxydant L57, il pr\u00e9sente un effet synergique significatif.<\/span><\/p>\n<p><span style=\"color: #f2a516;\"><strong><b>Propri\u00e9t\u00e9s physiques<\/b><\/strong><\/span><\/p>\n<table>\n<tbody>\n<tr>\n<td style=\"background-color: #ffecc9;\" width=\"582\"><span style=\"color: #000000;\">Forme physique<\/span><\/td>\n<td width=\"772\"><span style=\"color: #000000;\">Liquide transparent incolore ou jaune clair<\/span><\/td>\n<\/tr>\n<tr>\n<td style=\"background-color: #ffecc9;\" width=\"582\"><span style=\"color: #000000;\">Teneur en eau, wt%<\/span><\/td>\n<td width=\"772\"><span style=\"color: #000000;\">\u22640,10<\/span><\/td>\n<\/tr>\n<tr>\n<td style=\"background-color: #ffecc9;\" width=\"582\"><span style=\"color: #000000;\">Puret\u00e9, wt%<\/span><\/td>\n<td width=\"772\"><span style=\"color: #000000;\">\u226598,0<\/span><\/td>\n<\/tr>\n<tr>\n<td style=\"background-color: #ffecc9;\" width=\"582\"><span style=\"color: #000000;\">Viscosit\u00e9 cin\u00e9matique \uff0840 \u2103\uff09\uff0cmm<sup>2<\/sup><sub>\/<\/sub>s<\/span><\/td>\n<td width=\"772\"><span style=\"color: #000000;\">80-140 mm2\/s<\/span><\/td>\n<\/tr>\n<tr>\n<td style=\"background-color: #ffecc9;\" width=\"582\"><span style=\"color: #000000;\">Indice de r\u00e9fraction (20 \u2103)<\/span><\/td>\n<td width=\"772\"><span style=\"color: #000000;\">1.493-1.499<\/span><\/td>\n<\/tr>\n<tr>\n<td style=\"background-color: #ffecc9;\" width=\"582\"><span style=\"color: #000000;\">Solubilit\u00e9<\/span><\/td>\n<td width=\"772\"><span style=\"color: #000000;\">clair<\/span><\/td>\n<\/tr>\n<tr>\n<td style=\"background-color: #ffecc9;\" width=\"582\"><span style=\"color: #000000;\">Indice d&#039;acide, mgKOH\/g<\/span><\/td>\n<td width=\"772\"><span style=\"color: #000000;\">\u22641,0<\/span><\/td>\n<\/tr>\n<\/tbody>\n<\/table>\n<p><span style=\"color: #f2a516;\"><strong><b>Guide d&#039;utilisation<\/b><\/strong><\/span><\/p>\n<table>\n<tbody>\n<tr>\n<td width=\"215\"><span style=\"color: #000000;\">Huile moteur<\/span><\/td>\n<td width=\"181\"><span style=\"color: #000000;\">0.15-0.8%<\/span><\/td>\n<td width=\"359\"><span style=\"color: #000000;\">Huile pour engrenages industriels, huile pour compresseur d&#039;air<\/span><\/td>\n<td width=\"150\"><span style=\"color: #000000;\">0.2-0.5%<\/span><\/td>\n<td width=\"221\"><span style=\"color: #000000;\">Huile lubrifiante industrielle<\/span><\/td>\n<td width=\"177\"><span style=\"color: #000000;\">0.1-0.5%<\/span><\/td>\n<\/tr>\n<tr>\n<td width=\"215\"><span style=\"color: #000000;\">Huile pour moteur de turbine \u00e0 gaz<\/span><\/td>\n<td width=\"181\"><span style=\"color: #000000;\">0.1-0.25%<\/span><\/td>\n<td width=\"359\"><span style=\"color: #000000;\">\u00a0\u00a0Huile de circulation<\/span><\/td>\n<td width=\"150\"><span style=\"color: #000000;\">0.1-0.3%<\/span><\/td>\n<td width=\"221\"><span style=\"color: #000000;\">Huile conductrice de chaleur<\/span><\/td>\n<td width=\"177\"><span style=\"color: #000000;\">0.15-0.5%<\/span><\/td>\n<\/tr>\n<\/tbody>\n<\/table>\n<p><span style=\"color: #f2a516;\"><strong><b>Emballer<\/b><\/strong><\/span><\/p>\n<p><span style=\"color: #000000;\">180KG\/tambour, r\u00e9servoir 1000kg\/IBC, r\u00e9servoir 20MT\/ISO.<\/span><\/p>\n<p><span style=\"color: #f2a516;\"><strong><b>Dur\u00e9e de conservation<\/b><\/strong><\/span><\/p>\n<p><span style=\"color: #000000;\">24 mois \u00e0 compter de la date de production sous emballage d&#039;origine non ouvert.<\/span><\/p>\n<p><span style=\"color: #f2a516;\"><strong><b>Stockage<\/b><\/strong><\/span><\/p>\n<p><span style=\"color: #000000;\">Conserver dans des conditions sombres, s\u00e8ches, fra\u00eeches et scell\u00e9es.<\/span><\/p>\n<p>&nbsp;<\/p>","protected":false},"excerpt":{"rendered":"<p>Prot\u00e8ge les mat\u00e9riaux des dommages oxydatifs, prolongeant leur dur\u00e9e de vie.<\/p>","protected":false},"featured_media":0,"template":"","meta":{"site-sidebar-layout":"default","site-content-layout":"","ast-site-content-layout":"default","site-content-style":"default","site-sidebar-style":"default","ast-global-header-display":"","ast-banner-title-visibility":"","ast-main-header-display":"","ast-hfb-above-header-display":"","ast-hfb-below-header-display":"","ast-hfb-mobile-header-display":"","site-post-title":"","ast-breadcrumbs-content":"","ast-featured-img":"","footer-sml-layout":"","theme-transparent-header-meta":"default","adv-header-id-meta":"","stick-header-meta":"","header-above-stick-meta":"","header-main-stick-meta":"","header-below-stick-meta":"","astra-migrate-meta-layouts":"set","ast-page-background-enabled":"default","ast-page-background-meta":{"desktop":{"background-color":"","background-image":"","background-repeat":"repeat","background-position":"center center","background-size":"auto","background-attachment":"scroll","background-type":"","background-media":"","overlay-type":"","overlay-color":"","overlay-opacity":"","overlay-gradient":""},"tablet":{"background-color":"","background-image":"","background-repeat":"repeat","background-position":"center center","background-size":"auto","background-attachment":"scroll","background-type":"","background-media":"","overlay-type":"","overlay-color":"","overlay-opacity":"","overlay-gradient":""},"mobile":{"background-color":"","background-image":"","background-repeat":"repeat","background-position":"center center","background-size":"auto","background-attachment":"scroll","background-type":"","background-media":"","overlay-type":"","overlay-color":"","overlay-opacity":"","overlay-gradient":""}},"ast-content-background-meta":{"desktop":{"background-color":"var(--ast-global-color-5)","background-image":"","background-repeat":"repeat","background-position":"center center","background-size":"auto","background-attachment":"scroll","background-type":"","background-media":"","overlay-type":"","overlay-color":"","overlay-opacity":"","overlay-gradient":""},"tablet":{"background-color":"var(--ast-global-color-5)","background-image":"","background-repeat":"repeat","background-position":"center center","background-size":"auto","background-attachment":"scroll","background-type":"","background-media":"","overlay-type":"","overlay-color":"","overlay-opacity":"","overlay-gradient":""},"mobile":{"background-color":"var(--ast-global-color-5)","background-image":"","background-repeat":"repeat","background-position":"center center","background-size":"auto","background-attachment":"scroll","background-type":"","background-media":"","overlay-type":"","overlay-color":"","overlay-opacity":"","overlay-gradient":""}}},"product_brand":[],"product_cat":[18,20],"product_tag":[],"class_list":{"0":"post-3372","1":"product","2":"type-product","3":"status-publish","5":"product_cat-products","6":"product_cat-antioxidant-for-lubricant","7":"desktop-align-left","8":"tablet-align-left","9":"mobile-align-left","11":"first","12":"instock","13":"shipping-taxable","14":"product-type-simple"},"_links":{"self":[{"href":"https:\/\/chicchem.com\/fr\/wp-json\/wp\/v2\/product\/3372","targetHints":{"allow":["GET"]}}],"collection":[{"href":"https:\/\/chicchem.com\/fr\/wp-json\/wp\/v2\/product"}],"about":[{"href":"https:\/\/chicchem.com\/fr\/wp-json\/wp\/v2\/types\/product"}],"wp:attachment":[{"href":"https:\/\/chicchem.com\/fr\/wp-json\/wp\/v2\/media?parent=3372"}],"wp:term":[{"taxonomy":"product_brand","embeddable":true,"href":"https:\/\/chicchem.com\/fr\/wp-json\/wp\/v2\/product_brand?post=3372"},{"taxonomy":"product_cat","embeddable":true,"href":"https:\/\/chicchem.com\/fr\/wp-json\/wp\/v2\/product_cat?post=3372"},{"taxonomy":"product_tag","embeddable":true,"href":"https:\/\/chicchem.com\/fr\/wp-json\/wp\/v2\/product_tag?post=3372"}],"curies":[{"name":"wp","href":"https:\/\/api.w.org\/{rel}","templated":true}]}}