{"id":3373,"date":"2024-06-21T01:52:30","date_gmt":"2024-06-21T01:52:30","guid":{"rendered":"https:\/\/chicchem.com\/?post_type=product&#038;p=3373"},"modified":"2024-06-21T01:52:31","modified_gmt":"2024-06-21T01:52:31","slug":"chicstab-l137-l138-139-l140","status":"publish","type":"product","link":"https:\/\/chicchem.com\/fr\/produit\/chicstab-l137-l138-139-l140\/","title":{"rendered":"Chicstab L137\/L138\/139\/L140"},"content":{"rendered":"<p><span style=\"color: #f2a516;\"><strong><b>Description du produit<\/b><\/strong><\/span><\/p>\n<p><span style=\"color: #000000;\">Ces produits sont des antioxydants liquides compos\u00e9s d\u2019huiles, poss\u00e9dant une double fonction de terminaison des radicaux libres et de d\u00e9composition des hydroperoxydes. Ils pr\u00e9sentent une tol\u00e9rance sup\u00e9rieure aux temp\u00e9ratures \u00e9lev\u00e9es et fournissent de meilleurs effets antioxydants par rapport aux ph\u00e9nols \u00e0 simple encombrement et aux amines encombr\u00e9es.<\/span><\/p>\n<p><span style=\"color: #000000;\">Ils conviennent aux applications dans lesquelles diverses huiles lubrifiantes min\u00e9rales ou synth\u00e9tiques n\u00e9cessitent des antioxydants sans cendre \u00e0 haute temp\u00e9rature. Largement utilis\u00e9 dans diverses huiles lubrifiantes, qu&#039;elles soient automobiles ou industrielles, notamment l&#039;huile moteur, l&#039;huile pour turbine \u00e0 gaz, l&#039;huile pour engrenages, l&#039;huile pour compresseur d&#039;air, l&#039;huile de transfert de chaleur, l&#039;huile hydraulique, la graisse, l&#039;huile lubrifiante pour l&#039;aviation, entre autres.<\/span><\/p>\n<p><span style=\"color: #f2a516;\"><strong><b>Propri\u00e9t\u00e9s physiques<\/b><\/strong><\/span><\/p>\n<table>\n<tbody>\n<tr>\n<td style=\"background-color: #ffecc9;\" colspan=\"2\" width=\"537\"><span style=\"color: #000000;\">\u00a0Forme physique<\/span><\/td>\n<td width=\"803\"><span style=\"color: #000000;\">Liquide jaune clair \u00e0 jaune<\/span><\/td>\n<\/tr>\n<tr>\n<td style=\"background-color: #ffecc9;\" rowspan=\"4\" width=\"304\">&nbsp;<\/p>\n<p>&nbsp;<\/p>\n<p><span style=\"color: #000000;\">Viscosit\u00e9 25\u2103 mPa.s<\/span><\/td>\n<td style=\"background-color: #ffecc9;\" width=\"233\"><span style=\"color: #000000;\">L137<\/span><\/td>\n<td width=\"803\"><span style=\"color: #000000;\">\u226422000<\/span><\/td>\n<\/tr>\n<tr>\n<td style=\"background-color: #ffecc9;\" width=\"233\"><span style=\"color: #000000;\">L138<\/span><\/td>\n<td width=\"803\"><span style=\"color: #000000;\">\u22648000<\/span><\/td>\n<\/tr>\n<tr>\n<td style=\"background-color: #ffecc9;\" width=\"233\"><span style=\"color: #000000;\">L139<\/span><\/td>\n<td width=\"803\"><span style=\"color: #000000;\">\u22644200<\/span><\/td>\n<\/tr>\n<tr>\n<td style=\"background-color: #ffecc9;\" width=\"233\"><span style=\"color: #000000;\">L140<\/span><\/td>\n<td width=\"803\"><span style=\"color: #000000;\">\u22642000<\/span><\/td>\n<\/tr>\n<tr>\n<td style=\"background-color: #ffecc9;\" colspan=\"2\" width=\"537\"><span style=\"color: #000000;\">Solubilit\u00e9<\/span><\/td>\n<td width=\"803\"><span style=\"color: #000000;\">clair<\/span><\/td>\n<\/tr>\n<tr>\n<td style=\"background-color: #ffecc9;\" colspan=\"2\" width=\"537\"><span style=\"color: #000000;\">Cendre\/% \u2264<\/span><\/td>\n<td width=\"803\"><span style=\"color: #000000;\">0.1<\/span><\/td>\n<\/tr>\n<\/tbody>\n<\/table>\n<p><span style=\"color: #f2a516;\"><strong><b>\u00a0<\/b><\/strong><strong><b>Guide d&#039;utilisation<\/b><\/strong><\/span><\/p>\n<table>\n<tbody>\n<tr>\n<td width=\"246\"><span style=\"color: #000000;\">Lubrifiant moteur<\/span><\/td>\n<td width=\"176\"><span style=\"color: #000000;\">0.15-0.8%<\/span><\/td>\n<td width=\"295\"><span style=\"color: #000000;\">Huile pour engrenages industriels\u00a0;<\/span><\/p>\n<p><span style=\"color: #000000;\">Huile pour compresseur d&#039;air<\/span><\/td>\n<td width=\"169\"><span style=\"color: #000000;\">0.2-0.5%<\/span><\/td>\n<td width=\"276\"><span style=\"color: #000000;\">Lubrifiant industriel<\/span><\/td>\n<td width=\"176\"><span style=\"color: #000000;\">0.1-0.5%<\/span><\/td>\n<\/tr>\n<tr>\n<td width=\"246\"><span style=\"color: #000000;\">Gaz\/huile pour turbine<\/span><\/td>\n<td width=\"176\"><span style=\"color: #000000;\">0.1-0.25%<\/span><\/td>\n<td width=\"295\"><span style=\"color: #000000;\">Huile en circulation<\/span><\/td>\n<td width=\"169\"><span style=\"color: #000000;\">0.1-0.3%<\/span><\/td>\n<td width=\"276\"><span style=\"color: #000000;\">Huile de transfert de chaleur<\/span><\/td>\n<td width=\"176\"><span style=\"color: #000000;\">0.15-0.5%<\/span><\/td>\n<\/tr>\n<\/tbody>\n<\/table>\n<p><span style=\"color: #000000;\">Remarque : le dosage peut \u00eatre ajust\u00e9 en fonction des exigences sp\u00e9cifiques du client lors de l&#039;utilisation r\u00e9elle.<\/span><\/p>\n<p><span style=\"color: #f2a516;\"><strong><b>Emballer<\/b><\/strong><\/span><\/p>\n<p><span style=\"color: #000000;\">180 kg\/tambour, 900 kg\/r\u00e9servoir IBC<\/span><\/p>\n<p><span style=\"color: #f2a516;\"><strong><b>Dur\u00e9e de conservation<\/b><\/strong><\/span><\/p>\n<p><span style=\"color: #000000;\">12 mois \u00e0 compter de la date de production sous emballage d&#039;origine non ouvert.<\/span><\/p>\n<p><span style=\"color: #f2a516;\"><strong><b>Stockage<\/b><\/strong><\/span><\/p>\n<p><span style=\"color: #000000;\">Stock\u00e9 dans des conditions sombres, s\u00e8ches, \u00e0 basse temp\u00e9rature et scell\u00e9es.<\/span><\/p>\n<p>&nbsp;<\/p>","protected":false},"excerpt":{"rendered":"<p>Prot\u00e8ge les mat\u00e9riaux des dommages oxydatifs, prolongeant leur dur\u00e9e de vie.<\/p>","protected":false},"featured_media":0,"template":"","meta":{"site-sidebar-layout":"default","site-content-layout":"","ast-site-content-layout":"default","site-content-style":"default","site-sidebar-style":"default","ast-global-header-display":"","ast-banner-title-visibility":"","ast-main-header-display":"","ast-hfb-above-header-display":"","ast-hfb-below-header-display":"","ast-hfb-mobile-header-display":"","site-post-title":"","ast-breadcrumbs-content":"","ast-featured-img":"","footer-sml-layout":"","theme-transparent-header-meta":"default","adv-header-id-meta":"","stick-header-meta":"","header-above-stick-meta":"","header-main-stick-meta":"","header-below-stick-meta":"","astra-migrate-meta-layouts":"set","ast-page-background-enabled":"default","ast-page-background-meta":{"desktop":{"background-color":"","background-image":"","background-repeat":"repeat","background-position":"center center","background-size":"auto","background-attachment":"scroll","background-type":"","background-media":"","overlay-type":"","overlay-color":"","overlay-opacity":"","overlay-gradient":""},"tablet":{"background-color":"","background-image":"","background-repeat":"repeat","background-position":"center center","background-size":"auto","background-attachment":"scroll","background-type":"","background-media":"","overlay-type":"","overlay-color":"","overlay-opacity":"","overlay-gradient":""},"mobile":{"background-color":"","background-image":"","background-repeat":"repeat","background-position":"center center","background-size":"auto","background-attachment":"scroll","background-type":"","background-media":"","overlay-type":"","overlay-color":"","overlay-opacity":"","overlay-gradient":""}},"ast-content-background-meta":{"desktop":{"background-color":"var(--ast-global-color-5)","background-image":"","background-repeat":"repeat","background-position":"center center","background-size":"auto","background-attachment":"scroll","background-type":"","background-media":"","overlay-type":"","overlay-color":"","overlay-opacity":"","overlay-gradient":""},"tablet":{"background-color":"var(--ast-global-color-5)","background-image":"","background-repeat":"repeat","background-position":"center center","background-size":"auto","background-attachment":"scroll","background-type":"","background-media":"","overlay-type":"","overlay-color":"","overlay-opacity":"","overlay-gradient":""},"mobile":{"background-color":"var(--ast-global-color-5)","background-image":"","background-repeat":"repeat","background-position":"center center","background-size":"auto","background-attachment":"scroll","background-type":"","background-media":"","overlay-type":"","overlay-color":"","overlay-opacity":"","overlay-gradient":""}}},"product_brand":[],"product_cat":[18,20],"product_tag":[],"class_list":{"0":"post-3373","1":"product","2":"type-product","3":"status-publish","5":"product_cat-products","6":"product_cat-antioxidant-for-lubricant","7":"desktop-align-left","8":"tablet-align-left","9":"mobile-align-left","11":"first","12":"instock","13":"shipping-taxable","14":"product-type-simple"},"_links":{"self":[{"href":"https:\/\/chicchem.com\/fr\/wp-json\/wp\/v2\/product\/3373","targetHints":{"allow":["GET"]}}],"collection":[{"href":"https:\/\/chicchem.com\/fr\/wp-json\/wp\/v2\/product"}],"about":[{"href":"https:\/\/chicchem.com\/fr\/wp-json\/wp\/v2\/types\/product"}],"wp:attachment":[{"href":"https:\/\/chicchem.com\/fr\/wp-json\/wp\/v2\/media?parent=3373"}],"wp:term":[{"taxonomy":"product_brand","embeddable":true,"href":"https:\/\/chicchem.com\/fr\/wp-json\/wp\/v2\/product_brand?post=3373"},{"taxonomy":"product_cat","embeddable":true,"href":"https:\/\/chicchem.com\/fr\/wp-json\/wp\/v2\/product_cat?post=3373"},{"taxonomy":"product_tag","embeddable":true,"href":"https:\/\/chicchem.com\/fr\/wp-json\/wp\/v2\/product_tag?post=3373"}],"curies":[{"name":"wp","href":"https:\/\/api.w.org\/{rel}","templated":true}]}}