{"id":3374,"date":"2024-06-21T01:53:59","date_gmt":"2024-06-21T01:53:59","guid":{"rendered":"https:\/\/chicchem.com\/?post_type=product&#038;p=3374"},"modified":"2024-06-21T01:54:00","modified_gmt":"2024-06-21T01:54:00","slug":"chicstab-l620","status":"publish","type":"product","link":"https:\/\/chicchem.com\/fr\/produit\/chicstab-l620\/","title":{"rendered":"Chicstab L620"},"content":{"rendered":"<p><span style=\"color: #f2a516;\"><strong><b>Description du produit<\/b><\/strong><\/span><\/p>\n<p><span style=\"color: #000000;\">Chicstab L620 est un antioxydant composite \u00e0 haute efficacit\u00e9 con\u00e7u pour fournir une protection contre le vieillissement thermique par l&#039;oxyg\u00e8ne aux lubrifiants \u00e0 base d&#039;huile min\u00e9rale et d&#039;ester synth\u00e9tique. Il pr\u00e9sente une volatilit\u00e9 extr\u00eamement faible et une temp\u00e9rature de service \u00e9lev\u00e9e, ainsi qu&#039;une contamination de couleur r\u00e9duite par rapport aux antioxydants amin\u00e9s classiques.<\/span><\/p>\n<p><span style=\"color: #000000;\">Facile \u00e0 incorporer, il prot\u00e8ge efficacement la couleur et contr\u00f4le la formation de boues, prolongeant ainsi la dur\u00e9e de vie des produits p\u00e9troliers. De plus, ce produit \u00e9limine efficacement les radicaux libres et maintient son efficacit\u00e9 antioxydante m\u00eame \u00e0 des temp\u00e9ratures de traitement et de fonctionnement \u00e9lev\u00e9es. Chicstab L620 est exempt de BHT et est conforme aux exigences de protection de l&#039;environnement.<\/span><\/p>\n<p><span style=\"color: #f2a516;\"><strong><b>Propri\u00e9t\u00e9s physiques<\/b><\/strong><\/span><\/p>\n<table>\n<tbody>\n<tr>\n<td style=\"background-color: #ffecc9;\" width=\"467\"><span style=\"color: #000000;\">Forme physique<\/span><\/td>\n<td width=\"710\"><span style=\"color: #000000;\">liquide jaune clair \u00e0 ambre<\/span><\/td>\n<\/tr>\n<tr>\n<td style=\"background-color: #ffecc9;\" width=\"467\"><span style=\"color: #000000;\">Viscosit\u00e9 (25\u00b0C), mPa.s \u2264<\/span><\/td>\n<td width=\"710\"><span style=\"color: #000000;\">3000<\/span><\/td>\n<\/tr>\n<tr>\n<td style=\"background-color: #ffecc9;\" width=\"467\"><span style=\"color: #000000;\">Densit\u00e9, g\/cm3<\/span><\/td>\n<td width=\"710\"><span style=\"color: #000000;\">0,940\uff5e1,000<\/span><\/td>\n<\/tr>\n<tr>\n<td style=\"background-color: #ffecc9;\" width=\"467\"><span style=\"color: #000000;\">Cr\u00e9sol libre\/% \u2264<\/span><\/td>\n<td width=\"710\"><span style=\"color: #000000;\">0.015<\/span><\/td>\n<\/tr>\n<tr>\n<td style=\"background-color: #ffecc9;\" width=\"467\"><span style=\"color: #000000;\">Teneur en cendres, % \u2264<\/span><\/td>\n<td width=\"710\"><span style=\"color: #000000;\">0.01<\/span><\/td>\n<\/tr>\n<tr>\n<td style=\"background-color: #ffecc9;\" width=\"467\"><span style=\"color: #000000;\">Point d&#039;\u00e9clair (ferm\u00e9)\/\u00b0C<\/span><\/td>\n<td width=\"710\"><span style=\"color: #000000;\">127<\/span><\/td>\n<\/tr>\n<\/tbody>\n<\/table>\n<p><span style=\"color: #f2a516;\"><strong><b>Application<\/b><\/strong><\/span><\/p>\n<p><span style=\"color: #000000;\">Il convient aux applications dans les huiles min\u00e9rales et les lubrifiants \u00e0 base d&#039;esters synth\u00e9tiques, notamment l&#039;huile de turbine, l&#039;huile de compresseur, l&#039;huile moteur, l&#039;huile pour engrenages industriels et automobiles, l&#039;huile de cha\u00eene haute temp\u00e9rature, le fluide de transmission de puissance, etc.<\/span><\/p>\n<p><span style=\"color: #f2a516;\"><strong><b>\u00a0<\/b><\/strong><strong><b>Guide d&#039;utilisation<\/b><\/strong><\/span><\/p>\n<p><span style=\"color: #000000;\">Son utilisation est g\u00e9n\u00e9ralement recommand\u00e9e \u00e0 des concentrations allant de 0,15% \u00e0 1,50%.<\/span><\/p>\n<p><span style=\"color: #000000;\">Des ajustements du ratio peuvent \u00e9galement \u00eatre effectu\u00e9s en fonction de l&#039;efficacit\u00e9 observ\u00e9e lors de l&#039;utilisation r\u00e9elle.<\/span><\/p>\n<p><span style=\"color: #f2a516;\"><strong><b>Emballer<\/b><\/strong><\/span><\/p>\n<p><span style=\"color: #000000;\">180KG\/tambour, r\u00e9servoir 1000kg\/IBC, r\u00e9servoir 20 tonnes\/ISO.<\/span><\/p>\n<p><span style=\"color: #f2a516;\"><strong><b>Dur\u00e9e de conservation<\/b><\/strong><\/span><\/p>\n<p><span style=\"color: #000000;\">12 mois \u00e0 compter de la date de production sous emballage d&#039;origine non ouvert.<\/span><\/p>\n<p><span style=\"color: #f2a516;\"><strong><b>Stockage<\/b><\/strong><\/span><\/p>\n<p><span style=\"color: #000000;\">Conserver dans des conditions sombres, s\u00e8ches, fra\u00eeches et scell\u00e9es.<\/span><\/p>","protected":false},"excerpt":{"rendered":"<p>Prot\u00e8ge les mat\u00e9riaux des dommages oxydatifs, prolongeant leur dur\u00e9e de vie.<\/p>","protected":false},"featured_media":0,"template":"","meta":{"site-sidebar-layout":"default","site-content-layout":"","ast-site-content-layout":"default","site-content-style":"default","site-sidebar-style":"default","ast-global-header-display":"","ast-banner-title-visibility":"","ast-main-header-display":"","ast-hfb-above-header-display":"","ast-hfb-below-header-display":"","ast-hfb-mobile-header-display":"","site-post-title":"","ast-breadcrumbs-content":"","ast-featured-img":"","footer-sml-layout":"","theme-transparent-header-meta":"default","adv-header-id-meta":"","stick-header-meta":"","header-above-stick-meta":"","header-main-stick-meta":"","header-below-stick-meta":"","astra-migrate-meta-layouts":"set","ast-page-background-enabled":"default","ast-page-background-meta":{"desktop":{"background-color":"","background-image":"","background-repeat":"repeat","background-position":"center center","background-size":"auto","background-attachment":"scroll","background-type":"","background-media":"","overlay-type":"","overlay-color":"","overlay-opacity":"","overlay-gradient":""},"tablet":{"background-color":"","background-image":"","background-repeat":"repeat","background-position":"center center","background-size":"auto","background-attachment":"scroll","background-type":"","background-media":"","overlay-type":"","overlay-color":"","overlay-opacity":"","overlay-gradient":""},"mobile":{"background-color":"","background-image":"","background-repeat":"repeat","background-position":"center center","background-size":"auto","background-attachment":"scroll","background-type":"","background-media":"","overlay-type":"","overlay-color":"","overlay-opacity":"","overlay-gradient":""}},"ast-content-background-meta":{"desktop":{"background-color":"var(--ast-global-color-5)","background-image":"","background-repeat":"repeat","background-position":"center center","background-size":"auto","background-attachment":"scroll","background-type":"","background-media":"","overlay-type":"","overlay-color":"","overlay-opacity":"","overlay-gradient":""},"tablet":{"background-color":"var(--ast-global-color-5)","background-image":"","background-repeat":"repeat","background-position":"center center","background-size":"auto","background-attachment":"scroll","background-type":"","background-media":"","overlay-type":"","overlay-color":"","overlay-opacity":"","overlay-gradient":""},"mobile":{"background-color":"var(--ast-global-color-5)","background-image":"","background-repeat":"repeat","background-position":"center center","background-size":"auto","background-attachment":"scroll","background-type":"","background-media":"","overlay-type":"","overlay-color":"","overlay-opacity":"","overlay-gradient":""}}},"product_brand":[],"product_cat":[18,20],"product_tag":[],"class_list":{"0":"post-3374","1":"product","2":"type-product","3":"status-publish","5":"product_cat-products","6":"product_cat-antioxidant-for-lubricant","7":"desktop-align-left","8":"tablet-align-left","9":"mobile-align-left","11":"first","12":"instock","13":"shipping-taxable","14":"product-type-simple"},"_links":{"self":[{"href":"https:\/\/chicchem.com\/fr\/wp-json\/wp\/v2\/product\/3374","targetHints":{"allow":["GET"]}}],"collection":[{"href":"https:\/\/chicchem.com\/fr\/wp-json\/wp\/v2\/product"}],"about":[{"href":"https:\/\/chicchem.com\/fr\/wp-json\/wp\/v2\/types\/product"}],"wp:attachment":[{"href":"https:\/\/chicchem.com\/fr\/wp-json\/wp\/v2\/media?parent=3374"}],"wp:term":[{"taxonomy":"product_brand","embeddable":true,"href":"https:\/\/chicchem.com\/fr\/wp-json\/wp\/v2\/product_brand?post=3374"},{"taxonomy":"product_cat","embeddable":true,"href":"https:\/\/chicchem.com\/fr\/wp-json\/wp\/v2\/product_cat?post=3374"},{"taxonomy":"product_tag","embeddable":true,"href":"https:\/\/chicchem.com\/fr\/wp-json\/wp\/v2\/product_tag?post=3374"}],"curies":[{"name":"wp","href":"https:\/\/api.w.org\/{rel}","templated":true}]}}