{"id":3375,"date":"2024-06-21T01:54:11","date_gmt":"2024-06-21T01:54:11","guid":{"rendered":"https:\/\/chicchem.com\/?post_type=product&#038;p=3375"},"modified":"2024-06-21T01:55:15","modified_gmt":"2024-06-21T01:55:15","slug":"chicstab-t501","status":"publish","type":"product","link":"https:\/\/chicchem.com\/fr\/produit\/chicstab-t501\/","title":{"rendered":"Chictab T501"},"content":{"rendered":"<p><span style=\"color: #f2a516;\"><strong><b>Description du produit<\/b><\/strong><\/span><\/p>\n<p><span style=\"color: #000000;\">En tant qu&#039;antioxydant ph\u00e9nolique encombr\u00e9 non polluant traditionnel, ce produit pr\u00e9sente une excellente r\u00e9sistance \u00e0 la chaleur et une excellente stabilit\u00e9. Il est d\u00e9pourvu d&#039;odeur distincte et ne souffre pas d&#039;inconv\u00e9nients tels que des r\u00e9actions color\u00e9es avec les ions m\u00e9talliques. Largement utilis\u00e9 dans les huiles industrielles comme additif antioxydant et antiadh\u00e9sif, il emp\u00eache efficacement l\u2019augmentation de l\u2019indice d\u2019acide ou de la viscosit\u00e9 de l\u2019huile lubrifiante et du fioul. L&#039;antioxydant Chicstab T501 sert d&#039;additif exceptionnel pour divers produits p\u00e9troliers. Son effet antioxydant optimal est obtenu \u00e0 une temp\u00e9rature de travail de 100 \u2103. Lorsqu&#039;il est utilis\u00e9 en conjonction avec des agents de d\u00e9sactivation des m\u00e9taux et antirouille alcalins \u00e0 longue cha\u00eene ZDDP et TCP, il facilite la formulation d&#039;huile hydraulique anti-usure et d&#039;autres produits connexes.<\/span><\/p>\n<p><span style=\"color: #f2a516;\"><strong><b>Propri\u00e9t\u00e9s physiques<\/b><\/strong><\/span><\/p>\n<table>\n<tbody>\n<tr>\n<td style=\"background-color: #ffecc9;\" width=\"467\"><span style=\"color: #000000;\">Forme physique<\/span><\/td>\n<td width=\"710\"><span style=\"color: #000000;\">Cristaux blancs<\/span><\/td>\n<\/tr>\n<tr>\n<td style=\"background-color: #ffecc9;\" width=\"467\"><span style=\"color: #000000;\">Test, %<\/span><\/td>\n<td width=\"710\"><span style=\"color: #000000;\">\u226599,0<\/span><\/td>\n<\/tr>\n<tr>\n<td style=\"background-color: #ffecc9;\" width=\"467\"><span style=\"color: #000000;\">Point de fusion initial, \u2103<\/span><\/td>\n<td width=\"710\"><span style=\"color: #000000;\">69.0-70.0<\/span><\/td>\n<\/tr>\n<tr>\n<td style=\"background-color: #ffecc9;\" width=\"467\"><span style=\"color: #000000;\">Cr\u00e9sol gratuit, %<\/span><\/td>\n<td width=\"710\"><span style=\"color: #000000;\">\u00a0\u22640,015<\/span><\/td>\n<\/tr>\n<tr>\n<td style=\"background-color: #ffecc9;\" width=\"467\"><span style=\"color: #000000;\">Teneur en cendres, %<\/span><\/td>\n<td width=\"710\"><span style=\"color: #000000;\">\u00a0\u22640,01<\/span><\/td>\n<\/tr>\n<tr>\n<td style=\"background-color: #ffecc9;\" width=\"467\"><span style=\"color: #000000;\">Point d&#039;\u00e9clair (ferm\u00e9),\u00b0C<\/span><\/td>\n<td width=\"710\"><span style=\"color: #000000;\">127<\/span><\/td>\n<\/tr>\n<\/tbody>\n<\/table>\n<p><span style=\"color: #f2a516;\"><strong><b>Caract\u00e9ristiques et avantages<\/b><\/strong><\/span><\/p>\n<ul>\n<li><span style=\"color: #000000;\">Formulation sans corrosion.<\/span><\/li>\n<li><span style=\"color: #000000;\">Excellente solubilit\u00e9 dans l\u2019huile sans aucune d\u00e9coloration.<\/span><\/li>\n<li><span style=\"color: #000000;\">Un ajout direct ou sous forme de liqueur m\u00e8re est r\u00e9alisable.<\/span><\/li>\n<li><span style=\"color: #000000;\">D\u00e9montre une r\u00e9sistance \u00e0 la chaleur et une stabilit\u00e9 remarquables.<\/span><\/li>\n<li><span style=\"color: #000000;\">D\u00e9pourvu de toute odeur sp\u00e9cifique et \u00e9vite les r\u00e9actions de couleur avec les ions m\u00e9talliques.<\/span><\/li>\n<\/ul>\n<p><span style=\"color: #f2a516;\"><strong><b>Emballer<\/b><\/strong><\/span><\/p>\n<p><span style=\"color: #000000;\">Ce produit est disponible en sac papier-plastique de 25 kg ou en f\u00fbt carton doubl\u00e9 d&#039;un sac plastique.<\/span><\/p>\n<p><span style=\"color: #f2a516;\"><strong><b>Dur\u00e9e de conservation<\/b><\/strong><\/span><\/p>\n<p><span style=\"color: #000000;\">24 mois \u00e0 compter de la date de production sous emballage d&#039;origine non ouvert.<\/span><\/p>\n<p><span style=\"color: #f2a516;\"><strong><b>Stockage <\/b><\/strong><\/span><\/p>\n<p><span style=\"color: #000000;\">Conserver dans un environnement sombre, sec et frais, en gardant le r\u00e9cipient bien ferm\u00e9.<\/span><\/p>","protected":false},"excerpt":{"rendered":"<p>Prot\u00e8ge les mat\u00e9riaux des dommages oxydatifs, prolongeant leur dur\u00e9e de vie.<\/p>","protected":false},"featured_media":0,"template":"","meta":{"site-sidebar-layout":"default","site-content-layout":"","ast-site-content-layout":"default","site-content-style":"default","site-sidebar-style":"default","ast-global-header-display":"","ast-banner-title-visibility":"","ast-main-header-display":"","ast-hfb-above-header-display":"","ast-hfb-below-header-display":"","ast-hfb-mobile-header-display":"","site-post-title":"","ast-breadcrumbs-content":"","ast-featured-img":"","footer-sml-layout":"","theme-transparent-header-meta":"default","adv-header-id-meta":"","stick-header-meta":"","header-above-stick-meta":"","header-main-stick-meta":"","header-below-stick-meta":"","astra-migrate-meta-layouts":"set","ast-page-background-enabled":"default","ast-page-background-meta":{"desktop":{"background-color":"","background-image":"","background-repeat":"repeat","background-position":"center center","background-size":"auto","background-attachment":"scroll","background-type":"","background-media":"","overlay-type":"","overlay-color":"","overlay-opacity":"","overlay-gradient":""},"tablet":{"background-color":"","background-image":"","background-repeat":"repeat","background-position":"center center","background-size":"auto","background-attachment":"scroll","background-type":"","background-media":"","overlay-type":"","overlay-color":"","overlay-opacity":"","overlay-gradient":""},"mobile":{"background-color":"","background-image":"","background-repeat":"repeat","background-position":"center center","background-size":"auto","background-attachment":"scroll","background-type":"","background-media":"","overlay-type":"","overlay-color":"","overlay-opacity":"","overlay-gradient":""}},"ast-content-background-meta":{"desktop":{"background-color":"var(--ast-global-color-5)","background-image":"","background-repeat":"repeat","background-position":"center center","background-size":"auto","background-attachment":"scroll","background-type":"","background-media":"","overlay-type":"","overlay-color":"","overlay-opacity":"","overlay-gradient":""},"tablet":{"background-color":"var(--ast-global-color-5)","background-image":"","background-repeat":"repeat","background-position":"center center","background-size":"auto","background-attachment":"scroll","background-type":"","background-media":"","overlay-type":"","overlay-color":"","overlay-opacity":"","overlay-gradient":""},"mobile":{"background-color":"var(--ast-global-color-5)","background-image":"","background-repeat":"repeat","background-position":"center center","background-size":"auto","background-attachment":"scroll","background-type":"","background-media":"","overlay-type":"","overlay-color":"","overlay-opacity":"","overlay-gradient":""}}},"product_brand":[],"product_cat":[18,20],"product_tag":[],"class_list":{"0":"post-3375","1":"product","2":"type-product","3":"status-publish","5":"product_cat-products","6":"product_cat-antioxidant-for-lubricant","7":"desktop-align-left","8":"tablet-align-left","9":"mobile-align-left","11":"first","12":"instock","13":"shipping-taxable","14":"product-type-simple"},"_links":{"self":[{"href":"https:\/\/chicchem.com\/fr\/wp-json\/wp\/v2\/product\/3375","targetHints":{"allow":["GET"]}}],"collection":[{"href":"https:\/\/chicchem.com\/fr\/wp-json\/wp\/v2\/product"}],"about":[{"href":"https:\/\/chicchem.com\/fr\/wp-json\/wp\/v2\/types\/product"}],"wp:attachment":[{"href":"https:\/\/chicchem.com\/fr\/wp-json\/wp\/v2\/media?parent=3375"}],"wp:term":[{"taxonomy":"product_brand","embeddable":true,"href":"https:\/\/chicchem.com\/fr\/wp-json\/wp\/v2\/product_brand?post=3375"},{"taxonomy":"product_cat","embeddable":true,"href":"https:\/\/chicchem.com\/fr\/wp-json\/wp\/v2\/product_cat?post=3375"},{"taxonomy":"product_tag","embeddable":true,"href":"https:\/\/chicchem.com\/fr\/wp-json\/wp\/v2\/product_tag?post=3375"}],"curies":[{"name":"wp","href":"https:\/\/api.w.org\/{rel}","templated":true}]}}