{"id":3376,"date":"2024-06-21T01:55:27","date_gmt":"2024-06-21T01:55:27","guid":{"rendered":"https:\/\/chicchem.com\/?post_type=product&#038;p=3376"},"modified":"2024-06-21T01:56:29","modified_gmt":"2024-06-21T01:56:29","slug":"chicstab-t502","status":"publish","type":"product","link":"https:\/\/chicchem.com\/fr\/produit\/chicstab-t502\/","title":{"rendered":"Chictab T502"},"content":{"rendered":"<p><span style=\"color: #f2a516;\"><strong><b>Description du produit<\/b><\/strong><\/span><\/p>\n<p><span style=\"color: #000000;\">Ce produit est un liquide transparent jaune clair \u00e0 jaune, pr\u00e9sentant une excellente solubilit\u00e9 dans l&#039;huile et une excellente insolubilit\u00e9 dans l&#039;eau et la soude caustique. Sa couleur reste stable m\u00eame lors d&#039;un stockage \u00e0 long terme. Fonctionnant comme un antioxydant ph\u00e9nolique de protection de type mixte, il offre des performances antioxydantes robustes, comparables \u00e0 celles du T501, commun\u00e9ment appel\u00e9 BHT liquide.<\/span><\/p>\n<p><span style=\"color: #000000;\">Largement utilis\u00e9 dans les additifs pour fioul et huiles lubrifiantes, il sert \u00e9galement de substitut efficace \u00e0 l\u2019antioxydant T501 (BHT). Notamment, au m\u00eame dosage, il surpasse le T501 en termes d\u2019efficacit\u00e9 antioxydante. Particuli\u00e8rement adapt\u00e9 \u00e0 divers produits utilisant l\u2019antioxydant T501, il excelle dans les applications de fioul, offrant des performances sup\u00e9rieures et une facilit\u00e9 d\u2019utilisation.<\/span><\/p>\n<p><span style=\"color: #f2a516;\"><strong><b>Propri\u00e9t\u00e9s physiques<\/b><\/strong><\/span><\/p>\n<table>\n<tbody>\n<tr>\n<td style=\"background-color: #ffecc9;\" width=\"467\"><span style=\"color: #000000;\">Forme physique<\/span><\/td>\n<td width=\"710\"><span style=\"color: #000000;\">Liquide transparent jaune clair \u00e0 jaune-vert<\/span><\/td>\n<\/tr>\n<tr>\n<td style=\"background-color: #ffecc9;\" width=\"467\"><span style=\"color: #000000;\">Viscosit\u00e9 (25\u2103) mPa\u2022s<\/span><\/td>\n<td width=\"710\"><span style=\"color: #000000;\">10-60<\/span><\/td>\n<\/tr>\n<tr>\n<td style=\"background-color: #ffecc9;\" width=\"467\"><span style=\"color: #000000;\">Densit\u00e9 (25\u00b0C) g\/cm<sup>3<\/sup><\/span><\/td>\n<td width=\"710\"><span style=\"color: #000000;\">0.900-0.950<\/span><\/td>\n<\/tr>\n<tr>\n<td style=\"background-color: #ffecc9;\" width=\"467\"><span style=\"color: #000000;\">Indice de r\u00e9fraction (25\u00b0C)<\/span><\/td>\n<td width=\"710\"><span style=\"color: #000000;\">1.479-1.510<\/span><\/td>\n<\/tr>\n<\/tbody>\n<\/table>\n<p><span style=\"color: #f2a516;\"><strong>Guide d&#039;utilisation<\/strong><\/span><\/p>\n<p><span style=\"color: #000000;\">Chicstab T502 est utilis\u00e9 dans les additifs pour mazout et huiles lubrifiantes.<\/span><\/p>\n<p><span style=\"color: #000000;\">En r\u00e8gle g\u00e9n\u00e9rale, la posologie recommand\u00e9e varie de 0,01% \u00e0 1,0%. Cependant, les clients ont la possibilit\u00e9 de d\u00e9terminer le dosage en fonction des conditions d&#039;utilisation r\u00e9elles.<\/span><\/p>\n<p><span style=\"color: #f2a516;\"><strong><b>Paquet<\/b><\/strong><strong><b>\u00e2ge <\/b><\/strong><\/span><\/p>\n<p><span style=\"color: #000000;\">Tambour en fer galvanis\u00e9, poids net 180 kg\/tambour ou r\u00e9servoir 900 kg\/IBC<\/span><\/p>\n<p><span style=\"color: #f2a516;\"><strong><b>Dur\u00e9e de conservation<\/b><\/strong><\/span><\/p>\n<p><span style=\"color: #000000;\">24 mois \u00e0 compter de la date de production sous emballage d&#039;origine non ouvert.<\/span><\/p>\n<p><span style=\"color: #f2a516;\"><strong><b>Stockage et transport<\/b><\/strong><\/span><\/p>\n<p><span style=\"color: #000000;\">Ce produit doit \u00eatre conserv\u00e9 \u00e0 l&#039;abri de la lumi\u00e8re et de l&#039;humidit\u00e9. Apr\u00e8s ouverture et utilisation, il est conseill\u00e9 de le fermer herm\u00e9tiquement et de le consommer rapidement. Pendant le transport, des pr\u00e9cautions doivent \u00eatre prises pour \u00e9viter les fuites, en respectant les bonnes pratiques industrielles et en manipulant avec soin afin de minimiser la pollution de l&#039;environnement.<\/span><\/p>","protected":false},"excerpt":{"rendered":"<p>Prot\u00e8ge les mat\u00e9riaux des dommages oxydatifs, prolongeant leur dur\u00e9e de vie.<\/p>","protected":false},"featured_media":0,"template":"","meta":{"site-sidebar-layout":"default","site-content-layout":"","ast-site-content-layout":"default","site-content-style":"default","site-sidebar-style":"default","ast-global-header-display":"","ast-banner-title-visibility":"","ast-main-header-display":"","ast-hfb-above-header-display":"","ast-hfb-below-header-display":"","ast-hfb-mobile-header-display":"","site-post-title":"","ast-breadcrumbs-content":"","ast-featured-img":"","footer-sml-layout":"","ast-disable-related-posts":"","theme-transparent-header-meta":"default","adv-header-id-meta":"","stick-header-meta":"","header-above-stick-meta":"","header-main-stick-meta":"","header-below-stick-meta":"","astra-migrate-meta-layouts":"set","ast-page-background-enabled":"default","ast-page-background-meta":{"desktop":{"background-color":"","background-image":"","background-repeat":"repeat","background-position":"center center","background-size":"auto","background-attachment":"scroll","background-type":"","background-media":"","overlay-type":"","overlay-color":"","overlay-opacity":"","overlay-gradient":""},"tablet":{"background-color":"","background-image":"","background-repeat":"repeat","background-position":"center center","background-size":"auto","background-attachment":"scroll","background-type":"","background-media":"","overlay-type":"","overlay-color":"","overlay-opacity":"","overlay-gradient":""},"mobile":{"background-color":"","background-image":"","background-repeat":"repeat","background-position":"center center","background-size":"auto","background-attachment":"scroll","background-type":"","background-media":"","overlay-type":"","overlay-color":"","overlay-opacity":"","overlay-gradient":""}},"ast-content-background-meta":{"desktop":{"background-color":"var(--ast-global-color-5)","background-image":"","background-repeat":"repeat","background-position":"center center","background-size":"auto","background-attachment":"scroll","background-type":"","background-media":"","overlay-type":"","overlay-color":"","overlay-opacity":"","overlay-gradient":""},"tablet":{"background-color":"var(--ast-global-color-5)","background-image":"","background-repeat":"repeat","background-position":"center center","background-size":"auto","background-attachment":"scroll","background-type":"","background-media":"","overlay-type":"","overlay-color":"","overlay-opacity":"","overlay-gradient":""},"mobile":{"background-color":"var(--ast-global-color-5)","background-image":"","background-repeat":"repeat","background-position":"center center","background-size":"auto","background-attachment":"scroll","background-type":"","background-media":"","overlay-type":"","overlay-color":"","overlay-opacity":"","overlay-gradient":""}}},"product_brand":[],"product_cat":[20,18],"product_tag":[],"class_list":{"0":"post-3376","1":"product","2":"type-product","3":"status-publish","5":"product_cat-antioxidant-for-lubricant","6":"product_cat-products","7":"desktop-align-left","8":"tablet-align-left","9":"mobile-align-left","11":"first","12":"instock","13":"shipping-taxable","14":"product-type-simple"},"_links":{"self":[{"href":"https:\/\/chicchem.com\/fr\/wp-json\/wp\/v2\/product\/3376","targetHints":{"allow":["GET"]}}],"collection":[{"href":"https:\/\/chicchem.com\/fr\/wp-json\/wp\/v2\/product"}],"about":[{"href":"https:\/\/chicchem.com\/fr\/wp-json\/wp\/v2\/types\/product"}],"wp:attachment":[{"href":"https:\/\/chicchem.com\/fr\/wp-json\/wp\/v2\/media?parent=3376"}],"wp:term":[{"taxonomy":"product_brand","embeddable":true,"href":"https:\/\/chicchem.com\/fr\/wp-json\/wp\/v2\/product_brand?post=3376"},{"taxonomy":"product_cat","embeddable":true,"href":"https:\/\/chicchem.com\/fr\/wp-json\/wp\/v2\/product_cat?post=3376"},{"taxonomy":"product_tag","embeddable":true,"href":"https:\/\/chicchem.com\/fr\/wp-json\/wp\/v2\/product_tag?post=3376"}],"curies":[{"name":"wp","href":"https:\/\/api.w.org\/{rel}","templated":true}]}}