{"id":3378,"date":"2024-06-21T01:59:37","date_gmt":"2024-06-21T01:59:37","guid":{"rendered":"https:\/\/chicchem.com\/?post_type=product&#038;p=3378"},"modified":"2024-06-21T02:01:04","modified_gmt":"2024-06-21T02:01:04","slug":"chicstab-r-9138","status":"publish","type":"product","link":"https:\/\/chicchem.com\/fr\/produit\/chicstab-r-9138\/","title":{"rendered":"Chicstab R9138"},"content":{"rendered":"<p><span style=\"color: #f2a516;\"><strong><b>Description du produit <\/b><\/strong><\/span><\/p>\n<p><span style=\"color: #000000;\">Chicstab R 9138 est un antimousse polym\u00e8re organique \u00e0 haute viscosit\u00e9 sans silicone. Il am\u00e9liore efficacement les performances d&#039;\u00e9vacuation de l&#039;air et emp\u00eache la formation de mousse dans les liquides organiques acides ou neutres jusqu&#039;\u00e0 204\u00b0C. De plus, il pr\u00e9sente des capacit\u00e9s antimousse dans certains syst\u00e8mes alcalins. Chicstab R 9138 poss\u00e8de une capacit\u00e9 antimousse exceptionnelle et durable sans affecter la tension superficielle du support pendant le processus.<\/span><\/p>\n<p><span style=\"color: #f2a516;\">\u00a0<strong><b>Propri\u00e9t\u00e9s physiques<\/b><\/strong><\/span><\/p>\n<table>\n<tbody>\n<tr>\n<td style=\"background-color: #ffecc9;\" width=\"660\"><span style=\"color: #000000;\">Forme physique<\/span><\/td>\n<td width=\"533\"><span style=\"color: #000000;\">Liquide visqueux, incolore \u00e0 jaun\u00e2tre<\/span><\/td>\n<\/tr>\n<tr>\n<td style=\"background-color: #ffecc9;\" width=\"660\"><span style=\"color: #000000;\">Chroma (Pt-Co)\u00a0\u00a0\u00a0<\/span><\/td>\n<td width=\"533\"><span style=\"color: #000000;\">\u226480<\/span><\/td>\n<\/tr>\n<tr>\n<td style=\"background-color: #ffecc9;\" width=\"660\"><span style=\"color: #000000;\">Indice de r\u00e9fraction @25\u2103<\/span><\/td>\n<td width=\"533\"><span style=\"color: #000000;\">1.4645 ~ 1.4670<\/span><\/td>\n<\/tr>\n<tr>\n<td style=\"background-color: #ffecc9;\" width=\"660\"><span style=\"color: #000000;\">Viscosit\u00e9 \u00e0 25 \u2103 cps<\/span><\/td>\n<td width=\"533\"><span style=\"color: #000000;\">60,000 ~ 136,000<\/span><\/td>\n<\/tr>\n<tr>\n<td style=\"background-color: #ffecc9;\" width=\"660\"><span style=\"color: #000000;\">Point d&#039;\u00e9clair, (test en cuve ferm\u00e9e) \u2103<\/span><\/td>\n<td width=\"533\"><span style=\"color: #000000;\">138<\/span><\/td>\n<\/tr>\n<\/tbody>\n<\/table>\n<p><span style=\"color: #f2a516;\"><strong>Application<\/strong><\/span><\/p>\n<p><span style=\"color: #000000;\">ChicstabR 9138 trouve de nombreuses applications dans les huiles pour engrenages, les lubrifiants sp\u00e9cialis\u00e9s, les huiles hydrauliques, les huiles pour turbines et les huiles de transmission.<\/span><\/p>\n<p><span style=\"color: #f2a516;\"><strong>Guide d&#039;utilisation<\/strong><strong>\u00a0<\/strong><\/span><\/p>\n<p><span style=\"color: #000000;\">En r\u00e8gle g\u00e9n\u00e9rale, le taux de traitement varie de 20 ppm \u00e0 2 000 ppm, les utilisateurs ayant la possibilit\u00e9 d&#039;ajuster le dosage en fonction des besoins individuels.<\/span><\/p>\n<p><span style=\"color: #f2a516;\"><strong><b>Emballer<\/b><\/strong><\/span><\/p>\n<p><span style=\"color: #000000;\">18 KG \/tambour<\/span><\/p>\n<p><span style=\"color: #f2a516;\"><strong><b>Dur\u00e9e de conservation<\/b><\/strong><\/span><\/p>\n<p><span style=\"color: #000000;\">24 mois \u00e0 compter de la date de production dans son emballage d&#039;origine non ouvert et la temp\u00e9rature de stockage ne d\u00e9passe pas 35 \u2103.<\/span><\/p>\n<p><span style=\"color: #f2a516;\"><strong><b>Stockage <\/b><\/strong><\/span><\/p>\n<p><span style=\"color: #000000;\">Conserver dans un environnement sombre, sec et frais, en gardant le r\u00e9cipient bien ferm\u00e9.<\/span><\/p>","protected":false},"excerpt":{"rendered":"<p>Prot\u00e8ge les mat\u00e9riaux des dommages oxydatifs, prolongeant leur dur\u00e9e de vie.<\/p>","protected":false},"featured_media":0,"template":"","meta":{"site-sidebar-layout":"default","site-content-layout":"","ast-site-content-layout":"default","site-content-style":"default","site-sidebar-style":"default","ast-global-header-display":"","ast-banner-title-visibility":"","ast-main-header-display":"","ast-hfb-above-header-display":"","ast-hfb-below-header-display":"","ast-hfb-mobile-header-display":"","site-post-title":"","ast-breadcrumbs-content":"","ast-featured-img":"","footer-sml-layout":"","ast-disable-related-posts":"","theme-transparent-header-meta":"default","adv-header-id-meta":"","stick-header-meta":"","header-above-stick-meta":"","header-main-stick-meta":"","header-below-stick-meta":"","astra-migrate-meta-layouts":"set","ast-page-background-enabled":"default","ast-page-background-meta":{"desktop":{"background-color":"","background-image":"","background-repeat":"repeat","background-position":"center center","background-size":"auto","background-attachment":"scroll","background-type":"","background-media":"","overlay-type":"","overlay-color":"","overlay-opacity":"","overlay-gradient":""},"tablet":{"background-color":"","background-image":"","background-repeat":"repeat","background-position":"center center","background-size":"auto","background-attachment":"scroll","background-type":"","background-media":"","overlay-type":"","overlay-color":"","overlay-opacity":"","overlay-gradient":""},"mobile":{"background-color":"","background-image":"","background-repeat":"repeat","background-position":"center center","background-size":"auto","background-attachment":"scroll","background-type":"","background-media":"","overlay-type":"","overlay-color":"","overlay-opacity":"","overlay-gradient":""}},"ast-content-background-meta":{"desktop":{"background-color":"var(--ast-global-color-5)","background-image":"","background-repeat":"repeat","background-position":"center center","background-size":"auto","background-attachment":"scroll","background-type":"","background-media":"","overlay-type":"","overlay-color":"","overlay-opacity":"","overlay-gradient":""},"tablet":{"background-color":"var(--ast-global-color-5)","background-image":"","background-repeat":"repeat","background-position":"center center","background-size":"auto","background-attachment":"scroll","background-type":"","background-media":"","overlay-type":"","overlay-color":"","overlay-opacity":"","overlay-gradient":""},"mobile":{"background-color":"var(--ast-global-color-5)","background-image":"","background-repeat":"repeat","background-position":"center center","background-size":"auto","background-attachment":"scroll","background-type":"","background-media":"","overlay-type":"","overlay-color":"","overlay-opacity":"","overlay-gradient":""}}},"product_brand":[],"product_cat":[20,18],"product_tag":[],"class_list":{"0":"post-3378","1":"product","2":"type-product","3":"status-publish","5":"product_cat-antioxidant-for-lubricant","6":"product_cat-products","7":"desktop-align-left","8":"tablet-align-left","9":"mobile-align-left","11":"first","12":"instock","13":"shipping-taxable","14":"product-type-simple"},"_links":{"self":[{"href":"https:\/\/chicchem.com\/fr\/wp-json\/wp\/v2\/product\/3378","targetHints":{"allow":["GET"]}}],"collection":[{"href":"https:\/\/chicchem.com\/fr\/wp-json\/wp\/v2\/product"}],"about":[{"href":"https:\/\/chicchem.com\/fr\/wp-json\/wp\/v2\/types\/product"}],"wp:attachment":[{"href":"https:\/\/chicchem.com\/fr\/wp-json\/wp\/v2\/media?parent=3378"}],"wp:term":[{"taxonomy":"product_brand","embeddable":true,"href":"https:\/\/chicchem.com\/fr\/wp-json\/wp\/v2\/product_brand?post=3378"},{"taxonomy":"product_cat","embeddable":true,"href":"https:\/\/chicchem.com\/fr\/wp-json\/wp\/v2\/product_cat?post=3378"},{"taxonomy":"product_tag","embeddable":true,"href":"https:\/\/chicchem.com\/fr\/wp-json\/wp\/v2\/product_tag?post=3378"}],"curies":[{"name":"wp","href":"https:\/\/api.w.org\/{rel}","templated":true}]}}