{"id":3380,"date":"2024-06-21T02:03:06","date_gmt":"2024-06-21T02:03:06","guid":{"rendered":"https:\/\/chicchem.com\/?post_type=product&#038;p=3380"},"modified":"2024-06-21T02:04:32","modified_gmt":"2024-06-21T02:04:32","slug":"chicstab-r9188","status":"publish","type":"product","link":"https:\/\/chicchem.com\/fr\/produit\/chicstab-r9188\/","title":{"rendered":"Chicstab R9188"},"content":{"rendered":"<p><span style=\"color: #f2a516;\"><strong><b>Description du produit<\/b><\/strong><\/span><\/p>\n<p><span style=\"color: #000000;\">ChicstabR 9188 est un antimousse contenant une solution de polyacrylate 40% dans un solvant p\u00e9trolier, il peut am\u00e9liorer efficacement les performances antimousse \u00e0 haute temp\u00e9rature et l&#039;efficacit\u00e9 antimousse. Il est recommand\u00e9 d&#039;utiliser ChicstabR 9188 pour remplacer 9128 et 9168 avec des performances antimousse insuffisantes ou des antimousses \u00e0 l&#039;huile de silicone.<\/span><\/p>\n<p><span style=\"color: #f2a516;\"><strong><b>Propri\u00e9t\u00e9s physiques<\/b><\/strong><\/span><\/p>\n<table>\n<tbody>\n<tr>\n<td style=\"background-color: #ffecc9;\" width=\"660\"><span style=\"color: #000000;\">Forme physique<\/span><\/td>\n<td width=\"491\"><span style=\"color: #000000;\">Clair, transparent \u00e0 jaune clair<\/span><\/td>\n<\/tr>\n<tr>\n<td style=\"background-color: #ffecc9;\" width=\"660\"><span style=\"color: #000000;\">Chroma (Pt-Co)\u00a0<\/span><\/td>\n<td width=\"491\"><span style=\"color: #000000;\">\u00a0\u00a0\u2264150<\/span><\/td>\n<\/tr>\n<tr>\n<td style=\"background-color: #ffecc9;\" width=\"660\"><span style=\"color: #000000;\">Indice de r\u00e9fraction @25\u2103<\/span><\/td>\n<td width=\"491\"><span style=\"color: #000000;\">1.4410 ~ 1.4445<\/span><\/td>\n<\/tr>\n<tr>\n<td style=\"background-color: #ffecc9;\" width=\"660\"><span style=\"color: #000000;\">Viscosit\u00e9 \u00e0 25 \u2103 cps<\/span><\/td>\n<td width=\"491\"><span style=\"color: #000000;\">100~600<\/span><\/td>\n<\/tr>\n<tr>\n<td style=\"background-color: #ffecc9;\" width=\"660\"><span style=\"color: #000000;\">Mati\u00e8re non volatile (105 \u2103 2 heures) %<\/span><\/td>\n<td width=\"491\"><span style=\"color: #000000;\">38 ~ 42<\/span><\/td>\n<\/tr>\n<tr>\n<td style=\"background-color: #ffecc9;\" width=\"660\"><span style=\"color: #000000;\">Point d&#039;\u00e9clair, (test en cuve ferm\u00e9e) \u2103<\/span><\/td>\n<td width=\"491\"><span style=\"color: #000000;\">60<\/span><\/td>\n<\/tr>\n<\/tbody>\n<\/table>\n<p><span style=\"color: #f2a516;\"><strong>Application<\/strong><\/span><\/p>\n<p><span style=\"color: #000000;\">Les applications de l&#039;antimousse ChicstabR 9188 couvrent les huiles pour engrenages, les lubrifiants sp\u00e9cialis\u00e9s, les amortisseurs, les huiles hydrauliques, les huiles pour turbines et les huiles de transmission.<\/span><\/p>\n<p><span style=\"color: #f2a516;\"><strong>Guide d&#039;utilisation<\/strong><\/span><\/p>\n<p><span style=\"color: #000000;\">La quantit\u00e9 typique d&#039;ajout de sa solution varie de 50 \u00e0 500 ppm (avec le poids mol\u00e9culaire du polym\u00e8re actif entre 20 et 200 ppm). Le dosage optimal d\u00e9pend des propri\u00e9t\u00e9s des huiles, n\u00e9cessitant une analyse approfondie pour chaque huile. G\u00e9n\u00e9ralement, l&#039;antimousse est ajout\u00e9 jusqu&#039;\u00e0 200 ~ 250 ppm (avec le poids mol\u00e9culaire du polym\u00e8re actif compris entre 80 et 100 ppm).<\/span><\/p>\n<p><span style=\"color: #f2a516;\"><strong><b>Emballer<\/b><\/strong><\/span><\/p>\n<p><span style=\"color: #000000;\">18 KG \/tambour<\/span><\/p>\n<p><span style=\"color: #f2a516;\"><strong><b>Dur\u00e9e de conservation<\/b><\/strong><\/span><\/p>\n<p><span style=\"color: #000000;\">24 mois \u00e0 compter de la date de production dans son emballage d&#039;origine non ouvert et la temp\u00e9rature de stockage ne d\u00e9passe pas 35 \u2103.<\/span><\/p>\n<p><span style=\"color: #f2a516;\"><strong><b>Stockage <\/b><\/strong><\/span><\/p>\n<p><span style=\"color: #000000;\">Conserver dans un environnement sombre, sec et frais, en gardant le r\u00e9cipient bien ferm\u00e9.<\/span><\/p>","protected":false},"excerpt":{"rendered":"<p>Prot\u00e8ge les mat\u00e9riaux des dommages oxydatifs, prolongeant leur dur\u00e9e de vie.<\/p>","protected":false},"featured_media":0,"template":"","meta":{"site-sidebar-layout":"default","site-content-layout":"","ast-site-content-layout":"default","site-content-style":"default","site-sidebar-style":"default","ast-global-header-display":"","ast-banner-title-visibility":"","ast-main-header-display":"","ast-hfb-above-header-display":"","ast-hfb-below-header-display":"","ast-hfb-mobile-header-display":"","site-post-title":"","ast-breadcrumbs-content":"","ast-featured-img":"","footer-sml-layout":"","theme-transparent-header-meta":"default","adv-header-id-meta":"","stick-header-meta":"","header-above-stick-meta":"","header-main-stick-meta":"","header-below-stick-meta":"","astra-migrate-meta-layouts":"set","ast-page-background-enabled":"default","ast-page-background-meta":{"desktop":{"background-color":"","background-image":"","background-repeat":"repeat","background-position":"center center","background-size":"auto","background-attachment":"scroll","background-type":"","background-media":"","overlay-type":"","overlay-color":"","overlay-opacity":"","overlay-gradient":""},"tablet":{"background-color":"","background-image":"","background-repeat":"repeat","background-position":"center center","background-size":"auto","background-attachment":"scroll","background-type":"","background-media":"","overlay-type":"","overlay-color":"","overlay-opacity":"","overlay-gradient":""},"mobile":{"background-color":"","background-image":"","background-repeat":"repeat","background-position":"center center","background-size":"auto","background-attachment":"scroll","background-type":"","background-media":"","overlay-type":"","overlay-color":"","overlay-opacity":"","overlay-gradient":""}},"ast-content-background-meta":{"desktop":{"background-color":"var(--ast-global-color-5)","background-image":"","background-repeat":"repeat","background-position":"center center","background-size":"auto","background-attachment":"scroll","background-type":"","background-media":"","overlay-type":"","overlay-color":"","overlay-opacity":"","overlay-gradient":""},"tablet":{"background-color":"var(--ast-global-color-5)","background-image":"","background-repeat":"repeat","background-position":"center center","background-size":"auto","background-attachment":"scroll","background-type":"","background-media":"","overlay-type":"","overlay-color":"","overlay-opacity":"","overlay-gradient":""},"mobile":{"background-color":"var(--ast-global-color-5)","background-image":"","background-repeat":"repeat","background-position":"center center","background-size":"auto","background-attachment":"scroll","background-type":"","background-media":"","overlay-type":"","overlay-color":"","overlay-opacity":"","overlay-gradient":""}}},"product_brand":[],"product_cat":[18,20],"product_tag":[],"class_list":{"0":"post-3380","1":"product","2":"type-product","3":"status-publish","5":"product_cat-products","6":"product_cat-antioxidant-for-lubricant","7":"desktop-align-left","8":"tablet-align-left","9":"mobile-align-left","11":"first","12":"instock","13":"shipping-taxable","14":"product-type-simple"},"_links":{"self":[{"href":"https:\/\/chicchem.com\/fr\/wp-json\/wp\/v2\/product\/3380","targetHints":{"allow":["GET"]}}],"collection":[{"href":"https:\/\/chicchem.com\/fr\/wp-json\/wp\/v2\/product"}],"about":[{"href":"https:\/\/chicchem.com\/fr\/wp-json\/wp\/v2\/types\/product"}],"wp:attachment":[{"href":"https:\/\/chicchem.com\/fr\/wp-json\/wp\/v2\/media?parent=3380"}],"wp:term":[{"taxonomy":"product_brand","embeddable":true,"href":"https:\/\/chicchem.com\/fr\/wp-json\/wp\/v2\/product_brand?post=3380"},{"taxonomy":"product_cat","embeddable":true,"href":"https:\/\/chicchem.com\/fr\/wp-json\/wp\/v2\/product_cat?post=3380"},{"taxonomy":"product_tag","embeddable":true,"href":"https:\/\/chicchem.com\/fr\/wp-json\/wp\/v2\/product_tag?post=3380"}],"curies":[{"name":"wp","href":"https:\/\/api.w.org\/{rel}","templated":true}]}}