{"id":3381,"date":"2024-06-21T02:04:44","date_gmt":"2024-06-21T02:04:44","guid":{"rendered":"https:\/\/chicchem.com\/?post_type=product&#038;p=3381"},"modified":"2024-06-21T02:05:58","modified_gmt":"2024-06-21T02:05:58","slug":"chicstab-r9258","status":"publish","type":"product","link":"https:\/\/chicchem.com\/fr\/produit\/chicstab-r9258\/","title":{"rendered":"Chicstab R9258"},"content":{"rendered":"<p><span style=\"color: #f2a516;\"><strong><b>Description du produit<\/b><\/strong><\/span><\/p>\n<p><span style=\"color: #000000;\">Chicstab R9258 est une solution 40% de polym\u00e8re acrylique dans un solvant hydrocarbon\u00e9. Il est con\u00e7u pour am\u00e9liorer la stabilit\u00e9 antimousse des lubrifiants combin\u00e9s de type I et de type II. De plus, le Chicstab R9258 convient \u00e0 l&#039;\u00e9valuation des performances \u00e0 haut rendement et \u00e0 haute temp\u00e9rature dans des applications sp\u00e9cifiques.<\/span><\/p>\n<p><span style=\"color: #f2a516;\"><strong><b>Propri\u00e9t\u00e9s physiques<\/b><\/strong><\/span><\/p>\n<table>\n<tbody>\n<tr>\n<td style=\"background-color: #ffecc9;\" width=\"566\"><span style=\"color: #000000;\">Forme physique<\/span><\/td>\n<td width=\"585\"><span style=\"color: #000000;\">Liquide clair, incolore \u00e0 jaune clair<\/span><\/td>\n<\/tr>\n<tr>\n<td style=\"background-color: #ffecc9;\" width=\"566\"><span style=\"color: #000000;\">Chroma \uff08Pt-Co\uff09 \u2264<\/span><\/td>\n<td width=\"585\"><span style=\"color: #000000;\">150<\/span><\/td>\n<\/tr>\n<tr>\n<td style=\"background-color: #ffecc9;\" width=\"566\"><span style=\"color: #000000;\">Indice de r\u00e9fraction @25\u2103<\/span><\/td>\n<td width=\"585\"><span style=\"color: #000000;\">1.4380\u00a0~ 1.4435<\/span><\/td>\n<\/tr>\n<tr>\n<td style=\"background-color: #ffecc9;\" width=\"566\"><span style=\"color: #000000;\">Viscosit\u00e9 \u00e0 25 \u2103 cps<\/span><\/td>\n<td width=\"585\"><span style=\"color: #000000;\">35\u00a0~ 160<\/span><\/td>\n<\/tr>\n<tr>\n<td style=\"background-color: #ffecc9;\" width=\"566\"><span style=\"color: #000000;\">Mati\u00e8re non volatile (105 \u2103 2 heures) %<\/span><\/td>\n<td width=\"585\"><span style=\"color: #000000;\">36\u00a0~ 44<\/span><\/td>\n<\/tr>\n<tr>\n<td style=\"background-color: #ffecc9;\" width=\"566\"><span style=\"color: #000000;\">Point d&#039;\u00e9clair, (test en cuve ferm\u00e9e) \u2103<\/span><\/td>\n<td width=\"585\"><span style=\"color: #000000;\">65<\/span><\/td>\n<\/tr>\n<\/tbody>\n<\/table>\n<p><span style=\"color: #f2a516;\"><strong><b>Guide d&#039;utilisation<\/b><\/strong><\/span><\/p>\n<p><span style=\"color: #000000;\">Le dosage typique de solution antimousse varie de 50 \u00e0 500 ppm, le poids mol\u00e9culaire du polym\u00e8re actif allant de 20 \u00e0 200 ppm. La concentration optimale d\u00e9pend des caract\u00e9ristiques de l\u2019huile, n\u00e9cessitant une analyse compl\u00e8te des propri\u00e9t\u00e9s de chaque huile.<\/span><\/p>\n<p><span style=\"color: #f2a516;\"><strong><b>Emballer<\/b><\/strong><\/span><\/p>\n<p><span style=\"color: #000000;\">18 KG \/tambour<\/span><\/p>\n<p><span style=\"color: #f2a516;\"><strong><b>Dur\u00e9e de conservation<\/b><\/strong><\/span><\/p>\n<p><span style=\"color: #000000;\">24 mois \u00e0 compter de la date de production sous emballage d&#039;origine non ouvert\u00a0<\/span><\/p>\n<p><span style=\"color: #f2a516;\"><strong><b>Stockage <\/b><\/strong><\/span><\/p>\n<p><span style=\"color: #000000;\">Conserver dans un environnement sombre, sec et frais, en gardant le r\u00e9cipient bien ferm\u00e9.<\/span><\/p>","protected":false},"excerpt":{"rendered":"<p>Prot\u00e8ge les mat\u00e9riaux des dommages oxydatifs, prolongeant leur dur\u00e9e de vie.<\/p>","protected":false},"featured_media":0,"template":"","meta":{"site-sidebar-layout":"default","site-content-layout":"","ast-site-content-layout":"default","site-content-style":"default","site-sidebar-style":"default","ast-global-header-display":"","ast-banner-title-visibility":"","ast-main-header-display":"","ast-hfb-above-header-display":"","ast-hfb-below-header-display":"","ast-hfb-mobile-header-display":"","site-post-title":"","ast-breadcrumbs-content":"","ast-featured-img":"","footer-sml-layout":"","theme-transparent-header-meta":"default","adv-header-id-meta":"","stick-header-meta":"","header-above-stick-meta":"","header-main-stick-meta":"","header-below-stick-meta":"","astra-migrate-meta-layouts":"set","ast-page-background-enabled":"default","ast-page-background-meta":{"desktop":{"background-color":"","background-image":"","background-repeat":"repeat","background-position":"center center","background-size":"auto","background-attachment":"scroll","background-type":"","background-media":"","overlay-type":"","overlay-color":"","overlay-opacity":"","overlay-gradient":""},"tablet":{"background-color":"","background-image":"","background-repeat":"repeat","background-position":"center center","background-size":"auto","background-attachment":"scroll","background-type":"","background-media":"","overlay-type":"","overlay-color":"","overlay-opacity":"","overlay-gradient":""},"mobile":{"background-color":"","background-image":"","background-repeat":"repeat","background-position":"center center","background-size":"auto","background-attachment":"scroll","background-type":"","background-media":"","overlay-type":"","overlay-color":"","overlay-opacity":"","overlay-gradient":""}},"ast-content-background-meta":{"desktop":{"background-color":"var(--ast-global-color-5)","background-image":"","background-repeat":"repeat","background-position":"center center","background-size":"auto","background-attachment":"scroll","background-type":"","background-media":"","overlay-type":"","overlay-color":"","overlay-opacity":"","overlay-gradient":""},"tablet":{"background-color":"var(--ast-global-color-5)","background-image":"","background-repeat":"repeat","background-position":"center center","background-size":"auto","background-attachment":"scroll","background-type":"","background-media":"","overlay-type":"","overlay-color":"","overlay-opacity":"","overlay-gradient":""},"mobile":{"background-color":"var(--ast-global-color-5)","background-image":"","background-repeat":"repeat","background-position":"center center","background-size":"auto","background-attachment":"scroll","background-type":"","background-media":"","overlay-type":"","overlay-color":"","overlay-opacity":"","overlay-gradient":""}}},"product_brand":[],"product_cat":[18,20],"product_tag":[],"class_list":{"0":"post-3381","1":"product","2":"type-product","3":"status-publish","5":"product_cat-products","6":"product_cat-antioxidant-for-lubricant","7":"desktop-align-left","8":"tablet-align-left","9":"mobile-align-left","11":"first","12":"instock","13":"shipping-taxable","14":"product-type-simple"},"_links":{"self":[{"href":"https:\/\/chicchem.com\/fr\/wp-json\/wp\/v2\/product\/3381","targetHints":{"allow":["GET"]}}],"collection":[{"href":"https:\/\/chicchem.com\/fr\/wp-json\/wp\/v2\/product"}],"about":[{"href":"https:\/\/chicchem.com\/fr\/wp-json\/wp\/v2\/types\/product"}],"wp:attachment":[{"href":"https:\/\/chicchem.com\/fr\/wp-json\/wp\/v2\/media?parent=3381"}],"wp:term":[{"taxonomy":"product_brand","embeddable":true,"href":"https:\/\/chicchem.com\/fr\/wp-json\/wp\/v2\/product_brand?post=3381"},{"taxonomy":"product_cat","embeddable":true,"href":"https:\/\/chicchem.com\/fr\/wp-json\/wp\/v2\/product_cat?post=3381"},{"taxonomy":"product_tag","embeddable":true,"href":"https:\/\/chicchem.com\/fr\/wp-json\/wp\/v2\/product_tag?post=3381"}],"curies":[{"name":"wp","href":"https:\/\/api.w.org\/{rel}","templated":true}]}}