{"id":3384,"date":"2024-06-21T02:08:56","date_gmt":"2024-06-21T02:08:56","guid":{"rendered":"https:\/\/chicchem.com\/?post_type=product&#038;p=3384"},"modified":"2024-06-21T02:10:27","modified_gmt":"2024-06-21T02:10:27","slug":"polydimethyl-siloxane","status":"publish","type":"product","link":"https:\/\/chicchem.com\/fr\/produit\/polydimethyl-siloxane\/","title":{"rendered":"Polydim\u00e9thylsiloxane"},"content":{"rendered":"<p><span style=\"color: #f2a516;\"><strong><b>Description du produit<\/b><\/strong><\/span><\/p>\n<p><span style=\"color: #000000;\">Se distinguant par ses attributs sup\u00e9rieurs par rapport \u00e0 l&#039;huile de m\u00e9thylsilicone, notre produit offre une r\u00e9sistance am\u00e9lior\u00e9e aux basses temp\u00e9ratures, une isolation \u00e9lectrique sup\u00e9rieure et une cha\u00eene de carbone \u00e9thyle plus longue, ce qui se traduit par une compatibilit\u00e9 sup\u00e9rieure avec les solvants organiques. Fonctionnant dans une plage de temp\u00e9ratures de -60\u00b0C \u00e0 150\u00b0C, il pr\u00e9sente un coefficient temp\u00e9rature-viscosit\u00e9 minimal, ainsi que des performances lubrifiantes et di\u00e9lectriques exceptionnelles. Caract\u00e9ris\u00e9 par une faible volatilit\u00e9, une faible tension superficielle, une non-toxicit\u00e9, une non-corrosivit\u00e9 et des propri\u00e9t\u00e9s anti-\u00e2ge, il peut \u00eatre m\u00e9lang\u00e9 \u00e0 diff\u00e9rentes viscosit\u00e9s pour r\u00e9pondre aux exigences d&#039;application sp\u00e9cifiques.<\/span><\/p>\n<p><span style=\"color: #f2a516;\"><strong><b>Propri\u00e9t\u00e9s physiques<\/b><\/strong><\/span><\/p>\n<table>\n<tbody>\n<tr>\n<td style=\"background-color: #ffecc9;\" width=\"532\">&nbsp;<\/td>\n<td width=\"296\"><span style=\"color: #000000;\">Huile pour instruments n\u00b04<\/span><\/td>\n<td width=\"247\"><span style=\"color: #000000;\">Huile sp\u00e9ciale n\u00b03<\/span><\/td>\n<td width=\"294\"><span style=\"color: #000000;\">Huile lubrifiante n\u00b03<\/span><\/td>\n<\/tr>\n<tr>\n<td style=\"background-color: #ffecc9;\" width=\"532\"><span style=\"color: #000000;\">Forme physique<\/span><\/td>\n<td colspan=\"3\" width=\"838\"><span style=\"color: #000000;\">Liquide transparent incolore ou jaun\u00e2tre<\/span><\/td>\n<\/tr>\n<tr>\n<td style=\"background-color: #ffecc9;\" width=\"532\"><span style=\"color: #000000;\">Viscosit\u00e9 cin\u00e9matique\/25\u2103, mm2\/s<\/span><\/td>\n<td width=\"296\"><span style=\"color: #000000;\">34-40<\/span><\/td>\n<td width=\"247\"><span style=\"color: #000000;\">145-175<\/span><\/td>\n<td width=\"294\"><span style=\"color: #000000;\">180-280<\/span><\/td>\n<\/tr>\n<tr>\n<td style=\"background-color: #ffecc9;\" width=\"532\"><span style=\"color: #000000;\">Point d&#039;\u00e9clair\/\u2103, \u2265<\/span><\/td>\n<td width=\"296\"><span style=\"color: #000000;\">170<\/span><\/td>\n<td width=\"247\"><span style=\"color: #000000;\">230<\/span><\/td>\n<td width=\"294\"><span style=\"color: #000000;\">265<\/span><\/td>\n<\/tr>\n<tr>\n<td style=\"background-color: #ffecc9;\" width=\"532\"><span style=\"color: #000000;\">Indice d&#039;acide\/mgKOH\/g, \u2264<\/span><\/td>\n<td colspan=\"3\" width=\"838\"><span style=\"color: #000000;\">0.1<\/span><\/td>\n<\/tr>\n<tr>\n<td style=\"background-color: #ffecc9;\" width=\"532\"><span style=\"color: #000000;\">Test de corrosion (T3, cuivre, 100\u00b0C, 3h)<\/span><\/td>\n<td colspan=\"3\" width=\"838\"><span style=\"color: #000000;\">qualifi\u00e9<\/span><\/td>\n<\/tr>\n<tr>\n<td style=\"background-color: #ffecc9;\" width=\"532\"><span style=\"color: #000000;\">Point de cong\u00e9lation\/\u2103, \u2264<\/span><\/td>\n<td colspan=\"3\" width=\"838\"><span style=\"color: #000000;\">-70<\/span><\/td>\n<\/tr>\n<tr>\n<td style=\"background-color: #ffecc9;\" width=\"532\"><span style=\"color: #000000;\">Teneur en \u00e9thoxy\/%, \u2264<\/span><\/td>\n<td width=\"296\"><span style=\"color: #000000;\">0.25<\/span><\/td>\n<td colspan=\"2\" width=\"541\"><span style=\"color: #000000;\">0.20<\/span><\/td>\n<\/tr>\n<tr>\n<td style=\"background-color: #ffecc9;\" width=\"532\"><span style=\"color: #000000;\">Teneur en silicium\/%<\/span><\/td>\n<td width=\"296\"><span style=\"color: #000000;\">26.0-27.1<\/span><\/td>\n<td width=\"247\"><span style=\"color: #000000;\">\u2500<\/span><\/td>\n<td width=\"294\"><span style=\"color: #000000;\">\u2500<\/span><\/td>\n<\/tr>\n<\/tbody>\n<\/table>\n<p><span style=\"color: #f2a516;\"><strong><b>Caract\u00e9ristiques et avantages<\/b><\/strong><\/span><\/p>\n<ul>\n<li><span style=\"color: #000000;\">Faible volatilit\u00e9<\/span><\/li>\n<li><span style=\"color: #000000;\">Insoluble dans l&#039;eau et l&#039;\u00e9thanol<\/span><\/li>\n<li><span style=\"color: #000000;\">Soluble dans le chloroforme, le tolu\u00e8ne, le benz\u00e8ne et d&#039;autres solvants<\/span><\/li>\n<\/ul>\n<p><span style=\"color: #f2a516;\"><strong><b>Application<\/b><\/strong><\/span><\/p>\n<p><span style=\"color: #000000;\">Il trouve une grande utilit\u00e9 dans l\u2019industrie \u00e9lectrique en tant que mat\u00e9riaux isolants, dans les huiles d\u2019instrumentation de pr\u00e9cision, l\u2019huile hydraulique et les formulations d\u2019huiles lubrifiantes sp\u00e9cialis\u00e9es. De plus, il sert d\u2019agent de d\u00e9moulage efficace pour une large gamme de produits en caoutchouc et en plastique.<\/span><\/p>\n<p><span style=\"color: #f2a516;\"><strong><b>Emballer<\/b><\/strong><\/span><\/p>\n<p><span style=\"color: #000000;\">25KG\/f\u00fbts en plastique\u00a0; Tambours de 200 kg\/fer.<\/span><\/p>\n<p><span style=\"color: #f2a516;\"><strong>Dur\u00e9e de conservation<\/strong><\/span><\/p>\n<p><span style=\"color: #000000;\">24 mois \u00e0 compter de la date de production sous emballage d&#039;origine non ouvert.<\/span><\/p>\n<p><span style=\"color: #f2a516;\"><strong>Stockage et transport<\/strong><\/span><\/p>\n<p><span style=\"color: #000000;\">Pour une conservation optimale, le produit doit \u00eatre conserv\u00e9 dans des conditions sombres, s\u00e8ches, fra\u00eeches et herm\u00e9tiquement ferm\u00e9es. Lors de l&#039;ouverture, il est conseill\u00e9 de refermer herm\u00e9tiquement le r\u00e9cipient et d&#039;utiliser le produit rapidement. Pendant le transport, des pr\u00e9cautions doivent \u00eatre prises pour \u00e9viter toute fuite, en respectant les pratiques industrielles standard. Une manipulation soigneuse est essentielle pour \u00e9viter toute contamination potentielle de l\u2019environnement.<\/span><\/p>","protected":false},"excerpt":{"rendered":"<p>Prot\u00e8ge les mat\u00e9riaux des dommages oxydatifs, prolongeant leur dur\u00e9e de vie.<\/p>","protected":false},"featured_media":0,"template":"","meta":{"site-sidebar-layout":"default","site-content-layout":"","ast-site-content-layout":"default","site-content-style":"default","site-sidebar-style":"default","ast-global-header-display":"","ast-banner-title-visibility":"","ast-main-header-display":"","ast-hfb-above-header-display":"","ast-hfb-below-header-display":"","ast-hfb-mobile-header-display":"","site-post-title":"","ast-breadcrumbs-content":"","ast-featured-img":"","footer-sml-layout":"","theme-transparent-header-meta":"default","adv-header-id-meta":"","stick-header-meta":"","header-above-stick-meta":"","header-main-stick-meta":"","header-below-stick-meta":"","astra-migrate-meta-layouts":"set","ast-page-background-enabled":"default","ast-page-background-meta":{"desktop":{"background-color":"","background-image":"","background-repeat":"repeat","background-position":"center center","background-size":"auto","background-attachment":"scroll","background-type":"","background-media":"","overlay-type":"","overlay-color":"","overlay-opacity":"","overlay-gradient":""},"tablet":{"background-color":"","background-image":"","background-repeat":"repeat","background-position":"center center","background-size":"auto","background-attachment":"scroll","background-type":"","background-media":"","overlay-type":"","overlay-color":"","overlay-opacity":"","overlay-gradient":""},"mobile":{"background-color":"","background-image":"","background-repeat":"repeat","background-position":"center center","background-size":"auto","background-attachment":"scroll","background-type":"","background-media":"","overlay-type":"","overlay-color":"","overlay-opacity":"","overlay-gradient":""}},"ast-content-background-meta":{"desktop":{"background-color":"var(--ast-global-color-5)","background-image":"","background-repeat":"repeat","background-position":"center center","background-size":"auto","background-attachment":"scroll","background-type":"","background-media":"","overlay-type":"","overlay-color":"","overlay-opacity":"","overlay-gradient":""},"tablet":{"background-color":"var(--ast-global-color-5)","background-image":"","background-repeat":"repeat","background-position":"center center","background-size":"auto","background-attachment":"scroll","background-type":"","background-media":"","overlay-type":"","overlay-color":"","overlay-opacity":"","overlay-gradient":""},"mobile":{"background-color":"var(--ast-global-color-5)","background-image":"","background-repeat":"repeat","background-position":"center center","background-size":"auto","background-attachment":"scroll","background-type":"","background-media":"","overlay-type":"","overlay-color":"","overlay-opacity":"","overlay-gradient":""}}},"product_brand":[],"product_cat":[18,20],"product_tag":[],"class_list":{"0":"post-3384","1":"product","2":"type-product","3":"status-publish","5":"product_cat-products","6":"product_cat-antioxidant-for-lubricant","7":"desktop-align-left","8":"tablet-align-left","9":"mobile-align-left","11":"first","12":"instock","13":"shipping-taxable","14":"product-type-simple"},"_links":{"self":[{"href":"https:\/\/chicchem.com\/fr\/wp-json\/wp\/v2\/product\/3384","targetHints":{"allow":["GET"]}}],"collection":[{"href":"https:\/\/chicchem.com\/fr\/wp-json\/wp\/v2\/product"}],"about":[{"href":"https:\/\/chicchem.com\/fr\/wp-json\/wp\/v2\/types\/product"}],"wp:attachment":[{"href":"https:\/\/chicchem.com\/fr\/wp-json\/wp\/v2\/media?parent=3384"}],"wp:term":[{"taxonomy":"product_brand","embeddable":true,"href":"https:\/\/chicchem.com\/fr\/wp-json\/wp\/v2\/product_brand?post=3384"},{"taxonomy":"product_cat","embeddable":true,"href":"https:\/\/chicchem.com\/fr\/wp-json\/wp\/v2\/product_cat?post=3384"},{"taxonomy":"product_tag","embeddable":true,"href":"https:\/\/chicchem.com\/fr\/wp-json\/wp\/v2\/product_tag?post=3384"}],"curies":[{"name":"wp","href":"https:\/\/api.w.org\/{rel}","templated":true}]}}