{"id":3385,"date":"2024-06-21T02:10:38","date_gmt":"2024-06-21T02:10:38","guid":{"rendered":"https:\/\/chicchem.com\/?post_type=product&#038;p=3385"},"modified":"2024-06-21T02:12:03","modified_gmt":"2024-06-21T02:12:03","slug":"polydimethyl-siloxane-2","status":"publish","type":"product","link":"https:\/\/chicchem.com\/fr\/produit\/polydimethyl-siloxane-2\/","title":{"rendered":"Polydim\u00e9thylsiloxane"},"content":{"rendered":"<p><span style=\"color: #f2a516;\"><strong><b>Description du produit<\/b><\/strong><\/span><\/p>\n<p><span style=\"color: #000000;\">C&#039;est un liquide transparent \u00e0 visqueux, caract\u00e9ris\u00e9 par son incolore et son inodore. Son poids mol\u00e9culaire varie selon le degr\u00e9 de polym\u00e9risation. Il est insoluble dans l&#039;eau, le m\u00e9thanol, l&#039;huile v\u00e9g\u00e9tale et la paraffine, tout en pr\u00e9sentant une l\u00e9g\u00e8re solubilit\u00e9 dans l&#039;\u00e9thanol, le butanol et la glyc\u00e9rine. Notamment, il se dissout facilement dans le benz\u00e8ne, le tolu\u00e8ne, le xyl\u00e8ne, l\u2019\u00e9ther et les alcanes chlor\u00e9s.<\/span><\/p>\n<p><span style=\"color: #f2a516;\"><strong><b>Propri\u00e9t\u00e9s physiques<\/b><\/strong><\/span><\/p>\n<table>\n<tbody>\n<tr>\n<td style=\"background-color: #ffecc9;\" width=\"516\"><span style=\"color: #000000;\">Forme physique<\/span><\/td>\n<td width=\"661\"><span style=\"color: #000000;\">Liquide transparent incolore ou jaun\u00e2tre<\/span><\/td>\n<\/tr>\n<tr>\n<td style=\"background-color: #ffecc9;\" width=\"516\"><span style=\"color: #000000;\">viscosit\u00e9 (25\u2103), mm2\/s<\/span><\/td>\n<td width=\"661\"><span style=\"color: #000000;\">50-100,000<\/span><\/td>\n<\/tr>\n<tr>\n<td style=\"background-color: #ffecc9;\" width=\"516\"><span style=\"color: #000000;\">Mati\u00e8res volatiles\/% \u2264<\/span><\/td>\n<td width=\"661\"><span style=\"color: #000000;\">2,0 (en fonction de diverses viscosit\u00e9s)<\/span><\/td>\n<\/tr>\n<tr>\n<td style=\"background-color: #ffecc9;\" width=\"516\"><span style=\"color: #000000;\">Point d&#039;\u00e9clair (ouvert), \u2103 \u2265<\/span><\/td>\n<td width=\"661\"><span style=\"color: #000000;\">250<\/span><\/td>\n<\/tr>\n<tr>\n<td style=\"background-color: #ffecc9;\" width=\"516\"><span style=\"color: #000000;\">Indice de r\u00e9fraction (25\u00b0C)<\/span><\/td>\n<td width=\"661\"><span style=\"color: #000000;\">1.400~1.410<\/span><\/td>\n<\/tr>\n<\/tbody>\n<\/table>\n<p><span style=\"color: #f2a516;\"><strong><b>Caract\u00e9ristiques et avantages<\/b><\/strong><\/span><\/p>\n<p><span style=\"color: #000000;\">Dot\u00e9 d&#039;un coefficient viscosit\u00e9-temp\u00e9rature minimal, d&#039;une compressibilit\u00e9 \u00e9lev\u00e9e et d&#039;une faible tension superficielle, il d\u00e9montre une excellente r\u00e9sistance \u00e0 l&#039;eau et \u00e0 l&#039;humidit\u00e9. De plus, il poss\u00e8de une faible capacit\u00e9 thermique sp\u00e9cifique et une faible conductivit\u00e9 thermique. Remarquablement, il pr\u00e9sente des performances d&#039;isolation \u00e9lectrique exceptionnelles, une r\u00e9sistance \u00e0 la chaleur, un point d&#039;\u00e9clair \u00e9lev\u00e9 et un point de cong\u00e9lation bas, permettant une utilisation prolong\u00e9e dans la plage de temp\u00e9ratures de -50\u00b0C \u00e0 +200\u00b0C.<\/span><\/p>\n<p><span style=\"color: #f2a516;\"><strong><b>Applications<\/b><\/strong><\/span><\/p>\n<ol>\n<li><span style=\"color: #000000;\"><b><\/b><strong><b>Isolation \u00e9lectrique:<\/b><\/strong>Largement utilis\u00e9 dans les moteurs, les appareils \u00e9lectriques et les instruments \u00e9lectroniques pour sa r\u00e9sistance \u00e0 la temp\u00e9rature, \u00e0 l&#039;arc, \u00e0 la couronne, \u00e0 la corrosion, \u00e0 l&#039;humidit\u00e9 et \u00e0 la poussi\u00e8re. \u00c9galement utilis\u00e9e comme huile de transformateur et de condensateur pour am\u00e9liorer l&#039;efficacit\u00e9 du transformateur, augmenter la puissance et garantir la s\u00e9curit\u00e9 tout en minimisant la pollution.<\/span><\/li>\n<li><span style=\"color: #000000;\"><b><\/b><strong><b>Anti-vibration et amortissement\u00a0:<\/b><\/strong>Utilis\u00e9e comme huile anti-vibration et d&#039;amortissement dans diverses applications telles que les instruments, les moteurs automobiles et les disjoncteurs. Ses propri\u00e9t\u00e9s de ressort liquide offrent compacit\u00e9, l\u00e9g\u00e8ret\u00e9 et capacit\u00e9 \u00e0 r\u00e9sister \u00e0 des forces d&#039;impact importantes sur une large plage de temp\u00e9ratures, ce qui le rend id\u00e9al pour les applications a\u00e9rospatiales.<\/span><\/li>\n<li><span style=\"color: #000000;\"><b><\/b><strong><b>Agent de d\u00e9moulage\u00a0:<\/b><\/strong>Agit comme un agent de d\u00e9moulage efficace dans le moulage du plastique, le traitement du caoutchouc, le moulage des m\u00e9taux et d&#039;autres industries, offrant d&#039;excellentes propri\u00e9t\u00e9s de d\u00e9moulage, une pr\u00e9cision \u00e9lev\u00e9e de la surface du produit et de multiples r\u00e9utilisations avec une application minimale. G\u00e9n\u00e9ralement utilis\u00e9 sous forme de solution ou d&#039;\u00e9mulsion \u00e0 des concentrations de 0,5 \u00e0 2,5%.<\/span><\/li>\n<li><span style=\"color: #000000;\"><b><\/b><strong><b>Antimousse\u00a0:<\/b><\/strong>Sert d&#039;antimousse polyvalent avec un fort pouvoir antimousse, une r\u00e9sistance aux temp\u00e9ratures \u00e9lev\u00e9es et une stabilit\u00e9 chimique, largement appliqu\u00e9 dans les industries p\u00e9troli\u00e8re, chimique, d&#039;impression, de teinture et alimentaire. De petites concentrations (10-100 PPM) contr\u00f4lent efficacement la formation de mousse.<\/span><\/li>\n<li><span style=\"color: #000000;\"><b><\/b><strong><b>Lubrifiant:<\/b><\/strong>Convient pour lubrifier le caoutchouc, les roulements en plastique, les engrenages, les machines et les instruments de pr\u00e9cision dans des conditions de temp\u00e9rature extr\u00eames. Avec des additifs, il fonctionne comme un lubrifiant r\u00e9sistant \u00e0 l\u2019usure et aux pressions extr\u00eames.<\/span><\/li>\n<li><span style=\"color: #000000;\"><b><\/b><strong><b>Agent de traitement de surface\u00a0: <\/b><\/strong>Appliqu\u00e9 sous forme de solution ou d&#039;\u00e9mulsion 10% sur les surfaces en verre, en c\u00e9ramique et en m\u00e9tal, formant un film mince semi-permanent imperm\u00e9able, r\u00e9sistant \u00e0 la moisissure et isolant apr\u00e8s traitement thermique. \u00c9galement utilis\u00e9 pour imperm\u00e9abiliser le papier, le cuir, les mat\u00e9riaux de construction et les tissus.<\/span><\/li>\n<li><span style=\"color: #000000;\"><b><\/b><strong><b>Additif:<\/b><\/strong>Am\u00e9liore la r\u00e9sistance \u00e0 l&#039;eau, la luminosit\u00e9, la r\u00e9sistance \u00e0 l&#039;oxydation et les performances de traitement des mat\u00e9riaux comme la peinture, le caoutchouc, la paraffine et la r\u00e9sine. Am\u00e9liore la qualit\u00e9 de la peinture, emp\u00eachant la couleur de flotter et de se froisser.<\/span><\/li>\n<li><span style=\"color: #000000;\"><b><\/b><strong><b>M\u00e9dical et soins de sant\u00e9\u00a0:<\/b><\/strong>Utilis\u00e9 dans le traitement de l&#039;\u0153d\u00e8me et de l&#039;enflure pulmonaires, ainsi que comme antimousse pour les machines c\u0153ur-poumon artificiel. Les pommades et les agents protecteurs am\u00e9liorent la p\u00e9n\u00e9tration des m\u00e9dicaments contre les br\u00fblures, les dermatites et les escarres. Les ustensiles trait\u00e9s en surface ont des effets anticoagulants, prolongeant la dur\u00e9e de conservation des \u00e9chantillons de sang. Les pastilles pr\u00e9sentent une r\u00e9sistance \u00e0 l&#039;humidit\u00e9, prolongeant ainsi l&#039;efficacit\u00e9 du m\u00e9dicament.<\/span><\/li>\n<li><span style=\"color: #000000;\"><b><\/b><strong><b>Applications diverses\u00a0:<\/b><\/strong>Utilis\u00e9 comme bain \u00e0 haute temp\u00e9rature, caloporteur, agent anti-impression pour les copieurs secs, agents de vitrage et \u00e9liminateur d&#039;\u00e9lectricit\u00e9 statique dans le tr\u00e9filage. Ajout\u00e9 aux cosm\u00e9tiques pour des soins de la peau am\u00e9lior\u00e9s et des effets hydratants.<\/span><\/li>\n<\/ol>\n<p><span style=\"color: #f2a516;\"><strong><b>Emballer<\/b><\/strong><\/span><\/p>\n<p><span style=\"color: #000000;\">25KG\/f\u00fbts en plastique\u00a0; 200KG \/tambours en fer.<\/span><\/p>\n<p><span style=\"color: #f2a516;\"><strong><b>Dur\u00e9e de conservation<\/b><\/strong><\/span><\/p>\n<p><span style=\"color: #000000;\">24 mois \u00e0 compter de la date de production sous emballage d&#039;origine non ouvert.<\/span><\/p>\n<p><span style=\"color: #f2a516;\"><strong><b>Stockage <\/b><\/strong><\/span><\/p>\n<p><span style=\"color: #000000;\">Conserver dans un environnement sombre, sec et frais, en gardant le r\u00e9cipient bien ferm\u00e9.<\/span><\/p>","protected":false},"excerpt":{"rendered":"<p>Prot\u00e8ge les mat\u00e9riaux des dommages oxydatifs, prolongeant leur dur\u00e9e de vie.<\/p>","protected":false},"featured_media":0,"template":"","meta":{"site-sidebar-layout":"default","site-content-layout":"","ast-site-content-layout":"default","site-content-style":"default","site-sidebar-style":"default","ast-global-header-display":"","ast-banner-title-visibility":"","ast-main-header-display":"","ast-hfb-above-header-display":"","ast-hfb-below-header-display":"","ast-hfb-mobile-header-display":"","site-post-title":"","ast-breadcrumbs-content":"","ast-featured-img":"","footer-sml-layout":"","theme-transparent-header-meta":"default","adv-header-id-meta":"","stick-header-meta":"","header-above-stick-meta":"","header-main-stick-meta":"","header-below-stick-meta":"","astra-migrate-meta-layouts":"set","ast-page-background-enabled":"default","ast-page-background-meta":{"desktop":{"background-color":"","background-image":"","background-repeat":"repeat","background-position":"center center","background-size":"auto","background-attachment":"scroll","background-type":"","background-media":"","overlay-type":"","overlay-color":"","overlay-opacity":"","overlay-gradient":""},"tablet":{"background-color":"","background-image":"","background-repeat":"repeat","background-position":"center center","background-size":"auto","background-attachment":"scroll","background-type":"","background-media":"","overlay-type":"","overlay-color":"","overlay-opacity":"","overlay-gradient":""},"mobile":{"background-color":"","background-image":"","background-repeat":"repeat","background-position":"center center","background-size":"auto","background-attachment":"scroll","background-type":"","background-media":"","overlay-type":"","overlay-color":"","overlay-opacity":"","overlay-gradient":""}},"ast-content-background-meta":{"desktop":{"background-color":"var(--ast-global-color-5)","background-image":"","background-repeat":"repeat","background-position":"center center","background-size":"auto","background-attachment":"scroll","background-type":"","background-media":"","overlay-type":"","overlay-color":"","overlay-opacity":"","overlay-gradient":""},"tablet":{"background-color":"var(--ast-global-color-5)","background-image":"","background-repeat":"repeat","background-position":"center center","background-size":"auto","background-attachment":"scroll","background-type":"","background-media":"","overlay-type":"","overlay-color":"","overlay-opacity":"","overlay-gradient":""},"mobile":{"background-color":"var(--ast-global-color-5)","background-image":"","background-repeat":"repeat","background-position":"center center","background-size":"auto","background-attachment":"scroll","background-type":"","background-media":"","overlay-type":"","overlay-color":"","overlay-opacity":"","overlay-gradient":""}}},"product_brand":[],"product_cat":[18,20],"product_tag":[],"class_list":{"0":"post-3385","1":"product","2":"type-product","3":"status-publish","5":"product_cat-products","6":"product_cat-antioxidant-for-lubricant","7":"desktop-align-left","8":"tablet-align-left","9":"mobile-align-left","11":"first","12":"instock","13":"shipping-taxable","14":"product-type-simple"},"_links":{"self":[{"href":"https:\/\/chicchem.com\/fr\/wp-json\/wp\/v2\/product\/3385","targetHints":{"allow":["GET"]}}],"collection":[{"href":"https:\/\/chicchem.com\/fr\/wp-json\/wp\/v2\/product"}],"about":[{"href":"https:\/\/chicchem.com\/fr\/wp-json\/wp\/v2\/types\/product"}],"wp:attachment":[{"href":"https:\/\/chicchem.com\/fr\/wp-json\/wp\/v2\/media?parent=3385"}],"wp:term":[{"taxonomy":"product_brand","embeddable":true,"href":"https:\/\/chicchem.com\/fr\/wp-json\/wp\/v2\/product_brand?post=3385"},{"taxonomy":"product_cat","embeddable":true,"href":"https:\/\/chicchem.com\/fr\/wp-json\/wp\/v2\/product_cat?post=3385"},{"taxonomy":"product_tag","embeddable":true,"href":"https:\/\/chicchem.com\/fr\/wp-json\/wp\/v2\/product_tag?post=3385"}],"curies":[{"name":"wp","href":"https:\/\/api.w.org\/{rel}","templated":true}]}}