{"id":3386,"date":"2024-06-21T02:30:51","date_gmt":"2024-06-21T02:30:51","guid":{"rendered":"https:\/\/chicchem.com\/?post_type=product&#038;p=3386"},"modified":"2024-08-07T08:31:18","modified_gmt":"2024-08-07T08:31:18","slug":"chicstab-136","status":"publish","type":"product","link":"https:\/\/chicchem.com\/fr\/produit\/chicstab-136\/","title":{"rendered":"Chictab 136"},"content":{"rendered":"<p><span style=\"color: #94bd75;\"><strong><b>Description du produit<\/b><\/strong><\/span><\/p>\n<p><span style=\"color: #000000;\">N \u00b0 CAS.  164391-52-0<\/span><\/p>\n<p><span style=\"color: #000000;\">Chicstab 136 est un pi\u00e9geur de radicaux libres de carbone tr\u00e8s efficace qui am\u00e9liore consid\u00e9rablement les propri\u00e9t\u00e9s antioxydantes lorsqu&#039;il est utilis\u00e9 en conjonction avec des antioxydants ph\u00e9noliques et phosphites. Il convient \u00e0 une large gamme d&#039;applications, notamment les polyol\u00e9fines, les polyur\u00e9thanes, les polycarbonates, les polyesters, les adh\u00e9sifs haute temp\u00e9rature, les lubrifiants et les polyamides.<\/span><\/p>\n<p><span style=\"color: #000000;\">En tant que pi\u00e9geur \u00e0 base de carbone, Chicstab 136 inhibe efficacement l&#039;oxydation pendant les \u00e9tapes initiales de l&#039;oxydation du polym\u00e8re. Associ\u00e9 aux antioxydants auxiliaires phosphites, il prot\u00e8ge les polym\u00e8res en d\u00e9composant les hydroperoxydes, notamment lors de la transformation. L&#039;effet synergique avec les antioxydants ph\u00e9nols encombr\u00e9s am\u00e9liore la stabilit\u00e9 du traitement et emp\u00eache la d\u00e9gradation thermo-oxydative, garantissant ainsi la stabilit\u00e9 thermique \u00e0 long terme.<\/span><\/p>\n<p><span style=\"color: #94bd75;\"><strong><b>Propri\u00e9t\u00e9s physiques\u00a0<\/b><\/strong><\/span><\/p>\n<table>\n<tbody>\n<tr>\n<td style=\"background-color: #c9e4b4;\" width=\"582\"><span style=\"color: #000000;\">Forme physique\u00a0<\/span><\/td>\n<td width=\"772\"><span style=\"color: #000000;\">Poudre cristalline blanche ou granul\u00e9s<\/span><\/td>\n<\/tr>\n<tr>\n<td style=\"background-color: #c9e4b4;\" width=\"582\"><span style=\"color: #000000;\">Point de fusion, \u2103<\/span><\/td>\n<td width=\"772\"><span style=\"color: #000000;\">130-135<\/span><\/td>\n<\/tr>\n<tr>\n<td style=\"background-color: #c9e4b4;\" width=\"582\"><span style=\"color: #000000;\">Mati\u00e8re volatile, %<\/span><\/td>\n<td width=\"772\"><span style=\"color: #000000;\">\u22640,5<\/span><\/td>\n<\/tr>\n<tr>\n<td style=\"background-color: #c9e4b4;\" width=\"582\"><span style=\"color: #000000;\">Contenu, %<\/span><\/td>\n<td width=\"772\"><span style=\"color: #000000;\">\u226598,0<\/span><\/td>\n<\/tr>\n<\/tbody>\n<\/table>\n<p><span style=\"color: #94bd75;\"><strong><b>Caract\u00e9ristiques et avantages<\/b><\/strong><\/span><\/p>\n<p><span style=\"color: #000000;\">Chicstab 136 peut am\u00e9liorer la r\u00e9sistance \u00e0 la chaleur lorsqu&#039;il est utilis\u00e9 en synergie avec d&#039;autres antioxydants auxiliaires sulfur\u00e9s. Il pr\u00e9sente un effet anti-jaunissement notable dans le traitement du plastique et am\u00e9liore les propri\u00e9t\u00e9s anti-br\u00fblure et anti-jaunissement de la mousse de polyur\u00e9thane.  Il est soluble dans le benz\u00e8ne, l&#039;ac\u00e9tone, le chloroforme et d&#039;autres solvants similaires, mais insoluble dans l&#039;eau. Il pr\u00e9sente des caract\u00e9ristiques de r\u00e9sistance \u00e0 la chaleur et de faible volatilit\u00e9.<\/span><\/p>\n<p><span style=\"color: #94bd75;\"><strong><b>Guide d&#039;utilisation<\/b><\/strong><\/span><\/p>\n<p><span style=\"color: #000000;\">La posologie recommand\u00e9e de Chicstab 136 varie de 0,05% \u00e0 0,5%. Il est recommand\u00e9 de l\u2019utiliser en combinaison avec des antioxydants tels que les ph\u00e9nols et les phosphites, plut\u00f4t que comme additif autonome.<\/span><\/p>\n<p><span style=\"color: #94bd75;\"><strong>Emballer<\/strong><\/span><\/p>\n<p><span style=\"color: #000000;\">Sacs papier-plastique de 25 kg ou f\u00fbts en carton doubl\u00e9s de sacs plastique.<\/span><\/p>\n<p><span style=\"color: #94bd75;\"><strong>Dur\u00e9e de conservation<\/strong><\/span><\/p>\n<p><span style=\"color: #000000;\">12 mois \u00e0 compter de la date de production sous emballage d&#039;origine non ouvert.<\/span><\/p>\n<p><span style=\"color: #94bd75;\"><strong>Stockage<\/strong><strong>\u00a0et <\/strong><strong>Transport<\/strong><strong>t<\/strong><strong>ation<\/strong><\/span><\/p>\n<p><span style=\"color: #000000;\">Conserver dans un endroit sombre, sec et frais. Apr\u00e8s ouverture, il est conseill\u00e9 de refermer herm\u00e9tiquement et d&#039;utiliser rapidement. Pendant le transport, prenez des pr\u00e9cautions pour \u00e9viter les fuites, respectez les meilleures pratiques industrielles, manipulez-les avec soin et \u00e9vitez toute contamination de l&#039;environnement.<\/span><\/p>","protected":false},"excerpt":{"rendered":"<p>Prot\u00e8ge les mat\u00e9riaux des dommages oxydatifs, prolongeant leur dur\u00e9e de vie.<\/p>","protected":false},"featured_media":0,"template":"","meta":{"site-sidebar-layout":"default","site-content-layout":"","ast-site-content-layout":"default","site-content-style":"default","site-sidebar-style":"default","ast-global-header-display":"","ast-banner-title-visibility":"","ast-main-header-display":"","ast-hfb-above-header-display":"","ast-hfb-below-header-display":"","ast-hfb-mobile-header-display":"","site-post-title":"","ast-breadcrumbs-content":"","ast-featured-img":"","footer-sml-layout":"","theme-transparent-header-meta":"default","adv-header-id-meta":"","stick-header-meta":"","header-above-stick-meta":"","header-main-stick-meta":"","header-below-stick-meta":"","astra-migrate-meta-layouts":"set","ast-page-background-enabled":"default","ast-page-background-meta":{"desktop":{"background-color":"","background-image":"","background-repeat":"repeat","background-position":"center center","background-size":"auto","background-attachment":"scroll","background-type":"","background-media":"","overlay-type":"","overlay-color":"","overlay-opacity":"","overlay-gradient":""},"tablet":{"background-color":"","background-image":"","background-repeat":"repeat","background-position":"center center","background-size":"auto","background-attachment":"scroll","background-type":"","background-media":"","overlay-type":"","overlay-color":"","overlay-opacity":"","overlay-gradient":""},"mobile":{"background-color":"","background-image":"","background-repeat":"repeat","background-position":"center center","background-size":"auto","background-attachment":"scroll","background-type":"","background-media":"","overlay-type":"","overlay-color":"","overlay-opacity":"","overlay-gradient":""}},"ast-content-background-meta":{"desktop":{"background-color":"var(--ast-global-color-5)","background-image":"","background-repeat":"repeat","background-position":"center center","background-size":"auto","background-attachment":"scroll","background-type":"","background-media":"","overlay-type":"","overlay-color":"","overlay-opacity":"","overlay-gradient":""},"tablet":{"background-color":"var(--ast-global-color-5)","background-image":"","background-repeat":"repeat","background-position":"center center","background-size":"auto","background-attachment":"scroll","background-type":"","background-media":"","overlay-type":"","overlay-color":"","overlay-opacity":"","overlay-gradient":""},"mobile":{"background-color":"var(--ast-global-color-5)","background-image":"","background-repeat":"repeat","background-position":"center center","background-size":"auto","background-attachment":"scroll","background-type":"","background-media":"","overlay-type":"","overlay-color":"","overlay-opacity":"","overlay-gradient":""}}},"product_brand":[],"product_cat":[18,21],"product_tag":[],"class_list":{"0":"post-3386","1":"product","2":"type-product","3":"status-publish","5":"product_cat-products","6":"product_cat-antioxidant-for-plastics-and-rubbers","7":"desktop-align-left","8":"tablet-align-left","9":"mobile-align-left","11":"first","12":"instock","13":"shipping-taxable","14":"product-type-simple"},"_links":{"self":[{"href":"https:\/\/chicchem.com\/fr\/wp-json\/wp\/v2\/product\/3386","targetHints":{"allow":["GET"]}}],"collection":[{"href":"https:\/\/chicchem.com\/fr\/wp-json\/wp\/v2\/product"}],"about":[{"href":"https:\/\/chicchem.com\/fr\/wp-json\/wp\/v2\/types\/product"}],"wp:attachment":[{"href":"https:\/\/chicchem.com\/fr\/wp-json\/wp\/v2\/media?parent=3386"}],"wp:term":[{"taxonomy":"product_brand","embeddable":true,"href":"https:\/\/chicchem.com\/fr\/wp-json\/wp\/v2\/product_brand?post=3386"},{"taxonomy":"product_cat","embeddable":true,"href":"https:\/\/chicchem.com\/fr\/wp-json\/wp\/v2\/product_cat?post=3386"},{"taxonomy":"product_tag","embeddable":true,"href":"https:\/\/chicchem.com\/fr\/wp-json\/wp\/v2\/product_tag?post=3386"}],"curies":[{"name":"wp","href":"https:\/\/api.w.org\/{rel}","templated":true}]}}