{"id":3389,"date":"2024-06-21T02:37:13","date_gmt":"2024-06-21T02:37:13","guid":{"rendered":"https:\/\/chicchem.com\/?post_type=product&#038;p=3389"},"modified":"2024-08-07T08:50:21","modified_gmt":"2024-08-07T08:50:21","slug":"chicstab-212","status":"publish","type":"product","link":"https:\/\/chicchem.com\/fr\/produit\/chicstab-212\/","title":{"rendered":"Chictab 212"},"content":{"rendered":"<p><span style=\"color: #94bd75;\"><strong><b>Description du produit<\/b><\/strong><\/span><\/p>\n<p><span style=\"color: #000000;\">Chicstab est un compos\u00e9 antioxydant en poudre largement utilis\u00e9 dans les plastiques fabriqu\u00e9s \u00e0 partir de mat\u00e9riaux recycl\u00e9s tels que le PE, le PP, le POM, la r\u00e9sine ABS, la r\u00e9sine PS, le PVC, le PC et autres. Il offre une stabilit\u00e9 de traitement exceptionnelle et une protection \u00e0 long terme pour les polyol\u00e9fines d\u00e9riv\u00e9es de sources recycl\u00e9es. Il est particuli\u00e8rement adapt\u00e9 aux applications o\u00f9 la couleur du mat\u00e9riau de base n&#039;est pas critique, comme les fils et c\u00e2bles. Cependant, il n&#039;est pas recommand\u00e9 pour les produits o\u00f9 le maintien de la couleur originale du mat\u00e9riau de base est essentiel. Il supprime efficacement la d\u00e9gradation thermique des plastiques.<\/span><\/p>\n<p><span style=\"color: #94bd75;\"><strong><b>Propri\u00e9t\u00e9s physiques\u00a0<\/b><\/strong><\/span><\/p>\n<table style=\"width: 100%; height: 391px;\">\n<tbody>\n<tr style=\"height: 51px;\">\n<td style=\"height: 51px; background-color: #c9e4b4;\" width=\"467\"><span style=\"color: #000000;\">Forme physique<\/span><\/td>\n<td style=\"height: 51px;\" width=\"710\"><span style=\"color: #000000;\">Poudre blanche ou pellet<\/span><\/td>\n<\/tr>\n<tr style=\"height: 68px;\">\n<td style=\"height: 68px; background-color: #c9e4b4;\" width=\"467\"><span style=\"color: #000000;\">Teneur en cendres<\/span><\/td>\n<td style=\"height: 68px;\" width=\"710\"><span style=\"color: #000000;\">\u22640,10%\u00a0<\/span><\/td>\n<\/tr>\n<tr style=\"height: 68px;\">\n<td style=\"height: 68px; background-color: #c9e4b4;\" width=\"467\"><span style=\"color: #000000;\">Volatilisation<\/span><\/td>\n<td style=\"height: 68px;\" width=\"710\"><span style=\"color: #000000;\">\u22640,50%<\/span><\/td>\n<\/tr>\n<tr style=\"height: 68px;\">\n<td style=\"height: 68px; background-color: #c9e4b4;\" width=\"467\"><span style=\"color: #000000;\">Solubilit\u00e9<\/span><\/td>\n<td style=\"height: 68px;\" width=\"710\"><span style=\"color: #000000;\">clair<\/span><\/td>\n<\/tr>\n<tr style=\"height: 68px;\">\n<td style=\"height: 136px; background-color: #c9e4b4;\" rowspan=\"2\" width=\"467\"><span style=\"color: #000000;\">Transmission, % (10g\/100ml de tolu\u00e8ne)<\/span><\/td>\n<td style=\"height: 68px;\" width=\"710\"><span style=\"color: #000000;\">425nm \u226597.0%<\/span><\/td>\n<\/tr>\n<tr style=\"height: 68px;\">\n<td style=\"height: 68px;\" width=\"710\"><span style=\"color: #000000;\">500nm \u226597.0%<\/span><\/td>\n<\/tr>\n<\/tbody>\n<\/table>\n<p><span style=\"color: #94bd75;\"><strong><b>Caract\u00e9ristiques et avantages<\/b><\/strong><\/span><\/p>\n<p><span style=\"color: #000000;\">Il est soluble dans l&#039;ac\u00e9tone, le benz\u00e8ne, le chloroforme et d&#039;autres solvants organiques, mais insoluble dans l&#039;eau.<\/span><\/p>\n<p><span style=\"color: #94bd75;\"><strong><b>Emballer<\/b><\/strong><\/span><\/p>\n<p><span style=\"color: #000000;\">Il est conditionn\u00e9 dans des sacs composites papier-plastique de 25 kg ou dans des cartons doubl\u00e9s de sacs plastique.\u00a0<\/span><\/p>\n<p><span style=\"color: #94bd75;\"><strong><b>Dur\u00e9e de conservation <\/b><\/strong><\/span><\/p>\n<p><span style=\"color: #000000;\">24 mois \u00e0 compter de la date de production sous emballage d&#039;origine non ouvert.<\/span><\/p>\n<p><span style=\"color: #94bd75;\"><strong><b>Stockage et transport<\/b><\/strong><\/span><\/p>\n<p><span style=\"color: #000000;\">Conservez ce produit dans un environnement frais, sec et sombre, herm\u00e9tiquement ferm\u00e9. Une fois ouvert, assurez-vous d\u2019une fermeture herm\u00e9tique et utilisez-le rapidement. Pendant le transport, prenez des pr\u00e9cautions pour \u00e9viter les fuites et suivez les bonnes pratiques industrielles. Manipuler avec soin pour \u00e9viter toute contamination de l\u2019environnement.<\/span><\/p>","protected":false},"excerpt":{"rendered":"<p>Prot\u00e8ge les mat\u00e9riaux des dommages oxydatifs, prolongeant leur dur\u00e9e de vie.<\/p>","protected":false},"featured_media":0,"template":"","meta":{"site-sidebar-layout":"default","site-content-layout":"","ast-site-content-layout":"default","site-content-style":"default","site-sidebar-style":"default","ast-global-header-display":"","ast-banner-title-visibility":"","ast-main-header-display":"","ast-hfb-above-header-display":"","ast-hfb-below-header-display":"","ast-hfb-mobile-header-display":"","site-post-title":"","ast-breadcrumbs-content":"","ast-featured-img":"","footer-sml-layout":"","theme-transparent-header-meta":"default","adv-header-id-meta":"","stick-header-meta":"","header-above-stick-meta":"","header-main-stick-meta":"","header-below-stick-meta":"","astra-migrate-meta-layouts":"set","ast-page-background-enabled":"default","ast-page-background-meta":{"desktop":{"background-color":"","background-image":"","background-repeat":"repeat","background-position":"center center","background-size":"auto","background-attachment":"scroll","background-type":"","background-media":"","overlay-type":"","overlay-color":"","overlay-opacity":"","overlay-gradient":""},"tablet":{"background-color":"","background-image":"","background-repeat":"repeat","background-position":"center center","background-size":"auto","background-attachment":"scroll","background-type":"","background-media":"","overlay-type":"","overlay-color":"","overlay-opacity":"","overlay-gradient":""},"mobile":{"background-color":"","background-image":"","background-repeat":"repeat","background-position":"center center","background-size":"auto","background-attachment":"scroll","background-type":"","background-media":"","overlay-type":"","overlay-color":"","overlay-opacity":"","overlay-gradient":""}},"ast-content-background-meta":{"desktop":{"background-color":"var(--ast-global-color-5)","background-image":"","background-repeat":"repeat","background-position":"center center","background-size":"auto","background-attachment":"scroll","background-type":"","background-media":"","overlay-type":"","overlay-color":"","overlay-opacity":"","overlay-gradient":""},"tablet":{"background-color":"var(--ast-global-color-5)","background-image":"","background-repeat":"repeat","background-position":"center center","background-size":"auto","background-attachment":"scroll","background-type":"","background-media":"","overlay-type":"","overlay-color":"","overlay-opacity":"","overlay-gradient":""},"mobile":{"background-color":"var(--ast-global-color-5)","background-image":"","background-repeat":"repeat","background-position":"center center","background-size":"auto","background-attachment":"scroll","background-type":"","background-media":"","overlay-type":"","overlay-color":"","overlay-opacity":"","overlay-gradient":""}}},"product_brand":[],"product_cat":[18,21],"product_tag":[],"class_list":{"0":"post-3389","1":"product","2":"type-product","3":"status-publish","5":"product_cat-products","6":"product_cat-antioxidant-for-plastics-and-rubbers","7":"desktop-align-left","8":"tablet-align-left","9":"mobile-align-left","11":"first","12":"instock","13":"shipping-taxable","14":"product-type-simple"},"_links":{"self":[{"href":"https:\/\/chicchem.com\/fr\/wp-json\/wp\/v2\/product\/3389","targetHints":{"allow":["GET"]}}],"collection":[{"href":"https:\/\/chicchem.com\/fr\/wp-json\/wp\/v2\/product"}],"about":[{"href":"https:\/\/chicchem.com\/fr\/wp-json\/wp\/v2\/types\/product"}],"wp:attachment":[{"href":"https:\/\/chicchem.com\/fr\/wp-json\/wp\/v2\/media?parent=3389"}],"wp:term":[{"taxonomy":"product_brand","embeddable":true,"href":"https:\/\/chicchem.com\/fr\/wp-json\/wp\/v2\/product_brand?post=3389"},{"taxonomy":"product_cat","embeddable":true,"href":"https:\/\/chicchem.com\/fr\/wp-json\/wp\/v2\/product_cat?post=3389"},{"taxonomy":"product_tag","embeddable":true,"href":"https:\/\/chicchem.com\/fr\/wp-json\/wp\/v2\/product_tag?post=3389"}],"curies":[{"name":"wp","href":"https:\/\/api.w.org\/{rel}","templated":true}]}}