{"id":3391,"date":"2024-06-21T02:40:03","date_gmt":"2024-06-21T02:40:03","guid":{"rendered":"https:\/\/chicchem.com\/?post_type=product&#038;p=3391"},"modified":"2024-08-07T08:52:39","modified_gmt":"2024-08-07T08:52:39","slug":"chicstab-214","status":"publish","type":"product","link":"https:\/\/chicchem.com\/fr\/produit\/chicstab-214\/","title":{"rendered":"Chictab 214"},"content":{"rendered":"<p><span style=\"color: #94bd75;\"><strong><b>Description du produit<\/b><\/strong><\/span><\/p>\n<p><span style=\"color: #000000;\">Chicstab 214 est un antioxydant compos\u00e9 en poudre, largement utilis\u00e9 dans les r\u00e9sines PE, PP, POM, ABS, PS, PVC, PC, adh\u00e9sifs, caoutchouc et produits p\u00e9troliers, entre autres. Il offre une stabilit\u00e9 de traitement exceptionnelle et offre une protection \u00e0 long terme pour les polyol\u00e9fines. Compar\u00e9 aux 225 produits traditionnels utilis\u00e9s en quantit\u00e9s \u00e9quivalentes, le Chicstab 214 d\u00e9montre une capacit\u00e9 sup\u00e9rieure \u00e0 inhiber efficacement la d\u00e9gradation thermique et oxydative des plastiques.<\/span><\/p>\n<p><span style=\"color: #94bd75;\"><strong><b>Propri\u00e9t\u00e9s physiques\u00a0<\/b><\/strong><\/span><\/p>\n<table>\n<tbody>\n<tr>\n<td style=\"background-color: #c9e4b4;\" width=\"467\"><span style=\"color: #000000;\">Forme physique<\/span><\/td>\n<td width=\"710\"><span style=\"color: #000000;\">Poudre blanche ou pellet<\/span><\/td>\n<\/tr>\n<tr>\n<td style=\"background-color: #c9e4b4;\" width=\"467\"><span style=\"color: #000000;\">Teneur en cendres<\/span><\/td>\n<td width=\"710\"><span style=\"color: #000000;\">\u22640,10%\u00a0<\/span><\/td>\n<\/tr>\n<tr>\n<td style=\"background-color: #c9e4b4;\" width=\"467\"><span style=\"color: #000000;\">Volatilisation<\/span><\/td>\n<td width=\"710\"><span style=\"color: #000000;\">\u22640,50%<\/span><\/td>\n<\/tr>\n<tr>\n<td style=\"background-color: #c9e4b4;\" width=\"467\"><span style=\"color: #000000;\">Solubilit\u00e9<\/span><\/td>\n<td width=\"710\"><span style=\"color: #000000;\">clair<\/span><\/td>\n<\/tr>\n<tr>\n<td style=\"background-color: #c9e4b4;\" rowspan=\"2\" width=\"467\"><span style=\"color: #000000;\">Transmission<\/span><\/td>\n<td width=\"710\"><span style=\"color: #000000;\">425nm \u226595.0%<\/span><\/td>\n<\/tr>\n<tr>\n<td width=\"710\"><span style=\"color: #000000;\">500nm \u226597.0%<\/span><\/td>\n<\/tr>\n<\/tbody>\n<\/table>\n<p><span style=\"color: #94bd75;\"><strong><b>Caract\u00e9ristiques et avantages<\/b><\/strong><\/span><\/p>\n<p><span style=\"color: #000000;\">Ce produit est soluble dans l&#039;ac\u00e9tone, le benz\u00e8ne, le chloroforme et divers autres solvants organiques, mais insoluble dans l&#039;eau.<\/span><\/p>\n<p><span style=\"color: #94bd75;\"><strong><b>Emballer<\/b><\/strong><\/span><\/p>\n<p><span style=\"color: #000000;\">Le produit est conditionn\u00e9 dans des sacs composites papier-plastique ou dans des cartons doubl\u00e9s de sacs en plastique pesant chacun 25 kg.<\/span><\/p>\n<p><span style=\"color: #94bd75;\"><strong><b>Dur\u00e9e de conservation<\/b><\/strong><\/span><\/p>\n<p><span style=\"color: #000000;\">6 mois \u00e0 compter de la date de production sous emballage d&#039;origine non ouvert.<\/span><\/p>\n<p><span style=\"color: #94bd75;\"><strong><b>Stockage et transport<\/b><\/strong><\/span><\/p>\n<p><span style=\"color: #000000;\">Il doit \u00eatre stock\u00e9 dans des conditions sombres, s\u00e8ches et \u00e0 basse temp\u00e9rature. Bien ferm\u00e9, apr\u00e8s ouverture, il est recommand\u00e9 de le conserver herm\u00e9tiquement et de l&#039;utiliser au plus vite. Faites attention \u00e0 \u00e9viter les fuites pendant le transport, suivez les bonnes pratiques industrielles. Manipuler avec soin pour \u00e9viter la pollution de l\u2019environnement.<\/span><\/p>\n<p>&nbsp;<\/p>","protected":false},"excerpt":{"rendered":"<p>Prot\u00e8ge les mat\u00e9riaux des dommages oxydatifs, prolongeant leur dur\u00e9e de vie.<\/p>","protected":false},"featured_media":0,"template":"","meta":{"site-sidebar-layout":"default","site-content-layout":"","ast-site-content-layout":"default","site-content-style":"default","site-sidebar-style":"default","ast-global-header-display":"","ast-banner-title-visibility":"","ast-main-header-display":"","ast-hfb-above-header-display":"","ast-hfb-below-header-display":"","ast-hfb-mobile-header-display":"","site-post-title":"","ast-breadcrumbs-content":"","ast-featured-img":"","footer-sml-layout":"","theme-transparent-header-meta":"default","adv-header-id-meta":"","stick-header-meta":"","header-above-stick-meta":"","header-main-stick-meta":"","header-below-stick-meta":"","astra-migrate-meta-layouts":"set","ast-page-background-enabled":"default","ast-page-background-meta":{"desktop":{"background-color":"","background-image":"","background-repeat":"repeat","background-position":"center center","background-size":"auto","background-attachment":"scroll","background-type":"","background-media":"","overlay-type":"","overlay-color":"","overlay-opacity":"","overlay-gradient":""},"tablet":{"background-color":"","background-image":"","background-repeat":"repeat","background-position":"center center","background-size":"auto","background-attachment":"scroll","background-type":"","background-media":"","overlay-type":"","overlay-color":"","overlay-opacity":"","overlay-gradient":""},"mobile":{"background-color":"","background-image":"","background-repeat":"repeat","background-position":"center center","background-size":"auto","background-attachment":"scroll","background-type":"","background-media":"","overlay-type":"","overlay-color":"","overlay-opacity":"","overlay-gradient":""}},"ast-content-background-meta":{"desktop":{"background-color":"var(--ast-global-color-5)","background-image":"","background-repeat":"repeat","background-position":"center center","background-size":"auto","background-attachment":"scroll","background-type":"","background-media":"","overlay-type":"","overlay-color":"","overlay-opacity":"","overlay-gradient":""},"tablet":{"background-color":"var(--ast-global-color-5)","background-image":"","background-repeat":"repeat","background-position":"center center","background-size":"auto","background-attachment":"scroll","background-type":"","background-media":"","overlay-type":"","overlay-color":"","overlay-opacity":"","overlay-gradient":""},"mobile":{"background-color":"var(--ast-global-color-5)","background-image":"","background-repeat":"repeat","background-position":"center center","background-size":"auto","background-attachment":"scroll","background-type":"","background-media":"","overlay-type":"","overlay-color":"","overlay-opacity":"","overlay-gradient":""}}},"product_brand":[],"product_cat":[18,21],"product_tag":[],"class_list":{"0":"post-3391","1":"product","2":"type-product","3":"status-publish","5":"product_cat-products","6":"product_cat-antioxidant-for-plastics-and-rubbers","7":"desktop-align-left","8":"tablet-align-left","9":"mobile-align-left","11":"first","12":"instock","13":"shipping-taxable","14":"product-type-simple"},"_links":{"self":[{"href":"https:\/\/chicchem.com\/fr\/wp-json\/wp\/v2\/product\/3391","targetHints":{"allow":["GET"]}}],"collection":[{"href":"https:\/\/chicchem.com\/fr\/wp-json\/wp\/v2\/product"}],"about":[{"href":"https:\/\/chicchem.com\/fr\/wp-json\/wp\/v2\/types\/product"}],"wp:attachment":[{"href":"https:\/\/chicchem.com\/fr\/wp-json\/wp\/v2\/media?parent=3391"}],"wp:term":[{"taxonomy":"product_brand","embeddable":true,"href":"https:\/\/chicchem.com\/fr\/wp-json\/wp\/v2\/product_brand?post=3391"},{"taxonomy":"product_cat","embeddable":true,"href":"https:\/\/chicchem.com\/fr\/wp-json\/wp\/v2\/product_cat?post=3391"},{"taxonomy":"product_tag","embeddable":true,"href":"https:\/\/chicchem.com\/fr\/wp-json\/wp\/v2\/product_tag?post=3391"}],"curies":[{"name":"wp","href":"https:\/\/api.w.org\/{rel}","templated":true}]}}