{"id":3394,"date":"2024-06-21T02:45:38","date_gmt":"2024-06-21T02:45:38","guid":{"rendered":"https:\/\/chicchem.com\/?post_type=product&#038;p=3394"},"modified":"2024-08-07T08:04:07","modified_gmt":"2024-08-07T08:04:07","slug":"chicstab-245","status":"publish","type":"product","link":"https:\/\/chicchem.com\/fr\/produit\/chicstab-245\/","title":{"rendered":"Chicstab245"},"content":{"rendered":"<p><span style=\"color: #94bd75;\"><strong><b>Description du produit<\/b><\/strong><\/span><\/p>\n<p><span style=\"color: #000000;\">N \u00b0 CAS.  36443-68-2<\/span><\/p>\n<p><span style=\"color: #000000;\">Ce produit est un antioxydant ph\u00e9nolique encombr\u00e9 non polluant.  Il pr\u00e9sente une excellente compatibilit\u00e9 avec les polym\u00e8res, une r\u00e9sistance \u00e9lev\u00e9e \u00e0 la chaleur et \u00e0 l\u2019oxyg\u00e8ne, une faible volatilit\u00e9 et des capacit\u00e9s sup\u00e9rieures de r\u00e9sistance \u00e0 l\u2019oxydation et de r\u00e9tention de couleur. Lorsqu&#039;il est combin\u00e9 avec des antioxydants contenant du thio\u00e9ther ou du phosphore, il pr\u00e9sente un effet synergique significatif. Il est \u00e9galement compatible avec diff\u00e9rents types de stabilisateurs de lumi\u00e8re et a \u00e9t\u00e9 approuv\u00e9 pour une utilisation dans les mat\u00e9riaux d&#039;emballage en contact avec les aliments.\u00a0<\/span><\/p>\n<p><span style=\"color: #94bd75;\"><strong><b>Propri\u00e9t\u00e9s physiques\u00a0<\/b><\/strong><\/span><\/p>\n<table>\n<tbody>\n<tr>\n<td style=\"background-color: #c9e4b4;\" width=\"664\"><span style=\"color: #000000;\">Forme physique<\/span><\/td>\n<td width=\"650\"><span style=\"color: #000000;\">poudre cristalline blanche ou blanc cass\u00e9<\/span><\/td>\n<\/tr>\n<tr>\n<td style=\"background-color: #c9e4b4;\" width=\"664\"><span style=\"color: #000000;\">Point de fusion<\/span><\/td>\n<td width=\"650\"><span style=\"color: #000000;\">76,0 \u2103-79,0 \u2103<\/span><\/td>\n<\/tr>\n<tr>\n<td style=\"background-color: #c9e4b4;\" width=\"664\"><span style=\"color: #000000;\">Solubilit\u00e9<\/span><\/td>\n<td width=\"650\"><span style=\"color: #000000;\">clair 10g\/100g de chloroforme<\/span><\/td>\n<\/tr>\n<tr>\n<td style=\"background-color: #c9e4b4;\" width=\"664\"><span style=\"color: #000000;\">Transmission<\/span><\/td>\n<td width=\"650\"><span style=\"color: #000000;\">425 nm \u2265 95,01 TP3T\u00a0; 500 nm \u2265 97,01 TP3T<\/span><\/td>\n<\/tr>\n<tr>\n<td style=\"background-color: #c9e4b4;\" width=\"664\"><span style=\"color: #000000;\">Mati\u00e8re volatile<\/span><\/td>\n<td width=\"650\"><span style=\"color: #000000;\">\u22640,5%<\/span><\/td>\n<\/tr>\n<tr>\n<td style=\"background-color: #c9e4b4;\" width=\"664\"><span style=\"color: #000000;\">Puret\u00e9<\/span><\/td>\n<td width=\"650\"><span style=\"color: #000000;\">\u226598,0%<\/span><\/td>\n<\/tr>\n<\/tbody>\n<\/table>\n<p><span style=\"color: #94bd75;\"><strong>\u00a0<\/strong><strong><b>Caract\u00e9ristiques et avantages<\/b><\/strong><\/span><\/p>\n<p><span style=\"color: #000000;\">Chicstab 245 est particuli\u00e8rement adapt\u00e9 pour am\u00e9liorer la stabilit\u00e9 thermique des monom\u00e8res et copolym\u00e8res HIPS, ABS, AS, MBS, SBR, POM. De plus, il trouve des applications dans le PU, le PA, le PVC et d&#039;autres polym\u00e8res, contribuant \u00e0 leur stabilit\u00e9 thermique \u00e0 long terme.<\/span><\/p>\n<p><span style=\"color: #94bd75;\"><strong>\u00a0<\/strong><strong><b>Guide d&#039;utilisation<\/b><\/strong><\/span><\/p>\n<ul>\n<li><span style=\"color: #000000;\">Polym\u00e8res de styr\u00e8ne (HIPS, ABS, MBS, etc.) : 0,05% \u2013 0,5%<\/span><\/li>\n<li><span style=\"color: #000000;\">Polyoxym\u00e9thyl\u00e8ne, polyur\u00e9thane thermoplastique, etc. : 0,1% \u2013 0,5%<\/span><\/li>\n<li><span style=\"color: #000000;\">PVC (terminateur de cha\u00eene de polym\u00e9risation) : 0,02% \u2013 0,05%<\/span><\/li>\n<\/ul>\n<p><span style=\"color: #94bd75;\"><strong><b>Emballer<\/b><\/strong><\/span><\/p>\n<p><span style=\"color: #000000;\">Le produit est emball\u00e9 dans des sacs ou des cartons composites papier-plastique doubl\u00e9s de sacs en plastique, chacun<\/span><\/p>\n<p><span style=\"color: #000000;\">pesant 25 kg.<\/span><\/p>\n<p><span style=\"color: #94bd75;\"><strong><b>Dur\u00e9e de conservation<\/b><\/strong><\/span><\/p>\n<p><span style=\"color: #000000;\">24 mois \u00e0 compter de la date de production sous emballage d&#039;origine non ouvert.<\/span><\/p>\n<p><span style=\"color: #94bd75;\"><strong><b>Stockage et transport<\/b><\/strong><\/span><\/p>\n<p><span style=\"color: #000000;\">Il doit \u00eatre stock\u00e9 dans des conditions sombres, s\u00e8ches et \u00e0 basse temp\u00e9rature. Bien ferm\u00e9, apr\u00e8s ouverture, il est recommand\u00e9 de le conserver herm\u00e9tiquement et de l&#039;utiliser au plus vite. Faites attention \u00e0 \u00e9viter les fuites pendant le transport, suivez les bonnes pratiques industrielles. Manipuler avec soin pour \u00e9viter la pollution de l\u2019environnement.<\/span><\/p>","protected":false},"excerpt":{"rendered":"<p>Prot\u00e8ge les mat\u00e9riaux des dommages oxydatifs, prolongeant leur dur\u00e9e de vie.<\/p>","protected":false},"featured_media":0,"template":"","meta":{"site-sidebar-layout":"default","site-content-layout":"","ast-site-content-layout":"default","site-content-style":"default","site-sidebar-style":"default","ast-global-header-display":"","ast-banner-title-visibility":"","ast-main-header-display":"","ast-hfb-above-header-display":"","ast-hfb-below-header-display":"","ast-hfb-mobile-header-display":"","site-post-title":"","ast-breadcrumbs-content":"","ast-featured-img":"","footer-sml-layout":"","theme-transparent-header-meta":"default","adv-header-id-meta":"","stick-header-meta":"","header-above-stick-meta":"","header-main-stick-meta":"","header-below-stick-meta":"","astra-migrate-meta-layouts":"set","ast-page-background-enabled":"default","ast-page-background-meta":{"desktop":{"background-color":"","background-image":"","background-repeat":"repeat","background-position":"center center","background-size":"auto","background-attachment":"scroll","background-type":"","background-media":"","overlay-type":"","overlay-color":"","overlay-opacity":"","overlay-gradient":""},"tablet":{"background-color":"","background-image":"","background-repeat":"repeat","background-position":"center center","background-size":"auto","background-attachment":"scroll","background-type":"","background-media":"","overlay-type":"","overlay-color":"","overlay-opacity":"","overlay-gradient":""},"mobile":{"background-color":"","background-image":"","background-repeat":"repeat","background-position":"center center","background-size":"auto","background-attachment":"scroll","background-type":"","background-media":"","overlay-type":"","overlay-color":"","overlay-opacity":"","overlay-gradient":""}},"ast-content-background-meta":{"desktop":{"background-color":"var(--ast-global-color-5)","background-image":"","background-repeat":"repeat","background-position":"center center","background-size":"auto","background-attachment":"scroll","background-type":"","background-media":"","overlay-type":"","overlay-color":"","overlay-opacity":"","overlay-gradient":""},"tablet":{"background-color":"var(--ast-global-color-5)","background-image":"","background-repeat":"repeat","background-position":"center center","background-size":"auto","background-attachment":"scroll","background-type":"","background-media":"","overlay-type":"","overlay-color":"","overlay-opacity":"","overlay-gradient":""},"mobile":{"background-color":"var(--ast-global-color-5)","background-image":"","background-repeat":"repeat","background-position":"center center","background-size":"auto","background-attachment":"scroll","background-type":"","background-media":"","overlay-type":"","overlay-color":"","overlay-opacity":"","overlay-gradient":""}}},"product_brand":[],"product_cat":[18,21],"product_tag":[],"class_list":{"0":"post-3394","1":"product","2":"type-product","3":"status-publish","5":"product_cat-products","6":"product_cat-antioxidant-for-plastics-and-rubbers","7":"desktop-align-left","8":"tablet-align-left","9":"mobile-align-left","11":"first","12":"instock","13":"shipping-taxable","14":"product-type-simple"},"_links":{"self":[{"href":"https:\/\/chicchem.com\/fr\/wp-json\/wp\/v2\/product\/3394","targetHints":{"allow":["GET"]}}],"collection":[{"href":"https:\/\/chicchem.com\/fr\/wp-json\/wp\/v2\/product"}],"about":[{"href":"https:\/\/chicchem.com\/fr\/wp-json\/wp\/v2\/types\/product"}],"wp:attachment":[{"href":"https:\/\/chicchem.com\/fr\/wp-json\/wp\/v2\/media?parent=3394"}],"wp:term":[{"taxonomy":"product_brand","embeddable":true,"href":"https:\/\/chicchem.com\/fr\/wp-json\/wp\/v2\/product_brand?post=3394"},{"taxonomy":"product_cat","embeddable":true,"href":"https:\/\/chicchem.com\/fr\/wp-json\/wp\/v2\/product_cat?post=3394"},{"taxonomy":"product_tag","embeddable":true,"href":"https:\/\/chicchem.com\/fr\/wp-json\/wp\/v2\/product_tag?post=3394"}],"curies":[{"name":"wp","href":"https:\/\/api.w.org\/{rel}","templated":true}]}}