{"id":3397,"date":"2024-06-21T02:50:05","date_gmt":"2024-06-21T02:50:05","guid":{"rendered":"https:\/\/chicchem.com\/?post_type=product&#038;p=3397"},"modified":"2024-06-21T02:51:19","modified_gmt":"2024-06-21T02:51:19","slug":"chicstab-405","status":"publish","type":"product","link":"https:\/\/chicchem.com\/fr\/produit\/chicstab-405\/","title":{"rendered":"Chicstab405"},"content":{"rendered":"<p><span style=\"color: #94bd75;\"><strong><b>Description du produit<\/b><\/strong><\/span><\/p>\n<p><span style=\"color: #000000;\">N \u00b0 CAS.  10081-67-1<\/span><\/p>\n<p><span style=\"color: #000000;\">Ce produit est l\u2019un des rares antioxydants non toxiques, inodores et de couleur claire parmi les antioxydants amin\u00e9s. En raison de son poids mol\u00e9culaire \u00e9lev\u00e9 et de sa faible volatilit\u00e9, il offre une durabilit\u00e9 antioxydante nettement meilleure que les antioxydants ph\u00e9noliques tels que le SP, 1010 et le BHT (264), ce qui en fait un substitut id\u00e9al. Il pr\u00e9sente un effet synergique b\u00e9n\u00e9fique avec les antioxydants contenant du soufre. Bien que ce produit puisse subir de l\u00e9gers changements de couleur lors d&#039;une exposition prolong\u00e9e au soleil et \u00e0 l&#039;air, il ne migre pas.<\/span><\/p>\n<p><span style=\"color: #000000;\">De plus, il sert d\u2019antioxydant anti-\u00e2ge r\u00e9sistant \u00e0 la lumi\u00e8re dans le poly\u00e9ther et ses mousses plastiques, et peut \u00eatre utilis\u00e9 dans les huiles lubrifiantes. Cet antioxydant non polluant est g\u00e9n\u00e9ralement utilis\u00e9 dans les formulations g\u00e9n\u00e9rales de caoutchouc et de plastique \u00e0 une dose de 1 \u00e0 3 parties. Il se disperse facilement dans les m\u00e9langes de caoutchouc et n&#039;affecte pas de mani\u00e8re significative les caract\u00e9ristiques de vulcanisation.<\/span><\/p>\n<p><span style=\"color: #94bd75;\"><strong><b>Propri\u00e9t\u00e9s physiques<\/b><\/strong><\/span><\/p>\n<table>\n<tbody>\n<tr>\n<td style=\"background-color: #c9e4b4;\" width=\"467\"><span style=\"color: #000000;\">Forme physique<\/span><\/td>\n<td width=\"710\"><span style=\"color: #000000;\">poudre cristalline blanche<\/span><\/td>\n<\/tr>\n<tr>\n<td style=\"background-color: #c9e4b4;\" width=\"467\"><span style=\"color: #000000;\">Contenu efficace, %<\/span><\/td>\n<td width=\"710\"><span style=\"color: #000000;\">\u226598,0<\/span><\/td>\n<\/tr>\n<tr>\n<td style=\"background-color: #c9e4b4;\" width=\"467\"><span style=\"color: #000000;\">Point de fusion, \u2103<\/span><\/td>\n<td width=\"710\"><span style=\"color: #000000;\">\u226598,5<\/span><\/td>\n<\/tr>\n<tr>\n<td style=\"background-color: #c9e4b4;\" width=\"467\"><span style=\"color: #000000;\">Volatilisant, %<\/span><\/td>\n<td width=\"710\"><span style=\"color: #000000;\">\u22640,20<\/span><\/td>\n<\/tr>\n<tr>\n<td style=\"background-color: #c9e4b4;\" width=\"467\"><span style=\"color: #000000;\">Teneur en cendres, \u2103<\/span><\/td>\n<td width=\"710\"><span style=\"color: #000000;\">\u22640,10<\/span><\/td>\n<\/tr>\n<\/tbody>\n<\/table>\n<p><span style=\"color: #94bd75;\"><strong><b>Caract\u00e9ristiques et avantages<\/b><\/strong><\/span><\/p>\n<p><span style=\"color: #000000;\">Haute solubilit\u00e9 dans le caoutchouc et divers solvants organiques, l\u00e9g\u00e8re solubilit\u00e9 dans l&#039;eau et l&#039;\u00e9thanol, caract\u00e9ris\u00e9e par un poids mol\u00e9culaire \u00e9lev\u00e9 et une faible volatilit\u00e9.<\/span><\/p>\n<p><span style=\"color: #94bd75;\"><strong><b>Application<\/b><\/strong><\/span><\/p>\n<p><span style=\"color: #000000;\">Il trouve de nombreuses applications dans divers \u00e9lastom\u00e8res, m\u00e9langes ma\u00eetres de plastique (par exemple PE, PP, PVC), mousses de polyur\u00e9thane, fils de caoutchouc, c\u00e2bles, mat\u00e9riaux d&#039;emballage alimentaire et adh\u00e9sifs. Il est particuli\u00e8rement efficace dans les gaines de c\u00e2bles color\u00e9es en n\u00e9opr\u00e8ne, offrant une r\u00e9sistance remarquable \u00e0 la chaleur, \u00e0 la lumi\u00e8re et au vieillissement.<\/span><\/p>\n<p><span style=\"color: #94bd75;\"><strong><b>Emballer<\/b><\/strong><\/span><\/p>\n<p><span style=\"color: #000000;\">Conditionn\u00e9 en sacs composites papier-plastique de 25 kg ou en f\u00fbts carton doubl\u00e9s de sacs plastique.<\/span><\/p>\n<p><span style=\"color: #94bd75;\"><strong><b>Dur\u00e9e de conservation<\/b><\/strong><\/span><\/p>\n<p><span style=\"color: #000000;\">24 mois \u00e0 compter de la date de production sous emballage d&#039;origine non ouvert.<\/span><\/p>\n<p><span style=\"color: #94bd75;\"><strong><b>Stockage <\/b><\/strong><\/span><\/p>\n<p><span style=\"color: #000000;\">Conserver dans un environnement sombre, sec et frais, en gardant le r\u00e9cipient bien ferm\u00e9.<\/span><\/p>","protected":false},"excerpt":{"rendered":"<p>Prot\u00e8ge les mat\u00e9riaux des dommages oxydatifs, prolongeant leur dur\u00e9e de vie.<\/p>","protected":false},"featured_media":0,"template":"","meta":{"site-sidebar-layout":"default","site-content-layout":"","ast-site-content-layout":"default","site-content-style":"default","site-sidebar-style":"default","ast-global-header-display":"","ast-banner-title-visibility":"","ast-main-header-display":"","ast-hfb-above-header-display":"","ast-hfb-below-header-display":"","ast-hfb-mobile-header-display":"","site-post-title":"","ast-breadcrumbs-content":"","ast-featured-img":"","footer-sml-layout":"","theme-transparent-header-meta":"default","adv-header-id-meta":"","stick-header-meta":"","header-above-stick-meta":"","header-main-stick-meta":"","header-below-stick-meta":"","astra-migrate-meta-layouts":"set","ast-page-background-enabled":"default","ast-page-background-meta":{"desktop":{"background-color":"","background-image":"","background-repeat":"repeat","background-position":"center center","background-size":"auto","background-attachment":"scroll","background-type":"","background-media":"","overlay-type":"","overlay-color":"","overlay-opacity":"","overlay-gradient":""},"tablet":{"background-color":"","background-image":"","background-repeat":"repeat","background-position":"center center","background-size":"auto","background-attachment":"scroll","background-type":"","background-media":"","overlay-type":"","overlay-color":"","overlay-opacity":"","overlay-gradient":""},"mobile":{"background-color":"","background-image":"","background-repeat":"repeat","background-position":"center center","background-size":"auto","background-attachment":"scroll","background-type":"","background-media":"","overlay-type":"","overlay-color":"","overlay-opacity":"","overlay-gradient":""}},"ast-content-background-meta":{"desktop":{"background-color":"var(--ast-global-color-5)","background-image":"","background-repeat":"repeat","background-position":"center center","background-size":"auto","background-attachment":"scroll","background-type":"","background-media":"","overlay-type":"","overlay-color":"","overlay-opacity":"","overlay-gradient":""},"tablet":{"background-color":"var(--ast-global-color-5)","background-image":"","background-repeat":"repeat","background-position":"center center","background-size":"auto","background-attachment":"scroll","background-type":"","background-media":"","overlay-type":"","overlay-color":"","overlay-opacity":"","overlay-gradient":""},"mobile":{"background-color":"var(--ast-global-color-5)","background-image":"","background-repeat":"repeat","background-position":"center center","background-size":"auto","background-attachment":"scroll","background-type":"","background-media":"","overlay-type":"","overlay-color":"","overlay-opacity":"","overlay-gradient":""}}},"product_brand":[],"product_cat":[18,21],"product_tag":[],"class_list":{"0":"post-3397","1":"product","2":"type-product","3":"status-publish","5":"product_cat-products","6":"product_cat-antioxidant-for-plastics-and-rubbers","7":"desktop-align-left","8":"tablet-align-left","9":"mobile-align-left","11":"first","12":"instock","13":"shipping-taxable","14":"product-type-simple"},"_links":{"self":[{"href":"https:\/\/chicchem.com\/fr\/wp-json\/wp\/v2\/product\/3397","targetHints":{"allow":["GET"]}}],"collection":[{"href":"https:\/\/chicchem.com\/fr\/wp-json\/wp\/v2\/product"}],"about":[{"href":"https:\/\/chicchem.com\/fr\/wp-json\/wp\/v2\/types\/product"}],"wp:attachment":[{"href":"https:\/\/chicchem.com\/fr\/wp-json\/wp\/v2\/media?parent=3397"}],"wp:term":[{"taxonomy":"product_brand","embeddable":true,"href":"https:\/\/chicchem.com\/fr\/wp-json\/wp\/v2\/product_brand?post=3397"},{"taxonomy":"product_cat","embeddable":true,"href":"https:\/\/chicchem.com\/fr\/wp-json\/wp\/v2\/product_cat?post=3397"},{"taxonomy":"product_tag","embeddable":true,"href":"https:\/\/chicchem.com\/fr\/wp-json\/wp\/v2\/product_tag?post=3397"}],"curies":[{"name":"wp","href":"https:\/\/api.w.org\/{rel}","templated":true}]}}