{"id":3398,"date":"2024-06-21T02:51:27","date_gmt":"2024-06-21T02:51:27","guid":{"rendered":"https:\/\/chicchem.com\/?post_type=product&#038;p=3398"},"modified":"2024-08-07T08:41:35","modified_gmt":"2024-08-07T08:41:35","slug":"chicstab-531","status":"publish","type":"product","link":"https:\/\/chicchem.com\/fr\/produit\/chicstab-531\/","title":{"rendered":"Chictab 531"},"content":{"rendered":"<p><span style=\"color: #94bd75;\"><strong><b>Description du produit<\/b><\/strong><\/span><\/p>\n<p>N \u00b0 CAS.  1843-05-6<\/p>\n<p>Chicstab531 est un absorbeur d&#039;ultraviolets de benzoph\u00e9none, reconnu pour ses propri\u00e9t\u00e9s anti-\u00e2ge de haute efficacit\u00e9 et ses excellentes performances. Il absorbe efficacement la lumi\u00e8re ultraviolette dans la plage de 240 \u00e0 340 nanom\u00e8tres. Avec des attributs tels que la couleur claire, la non-toxicit\u00e9, une bonne compatibilit\u00e9, une migration minimale et la facilit\u00e9 de traitement, il offre une protection significative aux polym\u00e8res. Cet absorbeur d&#039;UV aide \u00e0 r\u00e9duire la coloration, retarde le jaunissement et retarde la perte des propri\u00e9t\u00e9s physiques.<\/p>\n<p><span style=\"color: #94bd75;\"><strong><b>Propri\u00e9t\u00e9s physiques\u00a0<\/b><\/strong><\/span><\/p>\n<table>\n<tbody>\n<tr>\n<td style=\"background-color: #c9e4b4;\" width=\"547\">Forme physique<\/td>\n<td width=\"630\">poudre jaune clair<\/td>\n<\/tr>\n<tr>\n<td style=\"background-color: #c9e4b4;\" width=\"547\">Point de fusion, \u2103<\/td>\n<td width=\"630\">47.0~49.0<\/td>\n<\/tr>\n<tr>\n<td style=\"background-color: #c9e4b4;\" width=\"547\">Volatilisant, %<\/td>\n<td width=\"630\">\u22640,50<\/td>\n<\/tr>\n<tr>\n<td style=\"background-color: #c9e4b4;\" width=\"547\">Contenu efficace, %<\/td>\n<td width=\"630\">\u226599,0<\/td>\n<\/tr>\n<tr>\n<td style=\"background-color: #c9e4b4;\" width=\"547\">Teneur en cendres, %<\/td>\n<td width=\"630\">\u22640,10<\/td>\n<\/tr>\n<\/tbody>\n<\/table>\n<p><span style=\"color: #94bd75;\"><strong><b>Caract\u00e9ristiques et avantages<\/b><\/strong><\/span><\/p>\n<p>soluble dans l&#039;ac\u00e9tone, le benz\u00e8ne, le chloroforme, l&#039;ac\u00e9tate d&#039;\u00e9thyle, l\u00e9g\u00e8rement soluble dans l&#039;\u00e9thanol, insoluble dans l&#039;eau.<\/p>\n<p><span style=\"color: #94bd75;\"><strong><b>Application<\/b><\/strong><\/span><\/p>\n<p>Il est largement utilis\u00e9 dans le PE, le PVC, le PP, le PS, le PC, le plexiglas, les fibres de polypropyl\u00e8ne et l&#039;\u00e9thyl\u00e8ne-ac\u00e9tate de vinyle, entre autres mat\u00e9riaux. De plus, il offre une excellente stabilisation de la lumi\u00e8re pour les vernis ph\u00e9noliques et alkydes secs, les polyur\u00e9thanes, les acryliques, les \u00e9poxy et autres produits s\u00e9chant \u00e0 l&#039;air. Les applications s&#039;\u00e9tendent aux peintures de finition automobile, aux rev\u00eatements en poudre, aux polyur\u00e9thanes et aux produits en caoutchouc, offrant une protection UV efficace et am\u00e9liorant la durabilit\u00e9.<\/p>\n<p><span style=\"color: #94bd75;\"><strong><b>Emballer<\/b><\/strong><\/span><\/p>\n<p>Il est conditionn\u00e9 dans des sacs composites papier-plastique ou des cartons doubl\u00e9s de sacs en plastique contenant chacun un poids net de 25 kg.<\/p>\n<p><span style=\"color: #94bd75;\"><strong><b>Dur\u00e9e de conservation <\/b><\/strong><\/span><\/p>\n<p>12 mois \u00e0 compter de la date de production sous emballage d&#039;origine non ouvert.<\/p>\n<p><span style=\"color: #94bd75;\"><strong><b>Stockage et transport<\/b><\/strong><\/span><\/p>\n<p>Il doit \u00eatre conserv\u00e9 dans des conditions sombres, s\u00e8ches et \u00e0 basse temp\u00e9rature, en gardant le r\u00e9cipient herm\u00e9tiquement ferm\u00e9. apr\u00e8s ouverture, il est recommand\u00e9 de le conserver herm\u00e9tiquement et de l&#039;utiliser au plus vite. Faites attention \u00e0 \u00e9viter les fuites pendant le transport, suivez les bonnes pratiques industrielles. Manipuler avec soin pour \u00e9viter la pollution de l\u2019environnement.<\/p>","protected":false},"excerpt":{"rendered":"<p>Prot\u00e8ge les mat\u00e9riaux des dommages oxydatifs, prolongeant leur dur\u00e9e de vie.<\/p>","protected":false},"featured_media":0,"template":"","meta":{"site-sidebar-layout":"default","site-content-layout":"","ast-site-content-layout":"default","site-content-style":"default","site-sidebar-style":"default","ast-global-header-display":"","ast-banner-title-visibility":"","ast-main-header-display":"","ast-hfb-above-header-display":"","ast-hfb-below-header-display":"","ast-hfb-mobile-header-display":"","site-post-title":"","ast-breadcrumbs-content":"","ast-featured-img":"","footer-sml-layout":"","theme-transparent-header-meta":"default","adv-header-id-meta":"","stick-header-meta":"","header-above-stick-meta":"","header-main-stick-meta":"","header-below-stick-meta":"","astra-migrate-meta-layouts":"set","ast-page-background-enabled":"default","ast-page-background-meta":{"desktop":{"background-color":"","background-image":"","background-repeat":"repeat","background-position":"center center","background-size":"auto","background-attachment":"scroll","background-type":"","background-media":"","overlay-type":"","overlay-color":"","overlay-opacity":"","overlay-gradient":""},"tablet":{"background-color":"","background-image":"","background-repeat":"repeat","background-position":"center center","background-size":"auto","background-attachment":"scroll","background-type":"","background-media":"","overlay-type":"","overlay-color":"","overlay-opacity":"","overlay-gradient":""},"mobile":{"background-color":"","background-image":"","background-repeat":"repeat","background-position":"center center","background-size":"auto","background-attachment":"scroll","background-type":"","background-media":"","overlay-type":"","overlay-color":"","overlay-opacity":"","overlay-gradient":""}},"ast-content-background-meta":{"desktop":{"background-color":"var(--ast-global-color-5)","background-image":"","background-repeat":"repeat","background-position":"center center","background-size":"auto","background-attachment":"scroll","background-type":"","background-media":"","overlay-type":"","overlay-color":"","overlay-opacity":"","overlay-gradient":""},"tablet":{"background-color":"var(--ast-global-color-5)","background-image":"","background-repeat":"repeat","background-position":"center center","background-size":"auto","background-attachment":"scroll","background-type":"","background-media":"","overlay-type":"","overlay-color":"","overlay-opacity":"","overlay-gradient":""},"mobile":{"background-color":"var(--ast-global-color-5)","background-image":"","background-repeat":"repeat","background-position":"center center","background-size":"auto","background-attachment":"scroll","background-type":"","background-media":"","overlay-type":"","overlay-color":"","overlay-opacity":"","overlay-gradient":""}}},"product_brand":[],"product_cat":[18,21],"product_tag":[],"class_list":{"0":"post-3398","1":"product","2":"type-product","3":"status-publish","5":"product_cat-products","6":"product_cat-antioxidant-for-plastics-and-rubbers","7":"desktop-align-left","8":"tablet-align-left","9":"mobile-align-left","11":"first","12":"instock","13":"shipping-taxable","14":"product-type-simple"},"_links":{"self":[{"href":"https:\/\/chicchem.com\/fr\/wp-json\/wp\/v2\/product\/3398","targetHints":{"allow":["GET"]}}],"collection":[{"href":"https:\/\/chicchem.com\/fr\/wp-json\/wp\/v2\/product"}],"about":[{"href":"https:\/\/chicchem.com\/fr\/wp-json\/wp\/v2\/types\/product"}],"wp:attachment":[{"href":"https:\/\/chicchem.com\/fr\/wp-json\/wp\/v2\/media?parent=3398"}],"wp:term":[{"taxonomy":"product_brand","embeddable":true,"href":"https:\/\/chicchem.com\/fr\/wp-json\/wp\/v2\/product_brand?post=3398"},{"taxonomy":"product_cat","embeddable":true,"href":"https:\/\/chicchem.com\/fr\/wp-json\/wp\/v2\/product_cat?post=3398"},{"taxonomy":"product_tag","embeddable":true,"href":"https:\/\/chicchem.com\/fr\/wp-json\/wp\/v2\/product_tag?post=3398"}],"curies":[{"name":"wp","href":"https:\/\/api.w.org\/{rel}","templated":true}]}}