{"id":3399,"date":"2024-06-21T02:52:43","date_gmt":"2024-06-21T02:52:43","guid":{"rendered":"https:\/\/chicchem.com\/?post_type=product&#038;p=3399"},"modified":"2024-08-07T08:20:53","modified_gmt":"2024-08-07T08:20:53","slug":"chicstab-565","status":"publish","type":"product","link":"https:\/\/chicchem.com\/fr\/produit\/chicstab-565\/","title":{"rendered":"Chicstab 565"},"content":{"rendered":"<p><span style=\"color: #94bd75;\"><strong><b>Description du produit<\/b><\/strong><\/span><\/p>\n<p><span style=\"color: #000000;\">N \u00b0 CAS.  991-84-4<\/span><\/p>\n<p><span style=\"color: #000000;\">Ce produit est un antioxydant ph\u00e9nolique encombr\u00e9 multifonctionnel \u00e0 haute teneur en polym\u00e8re, principalement utilis\u00e9 pour la stabilisation post-traitement du caoutchouc insatur\u00e9. Il offre une protection efficace aux \u00e9lastom\u00e8res contre la d\u00e9gradation par oxydation thermique pendant la production, le traitement et l\u2019utilisation finale. Il sert d\u2019excellent antioxydant et stabilisant lumi\u00e8re\/chaleur pour diverses r\u00e9sines.<\/span><\/p>\n<p><span style=\"color: #94bd75;\"><strong><b>Propri\u00e9t\u00e9s physiques\u00a0<\/b><\/strong><\/span><\/p>\n<table>\n<tbody>\n<tr>\n<td style=\"background-color: #c9e4b4;\" width=\"467\"><span style=\"color: #000000;\">Forme physique<\/span><\/td>\n<td width=\"710\"><span style=\"color: #000000;\">Poudre cristalline blanche<\/span><\/td>\n<\/tr>\n<tr>\n<td style=\"background-color: #c9e4b4;\" width=\"467\"><span style=\"color: #000000;\">Contenu, %<\/span><\/td>\n<td width=\"710\"><span style=\"color: #000000;\">\u226598,0<\/span><\/td>\n<\/tr>\n<tr>\n<td style=\"background-color: #c9e4b4;\" width=\"467\"><span style=\"color: #000000;\">Volatilisant, %<\/span><\/td>\n<td width=\"710\"><span style=\"color: #000000;\">\u22640,50<\/span><\/td>\n<\/tr>\n<tr>\n<td style=\"background-color: #c9e4b4;\" width=\"467\"><span style=\"color: #000000;\">Point de fusion, \u2103<\/span><\/td>\n<td width=\"710\"><span style=\"color: #000000;\">91.0~96.0<\/span><\/td>\n<\/tr>\n<tr>\n<td style=\"background-color: #c9e4b4;\" rowspan=\"2\" width=\"467\"><span style=\"color: #000000;\">Transmission, %<\/span><\/td>\n<td width=\"710\"><span style=\"color: #000000;\">425 nm \u226595,0<\/span><\/td>\n<\/tr>\n<tr>\n<td width=\"710\"><span style=\"color: #000000;\">500 nm \u226597,0<\/span><\/td>\n<\/tr>\n<\/tbody>\n<\/table>\n<p><span style=\"color: #94bd75;\"><strong><b>\u00a0<\/b><\/strong><strong><b>Caract\u00e9ristiques et avantages<\/b><\/strong><\/span><\/p>\n<p><span style=\"color: #000000;\">Soluble dans le benz\u00e8ne, le tolu\u00e8ne et d\u2019autres solvants organiques\u00a0; l\u00e9g\u00e8rement soluble dans le m\u00e9thanol; insoluble dans l&#039;eau. Pr\u00e9sente une faible volatilit\u00e9 et une grande solidit\u00e9 des couleurs, avec des propri\u00e9t\u00e9s qui emp\u00eachent la formation de gel.<\/span><\/p>\n<p><span style=\"color: #94bd75;\"><strong><b>Application<\/b><\/strong><\/span><\/p>\n<p><span style=\"color: #000000;\">Caract\u00e9ris\u00e9 par de faibles taux d&#039;addition, une faible volatilit\u00e9, une stabilit\u00e9 de couleur \u00e9lev\u00e9e et une pr\u00e9vention de la formation de gel, cet antioxydant convient bien au caoutchouc butadi\u00e8ne (BR), au caoutchouc isopr\u00e8ne (IR), au caoutchouc styr\u00e8ne-butadi\u00e8ne (SBR), au caoutchouc nitrile (NBR). ), le caoutchouc styr\u00e8ne-butadi\u00e8ne carboxyl\u00e9 (XSBR), le caoutchouc polystyr\u00e8ne-butadi\u00e8ne en \u00e9mulsion (ESBR), le caoutchouc butadi\u00e8ne polym\u00e9ris\u00e9 en solution (SSBR), le caoutchouc thermoplastique styr\u00e8ne-butadi\u00e8ne (SBS) et le caoutchouc thermoplastique styr\u00e8ne-isopr\u00e8ne (SIS). Il est \u00e9galement applicable dans les adh\u00e9sifs et les r\u00e9sines naturelles et synth\u00e9tiques telles que le caoutchouc EPDM.<\/span><\/p>\n<p><span style=\"color: #94bd75;\"><strong><b>Emballer<\/b><\/strong><\/span><\/p>\n<p><span style=\"color: #000000;\">Il est conditionn\u00e9 dans des sacs composites papier-plastique ou des cartons doubl\u00e9s de sacs en plastique contenant chacun un poids net de 25 kg.<\/span><\/p>\n<p><span style=\"color: #94bd75;\"><strong><b>Dur\u00e9e de conservation<\/b><\/strong><\/span><\/p>\n<p><span style=\"color: #000000;\">24 mois \u00e0 compter de la date de production sous emballage d&#039;origine non ouvert.<\/span><\/p>\n<p><span style=\"color: #94bd75;\"><strong><b>Stockage et transport<\/b><\/strong><\/span><\/p>\n<p><span style=\"color: #000000;\">Il doit \u00eatre conserv\u00e9 dans des conditions sombres, s\u00e8ches et \u00e0 basse temp\u00e9rature, en gardant le r\u00e9cipient herm\u00e9tiquement ferm\u00e9.  apr\u00e8s ouverture, il est recommand\u00e9 de le conserver herm\u00e9tiquement et de l&#039;utiliser au plus vite. Faites attention \u00e0 \u00e9viter les fuites pendant le transport, suivez les bonnes pratiques industrielles. Manipuler avec soin pour \u00e9viter la pollution de l\u2019environnement.<\/span><\/p>","protected":false},"excerpt":{"rendered":"<p>Prot\u00e8ge les mat\u00e9riaux des dommages oxydatifs, prolongeant leur dur\u00e9e de vie.<\/p>","protected":false},"featured_media":0,"template":"","meta":{"site-sidebar-layout":"default","site-content-layout":"","ast-site-content-layout":"default","site-content-style":"default","site-sidebar-style":"default","ast-global-header-display":"","ast-banner-title-visibility":"","ast-main-header-display":"","ast-hfb-above-header-display":"","ast-hfb-below-header-display":"","ast-hfb-mobile-header-display":"","site-post-title":"","ast-breadcrumbs-content":"","ast-featured-img":"","footer-sml-layout":"","theme-transparent-header-meta":"default","adv-header-id-meta":"","stick-header-meta":"","header-above-stick-meta":"","header-main-stick-meta":"","header-below-stick-meta":"","astra-migrate-meta-layouts":"set","ast-page-background-enabled":"default","ast-page-background-meta":{"desktop":{"background-color":"","background-image":"","background-repeat":"repeat","background-position":"center center","background-size":"auto","background-attachment":"scroll","background-type":"","background-media":"","overlay-type":"","overlay-color":"","overlay-opacity":"","overlay-gradient":""},"tablet":{"background-color":"","background-image":"","background-repeat":"repeat","background-position":"center center","background-size":"auto","background-attachment":"scroll","background-type":"","background-media":"","overlay-type":"","overlay-color":"","overlay-opacity":"","overlay-gradient":""},"mobile":{"background-color":"","background-image":"","background-repeat":"repeat","background-position":"center center","background-size":"auto","background-attachment":"scroll","background-type":"","background-media":"","overlay-type":"","overlay-color":"","overlay-opacity":"","overlay-gradient":""}},"ast-content-background-meta":{"desktop":{"background-color":"var(--ast-global-color-5)","background-image":"","background-repeat":"repeat","background-position":"center center","background-size":"auto","background-attachment":"scroll","background-type":"","background-media":"","overlay-type":"","overlay-color":"","overlay-opacity":"","overlay-gradient":""},"tablet":{"background-color":"var(--ast-global-color-5)","background-image":"","background-repeat":"repeat","background-position":"center center","background-size":"auto","background-attachment":"scroll","background-type":"","background-media":"","overlay-type":"","overlay-color":"","overlay-opacity":"","overlay-gradient":""},"mobile":{"background-color":"var(--ast-global-color-5)","background-image":"","background-repeat":"repeat","background-position":"center center","background-size":"auto","background-attachment":"scroll","background-type":"","background-media":"","overlay-type":"","overlay-color":"","overlay-opacity":"","overlay-gradient":""}}},"product_brand":[],"product_cat":[18,21],"product_tag":[],"class_list":{"0":"post-3399","1":"product","2":"type-product","3":"status-publish","5":"product_cat-products","6":"product_cat-antioxidant-for-plastics-and-rubbers","7":"desktop-align-left","8":"tablet-align-left","9":"mobile-align-left","11":"first","12":"instock","13":"shipping-taxable","14":"product-type-simple"},"_links":{"self":[{"href":"https:\/\/chicchem.com\/fr\/wp-json\/wp\/v2\/product\/3399","targetHints":{"allow":["GET"]}}],"collection":[{"href":"https:\/\/chicchem.com\/fr\/wp-json\/wp\/v2\/product"}],"about":[{"href":"https:\/\/chicchem.com\/fr\/wp-json\/wp\/v2\/types\/product"}],"wp:attachment":[{"href":"https:\/\/chicchem.com\/fr\/wp-json\/wp\/v2\/media?parent=3399"}],"wp:term":[{"taxonomy":"product_brand","embeddable":true,"href":"https:\/\/chicchem.com\/fr\/wp-json\/wp\/v2\/product_brand?post=3399"},{"taxonomy":"product_cat","embeddable":true,"href":"https:\/\/chicchem.com\/fr\/wp-json\/wp\/v2\/product_cat?post=3399"},{"taxonomy":"product_tag","embeddable":true,"href":"https:\/\/chicchem.com\/fr\/wp-json\/wp\/v2\/product_tag?post=3399"}],"curies":[{"name":"wp","href":"https:\/\/api.w.org\/{rel}","templated":true}]}}