{"id":3400,"date":"2024-06-21T02:54:01","date_gmt":"2024-06-21T02:54:01","guid":{"rendered":"https:\/\/chicchem.com\/?post_type=product&#038;p=3400"},"modified":"2024-08-07T08:49:07","modified_gmt":"2024-08-07T08:49:07","slug":"chicstab-597b","status":"publish","type":"product","link":"https:\/\/chicchem.com\/fr\/produit\/chicstab-597b\/","title":{"rendered":"Chicstab597B"},"content":{"rendered":"<p><span style=\"color: #94bd75;\"><strong><b>Description du produit<\/b><\/strong><\/span><\/p>\n<p><span style=\"color: #000000;\">Chicstab 597B est un antioxydant liquide avanc\u00e9 con\u00e7u pour pr\u00e9venir efficacement le jaunissement des polym\u00e8res dans des applications telles que les rev\u00eatements de polyur\u00e9thane \u00e0 deux composants, la mousse flexible de polyur\u00e9thane et les \u00e9lastom\u00e8res thermoplastiques de polyur\u00e9thane. Il prot\u00e8ge les produits en polyur\u00e9thane de la d\u00e9gradation pendant le traitement, ainsi que de la lumi\u00e8re et des changements environnementaux. Les applications typiques incluent les mat\u00e9riaux pour chaussures, les pi\u00e8ces int\u00e9rieures d&#039;automobiles (par exemple, volants, produits d&#039;\u00e9tanch\u00e9it\u00e9 pour fen\u00eatres) et les composants de meubles tels que les dossiers et les accoudoirs de chaises.<\/span><\/p>\n<p><span style=\"color: #000000;\">Chicstab 597B s&#039;int\u00e8gre parfaitement aux syst\u00e8mes de polyur\u00e9thane aromatique ou aliphatique pour divers processus tels que le moulage par injection, le moussage et le rev\u00eatement. Il convient \u00e0 une utilisation sur des mat\u00e9riaux naturels et color\u00e9s, garantissant une r\u00e9sistance au vieillissement l\u00e9ger et une stabilit\u00e9 des couleurs. Pendant la phase polyol, il emp\u00eache la pr\u00e9cipitation des additifs m\u00eame \u00e0 basse temp\u00e9rature et sert \u00e0 emp\u00eacher la combustion du noyau dans la mousse souple de polyur\u00e9thane.<\/span><\/p>\n<p><span style=\"color: #94bd75;\"><strong><b>Propri\u00e9t\u00e9s physiques\u00a0<\/b><\/strong><\/span><\/p>\n<table>\n<tbody>\n<tr>\n<td style=\"background-color: #c9e4b4;\" width=\"547\"><span style=\"color: #000000;\">Forme physique\u00a0<\/span><\/td>\n<td width=\"630\"><span style=\"color: #000000;\">Liquide visqueux jaune clair \u00e0 jaune<\/span><\/td>\n<\/tr>\n<tr>\n<td style=\"background-color: #c9e4b4;\" width=\"547\"><span style=\"color: #000000;\">Indice de r\u00e9fraction 25\u2103<\/span><\/td>\n<td width=\"630\"><span style=\"color: #000000;\">1.535~1.575<\/span><\/td>\n<\/tr>\n<tr>\n<td style=\"background-color: #c9e4b4;\" width=\"547\"><span style=\"color: #000000;\">Viscosit\u00e9\/Mpa.s 25\u2103<\/span><\/td>\n<td width=\"630\"><span style=\"color: #000000;\">300~800<\/span><\/td>\n<\/tr>\n<\/tbody>\n<\/table>\n<p><span style=\"color: #94bd75;\"><strong><b>Caract\u00e9ristiques et avantages<\/b><\/strong><\/span><\/p>\n<p><span style=\"color: #000000;\">Poudre cristalline jaune clair, soluble dans l&#039;ac\u00e9tone, le benz\u00e8ne, le chloroforme, l&#039;ac\u00e9tate d&#039;\u00e9thyle, l\u00e9g\u00e8rement soluble dans l&#039;\u00e9thanol, insoluble dans l&#039;eau.<\/span><\/p>\n<p><span style=\"color: #94bd75;\"><strong><b>Application<\/b><\/strong><\/span><\/p>\n<p><span style=\"color: #000000;\">Les domaines d&#039;application englobent les applications de polyur\u00e9thane telles que le polyur\u00e9thane RIM, le TPU, le cuir artificiel et le polyur\u00e9thane moul\u00e9. Il est \u00e9galement applicable aux mastics, adh\u00e9sifs, polyur\u00e9thanes imperm\u00e9abilisants, rev\u00eatements de sol et mousses monolithiques en fonction des besoins sp\u00e9cifiques des clients.<\/span><\/p>\n<p><span style=\"color: #94bd75;\"><strong><b>Guide d&#039;utilisation<\/b><\/strong><\/span><\/p>\n<p><span style=\"color: #000000;\">Le dosage recommand\u00e9 varie de 0,2% \u00e0 1,0%, adapt\u00e9 aux exigences sp\u00e9cifiques de chaque application.<\/span><\/p>\n<p><span style=\"color: #94bd75;\"><strong><b>Emballer<\/b><\/strong><\/span><\/p>\n<p><span style=\"color: #000000;\">Tambour en plastique de 25 kg\u00a0; Tambour en fer galvanis\u00e9 190KG\/<\/span><\/p>\n<p><span style=\"color: #94bd75;\"><strong><b>Dur\u00e9e de conservation <\/b><\/strong><\/span><\/p>\n<p><span style=\"color: #000000;\">12 mois \u00e0 compter de la date de production sous emballage d&#039;origine non ouvert.<\/span><\/p>\n<p><span style=\"color: #94bd75;\"><strong><b>Stockage et transport<\/b><\/strong><\/span><\/p>\n<p><span style=\"color: #000000;\">Il doit \u00eatre conserv\u00e9 dans des conditions sombres, s\u00e8ches et \u00e0 basse temp\u00e9rature, en gardant le r\u00e9cipient herm\u00e9tiquement ferm\u00e9.  apr\u00e8s ouverture, il est recommand\u00e9 de le conserver herm\u00e9tiquement et de l&#039;utiliser au plus vite. Faites attention \u00e0 \u00e9viter les fuites pendant le transport, suivez les bonnes pratiques industrielles. Manipuler avec soin pour \u00e9viter la pollution de l\u2019environnement.<\/span><\/p>","protected":false},"excerpt":{"rendered":"<p>Prot\u00e8ge les mat\u00e9riaux des dommages oxydatifs, prolongeant leur dur\u00e9e de vie.<\/p>","protected":false},"featured_media":0,"template":"","meta":{"site-sidebar-layout":"default","site-content-layout":"","ast-site-content-layout":"default","site-content-style":"default","site-sidebar-style":"default","ast-global-header-display":"","ast-banner-title-visibility":"","ast-main-header-display":"","ast-hfb-above-header-display":"","ast-hfb-below-header-display":"","ast-hfb-mobile-header-display":"","site-post-title":"","ast-breadcrumbs-content":"","ast-featured-img":"","footer-sml-layout":"","theme-transparent-header-meta":"default","adv-header-id-meta":"","stick-header-meta":"","header-above-stick-meta":"","header-main-stick-meta":"","header-below-stick-meta":"","astra-migrate-meta-layouts":"set","ast-page-background-enabled":"default","ast-page-background-meta":{"desktop":{"background-color":"","background-image":"","background-repeat":"repeat","background-position":"center center","background-size":"auto","background-attachment":"scroll","background-type":"","background-media":"","overlay-type":"","overlay-color":"","overlay-opacity":"","overlay-gradient":""},"tablet":{"background-color":"","background-image":"","background-repeat":"repeat","background-position":"center center","background-size":"auto","background-attachment":"scroll","background-type":"","background-media":"","overlay-type":"","overlay-color":"","overlay-opacity":"","overlay-gradient":""},"mobile":{"background-color":"","background-image":"","background-repeat":"repeat","background-position":"center center","background-size":"auto","background-attachment":"scroll","background-type":"","background-media":"","overlay-type":"","overlay-color":"","overlay-opacity":"","overlay-gradient":""}},"ast-content-background-meta":{"desktop":{"background-color":"var(--ast-global-color-5)","background-image":"","background-repeat":"repeat","background-position":"center center","background-size":"auto","background-attachment":"scroll","background-type":"","background-media":"","overlay-type":"","overlay-color":"","overlay-opacity":"","overlay-gradient":""},"tablet":{"background-color":"var(--ast-global-color-5)","background-image":"","background-repeat":"repeat","background-position":"center center","background-size":"auto","background-attachment":"scroll","background-type":"","background-media":"","overlay-type":"","overlay-color":"","overlay-opacity":"","overlay-gradient":""},"mobile":{"background-color":"var(--ast-global-color-5)","background-image":"","background-repeat":"repeat","background-position":"center center","background-size":"auto","background-attachment":"scroll","background-type":"","background-media":"","overlay-type":"","overlay-color":"","overlay-opacity":"","overlay-gradient":""}}},"product_brand":[],"product_cat":[18,21],"product_tag":[],"class_list":{"0":"post-3400","1":"product","2":"type-product","3":"status-publish","5":"product_cat-products","6":"product_cat-antioxidant-for-plastics-and-rubbers","7":"desktop-align-left","8":"tablet-align-left","9":"mobile-align-left","11":"first","12":"instock","13":"shipping-taxable","14":"product-type-simple"},"_links":{"self":[{"href":"https:\/\/chicchem.com\/fr\/wp-json\/wp\/v2\/product\/3400","targetHints":{"allow":["GET"]}}],"collection":[{"href":"https:\/\/chicchem.com\/fr\/wp-json\/wp\/v2\/product"}],"about":[{"href":"https:\/\/chicchem.com\/fr\/wp-json\/wp\/v2\/types\/product"}],"wp:attachment":[{"href":"https:\/\/chicchem.com\/fr\/wp-json\/wp\/v2\/media?parent=3400"}],"wp:term":[{"taxonomy":"product_brand","embeddable":true,"href":"https:\/\/chicchem.com\/fr\/wp-json\/wp\/v2\/product_brand?post=3400"},{"taxonomy":"product_cat","embeddable":true,"href":"https:\/\/chicchem.com\/fr\/wp-json\/wp\/v2\/product_cat?post=3400"},{"taxonomy":"product_tag","embeddable":true,"href":"https:\/\/chicchem.com\/fr\/wp-json\/wp\/v2\/product_tag?post=3400"}],"curies":[{"name":"wp","href":"https:\/\/api.w.org\/{rel}","templated":true}]}}