{"id":3404,"date":"2024-06-21T02:59:24","date_gmt":"2024-06-21T02:59:24","guid":{"rendered":"https:\/\/chicchem.com\/?post_type=product&#038;p=3404"},"modified":"2024-07-31T06:01:30","modified_gmt":"2024-07-31T06:01:30","slug":"chicstab-1010","status":"publish","type":"product","link":"https:\/\/chicchem.com\/fr\/produit\/chicstab-1010\/","title":{"rendered":"Chicstab1010"},"content":{"rendered":"<p><span style=\"color: #94bd75;\"><strong><b>Description du produit<\/b><\/strong><\/span><\/p>\n<p><span style=\"color: #000000;\">N \u00b0 CAS.  6683-19-8<\/span><\/p>\n<p><span style=\"color: #000000;\">Chicstab 1010 est un antioxydant ph\u00e9nolique encombr\u00e9 de haut poids mol\u00e9culaire, adapt\u00e9 \u00e0 diverses applications dans le PE, le PP, le PU, le polyformald\u00e9hyde, l&#039;ABS, le PVA, le caoutchouc synth\u00e9tique et les produits p\u00e9troliers. Lorsqu&#039;il est combin\u00e9 avec des antioxydants auxiliaires tels que le 168 et le DLTP, il pr\u00e9sente un effet synergique, am\u00e9liorant ses performances antioxydantes. La posologie recommand\u00e9e varie de 0,1% \u00e0 0,5%.<\/span><\/p>\n<p><span style=\"color: #94bd75;\"><strong><b>Propri\u00e9t\u00e9s physiques<\/b><\/strong><\/span><\/p>\n<table>\n<tbody>\n<tr>\n<td style=\"background-color: #c9e4b4;\" colspan=\"2\" width=\"586\"><span style=\"color: #000000;\">Forme physique<\/span><\/td>\n<td width=\"623\"><span style=\"color: #000000;\">Poudre de cristal blanc<\/span><\/td>\n<\/tr>\n<tr>\n<td style=\"background-color: #c9e4b4;\" colspan=\"2\" width=\"586\"><span style=\"color: #000000;\">Contenu principal<\/span><\/td>\n<td width=\"623\"><span style=\"color: #000000;\">\u2265 94 %<\/span><\/td>\n<\/tr>\n<tr>\n<td style=\"background-color: #c9e4b4;\" colspan=\"2\" width=\"586\"><span style=\"color: #000000;\">Point de fusion<\/span><\/td>\n<td width=\"623\"><span style=\"color: #000000;\">110 ~ 125 \u2103<\/span><\/td>\n<\/tr>\n<tr>\n<td style=\"background-color: #c9e4b4;\" colspan=\"2\" width=\"586\"><span style=\"color: #000000;\">Cendre<\/span><\/td>\n<td width=\"623\"><span style=\"color: #000000;\">\u2264 0,1 %<\/span><\/td>\n<\/tr>\n<tr>\n<td style=\"background-color: #c9e4b4;\" colspan=\"2\" width=\"586\"><span style=\"color: #000000;\">Volatilisation<\/span><\/td>\n<td width=\"623\"><span style=\"color: #000000;\">\u2264 0,5 %<\/span><\/td>\n<\/tr>\n<tr>\n<td style=\"background-color: #c9e4b4;\" colspan=\"2\" width=\"586\"><span style=\"color: #000000;\">solubilit\u00e9<\/span><\/td>\n<td width=\"623\"><span style=\"color: #000000;\">Clair, transparence<\/span><\/td>\n<\/tr>\n<tr>\n<td style=\"background-color: #c9e4b4;\" rowspan=\"2\" width=\"284\"><span style=\"color: #000000;\">Transmission<\/span><\/td>\n<td style=\"background-color: #c9e4b4;\" width=\"302\"><span style=\"color: #000000;\">425 nm<\/span><\/td>\n<td width=\"623\"><span style=\"color: #000000;\">\u2265 96 %<\/span><\/td>\n<\/tr>\n<tr>\n<td style=\"background-color: #c9e4b4;\" width=\"302\"><span style=\"color: #000000;\">500 nm<\/span><\/td>\n<td width=\"623\"><span style=\"color: #000000;\">\u2265 98 %<\/span><\/td>\n<\/tr>\n<\/tbody>\n<\/table>\n<p><span style=\"color: #94bd75;\"><strong><b>\u00a0<\/b><\/strong><strong><b>Caract\u00e9ristiques et avantages<\/b><\/strong><\/span><\/p>\n<p><span style=\"color: #000000;\">Il est soluble dans le benz\u00e8ne, l&#039;ac\u00e9tone, le chloroforme et les solvants similaires, et l\u00e9g\u00e8rement soluble dans l&#039;\u00e9thanol. Il est insoluble dans l\u2019eau, pr\u00e9sente une bonne r\u00e9sistance \u00e0 l\u2019extraction \u00e0 l\u2019eau chaude et pr\u00e9sente une faible volatilit\u00e9.<\/span><\/p>\n<p><span style=\"color: #94bd75;\"><strong><b>Emballer<\/b><\/strong><strong><b>\u00a0<\/b><\/strong><\/span><\/p>\n<p><span style=\"color: #000000;\">Il est conditionn\u00e9 dans des sacs composites papier-plastique ou des cartons doubl\u00e9s de sacs en plastique contenant chacun un poids net de 25 kg.<\/span><\/p>\n<p><span style=\"color: #94bd75;\"><strong><b>Dur\u00e9e de conservation<\/b><\/strong><\/span><\/p>\n<p><span style=\"color: #000000;\">24 mois \u00e0 compter de la date de production sous emballage d&#039;origine non ouvert.<\/span><\/p>\n<p><span style=\"color: #94bd75;\"><strong><b>Stockage et transport<\/b><\/strong><\/span><\/p>\n<p><span style=\"color: #000000;\">Il doit \u00eatre conserv\u00e9 dans des conditions sombres, s\u00e8ches et \u00e0 basse temp\u00e9rature, en gardant le r\u00e9cipient herm\u00e9tiquement ferm\u00e9.  apr\u00e8s ouverture, il est recommand\u00e9 de le conserver herm\u00e9tiquement et de l&#039;utiliser au plus vite. Faites attention \u00e0 \u00e9viter les fuites pendant le transport, suivez les bonnes pratiques industrielles. Manipuler avec soin pour \u00e9viter la pollution de l\u2019environnement.<\/span><\/p>\n<p>&nbsp;<\/p>","protected":false},"excerpt":{"rendered":"<p>Prot\u00e8ge les mat\u00e9riaux des dommages oxydatifs, prolongeant leur dur\u00e9e de vie.<\/p>","protected":false},"featured_media":0,"template":"","meta":{"site-sidebar-layout":"default","site-content-layout":"","ast-site-content-layout":"default","site-content-style":"default","site-sidebar-style":"default","ast-global-header-display":"","ast-banner-title-visibility":"","ast-main-header-display":"","ast-hfb-above-header-display":"","ast-hfb-below-header-display":"","ast-hfb-mobile-header-display":"","site-post-title":"","ast-breadcrumbs-content":"","ast-featured-img":"","footer-sml-layout":"","theme-transparent-header-meta":"default","adv-header-id-meta":"","stick-header-meta":"","header-above-stick-meta":"","header-main-stick-meta":"","header-below-stick-meta":"","astra-migrate-meta-layouts":"set","ast-page-background-enabled":"default","ast-page-background-meta":{"desktop":{"background-color":"","background-image":"","background-repeat":"repeat","background-position":"center center","background-size":"auto","background-attachment":"scroll","background-type":"","background-media":"","overlay-type":"","overlay-color":"","overlay-opacity":"","overlay-gradient":""},"tablet":{"background-color":"","background-image":"","background-repeat":"repeat","background-position":"center center","background-size":"auto","background-attachment":"scroll","background-type":"","background-media":"","overlay-type":"","overlay-color":"","overlay-opacity":"","overlay-gradient":""},"mobile":{"background-color":"","background-image":"","background-repeat":"repeat","background-position":"center center","background-size":"auto","background-attachment":"scroll","background-type":"","background-media":"","overlay-type":"","overlay-color":"","overlay-opacity":"","overlay-gradient":""}},"ast-content-background-meta":{"desktop":{"background-color":"var(--ast-global-color-5)","background-image":"","background-repeat":"repeat","background-position":"center center","background-size":"auto","background-attachment":"scroll","background-type":"","background-media":"","overlay-type":"","overlay-color":"","overlay-opacity":"","overlay-gradient":""},"tablet":{"background-color":"var(--ast-global-color-5)","background-image":"","background-repeat":"repeat","background-position":"center center","background-size":"auto","background-attachment":"scroll","background-type":"","background-media":"","overlay-type":"","overlay-color":"","overlay-opacity":"","overlay-gradient":""},"mobile":{"background-color":"var(--ast-global-color-5)","background-image":"","background-repeat":"repeat","background-position":"center center","background-size":"auto","background-attachment":"scroll","background-type":"","background-media":"","overlay-type":"","overlay-color":"","overlay-opacity":"","overlay-gradient":""}}},"product_brand":[],"product_cat":[18,21],"product_tag":[],"class_list":{"0":"post-3404","1":"product","2":"type-product","3":"status-publish","5":"product_cat-products","6":"product_cat-antioxidant-for-plastics-and-rubbers","7":"desktop-align-left","8":"tablet-align-left","9":"mobile-align-left","11":"first","12":"instock","13":"shipping-taxable","14":"product-type-simple"},"_links":{"self":[{"href":"https:\/\/chicchem.com\/fr\/wp-json\/wp\/v2\/product\/3404","targetHints":{"allow":["GET"]}}],"collection":[{"href":"https:\/\/chicchem.com\/fr\/wp-json\/wp\/v2\/product"}],"about":[{"href":"https:\/\/chicchem.com\/fr\/wp-json\/wp\/v2\/types\/product"}],"wp:attachment":[{"href":"https:\/\/chicchem.com\/fr\/wp-json\/wp\/v2\/media?parent=3404"}],"wp:term":[{"taxonomy":"product_brand","embeddable":true,"href":"https:\/\/chicchem.com\/fr\/wp-json\/wp\/v2\/product_brand?post=3404"},{"taxonomy":"product_cat","embeddable":true,"href":"https:\/\/chicchem.com\/fr\/wp-json\/wp\/v2\/product_cat?post=3404"},{"taxonomy":"product_tag","embeddable":true,"href":"https:\/\/chicchem.com\/fr\/wp-json\/wp\/v2\/product_tag?post=3404"}],"curies":[{"name":"wp","href":"https:\/\/api.w.org\/{rel}","templated":true}]}}