{"id":3405,"date":"2024-06-21T03:00:29","date_gmt":"2024-06-21T03:00:29","guid":{"rendered":"https:\/\/chicchem.com\/?post_type=product&#038;p=3405"},"modified":"2024-08-07T08:17:28","modified_gmt":"2024-08-07T08:17:28","slug":"chicstab-1024","status":"publish","type":"product","link":"https:\/\/chicchem.com\/fr\/produit\/chicstab-1024\/","title":{"rendered":"Chicstab1024"},"content":{"rendered":"<p><span style=\"color: #94bd75;\"><strong><b>Description du produit<\/b><\/strong><\/span><\/p>\n<p>N \u00b0 CAS.  32687-78-8<\/p>\n<p>Chicstab1024 est un antioxydant hautement efficace et respectueux de l&#039;environnement avec d&#039;excellentes performances. Il pr\u00e9sente une double structure de ph\u00e9nol encombr\u00e9 et d&#039;hydrazide, fournissant des fonctions antioxydantes et de d\u00e9sactivation des m\u00e9taux. Il peut \u00eatre utilis\u00e9 ind\u00e9pendamment ou en conjonction avec des antioxydants \u00e0 usage g\u00e9n\u00e9ral, d\u00e9montrant de puissants effets synergiques.<\/p>\n<p><span style=\"color: #94bd75;\"><strong><b>Propri\u00e9t\u00e9s physiques\u00a0<\/b><\/strong><\/span><\/p>\n<table style=\"width: 100%; height: 544px;\">\n<tbody>\n<tr style=\"height: 68px;\">\n<td style=\"height: 68px; background-color: #c9e4b4;\" width=\"467\">Forme physique<\/td>\n<td style=\"height: 68px;\" width=\"710\">Poudre solide cristalline blanche ou blanc cass\u00e9<\/td>\n<\/tr>\n<tr style=\"height: 68px;\">\n<td style=\"height: 68px; background-color: #c9e4b4;\" width=\"467\">Contenu efficace, %<\/td>\n<td style=\"height: 68px;\" width=\"710\">\u226598,0<\/td>\n<\/tr>\n<tr style=\"height: 68px;\">\n<td style=\"height: 68px; background-color: #c9e4b4;\" width=\"467\">Point de fusion, \u2103<\/td>\n<td style=\"height: 68px;\" width=\"710\">224.0~229.0<\/td>\n<\/tr>\n<tr style=\"height: 68px;\">\n<td style=\"height: 68px; background-color: #c9e4b4;\" width=\"467\">Teneur en cendres, %<\/td>\n<td style=\"height: 68px;\" width=\"710\">\u22640,10<\/td>\n<\/tr>\n<tr style=\"height: 68px;\">\n<td style=\"height: 68px; background-color: #c9e4b4;\" width=\"467\">Volatilisant, %<\/td>\n<td style=\"height: 68px;\" width=\"710\">\u22640,50<\/td>\n<\/tr>\n<tr style=\"height: 68px;\">\n<td style=\"height: 68px; background-color: #c9e4b4;\" width=\"467\">Solubilit\u00e9<\/td>\n<td style=\"height: 68px;\" width=\"710\">Clair<\/td>\n<\/tr>\n<tr style=\"height: 68px;\">\n<td style=\"height: 136px; background-color: #c9e4b4;\" rowspan=\"2\" width=\"467\">Transmission, %<\/td>\n<td style=\"height: 68px;\" width=\"710\">425 nm \u226596,0<\/td>\n<\/tr>\n<tr style=\"height: 68px;\">\n<td style=\"height: 68px;\" width=\"710\">500 nm \u226598,0<\/td>\n<\/tr>\n<\/tbody>\n<\/table>\n<p><span style=\"color: #94bd75;\"><strong><b>Caract\u00e9ristiques et avantages<\/b><\/strong><\/span><\/p>\n<p>Soluble dans le m\u00e9thanol et l&#039;ac\u00e9tone\u00a0; l\u00e9g\u00e8rement soluble dans le chloroforme et l&#039;ac\u00e9tate d&#039;\u00e9thyle\u00a0; insoluble dans l&#039;eau.<\/p>\n<p><span style=\"color: #94bd75;\"><strong><b>Application<\/b><\/strong><\/span><\/p>\n<p>Largement appliqu\u00e9 dans le PE, le PP, le polystyr\u00e8ne, le polyamide, le polyester, il est particuli\u00e8rement efficace pour la protection antioxydante des r\u00e9sines ph\u00e9noliques, emp\u00eachant l&#039;autoxydation des polym\u00e8res induite par les ions des m\u00e9taux de transition (tels que les r\u00e9sidus de catalyseurs). Il est particuli\u00e8rement adapt\u00e9 \u00e0 une utilisation dans les fils isolants et les polym\u00e8res de c\u00e2bles, notamment les polyol\u00e9fines et les \u00e9lastom\u00e8res. Ses excellentes propri\u00e9t\u00e9s de fusion garantissent une incorporation facile dans divers polym\u00e8res et syst\u00e8mes polym\u00e8res sans probl\u00e8mes de dispersion.<\/p>\n<p><span style=\"color: #94bd75;\"><strong><b>Guide d&#039;utilisation<\/b><\/strong><\/span><\/p>\n<p>Le dosage typique varie de 0,1% \u00e0 0,5%.<\/p>\n<p><span style=\"color: #94bd75;\"><strong><b>Emballer<\/b><\/strong><\/span><\/p>\n<p>Il est conditionn\u00e9 dans des sacs composites papier-plastique ou des cartons doubl\u00e9s de sacs en plastique contenant chacun un poids net de 25 kg.<\/p>\n<p><span style=\"color: #94bd75;\"><strong><b>Dur\u00e9e de conservation<\/b><\/strong><\/span><\/p>\n<p>24 mois \u00e0 compter de la date de production sous emballage d&#039;origine non ouvert.<\/p>\n<p><span style=\"color: #94bd75;\"><strong><b>Stockage et transport<\/b><\/strong><\/span><\/p>\n<p>Il doit \u00eatre conserv\u00e9 dans des conditions sombres, s\u00e8ches et \u00e0 basse temp\u00e9rature, en gardant le r\u00e9cipient herm\u00e9tiquement ferm\u00e9.  apr\u00e8s ouverture, il est recommand\u00e9 de le conserver herm\u00e9tiquement et de l&#039;utiliser au plus vite. Faites attention \u00e0 \u00e9viter les fuites pendant le transport, suivez les bonnes pratiques industrielles. Manipuler avec soin pour \u00e9viter la pollution de l\u2019environnement.<\/p>","protected":false},"excerpt":{"rendered":"<p>Prot\u00e8ge les mat\u00e9riaux des dommages oxydatifs, prolongeant leur dur\u00e9e de vie.<\/p>","protected":false},"featured_media":0,"template":"","meta":{"site-sidebar-layout":"default","site-content-layout":"","ast-site-content-layout":"default","site-content-style":"default","site-sidebar-style":"default","ast-global-header-display":"","ast-banner-title-visibility":"","ast-main-header-display":"","ast-hfb-above-header-display":"","ast-hfb-below-header-display":"","ast-hfb-mobile-header-display":"","site-post-title":"","ast-breadcrumbs-content":"","ast-featured-img":"","footer-sml-layout":"","ast-disable-related-posts":"","theme-transparent-header-meta":"default","adv-header-id-meta":"","stick-header-meta":"","header-above-stick-meta":"","header-main-stick-meta":"","header-below-stick-meta":"","astra-migrate-meta-layouts":"set","ast-page-background-enabled":"default","ast-page-background-meta":{"desktop":{"background-color":"","background-image":"","background-repeat":"repeat","background-position":"center center","background-size":"auto","background-attachment":"scroll","background-type":"","background-media":"","overlay-type":"","overlay-color":"","overlay-opacity":"","overlay-gradient":""},"tablet":{"background-color":"","background-image":"","background-repeat":"repeat","background-position":"center center","background-size":"auto","background-attachment":"scroll","background-type":"","background-media":"","overlay-type":"","overlay-color":"","overlay-opacity":"","overlay-gradient":""},"mobile":{"background-color":"","background-image":"","background-repeat":"repeat","background-position":"center center","background-size":"auto","background-attachment":"scroll","background-type":"","background-media":"","overlay-type":"","overlay-color":"","overlay-opacity":"","overlay-gradient":""}},"ast-content-background-meta":{"desktop":{"background-color":"var(--ast-global-color-5)","background-image":"","background-repeat":"repeat","background-position":"center center","background-size":"auto","background-attachment":"scroll","background-type":"","background-media":"","overlay-type":"","overlay-color":"","overlay-opacity":"","overlay-gradient":""},"tablet":{"background-color":"var(--ast-global-color-5)","background-image":"","background-repeat":"repeat","background-position":"center center","background-size":"auto","background-attachment":"scroll","background-type":"","background-media":"","overlay-type":"","overlay-color":"","overlay-opacity":"","overlay-gradient":""},"mobile":{"background-color":"var(--ast-global-color-5)","background-image":"","background-repeat":"repeat","background-position":"center center","background-size":"auto","background-attachment":"scroll","background-type":"","background-media":"","overlay-type":"","overlay-color":"","overlay-opacity":"","overlay-gradient":""}}},"product_brand":[],"product_cat":[21,18],"product_tag":[],"class_list":{"0":"post-3405","1":"product","2":"type-product","3":"status-publish","5":"product_cat-antioxidant-for-plastics-and-rubbers","6":"product_cat-products","7":"desktop-align-left","8":"tablet-align-left","9":"mobile-align-left","11":"first","12":"instock","13":"shipping-taxable","14":"product-type-simple"},"_links":{"self":[{"href":"https:\/\/chicchem.com\/fr\/wp-json\/wp\/v2\/product\/3405","targetHints":{"allow":["GET"]}}],"collection":[{"href":"https:\/\/chicchem.com\/fr\/wp-json\/wp\/v2\/product"}],"about":[{"href":"https:\/\/chicchem.com\/fr\/wp-json\/wp\/v2\/types\/product"}],"wp:attachment":[{"href":"https:\/\/chicchem.com\/fr\/wp-json\/wp\/v2\/media?parent=3405"}],"wp:term":[{"taxonomy":"product_brand","embeddable":true,"href":"https:\/\/chicchem.com\/fr\/wp-json\/wp\/v2\/product_brand?post=3405"},{"taxonomy":"product_cat","embeddable":true,"href":"https:\/\/chicchem.com\/fr\/wp-json\/wp\/v2\/product_cat?post=3405"},{"taxonomy":"product_tag","embeddable":true,"href":"https:\/\/chicchem.com\/fr\/wp-json\/wp\/v2\/product_tag?post=3405"}],"curies":[{"name":"wp","href":"https:\/\/api.w.org\/{rel}","templated":true}]}}