{"id":3406,"date":"2024-06-21T03:01:47","date_gmt":"2024-06-21T03:01:47","guid":{"rendered":"https:\/\/chicchem.com\/?post_type=product&#038;p=3406"},"modified":"2024-08-07T08:08:05","modified_gmt":"2024-08-07T08:08:05","slug":"chicstab-1035","status":"publish","type":"product","link":"https:\/\/chicchem.com\/fr\/produit\/chicstab-1035\/","title":{"rendered":"Chictab 1035"},"content":{"rendered":"<p><span style=\"color: #94bd75;\"><strong><b>Description du produit<\/b><\/strong><\/span><\/p>\n<p><span style=\"color: #000000;\">N\u00b0 CAS 41484-35-9<\/span><\/p>\n<p><span style=\"color: #000000;\">Chicstab 1035 est un antioxydant ph\u00e9nolique encombr\u00e9 de type thio\u00e9ther haute performance, largement utilis\u00e9 dans les plastiques, les caoutchoucs et les rev\u00eatements, notamment l&#039;ABS, le PS, le PU, le PA, entre autres. Il offre d\u2019excellentes propri\u00e9t\u00e9s antioxydantes.<\/span><\/p>\n<p><span style=\"color: #000000;\">Lorsqu&#039;il est utilis\u00e9 dans des mat\u00e9riaux de c\u00e2bles chimiquement r\u00e9ticul\u00e9s, Chicstab 1035 peut remplacer efficacement l&#039;antioxydant 1010, ce qui entra\u00eene une r\u00e9duction des quantit\u00e9s d&#039;antioxydant et d&#039;agent de r\u00e9ticulation dans la formulation.<\/span><\/p>\n<p><span style=\"color: #94bd75;\"><strong><b>Propri\u00e9t\u00e9s physiques\u00a0<\/b><\/strong><\/span><\/p>\n<table>\n<tbody>\n<tr>\n<td style=\"background-color: #c9e4b4;\" colspan=\"2\" width=\"429\"><span style=\"color: #000000;\">Article<\/span><\/td>\n<td width=\"370\"><span style=\"color: #000000;\">\u00a0Qualit\u00e9 sup\u00e9rieure<\/span><\/td>\n<td width=\"351\"><span style=\"color: #000000;\">1re ann\u00e9e<\/span><\/td>\n<\/tr>\n<tr>\n<td style=\"background-color: #c9e4b4;\" colspan=\"2\" width=\"429\"><span style=\"color: #000000;\">Test\u2265%<\/span><\/td>\n<td width=\"370\"><span style=\"color: #000000;\">99<\/span><\/td>\n<td width=\"351\"><span style=\"color: #000000;\">98.5<\/span><\/td>\n<\/tr>\n<tr>\n<td style=\"background-color: #c9e4b4;\" colspan=\"2\" width=\"429\"><span style=\"color: #000000;\">Point de fusion\u2265%<\/span><\/td>\n<td width=\"370\"><span style=\"color: #000000;\">63<\/span><\/td>\n<td width=\"351\"><span style=\"color: #000000;\">63<\/span><\/td>\n<\/tr>\n<tr>\n<td style=\"background-color: #c9e4b4;\" colspan=\"2\" width=\"429\"><span style=\"color: #000000;\">Cendre\u2264%<\/span><\/td>\n<td width=\"370\"><span style=\"color: #000000;\">0.01<\/span><\/td>\n<td width=\"351\"><span style=\"color: #000000;\">0.03<\/span><\/td>\n<\/tr>\n<tr>\n<td style=\"background-color: #c9e4b4;\" colspan=\"2\" width=\"429\"><span style=\"color: #000000;\">Volatilisation\u2264%<\/span><\/td>\n<td width=\"370\"><span style=\"color: #000000;\">0.1<\/span><\/td>\n<td width=\"351\"><span style=\"color: #000000;\">0.3<\/span><\/td>\n<\/tr>\n<tr>\n<td style=\"background-color: #c9e4b4;\" rowspan=\"2\" width=\"193\"><span style=\"color: #000000;\">Transmission<\/span><\/td>\n<td style=\"background-color: #c9e4b4;\" width=\"235\"><span style=\"color: #000000;\">425nm \u2265%<\/span><\/td>\n<td width=\"370\"><span style=\"color: #000000;\">97<\/span><\/td>\n<td width=\"351\"><span style=\"color: #000000;\">95<\/span><\/td>\n<\/tr>\n<tr>\n<td style=\"background-color: #c9e4b4;\" width=\"235\"><span style=\"color: #000000;\">500nm \u2265%<\/span><\/td>\n<td width=\"370\"><span style=\"color: #000000;\">99<\/span><\/td>\n<td width=\"351\"><span style=\"color: #000000;\">97<\/span><\/td>\n<\/tr>\n<\/tbody>\n<\/table>\n<p><span style=\"color: #94bd75;\"><strong><b>Caract\u00e9ristiques et avantages<\/b><\/strong><\/span><\/p>\n<p><span style=\"color: #000000;\">Chicstab 1035 est une poudre cristalline blanche, inodore, peu toxique, insoluble dans l&#039;eau et soluble dans le m\u00e9thanol, l&#039;\u00e9thanol, le tolu\u00e8ne, l&#039;ac\u00e9tone et d&#039;autres solvants organiques. Il a une densit\u00e9 sp\u00e9cifique de 1,19 et une densit\u00e9 sp\u00e9cifique apparente de 0,5 \u00e0 0,6.<\/span><\/p>\n<p><span style=\"color: #94bd75;\"><strong><b>Emballer<\/b><\/strong><\/span><\/p>\n<p><span style=\"color: #000000;\">Il est conditionn\u00e9 dans des sacs composites papier-plastique ou des cartons doubl\u00e9s de sacs en plastique contenant chacun un poids net de 25 kg.<\/span><\/p>\n<p><span style=\"color: #94bd75;\"><strong><b>Dur\u00e9e de conservation<\/b><\/strong><\/span><\/p>\n<p><span style=\"color: #000000;\">24 mois \u00e0 compter de la date de production sous emballage d&#039;origine non ouvert.<\/span><\/p>\n<p><span style=\"color: #94bd75;\"><strong><b>Stockage et transport<\/b><\/strong><\/span><\/p>\n<p><span style=\"color: #000000;\">Il doit \u00eatre conserv\u00e9 dans des conditions sombres, s\u00e8ches et \u00e0 basse temp\u00e9rature, en gardant le r\u00e9cipient herm\u00e9tiquement ferm\u00e9.  apr\u00e8s ouverture, il est recommand\u00e9 de le conserver herm\u00e9tiquement et de l&#039;utiliser au plus vite. Faites attention \u00e0 \u00e9viter les fuites pendant le transport, suivez les bonnes pratiques industrielles. Manipuler avec soin pour \u00e9viter la pollution de l\u2019environnement.<\/span><\/p>","protected":false},"excerpt":{"rendered":"<p>Prot\u00e8ge les mat\u00e9riaux des dommages oxydatifs, prolongeant leur dur\u00e9e de vie.<\/p>","protected":false},"featured_media":0,"template":"","meta":{"site-sidebar-layout":"default","site-content-layout":"","ast-site-content-layout":"default","site-content-style":"default","site-sidebar-style":"default","ast-global-header-display":"","ast-banner-title-visibility":"","ast-main-header-display":"","ast-hfb-above-header-display":"","ast-hfb-below-header-display":"","ast-hfb-mobile-header-display":"","site-post-title":"","ast-breadcrumbs-content":"","ast-featured-img":"","footer-sml-layout":"","theme-transparent-header-meta":"default","adv-header-id-meta":"","stick-header-meta":"","header-above-stick-meta":"","header-main-stick-meta":"","header-below-stick-meta":"","astra-migrate-meta-layouts":"set","ast-page-background-enabled":"default","ast-page-background-meta":{"desktop":{"background-color":"","background-image":"","background-repeat":"repeat","background-position":"center center","background-size":"auto","background-attachment":"scroll","background-type":"","background-media":"","overlay-type":"","overlay-color":"","overlay-opacity":"","overlay-gradient":""},"tablet":{"background-color":"","background-image":"","background-repeat":"repeat","background-position":"center center","background-size":"auto","background-attachment":"scroll","background-type":"","background-media":"","overlay-type":"","overlay-color":"","overlay-opacity":"","overlay-gradient":""},"mobile":{"background-color":"","background-image":"","background-repeat":"repeat","background-position":"center center","background-size":"auto","background-attachment":"scroll","background-type":"","background-media":"","overlay-type":"","overlay-color":"","overlay-opacity":"","overlay-gradient":""}},"ast-content-background-meta":{"desktop":{"background-color":"var(--ast-global-color-5)","background-image":"","background-repeat":"repeat","background-position":"center center","background-size":"auto","background-attachment":"scroll","background-type":"","background-media":"","overlay-type":"","overlay-color":"","overlay-opacity":"","overlay-gradient":""},"tablet":{"background-color":"var(--ast-global-color-5)","background-image":"","background-repeat":"repeat","background-position":"center center","background-size":"auto","background-attachment":"scroll","background-type":"","background-media":"","overlay-type":"","overlay-color":"","overlay-opacity":"","overlay-gradient":""},"mobile":{"background-color":"var(--ast-global-color-5)","background-image":"","background-repeat":"repeat","background-position":"center center","background-size":"auto","background-attachment":"scroll","background-type":"","background-media":"","overlay-type":"","overlay-color":"","overlay-opacity":"","overlay-gradient":""}}},"product_brand":[],"product_cat":[18,21],"product_tag":[],"class_list":{"0":"post-3406","1":"product","2":"type-product","3":"status-publish","5":"product_cat-products","6":"product_cat-antioxidant-for-plastics-and-rubbers","7":"desktop-align-left","8":"tablet-align-left","9":"mobile-align-left","11":"first","12":"instock","13":"shipping-taxable","14":"product-type-simple"},"_links":{"self":[{"href":"https:\/\/chicchem.com\/fr\/wp-json\/wp\/v2\/product\/3406","targetHints":{"allow":["GET"]}}],"collection":[{"href":"https:\/\/chicchem.com\/fr\/wp-json\/wp\/v2\/product"}],"about":[{"href":"https:\/\/chicchem.com\/fr\/wp-json\/wp\/v2\/types\/product"}],"wp:attachment":[{"href":"https:\/\/chicchem.com\/fr\/wp-json\/wp\/v2\/media?parent=3406"}],"wp:term":[{"taxonomy":"product_brand","embeddable":true,"href":"https:\/\/chicchem.com\/fr\/wp-json\/wp\/v2\/product_brand?post=3406"},{"taxonomy":"product_cat","embeddable":true,"href":"https:\/\/chicchem.com\/fr\/wp-json\/wp\/v2\/product_cat?post=3406"},{"taxonomy":"product_tag","embeddable":true,"href":"https:\/\/chicchem.com\/fr\/wp-json\/wp\/v2\/product_tag?post=3406"}],"curies":[{"name":"wp","href":"https:\/\/api.w.org\/{rel}","templated":true}]}}