{"id":3408,"date":"2024-06-21T03:04:18","date_gmt":"2024-06-21T03:04:18","guid":{"rendered":"https:\/\/chicchem.com\/?post_type=product&#038;p=3408"},"modified":"2024-08-07T08:13:58","modified_gmt":"2024-08-07T08:13:58","slug":"chicstab-1098","status":"publish","type":"product","link":"https:\/\/chicchem.com\/fr\/produit\/chicstab-1098\/","title":{"rendered":"Chicstab1098"},"content":{"rendered":"<p><span style=\"color: #94bd75;\"><strong><b>Description du produit<\/b><\/strong><\/span><\/p>\n<p><span style=\"color: #000000;\">N \u00b0 CAS.  23128-74-7<\/span><\/p>\n<p><span style=\"color: #000000;\">Ce produit est un antioxydant ph\u00e9nolique \u00e0 usage g\u00e9n\u00e9ral de haute performance, non polluant, non d\u00e9colorant, r\u00e9sistant \u00e0 l&#039;extraction, \u00e0 l&#039;oxydation thermique et non toxique. Il est particuli\u00e8rement efficace pour les polym\u00e8res polyamides et les mat\u00e9riaux fibreux, principalement utilis\u00e9s dans les polym\u00e8res tels que le nylon 6, le nylon 66, le poly\u00e9thyl\u00e8ne, le polypropyl\u00e8ne, le polystyr\u00e8ne, la r\u00e9sine ABS, le polyur\u00e9thane et le caoutchouc. Il peut \u00e9galement \u00eatre utilis\u00e9 en combinaison avec des antioxydants auxiliaires pour am\u00e9liorer les performances antioxydantes.<\/span><\/p>\n<p><span style=\"color: #94bd75;\"><strong><b>Propri\u00e9t\u00e9s physiques\u00a0<\/b><\/strong><\/span><\/p>\n<table>\n<tbody>\n<tr>\n<td style=\"background-color: #c9e4b4;\" width=\"467\"><span style=\"color: #000000;\">Forme physique\u00a0\u00a0<\/span><\/td>\n<td width=\"710\"><span style=\"color: #000000;\">Poudre solide cristalline blanche ou blanc cass\u00e9<\/span><\/td>\n<\/tr>\n<tr>\n<td style=\"background-color: #c9e4b4;\" width=\"467\"><span style=\"color: #000000;\">Contenu efficace, %<\/span><\/td>\n<td width=\"710\"><span style=\"color: #000000;\">\u226598,0<\/span><\/td>\n<\/tr>\n<tr>\n<td style=\"background-color: #c9e4b4;\" width=\"467\"><span style=\"color: #000000;\">Point de fusion, \u2103<\/span><\/td>\n<td width=\"710\"><span style=\"color: #000000;\">155.0~160.0<\/span><\/td>\n<\/tr>\n<tr>\n<td style=\"background-color: #c9e4b4;\" width=\"467\"><span style=\"color: #000000;\">Teneur en cendres, %<\/span><\/td>\n<td width=\"710\"><span style=\"color: #000000;\">\u22640,10<\/span><\/td>\n<\/tr>\n<tr>\n<td style=\"background-color: #c9e4b4;\" width=\"467\"><span style=\"color: #000000;\">Volatilisant, %<\/span><\/td>\n<td width=\"710\"><span style=\"color: #000000;\">\u22640,30<\/span><\/td>\n<\/tr>\n<tr>\n<td style=\"background-color: #c9e4b4;\" width=\"467\"><span style=\"color: #000000;\">Solubilit\u00e9<\/span><\/td>\n<td width=\"710\"><span style=\"color: #000000;\">Clair<\/span><\/td>\n<\/tr>\n<tr>\n<td style=\"background-color: #c9e4b4;\" rowspan=\"2\" width=\"467\"><span style=\"color: #000000;\">Transmission, %<\/span><\/td>\n<td width=\"710\"><span style=\"color: #000000;\">425 nm \u226597,0<\/span><\/td>\n<\/tr>\n<tr>\n<td width=\"710\"><span style=\"color: #000000;\">500 nm \u226598,0<\/span><\/td>\n<\/tr>\n<\/tbody>\n<\/table>\n<p><span style=\"color: #94bd75;\"><strong><b>Caract\u00e9ristiques et avantages<\/b><\/strong><\/span><\/p>\n<p><span style=\"color: #000000;\">Soluble dans le caprolactame, l\u00e9g\u00e8rement soluble dans le m\u00e9thanol et le chloroforme, presque insoluble dans le tolu\u00e8ne, insoluble dans l&#039;eau. Pr\u00e9sente une faible volatilit\u00e9, des caract\u00e9ristiques non polluantes, une r\u00e9sistance \u00e0 l\u2019extraction et une non-toxicit\u00e9.<\/span><\/p>\n<p><span style=\"color: #94bd75;\"><strong><b>Guide d&#039;utilisation <\/b><\/strong><\/span><\/p>\n<p><span style=\"color: #000000;\">Le dosage typique varie de 0,3% \u00e0 1,0%. Lorsqu&#039;il est combin\u00e9 avec des stabilisants synergiques tels que les phosphites, les thio\u00e9thers, les hydroxylamines, les stabilisants \u00e0 la lumi\u00e8re, etc., il pr\u00e9sente d&#039;excellents effets d&#039;application.<\/span><\/p>\n<p><span style=\"color: #94bd75;\"><strong><b>Emballer<\/b><\/strong><\/span><\/p>\n<p><span style=\"color: #000000;\">Il est conditionn\u00e9 dans des sacs composites papier-plastique ou des cartons doubl\u00e9s de sacs en plastique contenant chacun un poids net de 25 kg.<\/span><\/p>\n<p><span style=\"color: #94bd75;\"><strong><b>Dur\u00e9e de conservation<\/b><\/strong><\/span><\/p>\n<p><span style=\"color: #000000;\">24 mois \u00e0 compter de la date de production sous emballage d&#039;origine non ouvert.<\/span><\/p>\n<p><span style=\"color: #94bd75;\"><strong><b>Stockage et transport<\/b><\/strong><\/span><\/p>\n<p><span style=\"color: #000000;\">Il doit \u00eatre conserv\u00e9 dans des conditions sombres, s\u00e8ches et \u00e0 basse temp\u00e9rature, en gardant le r\u00e9cipient herm\u00e9tiquement ferm\u00e9.  apr\u00e8s ouverture, il est recommand\u00e9 de le conserver herm\u00e9tiquement et de l&#039;utiliser au plus vite. Faites attention \u00e0 \u00e9viter les fuites pendant le transport, suivez les bonnes pratiques industrielles. Manipuler avec soin pour \u00e9viter la pollution de l\u2019environnement.<\/span><\/p>","protected":false},"excerpt":{"rendered":"<p>Prot\u00e8ge les mat\u00e9riaux des dommages oxydatifs, prolongeant leur dur\u00e9e de vie.<\/p>","protected":false},"featured_media":0,"template":"","meta":{"site-sidebar-layout":"default","site-content-layout":"","ast-site-content-layout":"default","site-content-style":"default","site-sidebar-style":"default","ast-global-header-display":"","ast-banner-title-visibility":"","ast-main-header-display":"","ast-hfb-above-header-display":"","ast-hfb-below-header-display":"","ast-hfb-mobile-header-display":"","site-post-title":"","ast-breadcrumbs-content":"","ast-featured-img":"","footer-sml-layout":"","theme-transparent-header-meta":"default","adv-header-id-meta":"","stick-header-meta":"","header-above-stick-meta":"","header-main-stick-meta":"","header-below-stick-meta":"","astra-migrate-meta-layouts":"set","ast-page-background-enabled":"default","ast-page-background-meta":{"desktop":{"background-color":"","background-image":"","background-repeat":"repeat","background-position":"center center","background-size":"auto","background-attachment":"scroll","background-type":"","background-media":"","overlay-type":"","overlay-color":"","overlay-opacity":"","overlay-gradient":""},"tablet":{"background-color":"","background-image":"","background-repeat":"repeat","background-position":"center center","background-size":"auto","background-attachment":"scroll","background-type":"","background-media":"","overlay-type":"","overlay-color":"","overlay-opacity":"","overlay-gradient":""},"mobile":{"background-color":"","background-image":"","background-repeat":"repeat","background-position":"center center","background-size":"auto","background-attachment":"scroll","background-type":"","background-media":"","overlay-type":"","overlay-color":"","overlay-opacity":"","overlay-gradient":""}},"ast-content-background-meta":{"desktop":{"background-color":"var(--ast-global-color-5)","background-image":"","background-repeat":"repeat","background-position":"center center","background-size":"auto","background-attachment":"scroll","background-type":"","background-media":"","overlay-type":"","overlay-color":"","overlay-opacity":"","overlay-gradient":""},"tablet":{"background-color":"var(--ast-global-color-5)","background-image":"","background-repeat":"repeat","background-position":"center center","background-size":"auto","background-attachment":"scroll","background-type":"","background-media":"","overlay-type":"","overlay-color":"","overlay-opacity":"","overlay-gradient":""},"mobile":{"background-color":"var(--ast-global-color-5)","background-image":"","background-repeat":"repeat","background-position":"center center","background-size":"auto","background-attachment":"scroll","background-type":"","background-media":"","overlay-type":"","overlay-color":"","overlay-opacity":"","overlay-gradient":""}}},"product_brand":[],"product_cat":[18,21],"product_tag":[],"class_list":{"0":"post-3408","1":"product","2":"type-product","3":"status-publish","5":"product_cat-products","6":"product_cat-antioxidant-for-plastics-and-rubbers","7":"desktop-align-left","8":"tablet-align-left","9":"mobile-align-left","11":"first","12":"instock","13":"shipping-taxable","14":"product-type-simple"},"_links":{"self":[{"href":"https:\/\/chicchem.com\/fr\/wp-json\/wp\/v2\/product\/3408","targetHints":{"allow":["GET"]}}],"collection":[{"href":"https:\/\/chicchem.com\/fr\/wp-json\/wp\/v2\/product"}],"about":[{"href":"https:\/\/chicchem.com\/fr\/wp-json\/wp\/v2\/types\/product"}],"wp:attachment":[{"href":"https:\/\/chicchem.com\/fr\/wp-json\/wp\/v2\/media?parent=3408"}],"wp:term":[{"taxonomy":"product_brand","embeddable":true,"href":"https:\/\/chicchem.com\/fr\/wp-json\/wp\/v2\/product_brand?post=3408"},{"taxonomy":"product_cat","embeddable":true,"href":"https:\/\/chicchem.com\/fr\/wp-json\/wp\/v2\/product_cat?post=3408"},{"taxonomy":"product_tag","embeddable":true,"href":"https:\/\/chicchem.com\/fr\/wp-json\/wp\/v2\/product_tag?post=3408"}],"curies":[{"name":"wp","href":"https:\/\/api.w.org\/{rel}","templated":true}]}}