{"id":3409,"date":"2024-06-21T03:05:33","date_gmt":"2024-06-21T03:05:33","guid":{"rendered":"https:\/\/chicchem.com\/?post_type=product&#038;p=3409"},"modified":"2024-08-07T08:42:49","modified_gmt":"2024-08-07T08:42:49","slug":"chicstab-1130","status":"publish","type":"product","link":"https:\/\/chicchem.com\/fr\/produit\/chicstab-1130\/","title":{"rendered":"Chicstab1130"},"content":{"rendered":"<p><span style=\"color: #94bd75;\"><strong><b>Description du produit<\/b><\/strong><\/span><\/p>\n<p><span style=\"color: #000000;\">N \u00b0 CAS.  104810-48-2, 104810-47-1, 25322-68-3<\/span><\/p>\n<p><span style=\"color: #000000;\">Chicstab1130 est un absorbeur UV de benzotriazole largement utilis\u00e9 dans l&#039;industrie des rev\u00eatements, compatible avec les rev\u00eatements organiques et solubles dans l&#039;eau. Sa facilit\u00e9 d&#039;\u00e9mulsification le rend particuli\u00e8rement adapt\u00e9 aux syst\u00e8mes \u00e0 base d&#039;eau. Avec des propri\u00e9t\u00e9s exceptionnelles de r\u00e9sistance \u00e0 la chaleur et d&#039;anti-extraction, il est fortement recommand\u00e9 pour les peintures automobiles, les rev\u00eatements industriels et d&#039;autres applications exigeant une r\u00e9sistance sup\u00e9rieure aux intemp\u00e9ries.<\/span><\/p>\n<p><span style=\"color: #000000;\">Il pr\u00e9serve efficacement la brillance des rev\u00eatements, emp\u00eachant les fissures, les taches, l&#039;\u00e9clatement et le pelage de la surface. Particuli\u00e8rement id\u00e9al pour les rev\u00eatements industriels et automobiles n\u00e9cessitant une haute r\u00e9sistance aux intemp\u00e9ries. Il peut \u00e9galement am\u00e9liorer les rev\u00eatements en cuir artificiel et en cuir synth\u00e9tique \u00e0 base de solvants ou \u00e0 base d&#039;eau. Lorsqu&#039;il est combin\u00e9 avec un stabilisant \u00e0 la lumi\u00e8re \u00e0 base d&#039;amine encombr\u00e9e, il augmente consid\u00e9rablement la r\u00e9sistance aux intemp\u00e9ries du rev\u00eatement.<\/span><\/p>\n<p><span style=\"color: #94bd75;\"><strong><b>Propri\u00e9t\u00e9s physiques\u00a0<\/b><\/strong><\/span><\/p>\n<table>\n<tbody>\n<tr>\n<td style=\"background-color: #c9e4b4;\" width=\"547\"><span style=\"color: #000000;\">Forme physique\u00a0<\/span><\/td>\n<td width=\"630\"><span style=\"color: #000000;\">Liquide visqueux jaune \u00e0 l\u00e9g\u00e8rement ambr\u00e9<\/span><\/td>\n<\/tr>\n<tr>\n<td style=\"background-color: #c9e4b4;\" width=\"547\"><span style=\"color: #000000;\">Dosage, %<\/span><\/td>\n<td width=\"630\"><span style=\"color: #000000;\">\u226599,0<\/span><\/td>\n<\/tr>\n<tr>\n<td style=\"background-color: #c9e4b4;\" width=\"547\"><span style=\"color: #000000;\">Viscosit\u00e9 cin\u00e9matique \u00e0 20\u2103\uff0cmPa\u00b7s<\/span><\/td>\n<td width=\"630\"><span style=\"color: #000000;\">7200\uff5e7600<\/span><\/td>\n<\/tr>\n<tr>\n<td style=\"background-color: #c9e4b4;\" width=\"547\"><span style=\"color: #000000;\">Volatilisant, %<\/span><\/td>\n<td width=\"630\"><span style=\"color: #000000;\">\u22640,50<\/span><\/td>\n<\/tr>\n<tr>\n<td style=\"background-color: #c9e4b4;\" width=\"547\"><span style=\"color: #000000;\">Densit\u00e9 \u00e0 20 \u2103, g\/cm3<\/span><\/td>\n<td width=\"630\"><span style=\"color: #000000;\">1,150\uff5e1,180<\/span><\/td>\n<\/tr>\n<\/tbody>\n<\/table>\n<p><span style=\"color: #94bd75;\"><strong><b>\u00a0<\/b><\/strong><strong><b>Caract\u00e9ristiques et avantages<\/b><\/strong><\/span><\/p>\n<p><span style=\"color: #000000;\">L&#039;apparence de ce produit est un liquide visqueux jaune \u00e0 ambre, soluble dans l&#039;ac\u00e9tate d&#039;\u00e9thyle, le n-hexane, le chloroforme, le tolu\u00e8ne et d&#039;autres solvants organiques. Il est insoluble dans l&#039;eau.<\/span><\/p>\n<p><span style=\"color: #94bd75;\"><strong><b>Emballer<\/b><\/strong><\/span><\/p>\n<p><span style=\"color: #000000;\">20 kg\/tambour ou 180 kg\/tambour.<\/span><\/p>\n<p><span style=\"color: #94bd75;\"><strong><b>Dur\u00e9e de conservation<\/b><\/strong><\/span><\/p>\n<p><span style=\"color: #000000;\">12 mois \u00e0 compter de la date de production sous emballage d&#039;origine non ouvert.<\/span><\/p>\n<p><span style=\"color: #94bd75;\"><strong><b>Stockage et transport<\/b><\/strong><\/span><\/p>\n<p><span style=\"color: #000000;\">Ce produit doit \u00eatre conserv\u00e9 dans un endroit sombre, sec et frais, herm\u00e9tiquement ferm\u00e9. Une fois ouvert, il est conseill\u00e9 de maintenir une fermeture herm\u00e9tique et de l&#039;utiliser rapidement. Pendant le transport, prenez des pr\u00e9cautions pour \u00e9viter les fuites et respectez les bonnes pratiques industrielles. Manipuler avec soin pour \u00e9viter toute contamination de l\u2019environnement.<\/span><\/p>","protected":false},"excerpt":{"rendered":"<p>Prot\u00e8ge les mat\u00e9riaux des dommages oxydatifs, prolongeant leur dur\u00e9e de vie.<\/p>","protected":false},"featured_media":0,"template":"","meta":{"site-sidebar-layout":"default","site-content-layout":"","ast-site-content-layout":"default","site-content-style":"default","site-sidebar-style":"default","ast-global-header-display":"","ast-banner-title-visibility":"","ast-main-header-display":"","ast-hfb-above-header-display":"","ast-hfb-below-header-display":"","ast-hfb-mobile-header-display":"","site-post-title":"","ast-breadcrumbs-content":"","ast-featured-img":"","footer-sml-layout":"","theme-transparent-header-meta":"default","adv-header-id-meta":"","stick-header-meta":"","header-above-stick-meta":"","header-main-stick-meta":"","header-below-stick-meta":"","astra-migrate-meta-layouts":"set","ast-page-background-enabled":"default","ast-page-background-meta":{"desktop":{"background-color":"","background-image":"","background-repeat":"repeat","background-position":"center center","background-size":"auto","background-attachment":"scroll","background-type":"","background-media":"","overlay-type":"","overlay-color":"","overlay-opacity":"","overlay-gradient":""},"tablet":{"background-color":"","background-image":"","background-repeat":"repeat","background-position":"center center","background-size":"auto","background-attachment":"scroll","background-type":"","background-media":"","overlay-type":"","overlay-color":"","overlay-opacity":"","overlay-gradient":""},"mobile":{"background-color":"","background-image":"","background-repeat":"repeat","background-position":"center center","background-size":"auto","background-attachment":"scroll","background-type":"","background-media":"","overlay-type":"","overlay-color":"","overlay-opacity":"","overlay-gradient":""}},"ast-content-background-meta":{"desktop":{"background-color":"var(--ast-global-color-5)","background-image":"","background-repeat":"repeat","background-position":"center center","background-size":"auto","background-attachment":"scroll","background-type":"","background-media":"","overlay-type":"","overlay-color":"","overlay-opacity":"","overlay-gradient":""},"tablet":{"background-color":"var(--ast-global-color-5)","background-image":"","background-repeat":"repeat","background-position":"center center","background-size":"auto","background-attachment":"scroll","background-type":"","background-media":"","overlay-type":"","overlay-color":"","overlay-opacity":"","overlay-gradient":""},"mobile":{"background-color":"var(--ast-global-color-5)","background-image":"","background-repeat":"repeat","background-position":"center center","background-size":"auto","background-attachment":"scroll","background-type":"","background-media":"","overlay-type":"","overlay-color":"","overlay-opacity":"","overlay-gradient":""}}},"product_brand":[],"product_cat":[18,21],"product_tag":[],"class_list":{"0":"post-3409","1":"product","2":"type-product","3":"status-publish","5":"product_cat-products","6":"product_cat-antioxidant-for-plastics-and-rubbers","7":"desktop-align-left","8":"tablet-align-left","9":"mobile-align-left","11":"first","12":"instock","13":"shipping-taxable","14":"product-type-simple"},"_links":{"self":[{"href":"https:\/\/chicchem.com\/fr\/wp-json\/wp\/v2\/product\/3409","targetHints":{"allow":["GET"]}}],"collection":[{"href":"https:\/\/chicchem.com\/fr\/wp-json\/wp\/v2\/product"}],"about":[{"href":"https:\/\/chicchem.com\/fr\/wp-json\/wp\/v2\/types\/product"}],"wp:attachment":[{"href":"https:\/\/chicchem.com\/fr\/wp-json\/wp\/v2\/media?parent=3409"}],"wp:term":[{"taxonomy":"product_brand","embeddable":true,"href":"https:\/\/chicchem.com\/fr\/wp-json\/wp\/v2\/product_brand?post=3409"},{"taxonomy":"product_cat","embeddable":true,"href":"https:\/\/chicchem.com\/fr\/wp-json\/wp\/v2\/product_cat?post=3409"},{"taxonomy":"product_tag","embeddable":true,"href":"https:\/\/chicchem.com\/fr\/wp-json\/wp\/v2\/product_tag?post=3409"}],"curies":[{"name":"wp","href":"https:\/\/api.w.org\/{rel}","templated":true}]}}