{"id":3411,"date":"2024-06-21T03:09:19","date_gmt":"2024-06-21T03:09:19","guid":{"rendered":"https:\/\/chicchem.com\/?post_type=product&#038;p=3411"},"modified":"2024-08-07T09:00:41","modified_gmt":"2024-08-07T09:00:41","slug":"chicstab-dstp","status":"publish","type":"product","link":"https:\/\/chicchem.com\/fr\/produit\/chicstab-dstp\/","title":{"rendered":"Chicstab DSTP"},"content":{"rendered":"<p><span style=\"color: #94bd75;\"><strong><b>Description du produit<\/b><\/strong><\/span><\/p>\n<p><span style=\"color: #000000;\">N \u00b0 CAS.  693-36-7<\/span><\/p>\n<p><span style=\"color: #000000;\">Chicstab DSTP est un antioxydant auxiliaire thioester connu pour sa capacit\u00e9 \u00e0 d\u00e9composer les peroxydes, offrant une efficacit\u00e9 sup\u00e9rieure \u00e0 celle du DLTP. Il est particuli\u00e8rement b\u00e9n\u00e9fique dans les applications PP et HDPE lorsqu&#039;il est m\u00e9lang\u00e9 avec des antioxydants ph\u00e9noliques, am\u00e9liorant ainsi le vieillissement et la stabilit\u00e9 \u00e0 la lumi\u00e8re tout en am\u00e9liorant la couleur initiale du mat\u00e9riau. Insoluble dans l&#039;eau, il est non polluant et n&#039;alt\u00e8re pas la coloration. Il pr\u00e9sente une efficacit\u00e9 antioxydante sup\u00e9rieure \u00e0 celle du DLTP, une faible volatilit\u00e9 et une perte minimale de traitement thermique. Cependant, sa compatibilit\u00e9 avec les r\u00e9sines n&#039;est pas aussi robuste que le DLTP. En tant qu&#039;antioxydant auxiliaire, il convient, entre autres, \u00e0 une utilisation dans les r\u00e9sines PE, PP, PVC, AS et ABS.<\/span><\/p>\n<p><span style=\"color: #94bd75;\"><strong><b>Propri\u00e9t\u00e9s physiques\u00a0<\/b><\/strong><\/span><\/p>\n<table>\n<tbody>\n<tr>\n<td style=\"background-color: #c9e4b4;\" width=\"547\"><span style=\"color: #000000;\">Forme physique<\/span><\/td>\n<td width=\"630\"><span style=\"color: #000000;\">Poudre de cristal blanc<\/span><\/td>\n<\/tr>\n<tr>\n<td style=\"background-color: #c9e4b4;\" width=\"547\"><span style=\"color: #000000;\">Point de fusion, \u2103<\/span><\/td>\n<td width=\"630\"><span style=\"color: #000000;\">64.0~68.0<\/span><\/td>\n<\/tr>\n<tr>\n<td style=\"background-color: #c9e4b4;\" width=\"547\"><span style=\"color: #000000;\">Volatilisant, %<\/span><\/td>\n<td width=\"630\"><span style=\"color: #000000;\">\u22640,50<\/span><\/td>\n<\/tr>\n<tr>\n<td style=\"background-color: #c9e4b4;\" width=\"547\"><span style=\"color: #000000;\">Contenu, %<\/span><\/td>\n<td width=\"630\"><span style=\"color: #000000;\">\u226599,0\u00a0<\/span><\/td>\n<\/tr>\n<tr>\n<td style=\"background-color: #c9e4b4;\" width=\"547\"><span style=\"color: #000000;\">Solubilit\u00e9<\/span><\/td>\n<td width=\"630\"><span style=\"color: #000000;\">Clair<\/span><\/td>\n<\/tr>\n<tr>\n<td style=\"background-color: #c9e4b4;\" rowspan=\"2\" width=\"547\"><span style=\"color: #000000;\">Transmission (10g\/100ml de tolu\u00e8ne), %<\/span><\/td>\n<td width=\"630\"><span style=\"color: #000000;\">425 nm \u226597,0<\/span><\/td>\n<\/tr>\n<tr>\n<td width=\"630\"><span style=\"color: #000000;\">500 nm \u226597,0<\/span><\/td>\n<\/tr>\n<\/tbody>\n<\/table>\n<p><span style=\"color: #94bd75;\"><strong><b>Caract\u00e9ristiques et avantages<\/b><\/strong><\/span><\/p>\n<p><span style=\"color: #000000;\">Soluble dans le tolu\u00e8ne, le chloroforme, l&#039;\u00e9ther, etc., insoluble dans l&#039;eau.<\/span><\/p>\n<p><span style=\"color: #94bd75;\"><strong><b>Emballer<\/b><\/strong><\/span><\/p>\n<p><span style=\"color: #000000;\">Il est conditionn\u00e9 dans des sacs composites papier-plastique ou des cartons doubl\u00e9s de sacs en plastique contenant chacun un poids net de 25 kg.<\/span><\/p>\n<p><span style=\"color: #94bd75;\"><strong><b>Dur\u00e9e de conservation<\/b><\/strong><\/span><\/p>\n<p><span style=\"color: #000000;\">12 mois \u00e0 compter de la date de production sous emballage d&#039;origine non ouvert.<\/span><\/p>\n<p><span style=\"color: #94bd75;\"><strong><b>Stockage et transport<\/b><\/strong><\/span><\/p>\n<p><span style=\"color: #000000;\">Il doit \u00eatre conserv\u00e9 dans des conditions sombres, s\u00e8ches et \u00e0 basse temp\u00e9rature, en gardant le r\u00e9cipient herm\u00e9tiquement ferm\u00e9.  apr\u00e8s ouverture, il est recommand\u00e9 de le conserver herm\u00e9tiquement et de l&#039;utiliser au plus vite. Faites attention \u00e0 \u00e9viter les fuites pendant le transport, suivez les bonnes pratiques industrielles. Manipuler avec soin pour \u00e9viter la pollution de l\u2019environnement.<\/span><\/p>\n<p>&nbsp;<\/p>","protected":false},"excerpt":{"rendered":"<p>Prot\u00e8ge les mat\u00e9riaux des dommages oxydatifs, prolongeant leur dur\u00e9e de vie.<\/p>","protected":false},"featured_media":0,"template":"","meta":{"site-sidebar-layout":"default","site-content-layout":"","ast-site-content-layout":"default","site-content-style":"default","site-sidebar-style":"default","ast-global-header-display":"","ast-banner-title-visibility":"","ast-main-header-display":"","ast-hfb-above-header-display":"","ast-hfb-below-header-display":"","ast-hfb-mobile-header-display":"","site-post-title":"","ast-breadcrumbs-content":"","ast-featured-img":"","footer-sml-layout":"","theme-transparent-header-meta":"default","adv-header-id-meta":"","stick-header-meta":"","header-above-stick-meta":"","header-main-stick-meta":"","header-below-stick-meta":"","astra-migrate-meta-layouts":"set","ast-page-background-enabled":"default","ast-page-background-meta":{"desktop":{"background-color":"","background-image":"","background-repeat":"repeat","background-position":"center center","background-size":"auto","background-attachment":"scroll","background-type":"","background-media":"","overlay-type":"","overlay-color":"","overlay-opacity":"","overlay-gradient":""},"tablet":{"background-color":"","background-image":"","background-repeat":"repeat","background-position":"center center","background-size":"auto","background-attachment":"scroll","background-type":"","background-media":"","overlay-type":"","overlay-color":"","overlay-opacity":"","overlay-gradient":""},"mobile":{"background-color":"","background-image":"","background-repeat":"repeat","background-position":"center center","background-size":"auto","background-attachment":"scroll","background-type":"","background-media":"","overlay-type":"","overlay-color":"","overlay-opacity":"","overlay-gradient":""}},"ast-content-background-meta":{"desktop":{"background-color":"var(--ast-global-color-5)","background-image":"","background-repeat":"repeat","background-position":"center center","background-size":"auto","background-attachment":"scroll","background-type":"","background-media":"","overlay-type":"","overlay-color":"","overlay-opacity":"","overlay-gradient":""},"tablet":{"background-color":"var(--ast-global-color-5)","background-image":"","background-repeat":"repeat","background-position":"center center","background-size":"auto","background-attachment":"scroll","background-type":"","background-media":"","overlay-type":"","overlay-color":"","overlay-opacity":"","overlay-gradient":""},"mobile":{"background-color":"var(--ast-global-color-5)","background-image":"","background-repeat":"repeat","background-position":"center center","background-size":"auto","background-attachment":"scroll","background-type":"","background-media":"","overlay-type":"","overlay-color":"","overlay-opacity":"","overlay-gradient":""}}},"product_brand":[],"product_cat":[18,21],"product_tag":[],"class_list":{"0":"post-3411","1":"product","2":"type-product","3":"status-publish","5":"product_cat-products","6":"product_cat-antioxidant-for-plastics-and-rubbers","7":"desktop-align-left","8":"tablet-align-left","9":"mobile-align-left","11":"first","12":"instock","13":"shipping-taxable","14":"product-type-simple"},"_links":{"self":[{"href":"https:\/\/chicchem.com\/fr\/wp-json\/wp\/v2\/product\/3411","targetHints":{"allow":["GET"]}}],"collection":[{"href":"https:\/\/chicchem.com\/fr\/wp-json\/wp\/v2\/product"}],"about":[{"href":"https:\/\/chicchem.com\/fr\/wp-json\/wp\/v2\/types\/product"}],"wp:attachment":[{"href":"https:\/\/chicchem.com\/fr\/wp-json\/wp\/v2\/media?parent=3411"}],"wp:term":[{"taxonomy":"product_brand","embeddable":true,"href":"https:\/\/chicchem.com\/fr\/wp-json\/wp\/v2\/product_brand?post=3411"},{"taxonomy":"product_cat","embeddable":true,"href":"https:\/\/chicchem.com\/fr\/wp-json\/wp\/v2\/product_cat?post=3411"},{"taxonomy":"product_tag","embeddable":true,"href":"https:\/\/chicchem.com\/fr\/wp-json\/wp\/v2\/product_tag?post=3411"}],"curies":[{"name":"wp","href":"https:\/\/api.w.org\/{rel}","templated":true}]}}