{"id":3412,"date":"2024-06-21T03:17:21","date_gmt":"2024-06-21T03:17:21","guid":{"rendered":"https:\/\/chicchem.com\/?post_type=product&#038;p=3412"},"modified":"2024-08-07T08:58:15","modified_gmt":"2024-08-07T08:58:15","slug":"chicstab-dpdp","status":"publish","type":"product","link":"https:\/\/chicchem.com\/fr\/produit\/chicstab-dpdp\/","title":{"rendered":"Chicstab DPDP"},"content":{"rendered":"<p><span style=\"color: #94bd75;\"><strong><b>Description du produit<\/b><\/strong><\/span><\/p>\n<p><span style=\"color: #000000;\">N \u00b0 CAS.  26544-23-0<\/span><\/p>\n<p><span style=\"color: #000000;\">Chicstab DPDP est un antioxydant phosphite qui am\u00e9liore la stabilit\u00e9 de la couleur et la stabilit\u00e9 thermique des polym\u00e8res, en particulier dans les applications PVC, ABS et PS. Il peut \u00eatre appliqu\u00e9 ind\u00e9pendamment ou combin\u00e9 avec d\u2019autres antioxydants ph\u00e9noliques encombr\u00e9s pour des effets synergiques am\u00e9lior\u00e9s.<\/span><\/p>\n<p><span style=\"color: #94bd75;\"><strong><b>Propri\u00e9t\u00e9s physiques\u00a0<\/b><\/strong><\/span><\/p>\n<table style=\"width: 100%; height: 340px;\">\n<tbody>\n<tr style=\"height: 68px;\">\n<td style=\"background-color: #c9e4b4; height: 68px;\" width=\"467\"><span style=\"color: #000000;\">Forme physique<\/span><\/td>\n<td style=\"height: 68px;\" width=\"710\"><span style=\"color: #000000;\">liquide transparent incolore<\/span><\/td>\n<\/tr>\n<tr style=\"height: 68px;\">\n<td style=\"background-color: #c9e4b4; height: 68px;\" width=\"467\"><span style=\"color: #000000;\">Indice de r\u00e9fraction, 25\u2103<\/span><\/td>\n<td style=\"height: 68px;\" width=\"710\"><span style=\"color: #000000;\">1.516~1.522<\/span><\/td>\n<\/tr>\n<tr style=\"height: 68px;\">\n<td style=\"background-color: #c9e4b4; height: 68px;\" width=\"467\"><span style=\"color: #000000;\">Densit\u00e9 sp\u00e9cifique, 25 \u2103<\/span><\/td>\n<td style=\"height: 68px;\" width=\"710\"><span style=\"color: #000000;\">1.020~1.036<\/span><\/td>\n<\/tr>\n<tr style=\"height: 68px;\">\n<td style=\"background-color: #c9e4b4; height: 68px;\" width=\"467\"><span style=\"color: #000000;\">Viscosit\u00e9, 25\u00b0C, CPS<\/span><\/td>\n<td style=\"height: 68px;\" width=\"710\"><span style=\"color: #000000;\">12~17<\/span><\/td>\n<\/tr>\n<tr style=\"height: 68px;\">\n<td style=\"background-color: #c9e4b4; height: 68px;\" width=\"467\"><span style=\"color: #000000;\">Indice d&#039;acide, mgKOH\/g<\/span><\/td>\n<td style=\"height: 68px;\" width=\"710\"><span style=\"color: #000000;\">\u22641,0<\/span><\/td>\n<\/tr>\n<\/tbody>\n<\/table>\n<p><span style=\"color: #94bd75;\"><strong><b>Caract\u00e9ristiques et avantages<\/b><\/strong><\/span><\/p>\n<p><span style=\"color: #000000;\">Soluble dans le tolu\u00e8ne, le benz\u00e8ne, le chloroforme\u00a0; insoluble dans l&#039;eau; faible volatilit\u00e9; bonne r\u00e9sistance \u00e0 l&#039;extraction de l&#039;eau.<\/span><\/p>\n<p><span style=\"color: #94bd75;\"><strong><b>Emballer<\/b><\/strong><\/span><\/p>\n<p><span style=\"color: #000000;\">180KG\/tambour, r\u00e9servoir 950KG\/IBC, r\u00e9servoir 20MT\/ISO<\/span><\/p>\n<p><span style=\"color: #94bd75;\"><strong><b>Dur\u00e9e de conservation<\/b><\/strong><\/span><\/p>\n<p><span style=\"color: #000000;\">24 mois \u00e0 compter de la date de production sous emballage d&#039;origine non ouvert.<\/span><\/p>\n<p><span style=\"color: #94bd75;\"><strong><b>Stockage et transport<\/b><\/strong><\/span><\/p>\n<p><span style=\"color: #000000;\">Il doit \u00eatre conserv\u00e9 dans des conditions sombres, s\u00e8ches et \u00e0 basse temp\u00e9rature, en gardant le r\u00e9cipient herm\u00e9tiquement ferm\u00e9.  apr\u00e8s ouverture, il est recommand\u00e9 de le conserver herm\u00e9tiquement et de l&#039;utiliser au plus vite. Faites attention \u00e0 \u00e9viter les fuites pendant le transport, suivez les bonnes pratiques industrielles. Manipuler avec soin pour \u00e9viter la pollution de l\u2019environnement.<\/span><\/p>\n<p>&nbsp;<\/p>","protected":false},"excerpt":{"rendered":"<p>Prot\u00e8ge les mat\u00e9riaux des dommages oxydatifs, prolongeant leur dur\u00e9e de vie.<\/p>","protected":false},"featured_media":0,"template":"","meta":{"site-sidebar-layout":"default","site-content-layout":"","ast-site-content-layout":"default","site-content-style":"default","site-sidebar-style":"default","ast-global-header-display":"","ast-banner-title-visibility":"","ast-main-header-display":"","ast-hfb-above-header-display":"","ast-hfb-below-header-display":"","ast-hfb-mobile-header-display":"","site-post-title":"","ast-breadcrumbs-content":"","ast-featured-img":"","footer-sml-layout":"","theme-transparent-header-meta":"default","adv-header-id-meta":"","stick-header-meta":"","header-above-stick-meta":"","header-main-stick-meta":"","header-below-stick-meta":"","astra-migrate-meta-layouts":"set","ast-page-background-enabled":"default","ast-page-background-meta":{"desktop":{"background-color":"","background-image":"","background-repeat":"repeat","background-position":"center center","background-size":"auto","background-attachment":"scroll","background-type":"","background-media":"","overlay-type":"","overlay-color":"","overlay-opacity":"","overlay-gradient":""},"tablet":{"background-color":"","background-image":"","background-repeat":"repeat","background-position":"center center","background-size":"auto","background-attachment":"scroll","background-type":"","background-media":"","overlay-type":"","overlay-color":"","overlay-opacity":"","overlay-gradient":""},"mobile":{"background-color":"","background-image":"","background-repeat":"repeat","background-position":"center center","background-size":"auto","background-attachment":"scroll","background-type":"","background-media":"","overlay-type":"","overlay-color":"","overlay-opacity":"","overlay-gradient":""}},"ast-content-background-meta":{"desktop":{"background-color":"var(--ast-global-color-5)","background-image":"","background-repeat":"repeat","background-position":"center center","background-size":"auto","background-attachment":"scroll","background-type":"","background-media":"","overlay-type":"","overlay-color":"","overlay-opacity":"","overlay-gradient":""},"tablet":{"background-color":"var(--ast-global-color-5)","background-image":"","background-repeat":"repeat","background-position":"center center","background-size":"auto","background-attachment":"scroll","background-type":"","background-media":"","overlay-type":"","overlay-color":"","overlay-opacity":"","overlay-gradient":""},"mobile":{"background-color":"var(--ast-global-color-5)","background-image":"","background-repeat":"repeat","background-position":"center center","background-size":"auto","background-attachment":"scroll","background-type":"","background-media":"","overlay-type":"","overlay-color":"","overlay-opacity":"","overlay-gradient":""}}},"product_brand":[],"product_cat":[18,21],"product_tag":[],"class_list":{"0":"post-3412","1":"product","2":"type-product","3":"status-publish","5":"product_cat-products","6":"product_cat-antioxidant-for-plastics-and-rubbers","7":"desktop-align-left","8":"tablet-align-left","9":"mobile-align-left","11":"first","12":"instock","13":"shipping-taxable","14":"product-type-simple"},"_links":{"self":[{"href":"https:\/\/chicchem.com\/fr\/wp-json\/wp\/v2\/product\/3412","targetHints":{"allow":["GET"]}}],"collection":[{"href":"https:\/\/chicchem.com\/fr\/wp-json\/wp\/v2\/product"}],"about":[{"href":"https:\/\/chicchem.com\/fr\/wp-json\/wp\/v2\/types\/product"}],"wp:attachment":[{"href":"https:\/\/chicchem.com\/fr\/wp-json\/wp\/v2\/media?parent=3412"}],"wp:term":[{"taxonomy":"product_brand","embeddable":true,"href":"https:\/\/chicchem.com\/fr\/wp-json\/wp\/v2\/product_brand?post=3412"},{"taxonomy":"product_cat","embeddable":true,"href":"https:\/\/chicchem.com\/fr\/wp-json\/wp\/v2\/product_cat?post=3412"},{"taxonomy":"product_tag","embeddable":true,"href":"https:\/\/chicchem.com\/fr\/wp-json\/wp\/v2\/product_tag?post=3412"}],"curies":[{"name":"wp","href":"https:\/\/api.w.org\/{rel}","templated":true}]}}