{"id":3414,"date":"2024-06-21T03:19:45","date_gmt":"2024-06-21T03:19:45","guid":{"rendered":"https:\/\/chicchem.com\/?post_type=product&#038;p=3414"},"modified":"2024-08-07T08:57:00","modified_gmt":"2024-08-07T08:57:00","slug":"chicstab-br-7","status":"publish","type":"product","link":"https:\/\/chicchem.com\/fr\/produit\/chicstab-br-7\/","title":{"rendered":"Chicstab BR-7"},"content":{"rendered":"<p><span style=\"color: #94bd75;\"><strong>Description du produit<\/strong><\/span><\/p>\n<p><span style=\"color: #000000;\">Ce produit est un antioxydant ph\u00e9nolique de haute activit\u00e9 et peu volatile avec ses propri\u00e9t\u00e9s non polluantes et non d\u00e9colorantes. Il est particuli\u00e8rement efficace pour prot\u00e9ger les polym\u00e8res insatur\u00e9s naturels et synth\u00e9tiques \u00e0 base d&#039;isopr\u00e8ne et de butadi\u00e8ne, surpassant les antioxydants traditionnels comme le BHT, 1010, 1076, 2246, SP, etc.<\/span><\/p>\n<p><span style=\"color: #000000;\">Il d\u00e9montre une faible migration ou extraction, m\u00eame lors de lavages et de cuissons r\u00e9p\u00e9t\u00e9s de mat\u00e9riaux tels que le caoutchouc, le fil \u00e9lastique, le support de tapis et la mousse. Il convient \u00e9galement aux compos\u00e9s de haut poids mol\u00e9culaire tels que le caoutchouc naturel, le caoutchouc synth\u00e9tique et les plastiques techniques comme l&#039;ABS et les polyph\u00e9nols. Sp\u00e9cialement con\u00e7u pour les produits en latex (caoutchouc mousse, produits tremp\u00e9s, produits en fil de caoutchouc) et les produits en caoutchouc sec, ainsi que les adh\u00e9sifs.<\/span><\/p>\n<p><span style=\"color: #94bd75;\"><strong><b>Propri\u00e9t\u00e9s physiques\u00a0<\/b><\/strong><\/span><\/p>\n<table>\n<tbody>\n<tr>\n<td style=\"background-color: #c9e4b4;\" width=\"468\"><span style=\"color: #000000;\">Forme physique<\/span><\/td>\n<td width=\"869\"><span style=\"color: #000000;\">Poudre laiteuse l\u00e9g\u00e8re ou flocons transparents jaune clair \u00e0 bruns<\/span><\/td>\n<\/tr>\n<tr>\n<td style=\"background-color: #c9e4b4;\" width=\"468\"><span style=\"color: #000000;\">Point de fusion<\/span><\/td>\n<td width=\"869\"><span style=\"color: #000000;\">\u2265105\u2103<\/span><\/td>\n<\/tr>\n<tr>\n<td style=\"background-color: #c9e4b4;\" width=\"468\"><span style=\"color: #000000;\">Mati\u00e8re volatile<\/span><\/td>\n<td width=\"869\"><span style=\"color: #000000;\">\u22640,5%<\/span><\/td>\n<\/tr>\n<tr>\n<td style=\"background-color: #c9e4b4;\" width=\"468\"><span style=\"color: #000000;\">Teneur en cendres<\/span><\/td>\n<td width=\"869\"><span style=\"color: #000000;\">\u22640,3%<\/span><\/td>\n<\/tr>\n<\/tbody>\n<\/table>\n<p><span style=\"color: #94bd75;\"><strong><b>Caract\u00e9ristiques et avantages<\/b><\/strong><\/span><\/p>\n<p><span style=\"color: #000000;\">Ce produit est un antioxydant hautement actif, non tachant, r\u00e9sistant aux hautes temp\u00e9ratures, \u00e0 l&#039;eau, au lavage, \u00e0 la migration, \u00e0 faible volatilit\u00e9, facile \u00e0 m\u00e9langer avec le caoutchouc et la r\u00e9sine et pr\u00e9sentant une bonne compatibilit\u00e9.<\/span><\/p>\n<p><span style=\"color: #94bd75;\"><strong>Application<\/strong><\/span><\/p>\n<p><span style=\"color: #000000;\">Il est principalement utilis\u00e9 pour prot\u00e9ger les compos\u00e9s de couleur claire ou non color\u00e9s tels que le caoutchouc naturel, le latex, le PVC, l&#039;ABS, l&#039;EVA, le BR, l&#039;IR, le NBR, le NR, le SBR, le SBS, le SIS et leurs d\u00e9riv\u00e9s, garantissant ainsi un antioxydant \u00e0 long terme. efficacit\u00e9. Dans les applications de caoutchouc, le dosage typique varie de 2 \u00e0 3 parties, avec une efficacit\u00e9 accrue lorsqu&#039;il est utilis\u00e9 en conjonction avec des antioxydants phosphites. Il est fortement recommand\u00e9 comme alternative sup\u00e9rieure aux 264 et 2264.<\/span><\/p>\n<p><span style=\"color: #94bd75;\"><strong><b>Emballer<\/b><\/strong><strong><b>\u00a0<\/b><\/strong><\/span><\/p>\n<p><span style=\"color: #000000;\">Sacs en papier composite doubl\u00e9s d&#039;un film plastique (poids net 25 kg), sacs jumbo (poids net 900 kg). Les sp\u00e9cifications d\u2019emballage peuvent \u00eatre personnalis\u00e9es lors de la n\u00e9gociation.<\/span><\/p>\n<p><span style=\"color: #94bd75;\"><strong><b>Dur\u00e9e de conservation <\/b><\/strong><\/span><\/p>\n<p><span style=\"color: #000000;\">12 mois \u00e0 compter de la date de production sous emballage d&#039;origine non ouvert.<\/span><\/p>\n<p><span style=\"color: #94bd75;\"><strong><b>Stockage <\/b><\/strong><\/span><\/p>\n<p><span style=\"color: #000000;\">Conserver dans un environnement sombre, sec et frais, en gardant le r\u00e9cipient bien ferm\u00e9. Apr\u00e8s ouverture, fermer herm\u00e9tiquement le r\u00e9cipient et utiliser le produit dans les plus brefs d\u00e9lais.<\/span><\/p>","protected":false},"excerpt":{"rendered":"<p>Prot\u00e8ge les mat\u00e9riaux des dommages oxydatifs, prolongeant leur dur\u00e9e de vie.<\/p>","protected":false},"featured_media":0,"template":"","meta":{"site-sidebar-layout":"default","site-content-layout":"","ast-site-content-layout":"default","site-content-style":"default","site-sidebar-style":"default","ast-global-header-display":"","ast-banner-title-visibility":"","ast-main-header-display":"","ast-hfb-above-header-display":"","ast-hfb-below-header-display":"","ast-hfb-mobile-header-display":"","site-post-title":"","ast-breadcrumbs-content":"","ast-featured-img":"","footer-sml-layout":"","theme-transparent-header-meta":"default","adv-header-id-meta":"","stick-header-meta":"","header-above-stick-meta":"","header-main-stick-meta":"","header-below-stick-meta":"","astra-migrate-meta-layouts":"set","ast-page-background-enabled":"default","ast-page-background-meta":{"desktop":{"background-color":"","background-image":"","background-repeat":"repeat","background-position":"center center","background-size":"auto","background-attachment":"scroll","background-type":"","background-media":"","overlay-type":"","overlay-color":"","overlay-opacity":"","overlay-gradient":""},"tablet":{"background-color":"","background-image":"","background-repeat":"repeat","background-position":"center center","background-size":"auto","background-attachment":"scroll","background-type":"","background-media":"","overlay-type":"","overlay-color":"","overlay-opacity":"","overlay-gradient":""},"mobile":{"background-color":"","background-image":"","background-repeat":"repeat","background-position":"center center","background-size":"auto","background-attachment":"scroll","background-type":"","background-media":"","overlay-type":"","overlay-color":"","overlay-opacity":"","overlay-gradient":""}},"ast-content-background-meta":{"desktop":{"background-color":"var(--ast-global-color-5)","background-image":"","background-repeat":"repeat","background-position":"center center","background-size":"auto","background-attachment":"scroll","background-type":"","background-media":"","overlay-type":"","overlay-color":"","overlay-opacity":"","overlay-gradient":""},"tablet":{"background-color":"var(--ast-global-color-5)","background-image":"","background-repeat":"repeat","background-position":"center center","background-size":"auto","background-attachment":"scroll","background-type":"","background-media":"","overlay-type":"","overlay-color":"","overlay-opacity":"","overlay-gradient":""},"mobile":{"background-color":"var(--ast-global-color-5)","background-image":"","background-repeat":"repeat","background-position":"center center","background-size":"auto","background-attachment":"scroll","background-type":"","background-media":"","overlay-type":"","overlay-color":"","overlay-opacity":"","overlay-gradient":""}}},"product_brand":[],"product_cat":[18,21],"product_tag":[],"class_list":{"0":"post-3414","1":"product","2":"type-product","3":"status-publish","5":"product_cat-products","6":"product_cat-antioxidant-for-plastics-and-rubbers","7":"desktop-align-left","8":"tablet-align-left","9":"mobile-align-left","11":"first","12":"instock","13":"shipping-taxable","14":"product-type-simple"},"_links":{"self":[{"href":"https:\/\/chicchem.com\/fr\/wp-json\/wp\/v2\/product\/3414","targetHints":{"allow":["GET"]}}],"collection":[{"href":"https:\/\/chicchem.com\/fr\/wp-json\/wp\/v2\/product"}],"about":[{"href":"https:\/\/chicchem.com\/fr\/wp-json\/wp\/v2\/types\/product"}],"wp:attachment":[{"href":"https:\/\/chicchem.com\/fr\/wp-json\/wp\/v2\/media?parent=3414"}],"wp:term":[{"taxonomy":"product_brand","embeddable":true,"href":"https:\/\/chicchem.com\/fr\/wp-json\/wp\/v2\/product_brand?post=3414"},{"taxonomy":"product_cat","embeddable":true,"href":"https:\/\/chicchem.com\/fr\/wp-json\/wp\/v2\/product_cat?post=3414"},{"taxonomy":"product_tag","embeddable":true,"href":"https:\/\/chicchem.com\/fr\/wp-json\/wp\/v2\/product_tag?post=3414"}],"curies":[{"name":"wp","href":"https:\/\/api.w.org\/{rel}","templated":true}]}}