{"id":3416,"date":"2024-06-21T03:22:01","date_gmt":"2024-06-21T03:22:01","guid":{"rendered":"https:\/\/chicchem.com\/?post_type=product&#038;p=3416"},"modified":"2024-08-07T08:56:19","modified_gmt":"2024-08-07T08:56:19","slug":"chicstab-5026","status":"publish","type":"product","link":"https:\/\/chicchem.com\/fr\/produit\/chicstab-5026\/","title":{"rendered":"Chicstab 5026"},"content":{"rendered":"<p><span style=\"color: #94bd75;\"><strong><b>Description du produit<\/b><\/strong><\/span><\/p>\n<p><span style=\"color: #000000;\">N\u00b0 CAS : 110675-26-8<\/span><\/p>\n<p><span style=\"color: #000000;\">Chicstab 5026 est une nouvelle \u00e9mulsion antioxydante con\u00e7ue pour une excellente compatibilit\u00e9 avec les substrats PVC, particuli\u00e8rement efficace pour stabiliser les r\u00e9actions de polym\u00e9risation du PVC. Il atteint un \u00e9quilibre subtil entre l&#039;efficacit\u00e9 de la terminaison de cha\u00eene et la stabilit\u00e9 thermique, offrant des avantages tels qu&#039;une r\u00e9sistance thermique exceptionnelle, une dispersion uniforme et une incorporation facile. Cet antioxydant am\u00e9liore la qualit\u00e9 du PVC en retardant et en inhibant la d\u00e9gradation oxydative pendant la polym\u00e9risation, am\u00e9liorant ainsi la stabilit\u00e9 du PVC, la r\u00e9tention de la couleur et la r\u00e9sistance aux intemp\u00e9ries.<\/span><\/p>\n<p><span style=\"color: #94bd75;\"><strong><b>Propri\u00e9t\u00e9s physiques\u00a0<\/b><\/strong><\/span><\/p>\n<table>\n<tbody>\n<tr>\n<td style=\"background-color: #c9e4b4;\" width=\"582\"><span style=\"color: #000000;\">Forme physique\u00a0<\/span><\/td>\n<td width=\"772\"><span style=\"color: #000000;\">Solide blanc ou jaune clair<\/span><\/td>\n<\/tr>\n<tr>\n<td style=\"background-color: #c9e4b4;\" width=\"582\"><span style=\"color: #000000;\">Point d&#039;\u00e9clair, \u2103<\/span><\/td>\n<td width=\"772\"><span style=\"color: #000000;\">232<\/span><\/td>\n<\/tr>\n<tr>\n<td style=\"background-color: #c9e4b4;\" width=\"582\"><span style=\"color: #000000;\">Densit\u00e9 (40\u2103), g\/cm<sup>3<\/sup><\/span><\/td>\n<td width=\"772\"><span style=\"color: #000000;\">0.934<\/span><\/td>\n<\/tr>\n<tr>\n<td style=\"background-color: #c9e4b4;\" rowspan=\"7\" width=\"582\"><span style=\"color: #000000;\">Solubilit\u00e9 \u00e0 20\u00b0C (g\/100 g de solution)<\/span><\/td>\n<td width=\"772\"><span style=\"color: #000000;\">Ac\u00e9tone, &gt;50<\/span><\/td>\n<\/tr>\n<tr>\n<td width=\"772\"><span style=\"color: #000000;\">Cyclohexane, &gt;50<\/span><\/td>\n<\/tr>\n<tr>\n<td width=\"772\"><span style=\"color: #000000;\">Ac\u00e9tate d&#039;\u00e9thyle, &gt;50<\/span><\/td>\n<\/tr>\n<tr>\n<td width=\"772\"><span style=\"color: #000000;\">n-Hexane, &gt;50<\/span><\/td>\n<\/tr>\n<tr>\n<td width=\"772\"><span style=\"color: #000000;\">M\u00e9thanol, 1<\/span><\/td>\n<\/tr>\n<tr>\n<td width=\"772\"><span style=\"color: #000000;\">Tolu\u00e8ne, &gt;50<\/span><\/td>\n<\/tr>\n<tr>\n<td width=\"772\"><span style=\"color: #000000;\">Eau, &lt;0,1<\/span><\/td>\n<\/tr>\n<\/tbody>\n<\/table>\n<p><span style=\"color: #94bd75;\"><strong><b>Caract\u00e9ristiques et avantages<\/b><\/strong><\/span><\/p>\n<p><span style=\"color: #000000;\">Ne tache pas, ne d\u00e9colore pas, Faible volatilit\u00e9, R\u00e9sistant \u00e0 l&#039;extraction, Stable \u00e0 la lumi\u00e8re et \u00e0 la chaleur<\/span><\/p>\n<p><span style=\"color: #94bd75;\"><strong>Application <\/strong><\/span><\/p>\n<p><span style=\"color: #000000;\">Les principales applications du Chicstab 5026 incluent les produits en PVC rigide comme les portes, les fen\u00eatres, les tuyaux et les t\u00f4les, ainsi que les articles flexibles tels que le cuir synth\u00e9tique PVC, les b\u00e2ches et les tentes.<\/span><\/p>\n<p><span style=\"color: #000000;\">\u00a0Chicstab 5026 est un antioxydant ph\u00e9nolique multifonctionnel sp\u00e9cialement con\u00e7u pour stabiliser les polym\u00e8res organiques, notamment dans les adh\u00e9sifs. Il est tr\u00e8s efficace dans les adh\u00e9sifs thermofusibles \u00e0 base de polym\u00e8res insatur\u00e9s comme le SBS ou le SIS, les adh\u00e9sifs \u00e0 base de solvants utilisant des \u00e9lastom\u00e8res tels que le caoutchouc naturel, le caoutchouc chloropr\u00e8ne, le SBR, etc., et les adh\u00e9sifs \u00e0 base d&#039;eau. Chicstab 5026 convient \u00e9galement \u00e0 la stabilisation des copolym\u00e8res blocs tels que SBS et SIS, ainsi que des mastics polyur\u00e9thane (PUR). Il offre une excellente protection contre la d\u00e9gradation thermo-oxydative, offrant des caract\u00e9ristiques telles que l&#039;absence de taches, la non-d\u00e9coloration, une faible volatilit\u00e9, la r\u00e9sistance \u00e0 l&#039;extraction et la stabilit\u00e9 \u00e0 la lumi\u00e8re et \u00e0 la chaleur.<\/span><\/p>\n<p><span style=\"color: #000000;\">Chicstab 5026 est recommand\u00e9 pour les applications incluant les mat\u00e9riaux adh\u00e9sifs, les \u00e9lastom\u00e8res et les produits PUR. Il sert de stabilisant thermo-oxydant efficace pour les mat\u00e9riaux adh\u00e9sifs, en particulier dans les adh\u00e9sifs thermofusibles, les adh\u00e9sifs \u00e0 base de solvant et d&#039;eau, les copolym\u00e8res s\u00e9quenc\u00e9s comme le SBS et le SIS, ainsi que les mastics PUR.<\/span><\/p>\n<p><span style=\"color: #94bd75;\"><strong><b>Guide d&#039;utilisation<\/b><\/strong><\/span><\/p>\n<p><span style=\"color: #000000;\">Les niveaux d&#039;application typiques vont de 0,1% \u00e0 1,0%.<\/span><\/p>\n<p><span style=\"color: #94bd75;\"><strong><b>Emballer<\/b><\/strong><\/span><\/p>\n<p><span style=\"color: #000000;\">Il est conditionn\u00e9 dans des sacs composites papier-plastique ou des cartons doubl\u00e9s de sacs en plastique contenant chacun un poids net de 25 kg.<\/span><\/p>\n<p><span style=\"color: #94bd75;\"><strong><b>Dur\u00e9e de conservation <\/b><\/strong><\/span><\/p>\n<p><span style=\"color: #000000;\">12 mois \u00e0 compter de la date de production sous emballage d&#039;origine non ouvert.<\/span><\/p>\n<p><span style=\"color: #94bd75;\"><strong><b>Stockage <\/b><\/strong><\/span><\/p>\n<p><span style=\"color: #000000;\">Conserver dans un environnement sombre, sec et frais, en gardant le r\u00e9cipient bien ferm\u00e9. Apr\u00e8s ouverture, fermer herm\u00e9tiquement le r\u00e9cipient et utiliser le produit dans les plus brefs d\u00e9lais. Le produit peut se liqu\u00e9fier pendant le stockage.<\/span><\/p>\n<p>&nbsp;<\/p>","protected":false},"excerpt":{"rendered":"<p>Prot\u00e8ge les mat\u00e9riaux des dommages oxydatifs, prolongeant leur dur\u00e9e de vie.<\/p>","protected":false},"featured_media":0,"template":"","meta":{"site-sidebar-layout":"default","site-content-layout":"","ast-site-content-layout":"default","site-content-style":"default","site-sidebar-style":"default","ast-global-header-display":"","ast-banner-title-visibility":"","ast-main-header-display":"","ast-hfb-above-header-display":"","ast-hfb-below-header-display":"","ast-hfb-mobile-header-display":"","site-post-title":"","ast-breadcrumbs-content":"","ast-featured-img":"","footer-sml-layout":"","theme-transparent-header-meta":"default","adv-header-id-meta":"","stick-header-meta":"","header-above-stick-meta":"","header-main-stick-meta":"","header-below-stick-meta":"","astra-migrate-meta-layouts":"set","ast-page-background-enabled":"default","ast-page-background-meta":{"desktop":{"background-color":"","background-image":"","background-repeat":"repeat","background-position":"center center","background-size":"auto","background-attachment":"scroll","background-type":"","background-media":"","overlay-type":"","overlay-color":"","overlay-opacity":"","overlay-gradient":""},"tablet":{"background-color":"","background-image":"","background-repeat":"repeat","background-position":"center center","background-size":"auto","background-attachment":"scroll","background-type":"","background-media":"","overlay-type":"","overlay-color":"","overlay-opacity":"","overlay-gradient":""},"mobile":{"background-color":"","background-image":"","background-repeat":"repeat","background-position":"center center","background-size":"auto","background-attachment":"scroll","background-type":"","background-media":"","overlay-type":"","overlay-color":"","overlay-opacity":"","overlay-gradient":""}},"ast-content-background-meta":{"desktop":{"background-color":"var(--ast-global-color-5)","background-image":"","background-repeat":"repeat","background-position":"center center","background-size":"auto","background-attachment":"scroll","background-type":"","background-media":"","overlay-type":"","overlay-color":"","overlay-opacity":"","overlay-gradient":""},"tablet":{"background-color":"var(--ast-global-color-5)","background-image":"","background-repeat":"repeat","background-position":"center center","background-size":"auto","background-attachment":"scroll","background-type":"","background-media":"","overlay-type":"","overlay-color":"","overlay-opacity":"","overlay-gradient":""},"mobile":{"background-color":"var(--ast-global-color-5)","background-image":"","background-repeat":"repeat","background-position":"center center","background-size":"auto","background-attachment":"scroll","background-type":"","background-media":"","overlay-type":"","overlay-color":"","overlay-opacity":"","overlay-gradient":""}}},"product_brand":[],"product_cat":[18,21],"product_tag":[],"class_list":{"0":"post-3416","1":"product","2":"type-product","3":"status-publish","5":"product_cat-products","6":"product_cat-antioxidant-for-plastics-and-rubbers","7":"desktop-align-left","8":"tablet-align-left","9":"mobile-align-left","11":"first","12":"instock","13":"shipping-taxable","14":"product-type-simple"},"_links":{"self":[{"href":"https:\/\/chicchem.com\/fr\/wp-json\/wp\/v2\/product\/3416","targetHints":{"allow":["GET"]}}],"collection":[{"href":"https:\/\/chicchem.com\/fr\/wp-json\/wp\/v2\/product"}],"about":[{"href":"https:\/\/chicchem.com\/fr\/wp-json\/wp\/v2\/types\/product"}],"wp:attachment":[{"href":"https:\/\/chicchem.com\/fr\/wp-json\/wp\/v2\/media?parent=3416"}],"wp:term":[{"taxonomy":"product_brand","embeddable":true,"href":"https:\/\/chicchem.com\/fr\/wp-json\/wp\/v2\/product_brand?post=3416"},{"taxonomy":"product_cat","embeddable":true,"href":"https:\/\/chicchem.com\/fr\/wp-json\/wp\/v2\/product_cat?post=3416"},{"taxonomy":"product_tag","embeddable":true,"href":"https:\/\/chicchem.com\/fr\/wp-json\/wp\/v2\/product_tag?post=3416"}],"curies":[{"name":"wp","href":"https:\/\/api.w.org\/{rel}","templated":true}]}}