{"id":3417,"date":"2024-06-21T03:23:23","date_gmt":"2024-06-21T03:23:23","guid":{"rendered":"https:\/\/chicchem.com\/?post_type=product&#038;p=3417"},"modified":"2024-08-07T08:10:47","modified_gmt":"2024-08-07T08:10:47","slug":"chicstab-3114","status":"publish","type":"product","link":"https:\/\/chicchem.com\/fr\/produit\/chicstab-3114\/","title":{"rendered":"Chictab 3114"},"content":{"rendered":"<p><span style=\"color: #94bd75;\"><strong><b>Description du produit<\/b><\/strong><\/span><\/p>\n<p><span style=\"color: #000000;\">N \u00b0 CAS.  27676-62-6<\/span><\/p>\n<p><span style=\"color: #000000;\">Chicstab 3114 est un antioxydant nouvellement d\u00e9velopp\u00e9 caract\u00e9ris\u00e9 par un groupe trifonctionnel qui offre une efficacit\u00e9 compl\u00e8te. En plus de pr\u00e9venir le vieillissement des polym\u00e8res d\u00fb \u00e0 la chaleur et \u00e0 l\u2019oxyg\u00e8ne, il offre une excellente r\u00e9sistance \u00e0 la lumi\u00e8re, garantissant ainsi une conservation durable de la couleur des produits. Ce produit pr\u00e9sente des performances stables, une r\u00e9sistance thermique exceptionnelle et une r\u00e9sistance exceptionnelle \u00e0 l&#039;extraction de l&#039;eau. Il est presque incolore, inodore, respectueux de l\u2019environnement et peu toxique et stabilise efficacement les compos\u00e9s plastiques, les graisses de caoutchouc et d\u2019autres formulations.<\/span><\/p>\n<p><span style=\"color: #94bd75;\"><strong><b>Propri\u00e9t\u00e9s physiques\u00a0<\/b><\/strong><\/span><\/p>\n<table>\n<tbody>\n<tr>\n<td style=\"background-color: #c9e4b4;\" width=\"467\"><span style=\"color: #000000;\">Forme physique\u00a0<\/span><\/td>\n<td width=\"710\"><span style=\"color: #000000;\">poudre blanche<\/span><\/td>\n<\/tr>\n<tr>\n<td style=\"background-color: #c9e4b4;\" width=\"467\"><span style=\"color: #000000;\">Point de fusion, \u2103<\/span><\/td>\n<td width=\"710\"><span style=\"color: #000000;\">218.0~225.5<\/span><\/td>\n<\/tr>\n<tr>\n<td style=\"background-color: #c9e4b4;\" width=\"467\"><span style=\"color: #000000;\">Contenu, %<\/span><\/td>\n<td width=\"710\"><span style=\"color: #000000;\">\u226598,0\u00a0<\/span><\/td>\n<\/tr>\n<tr>\n<td style=\"background-color: #c9e4b4;\" width=\"467\"><span style=\"color: #000000;\">Volatilisant, %<\/span><\/td>\n<td width=\"710\"><span style=\"color: #000000;\">\u22640,30<\/span><\/td>\n<\/tr>\n<tr>\n<td style=\"background-color: #c9e4b4;\" width=\"467\"><span style=\"color: #000000;\">Teneur en cendres, %<\/span><\/td>\n<td width=\"710\"><span style=\"color: #000000;\">\u22640,05<\/span><\/td>\n<\/tr>\n<tr>\n<td style=\"background-color: #c9e4b4;\" width=\"467\"><span style=\"color: #000000;\">Solubilit\u00e9<\/span><\/td>\n<td width=\"710\"><span style=\"color: #000000;\">Clair<\/span><\/td>\n<\/tr>\n<tr>\n<td style=\"background-color: #c9e4b4;\" rowspan=\"2\" width=\"467\"><span style=\"color: #000000;\">Transmission, %<\/span><\/td>\n<td width=\"710\"><span style=\"color: #000000;\">425 nm \u226595,0<\/span><\/td>\n<\/tr>\n<tr>\n<td width=\"710\"><span style=\"color: #000000;\">500 nm \u226597,0<\/span><\/td>\n<\/tr>\n<\/tbody>\n<\/table>\n<p><span style=\"color: #94bd75;\"><strong><b>Caract\u00e9ristiques et avantages<\/b><\/strong><\/span><\/p>\n<p><span style=\"color: #000000;\">Poudre cristalline blanche, soluble dans le benz\u00e8ne, le chloroforme et d&#039;autres solvants organiques\u00a0; l\u00e9g\u00e8rement soluble dans l&#039;\u00e9thanol; insoluble dans l&#039;eau. Poss\u00e8de une excellente r\u00e9sistance \u00e0 la chaleur, une migration minimale et une forte r\u00e9sistance \u00e0 l\u2019extraction de l\u2019eau. Compatible avec une large gamme de polym\u00e8res, il pr\u00e9sente une stabilit\u00e9 thermique et une r\u00e9sistance au vieillissement thermique et oxydatif exceptionnelles. Ne provoque pas de d\u00e9coloration ni de pollution de l&#039;environnement.<\/span><\/p>\n<p><span style=\"color: #94bd75;\"><strong><b>Application<\/b><\/strong><\/span><\/p>\n<p><span style=\"color: #000000;\">Chicstab 3114 est particuli\u00e8rement adapt\u00e9 aux compos\u00e9s polyol\u00e9finiques, am\u00e9liorant consid\u00e9rablement la long\u00e9vit\u00e9 du produit. Son utilisation est s\u00fbre dans les produits en polyol\u00e9fine destin\u00e9s au contact alimentaire, avec un taux d&#039;utilisation recommand\u00e9 ne d\u00e9passant pas 15% du mat\u00e9riau de base.<\/span><\/p>\n<p><span style=\"color: #94bd75;\"><strong><b>Emballer<\/b><\/strong><\/span><\/p>\n<p><span style=\"color: #000000;\">Il est conditionn\u00e9 dans des sacs composites papier-plastique ou des cartons doubl\u00e9s de sacs en plastique contenant chacun un poids net de 25 kg.<\/span><\/p>\n<p><span style=\"color: #94bd75;\"><strong><b>Dur\u00e9e de conservation<\/b><\/strong><\/span><\/p>\n<p><span style=\"color: #000000;\">12 mois \u00e0 compter de la date de production sous emballage d&#039;origine non ouvert.<\/span><\/p>\n<p><span style=\"color: #94bd75;\"><strong><b>Stockage et transport<\/b><\/strong><\/span><\/p>\n<p><span style=\"color: #000000;\">Ce produit doit \u00eatre conserv\u00e9 dans un endroit sombre, sec et frais, herm\u00e9tiquement ferm\u00e9. Une fois ouvert, il est conseill\u00e9 de maintenir une fermeture herm\u00e9tique et de l&#039;utiliser rapidement. Pendant le transport, prenez des pr\u00e9cautions pour \u00e9viter les fuites et respectez les bonnes pratiques industrielles. Manipuler avec soin pour \u00e9viter toute contamination de l\u2019environnement.<\/span><\/p>\n<p>&nbsp;<\/p>","protected":false},"excerpt":{"rendered":"<p>Prot\u00e8ge les mat\u00e9riaux des dommages oxydatifs, prolongeant leur dur\u00e9e de vie.<\/p>","protected":false},"featured_media":0,"template":"","meta":{"site-sidebar-layout":"default","site-content-layout":"","ast-site-content-layout":"default","site-content-style":"default","site-sidebar-style":"default","ast-global-header-display":"","ast-banner-title-visibility":"","ast-main-header-display":"","ast-hfb-above-header-display":"","ast-hfb-below-header-display":"","ast-hfb-mobile-header-display":"","site-post-title":"","ast-breadcrumbs-content":"","ast-featured-img":"","footer-sml-layout":"","theme-transparent-header-meta":"default","adv-header-id-meta":"","stick-header-meta":"","header-above-stick-meta":"","header-main-stick-meta":"","header-below-stick-meta":"","astra-migrate-meta-layouts":"set","ast-page-background-enabled":"default","ast-page-background-meta":{"desktop":{"background-color":"","background-image":"","background-repeat":"repeat","background-position":"center center","background-size":"auto","background-attachment":"scroll","background-type":"","background-media":"","overlay-type":"","overlay-color":"","overlay-opacity":"","overlay-gradient":""},"tablet":{"background-color":"","background-image":"","background-repeat":"repeat","background-position":"center center","background-size":"auto","background-attachment":"scroll","background-type":"","background-media":"","overlay-type":"","overlay-color":"","overlay-opacity":"","overlay-gradient":""},"mobile":{"background-color":"","background-image":"","background-repeat":"repeat","background-position":"center center","background-size":"auto","background-attachment":"scroll","background-type":"","background-media":"","overlay-type":"","overlay-color":"","overlay-opacity":"","overlay-gradient":""}},"ast-content-background-meta":{"desktop":{"background-color":"var(--ast-global-color-5)","background-image":"","background-repeat":"repeat","background-position":"center center","background-size":"auto","background-attachment":"scroll","background-type":"","background-media":"","overlay-type":"","overlay-color":"","overlay-opacity":"","overlay-gradient":""},"tablet":{"background-color":"var(--ast-global-color-5)","background-image":"","background-repeat":"repeat","background-position":"center center","background-size":"auto","background-attachment":"scroll","background-type":"","background-media":"","overlay-type":"","overlay-color":"","overlay-opacity":"","overlay-gradient":""},"mobile":{"background-color":"var(--ast-global-color-5)","background-image":"","background-repeat":"repeat","background-position":"center center","background-size":"auto","background-attachment":"scroll","background-type":"","background-media":"","overlay-type":"","overlay-color":"","overlay-opacity":"","overlay-gradient":""}}},"product_brand":[],"product_cat":[18,21],"product_tag":[],"class_list":{"0":"post-3417","1":"product","2":"type-product","3":"status-publish","5":"product_cat-products","6":"product_cat-antioxidant-for-plastics-and-rubbers","7":"desktop-align-left","8":"tablet-align-left","9":"mobile-align-left","11":"first","12":"instock","13":"shipping-taxable","14":"product-type-simple"},"_links":{"self":[{"href":"https:\/\/chicchem.com\/fr\/wp-json\/wp\/v2\/product\/3417","targetHints":{"allow":["GET"]}}],"collection":[{"href":"https:\/\/chicchem.com\/fr\/wp-json\/wp\/v2\/product"}],"about":[{"href":"https:\/\/chicchem.com\/fr\/wp-json\/wp\/v2\/types\/product"}],"wp:attachment":[{"href":"https:\/\/chicchem.com\/fr\/wp-json\/wp\/v2\/media?parent=3417"}],"wp:term":[{"taxonomy":"product_brand","embeddable":true,"href":"https:\/\/chicchem.com\/fr\/wp-json\/wp\/v2\/product_brand?post=3417"},{"taxonomy":"product_cat","embeddable":true,"href":"https:\/\/chicchem.com\/fr\/wp-json\/wp\/v2\/product_cat?post=3417"},{"taxonomy":"product_tag","embeddable":true,"href":"https:\/\/chicchem.com\/fr\/wp-json\/wp\/v2\/product_tag?post=3417"}],"curies":[{"name":"wp","href":"https:\/\/api.w.org\/{rel}","templated":true}]}}