{"id":3418,"date":"2024-06-21T03:24:40","date_gmt":"2024-06-21T03:24:40","guid":{"rendered":"https:\/\/chicchem.com\/?post_type=product&#038;p=3418"},"modified":"2024-08-07T08:27:53","modified_gmt":"2024-08-07T08:27:53","slug":"chicstab-1726","status":"publish","type":"product","link":"https:\/\/chicchem.com\/fr\/produit\/chicstab-1726\/","title":{"rendered":"Chictab 1726"},"content":{"rendered":"<p><span style=\"color: #94bd75;\"><strong><b>Description du produit<\/b><\/strong><\/span><\/p>\n<p><span style=\"color: #000000;\">N \u00b0 CAS.  110675-26-8<\/span><\/p>\n<p><span style=\"color: #000000;\">Structure chimique\u00a0: 2,4-Bis(dod\u00e9cylthiom\u00e9thyl)-6-m\u00e9thylph\u00e9nol<\/span><\/p>\n<p><span style=\"color: #000000;\"><img decoding=\"async\" class=\"size-full wp-image-3419 alignleft\" src=\"https:\/\/chicchem.com\/wp-content\/uploads\/2024\/06\/\u56fe\u72471.png\" alt=\"\" width=\"270\" height=\"181\" srcset=\"https:\/\/chicchem.com\/wp-content\/uploads\/2024\/06\/\u56fe\u72471.png 270w, https:\/\/chicchem.com\/wp-content\/uploads\/2024\/06\/\u56fe\u72471-18x12.png 18w\" sizes=\"(max-width: 270px) 100vw, 270px\" \/><\/span><\/p>\n<p>&nbsp;<\/p>\n<p>&nbsp;<\/p>\n<p>&nbsp;<\/p>\n<p>&nbsp;<\/p>\n<p>&nbsp;<\/p>\n<p><span style=\"color: #000000;\">Chicstab 1726 est un antioxydant multifonctionnel combinant des fonctionnalit\u00e9s ph\u00e9noliques et thioester. Il prot\u00e8ge efficacement les substrats organiques tels que les adh\u00e9sifs, les \u00e9lastom\u00e8res et les produits associ\u00e9s de la d\u00e9gradation thermo-oxydante pendant le traitement.<\/span><\/p>\n<p><span style=\"color: #94bd75;\"><strong><b>Propri\u00e9t\u00e9s physiques\u00a0<\/b><\/strong><\/span><\/p>\n<table>\n<tbody>\n<tr>\n<td style=\"background-color: #c9e4b4;\" width=\"582\"><span style=\"color: #000000;\">Forme physique\u00a0<\/span><\/td>\n<td width=\"772\"><span style=\"color: #000000;\">Solide blanc ou jaune clair<\/span><\/td>\n<\/tr>\n<tr>\n<td style=\"background-color: #c9e4b4;\" width=\"582\"><span style=\"color: #000000;\">Point d&#039;\u00e9clair, \u2103<\/span><\/td>\n<td width=\"772\"><span style=\"color: #000000;\">232<\/span><\/td>\n<\/tr>\n<tr>\n<td style=\"background-color: #c9e4b4;\" width=\"582\"><span style=\"color: #000000;\">Densit\u00e9 (40\u2103), g\/cm<sup>3<\/sup><\/span><\/td>\n<td width=\"772\"><span style=\"color: #000000;\">0.934<\/span><\/td>\n<\/tr>\n<tr>\n<td style=\"background-color: #c9e4b4;\" rowspan=\"7\" width=\"582\"><span style=\"color: #000000;\">Solubilit\u00e9 \u00e0 20\u00b0C (g\/100 g de solution)<\/span><\/td>\n<td width=\"772\"><span style=\"color: #000000;\">Ac\u00e9tone, &gt;50<\/span><\/td>\n<\/tr>\n<tr>\n<td width=\"772\"><span style=\"color: #000000;\">Cyclohexane, &gt;50<\/span><\/td>\n<\/tr>\n<tr>\n<td width=\"772\"><span style=\"color: #000000;\">Ac\u00e9tate d&#039;\u00e9thyle, &gt;50<\/span><\/td>\n<\/tr>\n<tr>\n<td width=\"772\"><span style=\"color: #000000;\">n-Hexane, &gt;50<\/span><\/td>\n<\/tr>\n<tr>\n<td width=\"772\"><span style=\"color: #000000;\">M\u00e9thanol, 1<\/span><\/td>\n<\/tr>\n<tr>\n<td width=\"772\"><span style=\"color: #000000;\">Tolu\u00e8ne, &gt;50<\/span><\/td>\n<\/tr>\n<tr>\n<td width=\"772\"><span style=\"color: #000000;\">Eau, &lt;0,1<\/span><\/td>\n<\/tr>\n<\/tbody>\n<\/table>\n<p><span style=\"color: #94bd75;\"><strong><b>Caract\u00e9ristiques et avantages<\/b><\/strong><\/span><\/p>\n<p><span style=\"color: #000000;\">Ne tache pas, ne d\u00e9colore pas, Faible volatilit\u00e9, R\u00e9sistant \u00e0 l&#039;extraction, Stable \u00e0 la lumi\u00e8re et \u00e0 la chaleur<\/span><\/p>\n<p><span style=\"color: #94bd75;\"><strong>Application <\/strong><\/span><\/p>\n<p><span style=\"color: #000000;\">Chicstab 1726 est un antioxydant ph\u00e9nolique multifonctionnel con\u00e7u pour stabiliser les polym\u00e8res organiques, en particulier dans les applications adh\u00e9sives. Il est tr\u00e8s efficace pour stabiliser les adh\u00e9sifs thermofusibles \u00e0 base de polym\u00e8res insatur\u00e9s comme le SBS ou le SIS, ainsi que les adh\u00e9sifs \u00e0 base de solvants utilisant des \u00e9lastom\u00e8res tels que le caoutchouc naturel, le caoutchouc chloropr\u00e8ne et le SBR. De plus, il convient \u00e0 la stabilisation des adh\u00e9sifs \u00e0 base d&#039;eau et des copolym\u00e8res s\u00e9quenc\u00e9s tels que SBS et SIS, ainsi que des mastics polyur\u00e9thane (PUR). Chicstab 1726 offre une protection robuste contre la d\u00e9gradation thermo-oxydative et offre une faible volatilit\u00e9, une faible volatilit\u00e9, une r\u00e9sistance \u00e0 l&#039;extraction et une stabilit\u00e9 dans des conditions de lumi\u00e8re et de chaleur. Il est recommand\u00e9 pour les applications comprenant les mat\u00e9riaux adh\u00e9sifs, les \u00e9lastom\u00e8res et les produits PUR, servant de stabilisant thermo-oxydant efficace pour les adh\u00e9sifs thermofusibles, les adh\u00e9sifs \u00e0 base de solvants, les adh\u00e9sifs \u00e0 base d&#039;eau, les copolym\u00e8res s\u00e9quenc\u00e9s et les mastics PUR.<\/span><\/p>\n<p><span style=\"color: #94bd75;\"><strong><b>Guide d&#039;utilisation<\/b><\/strong><\/span><\/p>\n<p><span style=\"color: #000000;\">Les niveaux d&#039;application typiques vont de 0,1% \u00e0 1,0%.<\/span><\/p>\n<p><span style=\"color: #94bd75;\"><strong><b>Emballer<\/b><\/strong><\/span><\/p>\n<p><span style=\"color: #000000;\">Il est conditionn\u00e9 dans des sacs composites papier-plastique ou des cartons doubl\u00e9s de sacs en plastique contenant chacun un poids net de 25 kg.<\/span><\/p>\n<p><span style=\"color: #94bd75;\"><strong><b>Dur\u00e9e de conservation <\/b><\/strong><\/span><\/p>\n<p><span style=\"color: #000000;\">12 mois \u00e0 compter de la date de production sous emballage d&#039;origine non ouvert.<\/span><\/p>\n<p><span style=\"color: #94bd75;\"><strong><b>Stockage <\/b><\/strong><\/span><\/p>\n<p><span style=\"color: #000000;\">Conserver dans un environnement sombre, sec et frais, en gardant le r\u00e9cipient bien ferm\u00e9. Apr\u00e8s ouverture, fermer herm\u00e9tiquement le r\u00e9cipient et utiliser le produit dans les plus brefs d\u00e9lais. Le produit peut se liqu\u00e9fier pendant le stockage.<\/span><\/p>","protected":false},"excerpt":{"rendered":"<p>Prot\u00e8ge les mat\u00e9riaux des dommages oxydatifs, prolongeant leur dur\u00e9e de vie.<\/p>","protected":false},"featured_media":0,"template":"","meta":{"site-sidebar-layout":"default","site-content-layout":"","ast-site-content-layout":"default","site-content-style":"default","site-sidebar-style":"default","ast-global-header-display":"","ast-banner-title-visibility":"","ast-main-header-display":"","ast-hfb-above-header-display":"","ast-hfb-below-header-display":"","ast-hfb-mobile-header-display":"","site-post-title":"","ast-breadcrumbs-content":"","ast-featured-img":"","footer-sml-layout":"","theme-transparent-header-meta":"default","adv-header-id-meta":"","stick-header-meta":"","header-above-stick-meta":"","header-main-stick-meta":"","header-below-stick-meta":"","astra-migrate-meta-layouts":"set","ast-page-background-enabled":"default","ast-page-background-meta":{"desktop":{"background-color":"","background-image":"","background-repeat":"repeat","background-position":"center center","background-size":"auto","background-attachment":"scroll","background-type":"","background-media":"","overlay-type":"","overlay-color":"","overlay-opacity":"","overlay-gradient":""},"tablet":{"background-color":"","background-image":"","background-repeat":"repeat","background-position":"center center","background-size":"auto","background-attachment":"scroll","background-type":"","background-media":"","overlay-type":"","overlay-color":"","overlay-opacity":"","overlay-gradient":""},"mobile":{"background-color":"","background-image":"","background-repeat":"repeat","background-position":"center center","background-size":"auto","background-attachment":"scroll","background-type":"","background-media":"","overlay-type":"","overlay-color":"","overlay-opacity":"","overlay-gradient":""}},"ast-content-background-meta":{"desktop":{"background-color":"var(--ast-global-color-5)","background-image":"","background-repeat":"repeat","background-position":"center center","background-size":"auto","background-attachment":"scroll","background-type":"","background-media":"","overlay-type":"","overlay-color":"","overlay-opacity":"","overlay-gradient":""},"tablet":{"background-color":"var(--ast-global-color-5)","background-image":"","background-repeat":"repeat","background-position":"center center","background-size":"auto","background-attachment":"scroll","background-type":"","background-media":"","overlay-type":"","overlay-color":"","overlay-opacity":"","overlay-gradient":""},"mobile":{"background-color":"var(--ast-global-color-5)","background-image":"","background-repeat":"repeat","background-position":"center center","background-size":"auto","background-attachment":"scroll","background-type":"","background-media":"","overlay-type":"","overlay-color":"","overlay-opacity":"","overlay-gradient":""}}},"product_brand":[],"product_cat":[18,21],"product_tag":[],"class_list":{"0":"post-3418","1":"product","2":"type-product","3":"status-publish","5":"product_cat-products","6":"product_cat-antioxidant-for-plastics-and-rubbers","7":"desktop-align-left","8":"tablet-align-left","9":"mobile-align-left","11":"first","12":"instock","13":"shipping-taxable","14":"product-type-simple"},"_links":{"self":[{"href":"https:\/\/chicchem.com\/fr\/wp-json\/wp\/v2\/product\/3418","targetHints":{"allow":["GET"]}}],"collection":[{"href":"https:\/\/chicchem.com\/fr\/wp-json\/wp\/v2\/product"}],"about":[{"href":"https:\/\/chicchem.com\/fr\/wp-json\/wp\/v2\/types\/product"}],"wp:attachment":[{"href":"https:\/\/chicchem.com\/fr\/wp-json\/wp\/v2\/media?parent=3418"}],"wp:term":[{"taxonomy":"product_brand","embeddable":true,"href":"https:\/\/chicchem.com\/fr\/wp-json\/wp\/v2\/product_brand?post=3418"},{"taxonomy":"product_cat","embeddable":true,"href":"https:\/\/chicchem.com\/fr\/wp-json\/wp\/v2\/product_cat?post=3418"},{"taxonomy":"product_tag","embeddable":true,"href":"https:\/\/chicchem.com\/fr\/wp-json\/wp\/v2\/product_tag?post=3418"}],"curies":[{"name":"wp","href":"https:\/\/api.w.org\/{rel}","templated":true}]}}