{"id":3420,"date":"2024-06-21T03:26:41","date_gmt":"2024-06-21T03:26:41","guid":{"rendered":"https:\/\/chicchem.com\/?post_type=product&#038;p=3420"},"modified":"2024-08-07T08:23:38","modified_gmt":"2024-08-07T08:23:38","slug":"chicstab-1520","status":"publish","type":"product","link":"https:\/\/chicchem.com\/fr\/produit\/chicstab-1520\/","title":{"rendered":"Chictab 1520"},"content":{"rendered":"<p><span style=\"color: #94bd75;\"><strong><b>Description du produit<\/b><\/strong><\/span><\/p>\n<p><span style=\"color: #000000;\">N \u00b0 CAS. 110553-27-0<\/span><\/p>\n<p><span style=\"color: #000000;\">Chicstab 1520 est un nouvel antioxydant liquide de haut poids mol\u00e9culaire qui stabilise efficacement le caoutchouc et les compos\u00e9s adh\u00e9sifs. Il emp\u00eache la formation de gel et maintient la stabilit\u00e9 de la couleur, du poids mol\u00e9culaire et de la viscosit\u00e9 pendant l&#039;isolement, le stockage et le transport. Il est principalement utilis\u00e9 dans les caoutchoucs synth\u00e9tiques tels que le caoutchouc cis-butadi\u00e8ne, le caoutchouc butadi\u00e8ne, le caoutchouc \u00e9thyl\u00e8ne-propyl\u00e8ne, le caoutchouc nitrile et les \u00e9lastom\u00e8res thermoplastiques. Il offre de puissants effets antioxydants avec un dosage minimal, am\u00e9liorant ainsi la stabilit\u00e9 des plastiques et des polym\u00e8res synth\u00e9tiques. Chicstab 1520 est respectueux de l&#039;environnement et applicable dans les lubrifiants, les huiles synth\u00e9tiques et divers polym\u00e8res, d\u00e9montrant d&#039;excellentes performances antioxydantes. Dans le traitement du caoutchouc, Chicstab 1520 fonctionne bien m\u00eame sans phosphite et pr\u00e9sente des effets synergiques lorsqu&#039;il est combin\u00e9 avec du phosphite ou des antioxydants amin\u00e9s.<\/span><\/p>\n<p><span style=\"color: #94bd75;\"><strong><b>Propri\u00e9t\u00e9s physiques\u00a0<\/b><\/strong><\/span><\/p>\n<table>\n<tbody>\n<tr>\n<td style=\"background-color: #c9e4b4;\" colspan=\"3\" width=\"555\"><span style=\"color: #000000;\">Forme physique\u00a0<\/span><\/td>\n<td width=\"658\"><span style=\"color: #000000;\">Liquide incolore \u00e0 jaun\u00e2tre<\/span><\/td>\n<\/tr>\n<tr>\n<td style=\"background-color: #c9e4b4;\" colspan=\"3\" width=\"555\"><span style=\"color: #000000;\">Contenu%\u2265<\/span><\/td>\n<td width=\"658\"><span style=\"color: #000000;\">97.0<\/span><\/td>\n<\/tr>\n<tr>\n<td style=\"background-color: #c9e4b4;\" colspan=\"3\" width=\"555\"><span style=\"color: #000000;\">Viscosit\u00e9\/ mPa.s 25\u2103 \u2264<\/span><\/td>\n<td width=\"658\"><span style=\"color: #000000;\">100<\/span><\/td>\n<\/tr>\n<tr>\n<td style=\"background-color: #c9e4b4;\" colspan=\"3\" width=\"555\"><span style=\"color: #000000;\">Solubilit\u00e9<\/span><\/td>\n<td width=\"658\"><span style=\"color: #000000;\">Clart\u00e9<\/span><\/td>\n<\/tr>\n<tr>\n<td style=\"background-color: #c9e4b4;\" rowspan=\"2\" width=\"202\"><span style=\"color: #000000;\">Transmission de la lumi\u00e8re, %<\/span><\/td>\n<td style=\"background-color: #c9e4b4;\" width=\"351\"><span style=\"color: #000000;\">425nm\u2265<\/span><\/td>\n<td colspan=\"2\" width=\"660\"><span style=\"color: #000000;\">95.0<\/span><\/td>\n<\/tr>\n<tr>\n<td style=\"background-color: #c9e4b4;\" width=\"351\"><span style=\"color: #000000;\">500nm\u2265<\/span><\/td>\n<td colspan=\"2\" width=\"660\"><span style=\"color: #000000;\">97.0<\/span><\/td>\n<\/tr>\n<\/tbody>\n<\/table>\n<p><span style=\"color: #94bd75;\"><strong><b>\u00a0<\/b><\/strong><strong><b>Caract\u00e9ristiques et avantages<\/b><\/strong><\/span><\/p>\n<p><span style=\"color: #000000;\">C&#039;est un liquide incolore \u00e0 jaune clair qui peut cristalliser \u00e0 basse temp\u00e9rature. Soluble dans le benz\u00e8ne, le tolu\u00e8ne, le dichlorom\u00e9thane et d&#039;autres solvants organiques, mais insoluble dans l&#039;eau. Il pr\u00e9sente une faible volatilit\u00e9 et emp\u00eache efficacement la formation de gel.<\/span><\/p>\n<p><span style=\"color: #94bd75;\"><strong><b>Guide d&#039;utilisation<\/b><\/strong><\/span><\/p>\n<p><span style=\"color: #000000;\">Le dosage recommand\u00e9 varie de 0,15% \u00e0 0,50%, adapt\u00e9 aux besoins sp\u00e9cifiques du client.<\/span><\/p>\n<p><span style=\"color: #94bd75;\"><strong><b>Emballer<\/b><\/strong><\/span><\/p>\n<p><span style=\"color: #000000;\">180KG\/f\u00fbts galvanis\u00e9s<\/span><\/p>\n<p><span style=\"color: #94bd75;\"><strong><b>Dur\u00e9e de conservation<\/b><\/strong><\/span><\/p>\n<p><span style=\"color: #000000;\">24 mois \u00e0 compter de la date de production sous emballage d&#039;origine non ouvert.<\/span><\/p>\n<p><span style=\"color: #94bd75;\"><strong><b>Stockage et transport<\/b><\/strong><\/span><\/p>\n<p><span style=\"color: #000000;\">Ce produit doit \u00eatre conserv\u00e9 dans un endroit sombre, sec et frais, herm\u00e9tiquement ferm\u00e9. Une fois ouvert, il est conseill\u00e9 de maintenir une fermeture herm\u00e9tique et de l&#039;utiliser rapidement. Pendant le transport, prenez des pr\u00e9cautions pour \u00e9viter les fuites et respectez les bonnes pratiques industrielles. Manipuler avec soin pour \u00e9viter toute contamination de l\u2019environnement.<\/span><\/p>\n<p>&nbsp;<\/p>","protected":false},"excerpt":{"rendered":"<p>Prot\u00e8ge les mat\u00e9riaux des dommages oxydatifs, prolongeant leur dur\u00e9e de vie.<\/p>","protected":false},"featured_media":0,"template":"","meta":{"site-sidebar-layout":"default","site-content-layout":"","ast-site-content-layout":"default","site-content-style":"default","site-sidebar-style":"default","ast-global-header-display":"","ast-banner-title-visibility":"","ast-main-header-display":"","ast-hfb-above-header-display":"","ast-hfb-below-header-display":"","ast-hfb-mobile-header-display":"","site-post-title":"","ast-breadcrumbs-content":"","ast-featured-img":"","footer-sml-layout":"","theme-transparent-header-meta":"default","adv-header-id-meta":"","stick-header-meta":"","header-above-stick-meta":"","header-main-stick-meta":"","header-below-stick-meta":"","astra-migrate-meta-layouts":"set","ast-page-background-enabled":"default","ast-page-background-meta":{"desktop":{"background-color":"","background-image":"","background-repeat":"repeat","background-position":"center center","background-size":"auto","background-attachment":"scroll","background-type":"","background-media":"","overlay-type":"","overlay-color":"","overlay-opacity":"","overlay-gradient":""},"tablet":{"background-color":"","background-image":"","background-repeat":"repeat","background-position":"center center","background-size":"auto","background-attachment":"scroll","background-type":"","background-media":"","overlay-type":"","overlay-color":"","overlay-opacity":"","overlay-gradient":""},"mobile":{"background-color":"","background-image":"","background-repeat":"repeat","background-position":"center center","background-size":"auto","background-attachment":"scroll","background-type":"","background-media":"","overlay-type":"","overlay-color":"","overlay-opacity":"","overlay-gradient":""}},"ast-content-background-meta":{"desktop":{"background-color":"var(--ast-global-color-5)","background-image":"","background-repeat":"repeat","background-position":"center center","background-size":"auto","background-attachment":"scroll","background-type":"","background-media":"","overlay-type":"","overlay-color":"","overlay-opacity":"","overlay-gradient":""},"tablet":{"background-color":"var(--ast-global-color-5)","background-image":"","background-repeat":"repeat","background-position":"center center","background-size":"auto","background-attachment":"scroll","background-type":"","background-media":"","overlay-type":"","overlay-color":"","overlay-opacity":"","overlay-gradient":""},"mobile":{"background-color":"var(--ast-global-color-5)","background-image":"","background-repeat":"repeat","background-position":"center center","background-size":"auto","background-attachment":"scroll","background-type":"","background-media":"","overlay-type":"","overlay-color":"","overlay-opacity":"","overlay-gradient":""}}},"product_brand":[],"product_cat":[18,21],"product_tag":[],"class_list":{"0":"post-3420","1":"product","2":"type-product","3":"status-publish","5":"product_cat-products","6":"product_cat-antioxidant-for-plastics-and-rubbers","7":"desktop-align-left","8":"tablet-align-left","9":"mobile-align-left","11":"first","12":"instock","13":"shipping-taxable","14":"product-type-simple"},"_links":{"self":[{"href":"https:\/\/chicchem.com\/fr\/wp-json\/wp\/v2\/product\/3420","targetHints":{"allow":["GET"]}}],"collection":[{"href":"https:\/\/chicchem.com\/fr\/wp-json\/wp\/v2\/product"}],"about":[{"href":"https:\/\/chicchem.com\/fr\/wp-json\/wp\/v2\/types\/product"}],"wp:attachment":[{"href":"https:\/\/chicchem.com\/fr\/wp-json\/wp\/v2\/media?parent=3420"}],"wp:term":[{"taxonomy":"product_brand","embeddable":true,"href":"https:\/\/chicchem.com\/fr\/wp-json\/wp\/v2\/product_brand?post=3420"},{"taxonomy":"product_cat","embeddable":true,"href":"https:\/\/chicchem.com\/fr\/wp-json\/wp\/v2\/product_cat?post=3420"},{"taxonomy":"product_tag","embeddable":true,"href":"https:\/\/chicchem.com\/fr\/wp-json\/wp\/v2\/product_tag?post=3420"}],"curies":[{"name":"wp","href":"https:\/\/api.w.org\/{rel}","templated":true}]}}