{"id":3422,"date":"2024-06-21T04:31:17","date_gmt":"2024-06-21T04:31:17","guid":{"rendered":"https:\/\/chicchem.com\/?post_type=product&#038;p=3422"},"modified":"2024-06-21T04:32:39","modified_gmt":"2024-06-21T04:32:39","slug":"chicstab-316a","status":"publish","type":"product","link":"https:\/\/chicchem.com\/fr\/produit\/chicstab-316a\/","title":{"rendered":"Chicstab316A"},"content":{"rendered":"<p><span style=\"color: #28a7de;\"><strong><b>Description du produit<\/b><\/strong><\/span><\/p>\n<p><span style=\"color: #000000;\">Le Chicstab 316A est avant tout un antioxydant visant \u00e0 stabiliser la couleur des mat\u00e9riaux polym\u00e8res. Il est largement utilis\u00e9 dans des mat\u00e9riaux tels que les \u00e9lastom\u00e8res polyur\u00e9thanes et les adh\u00e9sifs. Ce produit lutte efficacement contre le jaunissement de la mati\u00e8re tout en pr\u00e9servant la transparence du produit. Il surpasse l&#039;antioxydant Chicstab 316B en termes de qualit\u00e9 poly\u00e9ther et d&#039;effets anti-jaunissement, n\u00e9cessitant un ajout minimal et offrant une valeur d&#039;insaturation inf\u00e9rieure. De plus, l&#039;antioxydant liquide Chicstab 316A pr\u00e9sente une faible viscosit\u00e9, ce qui le rend facile \u00e0 transporter et \u00e0 dissoudre dans le poly\u00e9ther et d&#039;autres mat\u00e9riaux.<\/span><\/p>\n<p><span style=\"color: #28a7de;\"><strong><b>Propri\u00e9t\u00e9s physiques<\/b><\/strong><\/span><\/p>\n<table>\n<tbody>\n<tr>\n<td style=\"background-color: #bce4f5;\" width=\"582\"><span style=\"color: #000000;\">Forme physique<\/span><\/td>\n<td width=\"772\"><span style=\"color: #000000;\">Liquide incolore \u00e0 jaune clair ou jaune<\/span><\/td>\n<\/tr>\n<tr>\n<td style=\"background-color: #bce4f5;\" width=\"582\"><span style=\"color: #000000;\">Densit\u00e9 (25\u2103), g\/cm\u00b3<\/span><\/td>\n<td width=\"772\"><span style=\"color: #000000;\">0.910-0.990<\/span><\/td>\n<\/tr>\n<tr>\n<td style=\"background-color: #bce4f5;\" width=\"582\"><span style=\"color: #000000;\">Viscosit\u00e9 (25\u00b0C), mPa.s, \u2264<\/span><\/td>\n<td width=\"772\"><span style=\"color: #000000;\">100<\/span><\/td>\n<\/tr>\n<tr>\n<td style=\"background-color: #bce4f5;\" width=\"582\"><span style=\"color: #000000;\">Indice de r\u00e9fraction (25\u00b0C)<\/span><\/td>\n<td width=\"772\"><span style=\"color: #000000;\">1.460-1.530<\/span><\/td>\n<\/tr>\n<tr>\n<td style=\"background-color: #bce4f5;\" width=\"582\"><span style=\"color: #000000;\">Indice d&#039;acide, mgKOH\/g, \u2264<\/span><\/td>\n<td width=\"772\"><span style=\"color: #000000;\">1.0<\/span><\/td>\n<\/tr>\n<\/tbody>\n<\/table>\n<p><span style=\"color: #28a7de;\"><strong><b>Guide d&#039;utilisation<\/b><\/strong><\/span><\/p>\n<ol>\n<li><span style=\"color: #000000;\">Le dosage recommand\u00e9 varie entre 0,05% et 0,25%, avec la possibilit\u00e9 d&#039;optimiser en fonction de l&#039;application sp\u00e9cifique.<\/span><\/li>\n<li><span style=\"color: #000000;\">S&#039;il n&#039;est pas utilis\u00e9 imm\u00e9diatement, veuillez remplir le r\u00e9cipient d&#039;azote et le fermer rapidement. Une exposition prolong\u00e9e \u00e0 l&#039;air peut entra\u00eener une d\u00e9coloration du produit.<\/span><\/li>\n<li><span style=\"color: #000000;\">\u00c9vitez tout contact direct avec le produit \u00e0 mains nues\u00a0; porter des gants r\u00e9sistants aux acides et aux alcalis pendant la manipulation. En cas de contact avec la peau, laver abondamment \u00e0 l&#039;eau ou utiliser de l&#039;alcool m\u00e9dical. Consulter un m\u00e9decin en cas de gravit\u00e9.<\/span><\/li>\n<\/ol>\n<p><span style=\"color: #28a7de;\"><strong><b>Emballer<\/b><\/strong>\u00a0<\/span><\/p>\n<p><span style=\"color: #000000;\">180 kg\/tambour. Il doit \u00eatre stock\u00e9 dans des conditions sombres, s\u00e8ches, \u00e0 basse temp\u00e9rature et scell\u00e9es. Une exposition \u00e0 long terme fera jaunir le produit.<\/span><\/p>\n<p><span style=\"color: #28a7de;\"><strong><b>S<\/b><\/strong><strong><b>dur\u00e9e de vie<\/b><\/strong><\/span><\/p>\n<p><span style=\"color: #000000;\">12 mois \u00e0 compter de la date de production sous emballage d&#039;origine non ouvert.<\/span><\/p>\n<p><span style=\"color: #28a7de;\"><strong><b>Stockage <\/b><\/strong><\/span><\/p>\n<p><span style=\"color: #000000;\">Conserver dans un environnement sec, bien ventil\u00e9 et frais, en \u00e9vitant tout contact avec l&#039;eau.\u00a0<\/span><\/p>","protected":false},"excerpt":{"rendered":"<p>Prot\u00e8ge les mat\u00e9riaux des dommages oxydatifs, prolongeant leur dur\u00e9e de vie.<\/p>","protected":false},"featured_media":0,"template":"","meta":{"site-sidebar-layout":"default","site-content-layout":"","ast-site-content-layout":"default","site-content-style":"default","site-sidebar-style":"default","ast-global-header-display":"","ast-banner-title-visibility":"","ast-main-header-display":"","ast-hfb-above-header-display":"","ast-hfb-below-header-display":"","ast-hfb-mobile-header-display":"","site-post-title":"","ast-breadcrumbs-content":"","ast-featured-img":"","footer-sml-layout":"","theme-transparent-header-meta":"default","adv-header-id-meta":"","stick-header-meta":"","header-above-stick-meta":"","header-main-stick-meta":"","header-below-stick-meta":"","astra-migrate-meta-layouts":"set","ast-page-background-enabled":"default","ast-page-background-meta":{"desktop":{"background-color":"","background-image":"","background-repeat":"repeat","background-position":"center center","background-size":"auto","background-attachment":"scroll","background-type":"","background-media":"","overlay-type":"","overlay-color":"","overlay-opacity":"","overlay-gradient":""},"tablet":{"background-color":"","background-image":"","background-repeat":"repeat","background-position":"center center","background-size":"auto","background-attachment":"scroll","background-type":"","background-media":"","overlay-type":"","overlay-color":"","overlay-opacity":"","overlay-gradient":""},"mobile":{"background-color":"","background-image":"","background-repeat":"repeat","background-position":"center center","background-size":"auto","background-attachment":"scroll","background-type":"","background-media":"","overlay-type":"","overlay-color":"","overlay-opacity":"","overlay-gradient":""}},"ast-content-background-meta":{"desktop":{"background-color":"var(--ast-global-color-5)","background-image":"","background-repeat":"repeat","background-position":"center center","background-size":"auto","background-attachment":"scroll","background-type":"","background-media":"","overlay-type":"","overlay-color":"","overlay-opacity":"","overlay-gradient":""},"tablet":{"background-color":"var(--ast-global-color-5)","background-image":"","background-repeat":"repeat","background-position":"center center","background-size":"auto","background-attachment":"scroll","background-type":"","background-media":"","overlay-type":"","overlay-color":"","overlay-opacity":"","overlay-gradient":""},"mobile":{"background-color":"var(--ast-global-color-5)","background-image":"","background-repeat":"repeat","background-position":"center center","background-size":"auto","background-attachment":"scroll","background-type":"","background-media":"","overlay-type":"","overlay-color":"","overlay-opacity":"","overlay-gradient":""}}},"product_brand":[],"product_cat":[18,19],"product_tag":[],"class_list":{"0":"post-3422","1":"product","2":"type-product","3":"status-publish","5":"product_cat-products","6":"product_cat-antioxidant-for-polyether-and-foam","7":"desktop-align-left","8":"tablet-align-left","9":"mobile-align-left","11":"first","12":"instock","13":"shipping-taxable","14":"product-type-simple"},"_links":{"self":[{"href":"https:\/\/chicchem.com\/fr\/wp-json\/wp\/v2\/product\/3422","targetHints":{"allow":["GET"]}}],"collection":[{"href":"https:\/\/chicchem.com\/fr\/wp-json\/wp\/v2\/product"}],"about":[{"href":"https:\/\/chicchem.com\/fr\/wp-json\/wp\/v2\/types\/product"}],"wp:attachment":[{"href":"https:\/\/chicchem.com\/fr\/wp-json\/wp\/v2\/media?parent=3422"}],"wp:term":[{"taxonomy":"product_brand","embeddable":true,"href":"https:\/\/chicchem.com\/fr\/wp-json\/wp\/v2\/product_brand?post=3422"},{"taxonomy":"product_cat","embeddable":true,"href":"https:\/\/chicchem.com\/fr\/wp-json\/wp\/v2\/product_cat?post=3422"},{"taxonomy":"product_tag","embeddable":true,"href":"https:\/\/chicchem.com\/fr\/wp-json\/wp\/v2\/product_tag?post=3422"}],"curies":[{"name":"wp","href":"https:\/\/api.w.org\/{rel}","templated":true}]}}