{"id":3424,"date":"2024-06-21T04:34:13","date_gmt":"2024-06-21T04:34:13","guid":{"rendered":"https:\/\/chicchem.com\/?post_type=product&#038;p=3424"},"modified":"2024-06-21T04:35:21","modified_gmt":"2024-06-21T04:35:21","slug":"chicstab-325","status":"publish","type":"product","link":"https:\/\/chicchem.com\/fr\/produit\/chicstab-325\/","title":{"rendered":"Chicstab 325"},"content":{"rendered":"<p><span style=\"color: #28a7de;\"><strong><b>Description du produit<\/b><\/strong><\/span><\/p>\n<p><span style=\"color: #000000;\">Chicstab 325 est un compos\u00e9 antioxydant liquide avec une activit\u00e9 sup\u00e9rieure \u00e0 99%, offrant des effets anti-br\u00fblure exceptionnels sur la mousse de polyur\u00e9thane. Il est particuli\u00e8rement bien adapt\u00e9 \u00e0 la mousse souple de polyur\u00e9thane, pr\u00e9sentant des performances exceptionnelles dans les produits en aval en polyur\u00e9thane ayant des exigences de r\u00e9sistance \u00e0 haute temp\u00e9rature. Lorsqu&#039;il est utilis\u00e9 en synergie avec des antioxydants auxiliaires, il am\u00e9liore son efficacit\u00e9. Contrairement \u00e0 l&#039;antioxydant ph\u00e9nolique liquide classique Chicstab 1135, Chicstab 325 ne contient pas d&#039;antioxydants volatils BHT. Avec sa temp\u00e9rature d&#039;oxydation initiale \u00e9lev\u00e9e et sa r\u00e9sistance am\u00e9lior\u00e9e au vieillissement thermique \u00e0 l&#039;oxyg\u00e8ne, Chicstab 325 s&#039;av\u00e8re id\u00e9al pour les applications ne n\u00e9cessitant pas de protection de l&#039;environnement BHT.<\/span><\/p>\n<p><span style=\"color: #28a7de;\"><strong><b>Propri\u00e9t\u00e9s physiques<\/b><\/strong><\/span><\/p>\n<table>\n<tbody>\n<tr>\n<td style=\"background-color: #bce4f5;\" width=\"582\"><span style=\"color: #000000;\">Forme physique<\/span><\/td>\n<td width=\"772\"><span style=\"color: #000000;\">liquide ambr\u00e9 clair ou fonc\u00e9<\/span><\/td>\n<\/tr>\n<tr>\n<td style=\"background-color: #bce4f5;\" width=\"582\"><span style=\"color: #000000;\">Viscosit\u00e9 cin\u00e9matique (25\u2103), cp, \u2264<\/span><\/td>\n<td width=\"772\"><span style=\"color: #000000;\">4000<\/span><\/td>\n<\/tr>\n<tr>\n<td style=\"background-color: #bce4f5;\" width=\"582\"><span style=\"color: #000000;\">Teneur en eau, %, \u2264<\/span><\/td>\n<td width=\"772\"><span style=\"color: #000000;\">0.10<\/span><\/td>\n<\/tr>\n<tr>\n<td style=\"background-color: #bce4f5;\" width=\"582\"><span style=\"color: #000000;\">Densit\u00e9 (25\u2103), g\/cm<sup>3<\/sup><\/span><\/td>\n<td width=\"772\"><span style=\"color: #000000;\">0,94\uff5e1,00<\/span><\/td>\n<\/tr>\n<\/tbody>\n<\/table>\n<p><span style=\"color: #28a7de;\"><strong>Avantages<\/strong><\/span><\/p>\n<p><span style=\"color: #000000;\">Ce produit offre une r\u00e9sistance exceptionnelle \u00e0 l&#039;oxydation, une faible volatilit\u00e9 et une excellente compatibilit\u00e9, emp\u00eachant efficacement la formation de bu\u00e9e en surface dans les produits automobiles et la d\u00e9coloration des textiles (par exemple, meubles, tapis), tout en r\u00e9pondant aux exigences en mati\u00e8re de teneur en COV volatils. Il d\u00e9montre une r\u00e9silience \u00e0 l&#039;hydrolyse \u00e0 la fois \u00e0 temp\u00e9rature ambiante et \u00e0 temp\u00e9rature \u00e9lev\u00e9e. De plus, il peut \u00eatre ajout\u00e9 avant, pendant ou apr\u00e8s la polym\u00e9risation.<\/span><\/p>\n<p><span style=\"color: #28a7de;\"><strong><b>\u00a0<\/b><\/strong><strong><b>Guide d&#039;utilisation<\/b><\/strong><\/span><\/p>\n<p><span style=\"color: #000000;\">Les niveaux recommand\u00e9s se situent g\u00e9n\u00e9ralement entre 0,35% et 0,5%. Les produits peuvent \u00eatre ajout\u00e9s par pompe ou par injection pour une utilisation facile et un m\u00e9lange efficace. Ce produit s&#039;\u00e9mulsionne facilement et peut \u00eatre dissous, dispers\u00e9 ou maintenu \u00e0 l&#039;\u00e9tat liquide pur lorsqu&#039;il est ajout\u00e9 pendant le traitement. Des stabilisants synergiques (tels que des thio\u00e9thers, des hydroxylamines, des lactones) et des stabilisants \u00e0 la lumi\u00e8re d&#039;amines encombr\u00e9es (tels que des absorbeurs d&#039;UV, des amines encombr\u00e9es) peuvent \u00eatre combin\u00e9s pour des effets am\u00e9lior\u00e9s. Pour toute demande concernant les donn\u00e9es de performances des applications, veuillez consulter notre personnel de service technique.<\/span><\/p>\n<p><span style=\"color: #28a7de;\"><strong><b>Emballer<\/b><\/strong><\/span><\/p>\n<p><span style=\"color: #000000;\">180KG\/tambour, r\u00e9servoir 1000kg\/IBC, r\u00e9servoir 20MT\/ISO.<\/span><\/p>\n<p><span style=\"color: #28a7de;\"><strong><b>S<\/b><\/strong><strong><b>dur\u00e9e de vie<\/b><\/strong><\/span><\/p>\n<p><span style=\"color: #000000;\">12 mois \u00e0 compter de la date de production sous emballage d&#039;origine non ouvert.<\/span><\/p>\n<p><span style=\"color: #28a7de;\"><strong><b>Stockage<\/b><\/strong><\/span><\/p>\n<p><span style=\"color: #000000;\">Conserver dans des conditions sombres, s\u00e8ches, fra\u00eeches et scell\u00e9es.\u00a0<\/span><\/p>","protected":false},"excerpt":{"rendered":"<p>Prot\u00e8ge les mat\u00e9riaux des dommages oxydatifs, prolongeant leur dur\u00e9e de vie.<\/p>","protected":false},"featured_media":0,"template":"","meta":{"site-sidebar-layout":"default","site-content-layout":"","ast-site-content-layout":"default","site-content-style":"default","site-sidebar-style":"default","ast-global-header-display":"","ast-banner-title-visibility":"","ast-main-header-display":"","ast-hfb-above-header-display":"","ast-hfb-below-header-display":"","ast-hfb-mobile-header-display":"","site-post-title":"","ast-breadcrumbs-content":"","ast-featured-img":"","footer-sml-layout":"","theme-transparent-header-meta":"default","adv-header-id-meta":"","stick-header-meta":"","header-above-stick-meta":"","header-main-stick-meta":"","header-below-stick-meta":"","astra-migrate-meta-layouts":"set","ast-page-background-enabled":"default","ast-page-background-meta":{"desktop":{"background-color":"","background-image":"","background-repeat":"repeat","background-position":"center center","background-size":"auto","background-attachment":"scroll","background-type":"","background-media":"","overlay-type":"","overlay-color":"","overlay-opacity":"","overlay-gradient":""},"tablet":{"background-color":"","background-image":"","background-repeat":"repeat","background-position":"center center","background-size":"auto","background-attachment":"scroll","background-type":"","background-media":"","overlay-type":"","overlay-color":"","overlay-opacity":"","overlay-gradient":""},"mobile":{"background-color":"","background-image":"","background-repeat":"repeat","background-position":"center center","background-size":"auto","background-attachment":"scroll","background-type":"","background-media":"","overlay-type":"","overlay-color":"","overlay-opacity":"","overlay-gradient":""}},"ast-content-background-meta":{"desktop":{"background-color":"var(--ast-global-color-5)","background-image":"","background-repeat":"repeat","background-position":"center center","background-size":"auto","background-attachment":"scroll","background-type":"","background-media":"","overlay-type":"","overlay-color":"","overlay-opacity":"","overlay-gradient":""},"tablet":{"background-color":"var(--ast-global-color-5)","background-image":"","background-repeat":"repeat","background-position":"center center","background-size":"auto","background-attachment":"scroll","background-type":"","background-media":"","overlay-type":"","overlay-color":"","overlay-opacity":"","overlay-gradient":""},"mobile":{"background-color":"var(--ast-global-color-5)","background-image":"","background-repeat":"repeat","background-position":"center center","background-size":"auto","background-attachment":"scroll","background-type":"","background-media":"","overlay-type":"","overlay-color":"","overlay-opacity":"","overlay-gradient":""}}},"product_brand":[],"product_cat":[18,19],"product_tag":[],"class_list":{"0":"post-3424","1":"product","2":"type-product","3":"status-publish","5":"product_cat-products","6":"product_cat-antioxidant-for-polyether-and-foam","7":"desktop-align-left","8":"tablet-align-left","9":"mobile-align-left","11":"first","12":"instock","13":"shipping-taxable","14":"product-type-simple"},"_links":{"self":[{"href":"https:\/\/chicchem.com\/fr\/wp-json\/wp\/v2\/product\/3424","targetHints":{"allow":["GET"]}}],"collection":[{"href":"https:\/\/chicchem.com\/fr\/wp-json\/wp\/v2\/product"}],"about":[{"href":"https:\/\/chicchem.com\/fr\/wp-json\/wp\/v2\/types\/product"}],"wp:attachment":[{"href":"https:\/\/chicchem.com\/fr\/wp-json\/wp\/v2\/media?parent=3424"}],"wp:term":[{"taxonomy":"product_brand","embeddable":true,"href":"https:\/\/chicchem.com\/fr\/wp-json\/wp\/v2\/product_brand?post=3424"},{"taxonomy":"product_cat","embeddable":true,"href":"https:\/\/chicchem.com\/fr\/wp-json\/wp\/v2\/product_cat?post=3424"},{"taxonomy":"product_tag","embeddable":true,"href":"https:\/\/chicchem.com\/fr\/wp-json\/wp\/v2\/product_tag?post=3424"}],"curies":[{"name":"wp","href":"https:\/\/api.w.org\/{rel}","templated":true}]}}