{"id":3425,"date":"2024-06-21T04:35:31","date_gmt":"2024-06-21T04:35:31","guid":{"rendered":"https:\/\/chicchem.com\/?post_type=product&#038;p=3425"},"modified":"2024-06-21T04:36:23","modified_gmt":"2024-06-21T04:36:23","slug":"chicstab-338","status":"publish","type":"product","link":"https:\/\/chicchem.com\/fr\/produit\/chicstab-338\/","title":{"rendered":"Chictab 338"},"content":{"rendered":"<p><span style=\"color: #28a7de;\"><strong><b>Description du produit<\/b><\/strong><\/span><\/p>\n<p><span style=\"color: #000000;\">Chicstab 338 est un compos\u00e9 antioxydant liquide sans BHT et sans amine con\u00e7u pour les mousses flexibles \u00e0 base de poly\u00e9ther et de polyester, particuli\u00e8rement adapt\u00e9 aux polyols utilis\u00e9s dans la production de mousse flexible PUR. De plus, d&#039;autres antioxydants et\/ou stabilisants (tels que les phosphites) et\/ou stabilisants \u00e0 la lumi\u00e8re (tels que HALS, UVA) peuvent \u00eatre ajout\u00e9s pour un effet synergique.<\/span><\/p>\n<p><span style=\"color: #000000;\">Chicstab 338 pr\u00e9sente une excellente r\u00e9sistance aux br\u00fblures des \u00e9ponges, \u00e0 la bu\u00e9e et au jaunissement d\u00fb aux taches textiles. Il d\u00e9montre notamment une r\u00e9sistance exceptionnelle aux gaz NOx et\/ou \u00e0 la d\u00e9coloration de la mousse lors de l\u2019exposition \u00e0 la lumi\u00e8re.<\/span><\/p>\n<p><span style=\"color: #28a7de;\"><strong><b>Propri\u00e9t\u00e9s physiques<\/b><\/strong><\/span><\/p>\n<table>\n<tbody>\n<tr>\n<td style=\"background-color: #bce4f5;\" width=\"467\"><span style=\"color: #000000;\">Forme physique<\/span><\/td>\n<td width=\"710\"><span style=\"color: #000000;\">Liquide transparent jaune p\u00e2le \u00e0 jaune<\/span><\/td>\n<\/tr>\n<tr>\n<td style=\"background-color: #bce4f5;\" width=\"467\"><span style=\"color: #000000;\">Densit\u00e9 (25\u2103), g\/cm<sup>3<\/sup><\/span><\/td>\n<td width=\"710\"><span style=\"color: #000000;\">0.94-1.00<\/span><\/td>\n<\/tr>\n<tr>\n<td style=\"background-color: #bce4f5;\" width=\"467\"><span style=\"color: #000000;\">Viscosit\u00e9 (25\u2103) CP, \u2264<\/span><\/td>\n<td width=\"710\"><span style=\"color: #000000;\">2000<\/span><\/td>\n<\/tr>\n<\/tbody>\n<\/table>\n<p><span style=\"color: #28a7de;\"><strong>Caract\u00e9ristiques\/b<\/strong><strong>avantages<\/strong><\/span><\/p>\n<p><span style=\"color: #000000;\">Chicstab 338 est un liquide versable, facilitant une manipulation sans poussi\u00e8re, un dosage automatique et des temps de m\u00e9lange plus courts. Il am\u00e9liore la productivit\u00e9 en consolidant le pesage et le comptage en une seule op\u00e9ration. Il peut \u00eatre mesur\u00e9 seul ou m\u00e9lang\u00e9 \u00e0 d\u2019autres mati\u00e8res premi\u00e8res.<\/span><\/p>\n<p><span style=\"color: #28a7de;\"><strong><b>S<\/b><\/strong><strong><b>dur\u00e9e de vie<\/b><\/strong><\/span><\/p>\n<p><span style=\"color: #000000;\">12 mois \u00e0 compter de la date de production sous emballage d&#039;origine non ouvert.<\/span><\/p>\n<p><span style=\"color: #28a7de;\"><strong><b>Stockage et transport<\/b><\/strong><\/span><\/p>\n<p><span style=\"color: #000000;\">Serrez bien le couvercle du f\u00fbt d&#039;emballage et stockez-le dans un endroit sec et bien ventil\u00e9, \u00e0 l&#039;\u00e9cart des sources de chaleur. Pendant le stockage et le transport, assurez-vous que l\u2019emballage est herm\u00e9tiquement ferm\u00e9 pour \u00e9viter toute fuite lorsque le mat\u00e9riau n\u2019est pas utilis\u00e9.<\/span><\/p>\n<p>&nbsp;<\/p>","protected":false},"excerpt":{"rendered":"<p>Prot\u00e8ge les mat\u00e9riaux des dommages oxydatifs, prolongeant leur dur\u00e9e de vie.<\/p>","protected":false},"featured_media":0,"template":"","meta":{"site-sidebar-layout":"default","site-content-layout":"","ast-site-content-layout":"default","site-content-style":"default","site-sidebar-style":"default","ast-global-header-display":"","ast-banner-title-visibility":"","ast-main-header-display":"","ast-hfb-above-header-display":"","ast-hfb-below-header-display":"","ast-hfb-mobile-header-display":"","site-post-title":"","ast-breadcrumbs-content":"","ast-featured-img":"","footer-sml-layout":"","theme-transparent-header-meta":"default","adv-header-id-meta":"","stick-header-meta":"","header-above-stick-meta":"","header-main-stick-meta":"","header-below-stick-meta":"","astra-migrate-meta-layouts":"set","ast-page-background-enabled":"default","ast-page-background-meta":{"desktop":{"background-color":"","background-image":"","background-repeat":"repeat","background-position":"center center","background-size":"auto","background-attachment":"scroll","background-type":"","background-media":"","overlay-type":"","overlay-color":"","overlay-opacity":"","overlay-gradient":""},"tablet":{"background-color":"","background-image":"","background-repeat":"repeat","background-position":"center center","background-size":"auto","background-attachment":"scroll","background-type":"","background-media":"","overlay-type":"","overlay-color":"","overlay-opacity":"","overlay-gradient":""},"mobile":{"background-color":"","background-image":"","background-repeat":"repeat","background-position":"center center","background-size":"auto","background-attachment":"scroll","background-type":"","background-media":"","overlay-type":"","overlay-color":"","overlay-opacity":"","overlay-gradient":""}},"ast-content-background-meta":{"desktop":{"background-color":"var(--ast-global-color-5)","background-image":"","background-repeat":"repeat","background-position":"center center","background-size":"auto","background-attachment":"scroll","background-type":"","background-media":"","overlay-type":"","overlay-color":"","overlay-opacity":"","overlay-gradient":""},"tablet":{"background-color":"var(--ast-global-color-5)","background-image":"","background-repeat":"repeat","background-position":"center center","background-size":"auto","background-attachment":"scroll","background-type":"","background-media":"","overlay-type":"","overlay-color":"","overlay-opacity":"","overlay-gradient":""},"mobile":{"background-color":"var(--ast-global-color-5)","background-image":"","background-repeat":"repeat","background-position":"center center","background-size":"auto","background-attachment":"scroll","background-type":"","background-media":"","overlay-type":"","overlay-color":"","overlay-opacity":"","overlay-gradient":""}}},"product_brand":[],"product_cat":[18,19],"product_tag":[],"class_list":{"0":"post-3425","1":"product","2":"type-product","3":"status-publish","5":"product_cat-products","6":"product_cat-antioxidant-for-polyether-and-foam","7":"desktop-align-left","8":"tablet-align-left","9":"mobile-align-left","11":"first","12":"instock","13":"shipping-taxable","14":"product-type-simple"},"_links":{"self":[{"href":"https:\/\/chicchem.com\/fr\/wp-json\/wp\/v2\/product\/3425","targetHints":{"allow":["GET"]}}],"collection":[{"href":"https:\/\/chicchem.com\/fr\/wp-json\/wp\/v2\/product"}],"about":[{"href":"https:\/\/chicchem.com\/fr\/wp-json\/wp\/v2\/types\/product"}],"wp:attachment":[{"href":"https:\/\/chicchem.com\/fr\/wp-json\/wp\/v2\/media?parent=3425"}],"wp:term":[{"taxonomy":"product_brand","embeddable":true,"href":"https:\/\/chicchem.com\/fr\/wp-json\/wp\/v2\/product_brand?post=3425"},{"taxonomy":"product_cat","embeddable":true,"href":"https:\/\/chicchem.com\/fr\/wp-json\/wp\/v2\/product_cat?post=3425"},{"taxonomy":"product_tag","embeddable":true,"href":"https:\/\/chicchem.com\/fr\/wp-json\/wp\/v2\/product_tag?post=3425"}],"curies":[{"name":"wp","href":"https:\/\/api.w.org\/{rel}","templated":true}]}}