{"id":3426,"date":"2024-06-21T04:36:33","date_gmt":"2024-06-21T04:36:33","guid":{"rendered":"https:\/\/chicchem.com\/?post_type=product&#038;p=3426"},"modified":"2024-06-21T04:40:21","modified_gmt":"2024-06-21T04:40:21","slug":"chicstab-339","status":"publish","type":"product","link":"https:\/\/chicchem.com\/fr\/produit\/chicstab-339\/","title":{"rendered":"Chictab 339"},"content":{"rendered":"<p><span style=\"color: #28a7de;\"><strong>Description du produit<\/strong><\/span><\/p>\n<p><span style=\"color: #000000;\">Chicstab 339 est un compos\u00e9 antioxydant liquide dot\u00e9 de propri\u00e9t\u00e9s anti-br\u00fblure et anti-jaunissement exceptionnelles, adapt\u00e9 aux mousses souples ordinaires \u00e0 base de poly\u00e9ther polyols et de POP. Il d\u00e9compose efficacement les peroxydes et capture les radicaux libres, r\u00e9pondant aux normes de protection de l&#039;environnement consistant \u00e0 \u00eatre sans BHT et sans ph\u00e9nol tout en r\u00e9pondant aux exigences des applications g\u00e9n\u00e9rales des produits.<\/span><\/p>\n<p><span style=\"color: #28a7de;\"><strong><b>Propri\u00e9t\u00e9s physiques<\/b><\/strong><\/span><\/p>\n<table>\n<tbody>\n<tr>\n<td style=\"background-color: #bce4f5;\" width=\"582\"><span style=\"color: #000000;\">Forme physique<\/span><\/td>\n<td width=\"772\"><span style=\"color: #000000;\">liquide jaune clair \u00e0 brun clair<\/span><\/td>\n<\/tr>\n<tr>\n<td style=\"background-color: #bce4f5;\" width=\"582\"><span style=\"color: #000000;\">Viscosit\u00e9 (25\u2103)<\/span><\/td>\n<td width=\"772\"><span style=\"color: #000000;\">600-2000mpa.s<\/span><\/td>\n<\/tr>\n<tr>\n<td style=\"background-color: #bce4f5;\" width=\"582\"><span style=\"color: #000000;\">Densit\u00e9 (25\u2103), g\/cm<sup>3<\/sup><\/span><\/td>\n<td width=\"772\"><span style=\"color: #000000;\">0.940-0.990<\/span><\/td>\n<\/tr>\n<tr>\n<td style=\"background-color: #bce4f5;\" width=\"582\"><span style=\"color: #000000;\">Indice d&#039;acide, mgKOH\/g, \u2264<\/span><\/td>\n<td width=\"772\"><span style=\"color: #000000;\">0.5<\/span><\/td>\n<\/tr>\n<\/tbody>\n<\/table>\n<p><span style=\"color: #28a7de;\"><strong>Caract\u00e9ristiques et avantages<\/strong><\/span><\/p>\n<p><span style=\"color: #000000;\">Il pr\u00e9sente des performances anti-oxydantes exceptionnelles, ne n\u00e9cessitant que 75% de dosage par rapport aux antioxydants composites ordinaires. Il se concentre principalement sur la capture des radicaux libres, offrant ainsi une excellente stabilit\u00e9 de couleur et une excellente stabilit\u00e9 thermique aux polym\u00e8res.<\/span><\/p>\n<p><span style=\"color: #28a7de;\"><strong>Guide d&#039;utilisation<\/strong><\/span><\/p>\n<p><span style=\"color: #000000;\">En r\u00e8gle g\u00e9n\u00e9rale, l&#039;ajout de 1 000 \u00e0 5 000 ppm de mousse permet d&#039;obtenir d&#039;excellents r\u00e9sultats.<\/span><\/p>\n<p><span style=\"color: #28a7de;\"><strong><b>Emballer<\/b><\/strong><\/span><\/p>\n<p><span style=\"color: #000000;\">Poids net : 25 kg\/tambour, 180 kg\/tambour, 1000 kg\/r\u00e9servoir IBC, 20 000 kg\/r\u00e9servoir ISO.<\/span><\/p>\n<p><span style=\"color: #28a7de;\"><strong><b>S<\/b><\/strong><strong><b>dur\u00e9e de vie<\/b><\/strong><\/span><\/p>\n<p><span style=\"color: #000000;\">12 mois \u00e0 compter de la date de production sous emballage d&#039;origine non ouvert.<\/span><\/p>\n<p><span style=\"color: #28a7de;\"><strong><b>Stockage<\/b><\/strong><\/span><\/p>\n<p><span style=\"color: #000000;\">Conserver dans des conditions sombres, s\u00e8ches, fra\u00eeches et scell\u00e9es.\u00a0<\/span><\/p>\n<p>&nbsp;<\/p>","protected":false},"excerpt":{"rendered":"<p>Prot\u00e8ge les mat\u00e9riaux des dommages oxydatifs, prolongeant leur dur\u00e9e de vie.<\/p>","protected":false},"featured_media":0,"template":"","meta":{"site-sidebar-layout":"default","site-content-layout":"","ast-site-content-layout":"default","site-content-style":"default","site-sidebar-style":"default","ast-global-header-display":"","ast-banner-title-visibility":"","ast-main-header-display":"","ast-hfb-above-header-display":"","ast-hfb-below-header-display":"","ast-hfb-mobile-header-display":"","site-post-title":"","ast-breadcrumbs-content":"","ast-featured-img":"","footer-sml-layout":"","theme-transparent-header-meta":"default","adv-header-id-meta":"","stick-header-meta":"","header-above-stick-meta":"","header-main-stick-meta":"","header-below-stick-meta":"","astra-migrate-meta-layouts":"set","ast-page-background-enabled":"default","ast-page-background-meta":{"desktop":{"background-color":"","background-image":"","background-repeat":"repeat","background-position":"center center","background-size":"auto","background-attachment":"scroll","background-type":"","background-media":"","overlay-type":"","overlay-color":"","overlay-opacity":"","overlay-gradient":""},"tablet":{"background-color":"","background-image":"","background-repeat":"repeat","background-position":"center center","background-size":"auto","background-attachment":"scroll","background-type":"","background-media":"","overlay-type":"","overlay-color":"","overlay-opacity":"","overlay-gradient":""},"mobile":{"background-color":"","background-image":"","background-repeat":"repeat","background-position":"center center","background-size":"auto","background-attachment":"scroll","background-type":"","background-media":"","overlay-type":"","overlay-color":"","overlay-opacity":"","overlay-gradient":""}},"ast-content-background-meta":{"desktop":{"background-color":"var(--ast-global-color-5)","background-image":"","background-repeat":"repeat","background-position":"center center","background-size":"auto","background-attachment":"scroll","background-type":"","background-media":"","overlay-type":"","overlay-color":"","overlay-opacity":"","overlay-gradient":""},"tablet":{"background-color":"var(--ast-global-color-5)","background-image":"","background-repeat":"repeat","background-position":"center center","background-size":"auto","background-attachment":"scroll","background-type":"","background-media":"","overlay-type":"","overlay-color":"","overlay-opacity":"","overlay-gradient":""},"mobile":{"background-color":"var(--ast-global-color-5)","background-image":"","background-repeat":"repeat","background-position":"center center","background-size":"auto","background-attachment":"scroll","background-type":"","background-media":"","overlay-type":"","overlay-color":"","overlay-opacity":"","overlay-gradient":""}}},"product_brand":[],"product_cat":[18,19],"product_tag":[],"class_list":{"0":"post-3426","1":"product","2":"type-product","3":"status-publish","5":"product_cat-products","6":"product_cat-antioxidant-for-polyether-and-foam","7":"desktop-align-left","8":"tablet-align-left","9":"mobile-align-left","11":"first","12":"instock","13":"shipping-taxable","14":"product-type-simple"},"_links":{"self":[{"href":"https:\/\/chicchem.com\/fr\/wp-json\/wp\/v2\/product\/3426","targetHints":{"allow":["GET"]}}],"collection":[{"href":"https:\/\/chicchem.com\/fr\/wp-json\/wp\/v2\/product"}],"about":[{"href":"https:\/\/chicchem.com\/fr\/wp-json\/wp\/v2\/types\/product"}],"wp:attachment":[{"href":"https:\/\/chicchem.com\/fr\/wp-json\/wp\/v2\/media?parent=3426"}],"wp:term":[{"taxonomy":"product_brand","embeddable":true,"href":"https:\/\/chicchem.com\/fr\/wp-json\/wp\/v2\/product_brand?post=3426"},{"taxonomy":"product_cat","embeddable":true,"href":"https:\/\/chicchem.com\/fr\/wp-json\/wp\/v2\/product_cat?post=3426"},{"taxonomy":"product_tag","embeddable":true,"href":"https:\/\/chicchem.com\/fr\/wp-json\/wp\/v2\/product_tag?post=3426"}],"curies":[{"name":"wp","href":"https:\/\/api.w.org\/{rel}","templated":true}]}}