{"id":3428,"date":"2024-06-21T04:41:49","date_gmt":"2024-06-21T04:41:49","guid":{"rendered":"https:\/\/chicchem.com\/?post_type=product&#038;p=3428"},"modified":"2024-08-07T09:20:29","modified_gmt":"2024-08-07T09:20:29","slug":"chicstab-348","status":"publish","type":"product","link":"https:\/\/chicchem.com\/fr\/produit\/chicstab-348\/","title":{"rendered":"Chictab 348"},"content":{"rendered":"<p><span style=\"color: #28a7de;\"><strong><b>Description du produit<\/b><\/strong><\/span><\/p>\n<p><span style=\"color: #000000;\">Chicstab 348 est un antioxydant liquide composite con\u00e7u pour les applications haut de gamme dans les poly\u00e9thers polyols, en particulier dans les produits haut de gamme comme les mat\u00e9riaux \u00e0 haute r\u00e9silience. Son excellente compatibilit\u00e9 avec d\u2019autres antioxydants, stabilisants de lumi\u00e8re et absorbeurs d\u2019UV permet une int\u00e9gration transparente avec des produits compl\u00e9mentaires si n\u00e9cessaire.<\/span><\/p>\n<p><span style=\"color: #28a7de;\"><strong><b>Propri\u00e9t\u00e9s physiques\u00a0<\/b><\/strong><\/span><\/p>\n<table>\n<tbody>\n<tr>\n<td style=\"background-color: #bce4f5;\" width=\"582\"><span style=\"color: #000000;\">Forme physique<\/span><\/td>\n<td width=\"772\"><span style=\"color: #000000;\">Liquide transparent incolore \u00e0 jaune clair<\/span><\/td>\n<\/tr>\n<tr>\n<td style=\"background-color: #bce4f5;\" width=\"582\"><span style=\"color: #000000;\">Viscosit\u00e9 (25\u2103), mPa.s<\/span><\/td>\n<td width=\"772\"><span style=\"color: #000000;\">400-1200<\/span><\/td>\n<\/tr>\n<tr>\n<td style=\"background-color: #bce4f5;\" width=\"582\"><span style=\"color: #000000;\">Indice d&#039;acide mgKOH\/g, \u2264<\/span><\/td>\n<td width=\"772\"><span style=\"color: #000000;\">1.0<\/span><\/td>\n<\/tr>\n<tr>\n<td style=\"background-color: #bce4f5;\" width=\"582\"><span style=\"color: #000000;\">Densit\u00e9 (25\u2103), g\/cm<sup>3<\/sup><\/span><\/td>\n<td width=\"772\"><span style=\"color: #000000;\">0.950-1.000<\/span><\/td>\n<\/tr>\n<\/tbody>\n<\/table>\n<p><span style=\"color: #28a7de;\"><strong>Caract\u00e9ristiques et avantages<\/strong><\/span><\/p>\n<p><span style=\"color: #000000;\">Il pr\u00e9sente une excellente r\u00e9sistance \u00e0 l&#039;oxydation et une excellente stabilit\u00e9 de la couleur tout en att\u00e9nuant efficacement la formation d&#039;ald\u00e9hyde r\u00e9sultant de l&#039;oxydation des polyols poly\u00e9ther. Il pr\u00e9sente une bonne compatibilit\u00e9 avec les polyols poly\u00e9thers, facilitant un m\u00e9lange facile et garantissant un processus d&#039;alimentation sans poussi\u00e8re.<\/span><\/p>\n<p><span style=\"color: #28a7de;\"><strong><b>Guide d&#039;utilisation<\/b><\/strong><\/span><\/p>\n<p><span style=\"color: #000000;\">Le dosage recommand\u00e9 varie g\u00e9n\u00e9ralement de 800 \u00e0 3 000 ppm, selon les exigences sp\u00e9cifiques du produit. Des m\u00e9thodes d&#039;application telles que la pompe ou l&#039;injection peuvent \u00eatre utilis\u00e9es pour une utilisation et un m\u00e9lange pratiques.<\/span><\/p>\n<p><span style=\"color: #28a7de;\"><strong><b>Emballer<\/b><\/strong><strong><b>\u00a0<\/b><\/strong><\/span><\/p>\n<p><span style=\"color: #000000;\">Poids net 180 kg\/f\u00fbt de fer, 950 kg\/r\u00e9servoir IBC, 20 tonnes\/r\u00e9servoir ISO.<\/span><\/p>\n<p><span style=\"color: #28a7de;\"><strong><b>S<\/b><\/strong><strong><b>dur\u00e9e de vie<\/b><\/strong><\/span><\/p>\n<p><span style=\"color: #000000;\">12 mois \u00e0 compter de la date de production sous emballage d&#039;origine non ouvert.<\/span><\/p>\n<p><span style=\"color: #28a7de;\"><strong><b>Stockage<\/b><\/strong><\/span><\/p>\n<p><span style=\"color: #000000;\">Conserver dans des conditions sombres, s\u00e8ches, fra\u00eeches et scell\u00e9es.\u00a0<\/span><\/p>\n<p>&nbsp;<\/p>\n<p>&nbsp;<\/p>","protected":false},"excerpt":{"rendered":"<p>Prot\u00e8ge les mat\u00e9riaux des dommages oxydatifs, prolongeant leur dur\u00e9e de vie.<\/p>","protected":false},"featured_media":0,"template":"","meta":{"site-sidebar-layout":"default","site-content-layout":"","ast-site-content-layout":"default","site-content-style":"default","site-sidebar-style":"default","ast-global-header-display":"","ast-banner-title-visibility":"","ast-main-header-display":"","ast-hfb-above-header-display":"","ast-hfb-below-header-display":"","ast-hfb-mobile-header-display":"","site-post-title":"","ast-breadcrumbs-content":"","ast-featured-img":"","footer-sml-layout":"","theme-transparent-header-meta":"default","adv-header-id-meta":"","stick-header-meta":"","header-above-stick-meta":"","header-main-stick-meta":"","header-below-stick-meta":"","astra-migrate-meta-layouts":"set","ast-page-background-enabled":"default","ast-page-background-meta":{"desktop":{"background-color":"","background-image":"","background-repeat":"repeat","background-position":"center center","background-size":"auto","background-attachment":"scroll","background-type":"","background-media":"","overlay-type":"","overlay-color":"","overlay-opacity":"","overlay-gradient":""},"tablet":{"background-color":"","background-image":"","background-repeat":"repeat","background-position":"center center","background-size":"auto","background-attachment":"scroll","background-type":"","background-media":"","overlay-type":"","overlay-color":"","overlay-opacity":"","overlay-gradient":""},"mobile":{"background-color":"","background-image":"","background-repeat":"repeat","background-position":"center center","background-size":"auto","background-attachment":"scroll","background-type":"","background-media":"","overlay-type":"","overlay-color":"","overlay-opacity":"","overlay-gradient":""}},"ast-content-background-meta":{"desktop":{"background-color":"var(--ast-global-color-5)","background-image":"","background-repeat":"repeat","background-position":"center center","background-size":"auto","background-attachment":"scroll","background-type":"","background-media":"","overlay-type":"","overlay-color":"","overlay-opacity":"","overlay-gradient":""},"tablet":{"background-color":"var(--ast-global-color-5)","background-image":"","background-repeat":"repeat","background-position":"center center","background-size":"auto","background-attachment":"scroll","background-type":"","background-media":"","overlay-type":"","overlay-color":"","overlay-opacity":"","overlay-gradient":""},"mobile":{"background-color":"var(--ast-global-color-5)","background-image":"","background-repeat":"repeat","background-position":"center center","background-size":"auto","background-attachment":"scroll","background-type":"","background-media":"","overlay-type":"","overlay-color":"","overlay-opacity":"","overlay-gradient":""}}},"product_brand":[],"product_cat":[18,19],"product_tag":[],"class_list":{"0":"post-3428","1":"product","2":"type-product","3":"status-publish","5":"product_cat-products","6":"product_cat-antioxidant-for-polyether-and-foam","7":"desktop-align-left","8":"tablet-align-left","9":"mobile-align-left","11":"first","12":"instock","13":"shipping-taxable","14":"product-type-simple"},"_links":{"self":[{"href":"https:\/\/chicchem.com\/fr\/wp-json\/wp\/v2\/product\/3428","targetHints":{"allow":["GET"]}}],"collection":[{"href":"https:\/\/chicchem.com\/fr\/wp-json\/wp\/v2\/product"}],"about":[{"href":"https:\/\/chicchem.com\/fr\/wp-json\/wp\/v2\/types\/product"}],"wp:attachment":[{"href":"https:\/\/chicchem.com\/fr\/wp-json\/wp\/v2\/media?parent=3428"}],"wp:term":[{"taxonomy":"product_brand","embeddable":true,"href":"https:\/\/chicchem.com\/fr\/wp-json\/wp\/v2\/product_brand?post=3428"},{"taxonomy":"product_cat","embeddable":true,"href":"https:\/\/chicchem.com\/fr\/wp-json\/wp\/v2\/product_cat?post=3428"},{"taxonomy":"product_tag","embeddable":true,"href":"https:\/\/chicchem.com\/fr\/wp-json\/wp\/v2\/product_tag?post=3428"}],"curies":[{"name":"wp","href":"https:\/\/api.w.org\/{rel}","templated":true}]}}