{"id":3429,"date":"2024-06-21T04:43:03","date_gmt":"2024-06-21T04:43:03","guid":{"rendered":"https:\/\/chicchem.com\/?post_type=product&#038;p=3429"},"modified":"2024-06-21T04:44:13","modified_gmt":"2024-06-21T04:44:13","slug":"chicstab-405-2","status":"publish","type":"product","link":"https:\/\/chicchem.com\/fr\/produit\/chicstab-405-2\/","title":{"rendered":"Chicstab405"},"content":{"rendered":"<p><span style=\"color: #28a7de;\"><strong><b>Description du produit<\/b><\/strong><\/span><\/p>\n<p><span style=\"color: #000000;\">N \u00b0 CAS.  10081-67-1<\/span><\/p>\n<p><span style=\"color: #000000;\">Ce produit se distingue comme l\u2019un des rares antioxydants non toxiques, inodores et de couleur claire dans la cat\u00e9gorie des antioxydants amin\u00e9s. Son poids mol\u00e9culaire \u00e9lev\u00e9 et sa faible volatilit\u00e9 contribuent \u00e0 une durabilit\u00e9 antioxydante nettement meilleure par rapport aux antioxydants ph\u00e9noliques comme le SP, 1010 et le BHT (264), le positionnant comme un substitut id\u00e9al. De plus, il pr\u00e9sente un fort effet synergique avec les antioxydants contenant du soufre. Bien qu&#039;il s&#039;agisse d&#039;un antioxydant non polluant, de l\u00e9gers changements de couleur peuvent se produire en cas d&#039;exposition prolong\u00e9e au soleil et \u00e0 l&#039;air, bien qu&#039;aucune migration ne se produise.<\/span><\/p>\n<p><span style=\"color: #000000;\">Largement utilis\u00e9 dans diverses applications, notamment les \u00e9lastom\u00e8res et les m\u00e9langes ma\u00eetres de plastiques tels que le PE, le PP et le PVC, il sert d&#039;antioxydant crucial pour les plastiques en mousse de polyur\u00e9thane, les fils en caoutchouc, les c\u00e2bles, les mat\u00e9riaux d&#039;emballage alimentaire et les adh\u00e9sifs. Il excelle notamment dans les gaines de c\u00e2bles color\u00e9es en n\u00e9opr\u00e8ne, offrant une r\u00e9sistance remarquable \u00e0 la chaleur, \u00e0 la lumi\u00e8re et au vieillissement. Il fonctionne \u00e9galement efficacement comme antioxydant anti-\u00e2ge r\u00e9sistant \u00e0 la lumi\u00e8re dans le poly\u00e9ther et ses mousses plastiques, et peut \u00eatre utilis\u00e9 comme antioxydant dans l&#039;huile lubrifiante.<\/span><\/p>\n<p><span style=\"color: #000000;\">G\u00e9n\u00e9ralement utilis\u00e9 dans un rapport de 1 \u00e0 3 parties dans les applications g\u00e9n\u00e9rales du caoutchouc et du plastique, il se disperse facilement dans les compos\u00e9s de caoutchouc sans alt\u00e9rer de mani\u00e8re significative les caract\u00e9ristiques de vulcanisation.<\/span><\/p>\n<p><span style=\"color: #28a7de;\"><strong><b>Propri\u00e9t\u00e9s physiques<\/b><\/strong><\/span><\/p>\n<p><span style=\"color: #000000;\">Chicstab 405 se pr\u00e9sente sous forme de cristaux blancs, facilement solubles dans le caoutchouc et divers solvants organiques. Il pr\u00e9sente une l\u00e9g\u00e8re solubilit\u00e9 dans l&#039;eau et l&#039;\u00e9thanol. Caract\u00e9ris\u00e9 par un poids mol\u00e9culaire \u00e9lev\u00e9 et une faible volatilit\u00e9<\/span><\/p>\n<table style=\"width: 100%; height: 345px;\">\n<tbody>\n<tr style=\"height: 69px;\">\n<td style=\"height: 69px; background-color: #bce4f5;\" width=\"467\"><span style=\"color: #000000;\">Forme physique<\/span><\/td>\n<td style=\"height: 69px;\" width=\"710\"><span style=\"color: #000000;\">poudre cristalline blanche<\/span><\/td>\n<\/tr>\n<tr style=\"height: 69px;\">\n<td style=\"height: 69px; background-color: #bce4f5;\" width=\"467\"><span style=\"color: #000000;\">Contenu efficace, %<\/span><\/td>\n<td style=\"height: 69px;\" width=\"710\"><span style=\"color: #000000;\">\u226598,0<\/span><\/td>\n<\/tr>\n<tr style=\"height: 69px;\">\n<td style=\"height: 69px; background-color: #bce4f5;\" width=\"467\"><span style=\"color: #000000;\">Point de fusion, \u2103<\/span><\/td>\n<td style=\"height: 69px;\" width=\"710\"><span style=\"color: #000000;\">\u226598,5<\/span><\/td>\n<\/tr>\n<tr style=\"height: 69px;\">\n<td style=\"height: 69px; background-color: #bce4f5;\" width=\"467\"><span style=\"color: #000000;\">Volatilisant, %<\/span><\/td>\n<td style=\"height: 69px;\" width=\"710\"><span style=\"color: #000000;\">\u22640,20<\/span><\/td>\n<\/tr>\n<tr style=\"height: 69px;\">\n<td style=\"height: 69px; background-color: #bce4f5;\" width=\"467\"><span style=\"color: #000000;\">Teneur en cendres, \u2103<\/span><\/td>\n<td style=\"height: 69px;\" width=\"710\"><span style=\"color: #000000;\">\u22640,10<\/span><\/td>\n<\/tr>\n<\/tbody>\n<\/table>\n<p><span style=\"color: #28a7de;\"><strong><b>Emballer<\/b><\/strong><\/span><\/p>\n<p><span style=\"color: #000000;\">Emball\u00e9 dans des sacs papier-plastique de 25 kg ou des f\u00fbts en carton doubl\u00e9s de sacs plastique.<\/span><\/p>\n<p><span style=\"color: #28a7de;\"><strong><b>Dur\u00e9e de conservation<\/b><\/strong><\/span><\/p>\n<p><span style=\"color: #000000;\">24 mois \u00e0 compter de la date de production sous emballage d&#039;origine non ouvert.<\/span><\/p>\n<p><span style=\"color: #28a7de;\"><strong><b>Stockage<\/b><\/strong><\/span><\/p>\n<p><span style=\"color: #000000;\">Conserver dans des conditions sombres, s\u00e8ches, fra\u00eeches et scell\u00e9es.\u00a0<\/span><\/p>","protected":false},"excerpt":{"rendered":"<p>Prot\u00e8ge les mat\u00e9riaux des dommages oxydatifs, prolongeant leur dur\u00e9e de vie.<\/p>","protected":false},"featured_media":0,"template":"","meta":{"site-sidebar-layout":"default","site-content-layout":"","ast-site-content-layout":"default","site-content-style":"default","site-sidebar-style":"default","ast-global-header-display":"","ast-banner-title-visibility":"","ast-main-header-display":"","ast-hfb-above-header-display":"","ast-hfb-below-header-display":"","ast-hfb-mobile-header-display":"","site-post-title":"","ast-breadcrumbs-content":"","ast-featured-img":"","footer-sml-layout":"","theme-transparent-header-meta":"default","adv-header-id-meta":"","stick-header-meta":"","header-above-stick-meta":"","header-main-stick-meta":"","header-below-stick-meta":"","astra-migrate-meta-layouts":"set","ast-page-background-enabled":"default","ast-page-background-meta":{"desktop":{"background-color":"","background-image":"","background-repeat":"repeat","background-position":"center center","background-size":"auto","background-attachment":"scroll","background-type":"","background-media":"","overlay-type":"","overlay-color":"","overlay-opacity":"","overlay-gradient":""},"tablet":{"background-color":"","background-image":"","background-repeat":"repeat","background-position":"center center","background-size":"auto","background-attachment":"scroll","background-type":"","background-media":"","overlay-type":"","overlay-color":"","overlay-opacity":"","overlay-gradient":""},"mobile":{"background-color":"","background-image":"","background-repeat":"repeat","background-position":"center center","background-size":"auto","background-attachment":"scroll","background-type":"","background-media":"","overlay-type":"","overlay-color":"","overlay-opacity":"","overlay-gradient":""}},"ast-content-background-meta":{"desktop":{"background-color":"var(--ast-global-color-5)","background-image":"","background-repeat":"repeat","background-position":"center center","background-size":"auto","background-attachment":"scroll","background-type":"","background-media":"","overlay-type":"","overlay-color":"","overlay-opacity":"","overlay-gradient":""},"tablet":{"background-color":"var(--ast-global-color-5)","background-image":"","background-repeat":"repeat","background-position":"center center","background-size":"auto","background-attachment":"scroll","background-type":"","background-media":"","overlay-type":"","overlay-color":"","overlay-opacity":"","overlay-gradient":""},"mobile":{"background-color":"var(--ast-global-color-5)","background-image":"","background-repeat":"repeat","background-position":"center center","background-size":"auto","background-attachment":"scroll","background-type":"","background-media":"","overlay-type":"","overlay-color":"","overlay-opacity":"","overlay-gradient":""}}},"product_brand":[],"product_cat":[18,19],"product_tag":[],"class_list":{"0":"post-3429","1":"product","2":"type-product","3":"status-publish","5":"product_cat-products","6":"product_cat-antioxidant-for-polyether-and-foam","7":"desktop-align-left","8":"tablet-align-left","9":"mobile-align-left","11":"first","12":"instock","13":"shipping-taxable","14":"product-type-simple"},"_links":{"self":[{"href":"https:\/\/chicchem.com\/fr\/wp-json\/wp\/v2\/product\/3429","targetHints":{"allow":["GET"]}}],"collection":[{"href":"https:\/\/chicchem.com\/fr\/wp-json\/wp\/v2\/product"}],"about":[{"href":"https:\/\/chicchem.com\/fr\/wp-json\/wp\/v2\/types\/product"}],"wp:attachment":[{"href":"https:\/\/chicchem.com\/fr\/wp-json\/wp\/v2\/media?parent=3429"}],"wp:term":[{"taxonomy":"product_brand","embeddable":true,"href":"https:\/\/chicchem.com\/fr\/wp-json\/wp\/v2\/product_brand?post=3429"},{"taxonomy":"product_cat","embeddable":true,"href":"https:\/\/chicchem.com\/fr\/wp-json\/wp\/v2\/product_cat?post=3429"},{"taxonomy":"product_tag","embeddable":true,"href":"https:\/\/chicchem.com\/fr\/wp-json\/wp\/v2\/product_tag?post=3429"}],"curies":[{"name":"wp","href":"https:\/\/api.w.org\/{rel}","templated":true}]}}