{"id":3433,"date":"2024-06-21T04:46:00","date_gmt":"2024-06-21T04:46:00","guid":{"rendered":"https:\/\/chicchem.com\/?post_type=product&#038;p=3433"},"modified":"2024-07-31T06:09:56","modified_gmt":"2024-07-31T06:09:56","slug":"chicstab-1135","status":"publish","type":"product","link":"https:\/\/chicchem.com\/fr\/produit\/chicstab-1135\/","title":{"rendered":"Chictab 1135"},"content":{"rendered":"<p><span style=\"color: #28a7de;\"><strong>Description du produit<\/strong><\/span><\/p>\n<p><span style=\"color: #000000;\">N \u00b0 CAS.  125643-61-0<\/span><\/p>\n<p><span style=\"color: #000000;\">Structure chimique:<\/span><\/p>\n<p><span style=\"color: #000000;\"><img decoding=\"async\" class=\"alignnone size-medium wp-image-3434\" src=\"https:\/\/chicchem.com\/wp-content\/uploads\/2024\/06\/\u56fe\u72472-300x88.png\" alt=\"\" width=\"300\" height=\"88\" srcset=\"\" sizes=\"(max-width: 300px) 100vw, 300px\" data-srcset=\"\" \/><\/span><\/p>\n<p><span style=\"color: #000000;\">Nom chimique\u00a0:\u00a0propionate d&#039;isooctyle \ud835\udf37-(3,5-di-tert-butyl-4-hydroxyph\u00e9nyl)<\/span><\/p>\n<p><span style=\"color: #000000;\">Chicstab 1135 est sp\u00e9cifiquement formul\u00e9 pour \u00eatre utilis\u00e9 dans les applications poly\u00e9ther et n&#039;est g\u00e9n\u00e9ralement pas utilis\u00e9 comme additif autonome. Son r\u00f4le principal est de capturer les radicaux libres g\u00e9n\u00e9r\u00e9s lors de la production et du stockage du poly\u00e9ther, emp\u00eachant ainsi les br\u00fblures pendant le processus de moussage. Il offre non seulement d\u2019excellentes performances antioxydantes, mais \u00e9galement la commodit\u00e9 d\u2019\u00eatre pompable en tant qu\u2019additif liquide. Sa faible volatilit\u00e9 et son excellente compatibilit\u00e9 permettent une application polyvalente avant, pendant et apr\u00e8s la polym\u00e9risation.<\/span><\/p>\n<p><span style=\"color: #28a7de;\"><strong><b>Propri\u00e9t\u00e9s physiques<\/b><\/strong><\/span><\/p>\n<table>\n<tbody>\n<tr>\n<td style=\"background-color: #bce4f5;\" width=\"582\"><span style=\"color: #000000;\">Forme physique<\/span><\/td>\n<td width=\"772\"><span style=\"color: #000000;\">Liquide transparent incolore ou jaune clair<\/span><\/td>\n<\/tr>\n<tr>\n<td style=\"background-color: #bce4f5;\" width=\"582\"><span style=\"color: #000000;\">Teneur en eau, wt%, \u2264<\/span><\/td>\n<td width=\"772\"><span style=\"color: #000000;\">0.10<\/span><\/td>\n<\/tr>\n<tr>\n<td style=\"background-color: #bce4f5;\" width=\"582\"><span style=\"color: #000000;\">Puret\u00e9, wt%, \u2265<\/span><\/td>\n<td width=\"772\"><span style=\"color: #000000;\">\u226598,0<\/span><\/td>\n<\/tr>\n<tr>\n<td style=\"background-color: #bce4f5;\" width=\"582\"><span style=\"color: #000000;\">Viscosit\u00e9 cin\u00e9matique \uff0840 \u2103\uff09\uff0cmm<sup>2<\/sup><sub>\/<\/sub>s<\/span><\/td>\n<td width=\"772\"><span style=\"color: #000000;\">80-140<\/span><\/td>\n<\/tr>\n<tr>\n<td style=\"background-color: #bce4f5;\" width=\"582\"><span style=\"color: #000000;\">Indice de r\u00e9fraction (25 \u2103)<\/span><\/td>\n<td width=\"772\"><span style=\"color: #000000;\">1.493-1.499<\/span><\/td>\n<\/tr>\n<tr>\n<td style=\"background-color: #bce4f5;\" width=\"582\"><span style=\"color: #000000;\">Solubilit\u00e9<\/span><\/td>\n<td width=\"772\"><span style=\"color: #000000;\">clair<\/span><\/td>\n<\/tr>\n<tr>\n<td style=\"background-color: #bce4f5;\" width=\"582\"><span style=\"color: #000000;\">Indice d&#039;acide, mgKOH\/g, \u2264<\/span><\/td>\n<td width=\"772\"><span style=\"color: #000000;\">1.0<\/span><\/td>\n<\/tr>\n<\/tbody>\n<\/table>\n<p><span style=\"color: #28a7de;\"><strong>Guide d&#039;utilisation<\/strong><\/span><\/p>\n<p><span style=\"color: #000000;\">Les niveaux d&#039;utilisation typiques du Chicstab 1135 se situent entre 0,15% et 0,5%. Il offre une facilit\u00e9 d\u2019utilisation et un m\u00e9lange efficace, car il peut \u00eatre facilement ajout\u00e9 via des m\u00e9thodes de pompe ou d\u2019injection. Il est facilement \u00e9mulsionnable et peut \u00eatre dissous, dispers\u00e9 ou maintenu \u00e0 l\u2019\u00e9tat liquide pur lorsqu\u2019il est ajout\u00e9 pendant le traitement. Son efficacit\u00e9 peut \u00eatre encore am\u00e9lior\u00e9e lorsqu&#039;elle est combin\u00e9e avec d&#039;autres antioxydants tels que des amines aromatiques substitu\u00e9es, des stabilisants synergiques et des stabilisants \u00e0 la lumi\u00e8re.<\/span><\/p>\n<p><span style=\"color: #28a7de;\"><strong><b>Emballer<\/b><\/strong><\/span><\/p>\n<p><span style=\"color: #000000;\">180KG\/tambour, r\u00e9servoir 1000kg\/IBC, r\u00e9servoir 20MT\/ISO.<\/span><\/p>\n<p><span style=\"color: #28a7de;\"><strong><b>Dur\u00e9e de conservation<\/b><\/strong><\/span><\/p>\n<p><span style=\"color: #000000;\">12 mois \u00e0 compter de la date de production sous emballage d&#039;origine non ouvert.<\/span><\/p>\n<p><span style=\"color: #000000;\">Apr\u00e8s ouverture et utilisation, il est conseill\u00e9 de conserver le produit dans un \u00e9tat herm\u00e9tique et de l&#039;utiliser rapidement.<\/span><\/p>\n<p><span style=\"color: #28a7de;\"><strong><b>Stockage<\/b><\/strong><strong><b>\u00a0et <\/b><\/strong><strong><b>Transport<\/b><\/strong><\/span><\/p>\n<p><span style=\"color: #000000;\">Conserver dans un endroit frais et bien ventil\u00e9. Faites preuve de prudence pour \u00e9viter les fuites pendant le transport. Adh\u00e9rer aux bonnes pratiques industrielles et manipuler avec soin pour minimiser le risque de contamination de l\u2019environnement. Pour des informations d\u00e9taill\u00e9es, veuillez vous r\u00e9f\u00e9rer \u00e0 la fiche de donn\u00e9es de s\u00e9curit\u00e9 des produits chimiques.\u00a0\u00a0\u00a0\u00a0\u00a0\u00a0\u00a0\u00a0\u00a0\u00a0<\/span><\/p>","protected":false},"excerpt":{"rendered":"<p>Prot\u00e8ge les mat\u00e9riaux des dommages oxydatifs, prolongeant leur dur\u00e9e de vie.<\/p>","protected":false},"featured_media":0,"template":"","meta":{"site-sidebar-layout":"default","site-content-layout":"","ast-site-content-layout":"default","site-content-style":"default","site-sidebar-style":"default","ast-global-header-display":"","ast-banner-title-visibility":"","ast-main-header-display":"","ast-hfb-above-header-display":"","ast-hfb-below-header-display":"","ast-hfb-mobile-header-display":"","site-post-title":"","ast-breadcrumbs-content":"","ast-featured-img":"","footer-sml-layout":"","theme-transparent-header-meta":"default","adv-header-id-meta":"","stick-header-meta":"","header-above-stick-meta":"","header-main-stick-meta":"","header-below-stick-meta":"","astra-migrate-meta-layouts":"set","ast-page-background-enabled":"default","ast-page-background-meta":{"desktop":{"background-color":"","background-image":"","background-repeat":"repeat","background-position":"center center","background-size":"auto","background-attachment":"scroll","background-type":"","background-media":"","overlay-type":"","overlay-color":"","overlay-opacity":"","overlay-gradient":""},"tablet":{"background-color":"","background-image":"","background-repeat":"repeat","background-position":"center center","background-size":"auto","background-attachment":"scroll","background-type":"","background-media":"","overlay-type":"","overlay-color":"","overlay-opacity":"","overlay-gradient":""},"mobile":{"background-color":"","background-image":"","background-repeat":"repeat","background-position":"center center","background-size":"auto","background-attachment":"scroll","background-type":"","background-media":"","overlay-type":"","overlay-color":"","overlay-opacity":"","overlay-gradient":""}},"ast-content-background-meta":{"desktop":{"background-color":"var(--ast-global-color-5)","background-image":"","background-repeat":"repeat","background-position":"center center","background-size":"auto","background-attachment":"scroll","background-type":"","background-media":"","overlay-type":"","overlay-color":"","overlay-opacity":"","overlay-gradient":""},"tablet":{"background-color":"var(--ast-global-color-5)","background-image":"","background-repeat":"repeat","background-position":"center center","background-size":"auto","background-attachment":"scroll","background-type":"","background-media":"","overlay-type":"","overlay-color":"","overlay-opacity":"","overlay-gradient":""},"mobile":{"background-color":"var(--ast-global-color-5)","background-image":"","background-repeat":"repeat","background-position":"center center","background-size":"auto","background-attachment":"scroll","background-type":"","background-media":"","overlay-type":"","overlay-color":"","overlay-opacity":"","overlay-gradient":""}}},"product_brand":[],"product_cat":[18,19],"product_tag":[],"class_list":{"0":"post-3433","1":"product","2":"type-product","3":"status-publish","5":"product_cat-products","6":"product_cat-antioxidant-for-polyether-and-foam","7":"desktop-align-left","8":"tablet-align-left","9":"mobile-align-left","11":"first","12":"instock","13":"shipping-taxable","14":"product-type-simple"},"_links":{"self":[{"href":"https:\/\/chicchem.com\/fr\/wp-json\/wp\/v2\/product\/3433","targetHints":{"allow":["GET"]}}],"collection":[{"href":"https:\/\/chicchem.com\/fr\/wp-json\/wp\/v2\/product"}],"about":[{"href":"https:\/\/chicchem.com\/fr\/wp-json\/wp\/v2\/types\/product"}],"wp:attachment":[{"href":"https:\/\/chicchem.com\/fr\/wp-json\/wp\/v2\/media?parent=3433"}],"wp:term":[{"taxonomy":"product_brand","embeddable":true,"href":"https:\/\/chicchem.com\/fr\/wp-json\/wp\/v2\/product_brand?post=3433"},{"taxonomy":"product_cat","embeddable":true,"href":"https:\/\/chicchem.com\/fr\/wp-json\/wp\/v2\/product_cat?post=3433"},{"taxonomy":"product_tag","embeddable":true,"href":"https:\/\/chicchem.com\/fr\/wp-json\/wp\/v2\/product_tag?post=3433"}],"curies":[{"name":"wp","href":"https:\/\/api.w.org\/{rel}","templated":true}]}}