{"id":3435,"date":"2024-06-21T04:47:50","date_gmt":"2024-06-21T04:47:50","guid":{"rendered":"https:\/\/chicchem.com\/?post_type=product&#038;p=3435"},"modified":"2024-06-21T04:48:53","modified_gmt":"2024-06-21T04:48:53","slug":"chicstab-2275","status":"publish","type":"product","link":"https:\/\/chicchem.com\/fr\/produit\/chicstab-2275\/","title":{"rendered":"Chictab 2275"},"content":{"rendered":"<p><span style=\"color: #28a7de;\"><strong><b>Description du produit<\/b><\/strong><\/span><\/p>\n<p><span style=\"color: #000000;\">Chicstab 2275 est un agent anti-jaunissement compos\u00e9 liquide r\u00e9put\u00e9 pour son efficacit\u00e9 exceptionnelle dans la pr\u00e9vention du jaunissement. Sp\u00e9cialement con\u00e7u pour les applications de mousse polyur\u00e9thane, il offre une protection \u00e0 long terme contre les rayons ultraviolets, r\u00e9duisant ainsi les dommages. De plus, il conserve une excellente stabilit\u00e9 de couleur m\u00eame apr\u00e8s une exposition \u00e0 des temp\u00e9ratures \u00e9lev\u00e9es et un pressage \u00e0 chaud, retardant ainsi efficacement le processus de jaunissement de la mousse de polyur\u00e9thane.<\/span><\/p>\n<p><span style=\"color: #28a7de;\"><strong><b>Propri\u00e9t\u00e9s physiques<\/b><\/strong><\/span><\/p>\n<table>\n<tbody>\n<tr>\n<td style=\"background-color: #bce4f5;\" width=\"510\"><span style=\"color: #000000;\">\u00a0Forme physique<\/span><\/td>\n<td width=\"667\"><span style=\"color: #000000;\">liquide jaune clair<\/span><\/td>\n<\/tr>\n<tr>\n<td style=\"background-color: #bce4f5;\" width=\"510\"><span style=\"color: #000000;\">Viscosit\u00e9 cin\u00e9matique (25\u2103) mPa.s<\/span><\/td>\n<td width=\"667\"><span style=\"color: #000000;\">1000-1800<\/span><\/td>\n<\/tr>\n<tr>\n<td style=\"background-color: #bce4f5;\" width=\"510\"><span style=\"color: #000000;\">Densit\u00e9 (25\u2103), g\/cm<sup>3<\/sup><\/span><\/td>\n<td width=\"667\"><span style=\"color: #000000;\">0.980-1.080<\/span><\/td>\n<\/tr>\n<\/tbody>\n<\/table>\n<p><span style=\"color: #28a7de;\"><strong><b>Caract\u00e9ristiques et avantages<\/b><\/strong><\/span><\/p>\n<p><span style=\"color: #000000;\">Il s&#039;agit d&#039;un antioxydant liquide pr\u00e9sentant une excellente compatibilit\u00e9 avec les poly\u00e9ther polyols, facilitant une dispersion facile et assurant l&#039;uniformit\u00e9 de la qualit\u00e9 de l&#039;\u00e9ponge.<\/span><\/p>\n<p><span style=\"color: #28a7de;\"><strong><b>Guide d&#039;utilisation<\/b><\/strong><\/span><\/p>\n<p><span style=\"color: #000000;\">Le dosage recommand\u00e9 pour la mousse PU se situe g\u00e9n\u00e9ralement entre 1% et 3% (en fonction de la teneur en poly\u00e9ther), avec la possibilit\u00e9 d&#039;une optimisation en fonction d&#039;applications sp\u00e9cifiques. Il est conseill\u00e9 de l&#039;utiliser en association avec d&#039;autres agents anti-jaunissement. S\u2019il n\u2019est pas utilis\u00e9 enti\u00e8rement en une seule fois, assurer une scellement rapide et un stockage appropri\u00e9.<\/span><\/p>\n<p><span style=\"color: #000000;\">\u00c9vitez tout contact direct avec le produit en portant des gants r\u00e9sistants aux acides et aux alcalis pendant la manipulation. En cas de contact avec la peau, rincer imm\u00e9diatement et abondamment \u00e0 l&#039;eau ou \u00e0 l&#039;alcool m\u00e9dical et consulter un m\u00e9decin si les sympt\u00f4mes persistent.<\/span><\/p>\n<p><span style=\"color: #28a7de;\">\u00a0<strong><b>Emballer<\/b><\/strong><strong><b>:<\/b><\/strong>\u00a0<\/span><\/p>\n<p><span style=\"color: #000000;\">25 kg\/tambour ou 200 kg\/tambour.<\/span><\/p>\n<p><span style=\"color: #28a7de;\"><strong><b>S<\/b><\/strong><strong><b>dur\u00e9e de vie<\/b><\/strong><\/span><\/p>\n<p><span style=\"color: #000000;\">12 mois \u00e0 compter de la date de production sous emballage d&#039;origine non ouvert.<\/span><\/p>\n<p><span style=\"color: #28a7de;\"><strong><b>Stockage <\/b><\/strong><\/span><\/p>\n<p><span style=\"color: #000000;\">Conserver dans un endroit frais, sec et bien ventil\u00e9, \u00e0 l&#039;\u00e9cart de tout contact avec l&#039;eau.<\/span><\/p>\n<p><span style=\"color: #000000;\">Une exposition \u00e0 long terme entra\u00eenera une d\u00e9t\u00e9rioration du produit.<\/span><\/p>\n<p>&nbsp;<\/p>\n<p>&nbsp;<\/p>","protected":false},"excerpt":{"rendered":"<p>Prot\u00e8ge les mat\u00e9riaux des dommages oxydatifs, prolongeant leur dur\u00e9e de vie.<\/p>","protected":false},"featured_media":0,"template":"","meta":{"site-sidebar-layout":"default","site-content-layout":"","ast-site-content-layout":"default","site-content-style":"default","site-sidebar-style":"default","ast-global-header-display":"","ast-banner-title-visibility":"","ast-main-header-display":"","ast-hfb-above-header-display":"","ast-hfb-below-header-display":"","ast-hfb-mobile-header-display":"","site-post-title":"","ast-breadcrumbs-content":"","ast-featured-img":"","footer-sml-layout":"","theme-transparent-header-meta":"default","adv-header-id-meta":"","stick-header-meta":"","header-above-stick-meta":"","header-main-stick-meta":"","header-below-stick-meta":"","astra-migrate-meta-layouts":"set","ast-page-background-enabled":"default","ast-page-background-meta":{"desktop":{"background-color":"","background-image":"","background-repeat":"repeat","background-position":"center center","background-size":"auto","background-attachment":"scroll","background-type":"","background-media":"","overlay-type":"","overlay-color":"","overlay-opacity":"","overlay-gradient":""},"tablet":{"background-color":"","background-image":"","background-repeat":"repeat","background-position":"center center","background-size":"auto","background-attachment":"scroll","background-type":"","background-media":"","overlay-type":"","overlay-color":"","overlay-opacity":"","overlay-gradient":""},"mobile":{"background-color":"","background-image":"","background-repeat":"repeat","background-position":"center center","background-size":"auto","background-attachment":"scroll","background-type":"","background-media":"","overlay-type":"","overlay-color":"","overlay-opacity":"","overlay-gradient":""}},"ast-content-background-meta":{"desktop":{"background-color":"var(--ast-global-color-5)","background-image":"","background-repeat":"repeat","background-position":"center center","background-size":"auto","background-attachment":"scroll","background-type":"","background-media":"","overlay-type":"","overlay-color":"","overlay-opacity":"","overlay-gradient":""},"tablet":{"background-color":"var(--ast-global-color-5)","background-image":"","background-repeat":"repeat","background-position":"center center","background-size":"auto","background-attachment":"scroll","background-type":"","background-media":"","overlay-type":"","overlay-color":"","overlay-opacity":"","overlay-gradient":""},"mobile":{"background-color":"var(--ast-global-color-5)","background-image":"","background-repeat":"repeat","background-position":"center center","background-size":"auto","background-attachment":"scroll","background-type":"","background-media":"","overlay-type":"","overlay-color":"","overlay-opacity":"","overlay-gradient":""}}},"product_brand":[],"product_cat":[18,19],"product_tag":[],"class_list":{"0":"post-3435","1":"product","2":"type-product","3":"status-publish","5":"product_cat-products","6":"product_cat-antioxidant-for-polyether-and-foam","7":"desktop-align-left","8":"tablet-align-left","9":"mobile-align-left","11":"first","12":"instock","13":"shipping-taxable","14":"product-type-simple"},"_links":{"self":[{"href":"https:\/\/chicchem.com\/fr\/wp-json\/wp\/v2\/product\/3435","targetHints":{"allow":["GET"]}}],"collection":[{"href":"https:\/\/chicchem.com\/fr\/wp-json\/wp\/v2\/product"}],"about":[{"href":"https:\/\/chicchem.com\/fr\/wp-json\/wp\/v2\/types\/product"}],"wp:attachment":[{"href":"https:\/\/chicchem.com\/fr\/wp-json\/wp\/v2\/media?parent=3435"}],"wp:term":[{"taxonomy":"product_brand","embeddable":true,"href":"https:\/\/chicchem.com\/fr\/wp-json\/wp\/v2\/product_brand?post=3435"},{"taxonomy":"product_cat","embeddable":true,"href":"https:\/\/chicchem.com\/fr\/wp-json\/wp\/v2\/product_cat?post=3435"},{"taxonomy":"product_tag","embeddable":true,"href":"https:\/\/chicchem.com\/fr\/wp-json\/wp\/v2\/product_tag?post=3435"}],"curies":[{"name":"wp","href":"https:\/\/api.w.org\/{rel}","templated":true}]}}