{"id":3437,"date":"2024-06-21T04:49:04","date_gmt":"2024-06-21T04:49:04","guid":{"rendered":"https:\/\/chicchem.com\/?post_type=product&#038;p=3437"},"modified":"2024-06-21T04:50:14","modified_gmt":"2024-06-21T04:50:14","slug":"chicstab-3318b","status":"publish","type":"product","link":"https:\/\/chicchem.com\/fr\/produit\/chicstab-3318b\/","title":{"rendered":"Chictab 3318B"},"content":{"rendered":"<p><span style=\"color: #28a7de;\"><strong><b>Description du produit<\/b><\/strong><\/span><\/p>\n<p><span style=\"color: #000000;\">Chicstab 3318B est un antioxydant composite liquide \u00e0 base de ph\u00e9nol encombr\u00e9 avec une activit\u00e9 sup\u00e9rieure \u00e0 99%. Sp\u00e9cialement formul\u00e9 pour la production de poly\u00e9thers, d&#039;\u00e9lastom\u00e8res et de POP \u00e0 haute r\u00e9silience dans les polyols poly\u00e9ther\/polyester, il emp\u00eache efficacement la formation de peroxydes dans les polyols pendant le stockage, att\u00e9nuant ainsi la combustion et le jaunissement du noyau pendant les processus de moussage du poly\u00e9ther. Reconnu pour ses capacit\u00e9s anti-jaunissement exceptionnelles, ce produit est particuli\u00e8rement adapt\u00e9 aux applications n\u00e9cessitant des normes de protection de l&#039;environnement sans amine.<\/span><\/p>\n<p><span style=\"color: #28a7de;\"><strong><b>Propri\u00e9t\u00e9s physiques<\/b><\/strong><\/span><\/p>\n<table>\n<tbody>\n<tr>\n<td style=\"background-color: #bce4f5;\" width=\"582\"><span style=\"color: #000000;\">Forme physique<\/span><\/td>\n<td width=\"772\"><span style=\"color: #000000;\">liquide transparent jaune clair<\/span><\/td>\n<\/tr>\n<tr>\n<td style=\"background-color: #bce4f5;\" width=\"582\"><span style=\"color: #000000;\">Viscosit\u00e9 cin\u00e9matique (25\u2103), \u2264<\/span><\/td>\n<td width=\"772\"><span style=\"color: #000000;\">2000<\/span><\/td>\n<\/tr>\n<tr>\n<td style=\"background-color: #bce4f5;\" width=\"582\"><span style=\"color: #000000;\">Densit\u00e9 (25\u2103), g\/cm\u00b3<\/span><\/td>\n<td width=\"772\"><span style=\"color: #000000;\">0,93\uff5e1,00<\/span><\/td>\n<\/tr>\n<tr>\n<td style=\"background-color: #bce4f5;\" width=\"582\"><span style=\"color: #000000;\">Solubilit\u00e9<\/span><\/td>\n<td width=\"772\"><span style=\"color: #000000;\">clair<\/span><\/td>\n<\/tr>\n<\/tbody>\n<\/table>\n<p><span style=\"color: #28a7de;\"><strong><b>Caract\u00e9ristiques et avantages<\/b><\/strong><\/span><\/p>\n<p><span style=\"color: #000000;\">Il combine des propri\u00e9t\u00e9s antioxydantes exceptionnelles avec la commodit\u00e9 des additifs liquides pompables. Gr\u00e2ce \u00e0 sa faible volatilit\u00e9 et \u00e0 son excellente compatibilit\u00e9, il trouve une utilisation optimale dans les processus de refroidissement \u00e0 air puls\u00e9 du polyur\u00e9thane. Cette fonctionnalit\u00e9 emp\u00eache efficacement la formation de bu\u00e9e sur les surfaces automobiles et les taches sur les textiles, tels que les matelas de meubles, les canap\u00e9s et les tapis. Sa faible volatilit\u00e9 et sa forme liquide le rendent particuli\u00e8rement adapt\u00e9 \u00e0 diverses m\u00e9thodes de fabrication et de traitement, y compris les applications de liquide unique, d&#039;\u00e9mulsion, de suspension, de solution ou de polym\u00e8re fondu. De plus, il d\u00e9montre une r\u00e9silience contre l&#039;hydrolyse \u00e0 la fois \u00e0 temp\u00e9rature ambiante et \u00e0 temp\u00e9rature \u00e9lev\u00e9e, permettant son application avant, pendant et apr\u00e8s la polym\u00e9risation.<\/span><\/p>\n<p><span style=\"color: #28a7de;\"><strong>Guide d&#039;utilisation<\/strong><\/span><\/p>\n<p><span style=\"color: #000000;\">La posologie typique recommand\u00e9e se situe entre 0,07% et 0,5%, avec une limite maximale de 1%. Il peut \u00eatre facilement ajout\u00e9 par pompe ou injection pour un m\u00e9lange efficace. Ce produit s&#039;\u00e9mulsionne facilement et peut \u00eatre dissous, dispers\u00e9 ou maintenu \u00e0 l&#039;\u00e9tat liquide pur pendant le traitement. Une stabilit\u00e9 am\u00e9lior\u00e9e peut \u00eatre obtenue en combinant avec des stabilisants synergiques (tels que des sulfures, des hydroxylamines et des lactones) et des stabilisants \u00e0 la lumi\u00e8re d&#039;amines encombr\u00e9es (y compris des absorbeurs d&#039;UV et des amines encombr\u00e9es). Pour toute demande concernant les donn\u00e9es de performances des applications, veuillez consulter notre \u00e9quipe d&#039;assistance technique.<\/span><\/p>\n<p><span style=\"color: #28a7de;\"><strong>Emballer<\/strong><\/span><\/p>\n<p><span style=\"color: #000000;\">Poids net 180 kg\/tambour en fer ou 25 kg\/tambour en plastique, 1000 kg\/tambour en plastique, 20 tonnes\/r\u00e9servoir ISO.<\/span><\/p>\n<p><span style=\"color: #28a7de;\"><strong><b>S<\/b><\/strong><strong><b>dur\u00e9e de vie<\/b><\/strong><\/span><\/p>\n<p><span style=\"color: #000000;\">12 mois \u00e0 compter de la date de production sous emballage d&#039;origine non ouvert.<\/span><\/p>\n<p><span style=\"color: #28a7de;\"><strong><b>Stockage<\/b><\/strong><\/span><\/p>\n<p><span style=\"color: #000000;\">Conserver dans des conditions sombres, s\u00e8ches, fra\u00eeches et scell\u00e9es.\u00a0<\/span><\/p>\n<p>&nbsp;<\/p>\n<p>&nbsp;<\/p>\n<p>&nbsp;<\/p>","protected":false},"excerpt":{"rendered":"<p>Prot\u00e8ge les mat\u00e9riaux des dommages oxydatifs, prolongeant leur dur\u00e9e de vie.<\/p>","protected":false},"featured_media":0,"template":"","meta":{"site-sidebar-layout":"default","site-content-layout":"","ast-site-content-layout":"default","site-content-style":"default","site-sidebar-style":"default","ast-global-header-display":"","ast-banner-title-visibility":"","ast-main-header-display":"","ast-hfb-above-header-display":"","ast-hfb-below-header-display":"","ast-hfb-mobile-header-display":"","site-post-title":"","ast-breadcrumbs-content":"","ast-featured-img":"","footer-sml-layout":"","theme-transparent-header-meta":"default","adv-header-id-meta":"","stick-header-meta":"","header-above-stick-meta":"","header-main-stick-meta":"","header-below-stick-meta":"","astra-migrate-meta-layouts":"set","ast-page-background-enabled":"default","ast-page-background-meta":{"desktop":{"background-color":"","background-image":"","background-repeat":"repeat","background-position":"center center","background-size":"auto","background-attachment":"scroll","background-type":"","background-media":"","overlay-type":"","overlay-color":"","overlay-opacity":"","overlay-gradient":""},"tablet":{"background-color":"","background-image":"","background-repeat":"repeat","background-position":"center center","background-size":"auto","background-attachment":"scroll","background-type":"","background-media":"","overlay-type":"","overlay-color":"","overlay-opacity":"","overlay-gradient":""},"mobile":{"background-color":"","background-image":"","background-repeat":"repeat","background-position":"center center","background-size":"auto","background-attachment":"scroll","background-type":"","background-media":"","overlay-type":"","overlay-color":"","overlay-opacity":"","overlay-gradient":""}},"ast-content-background-meta":{"desktop":{"background-color":"var(--ast-global-color-5)","background-image":"","background-repeat":"repeat","background-position":"center center","background-size":"auto","background-attachment":"scroll","background-type":"","background-media":"","overlay-type":"","overlay-color":"","overlay-opacity":"","overlay-gradient":""},"tablet":{"background-color":"var(--ast-global-color-5)","background-image":"","background-repeat":"repeat","background-position":"center center","background-size":"auto","background-attachment":"scroll","background-type":"","background-media":"","overlay-type":"","overlay-color":"","overlay-opacity":"","overlay-gradient":""},"mobile":{"background-color":"var(--ast-global-color-5)","background-image":"","background-repeat":"repeat","background-position":"center center","background-size":"auto","background-attachment":"scroll","background-type":"","background-media":"","overlay-type":"","overlay-color":"","overlay-opacity":"","overlay-gradient":""}}},"product_brand":[],"product_cat":[18,19],"product_tag":[],"class_list":{"0":"post-3437","1":"product","2":"type-product","3":"status-publish","5":"product_cat-products","6":"product_cat-antioxidant-for-polyether-and-foam","7":"desktop-align-left","8":"tablet-align-left","9":"mobile-align-left","11":"first","12":"instock","13":"shipping-taxable","14":"product-type-simple"},"_links":{"self":[{"href":"https:\/\/chicchem.com\/fr\/wp-json\/wp\/v2\/product\/3437","targetHints":{"allow":["GET"]}}],"collection":[{"href":"https:\/\/chicchem.com\/fr\/wp-json\/wp\/v2\/product"}],"about":[{"href":"https:\/\/chicchem.com\/fr\/wp-json\/wp\/v2\/types\/product"}],"wp:attachment":[{"href":"https:\/\/chicchem.com\/fr\/wp-json\/wp\/v2\/media?parent=3437"}],"wp:term":[{"taxonomy":"product_brand","embeddable":true,"href":"https:\/\/chicchem.com\/fr\/wp-json\/wp\/v2\/product_brand?post=3437"},{"taxonomy":"product_cat","embeddable":true,"href":"https:\/\/chicchem.com\/fr\/wp-json\/wp\/v2\/product_cat?post=3437"},{"taxonomy":"product_tag","embeddable":true,"href":"https:\/\/chicchem.com\/fr\/wp-json\/wp\/v2\/product_tag?post=3437"}],"curies":[{"name":"wp","href":"https:\/\/api.w.org\/{rel}","templated":true}]}}