{"id":3441,"date":"2024-06-21T04:54:37","date_gmt":"2024-06-21T04:54:37","guid":{"rendered":"https:\/\/chicchem.com\/?post_type=product&#038;p=3441"},"modified":"2024-06-21T04:55:58","modified_gmt":"2024-06-21T04:55:58","slug":"phosphocyanide-catalyst-chicstablq-1","status":"publish","type":"product","link":"https:\/\/chicchem.com\/fr\/produit\/phosphocyanide-catalyst-chicstablq-1\/","title":{"rendered":"Catalyseur de phosphocyanure (ChicStabLQ-1)"},"content":{"rendered":"<p><span style=\"color: #28a7de;\"><strong><b>Description du produit<\/b><\/strong><\/span><\/p>\n<p><span style=\"color: #000000;\">Chicstab LQ-1 est un catalyseur de polym\u00e9risation par ouverture de cycle \u00e0 haute activit\u00e9 sous forme de poudre, sp\u00e9cialement con\u00e7u avec du phosphocyanure pour des performances sup\u00e9rieures. Il excelle dans la synth\u00e8se des polyols de poly\u00e9ther, o\u00f9 de petites mol\u00e9cules servent d&#039;initiateurs, permettant un blocage direct avec l&#039;oxyde d&#039;\u00e9thyl\u00e8ne pour produire des groupes hydroxyle primaires. Notamment, la configuration t\u00eate-queue (HT) des mol\u00e9cules de poly\u00e9ther offre une s\u00e9lectivit\u00e9 exceptionnelle. La polym\u00e9risation facilit\u00e9e par les catalyseurs au cyanure de phosphore corrige les d\u00e9fauts associ\u00e9s aux catalyseurs conventionnels comme l&#039;hydroxyde de potassium. Ceux-ci incluent des probl\u00e8mes tels qu\u2019un faible poids mol\u00e9culaire relatif, une large distribution du poids mol\u00e9culaire et des niveaux d\u2019insaturation \u00e9lev\u00e9s dans les polym\u00e8res r\u00e9sultants.<\/span><\/p>\n<p><span style=\"color: #28a7de;\"><strong><b>Propri\u00e9t\u00e9s physiques<\/b><\/strong><\/span><\/p>\n<table>\n<tbody>\n<tr>\n<td style=\"background-color: #bce4f5;\" width=\"467\"><span style=\"color: #000000;\">Forme physique<\/span><\/td>\n<td width=\"710\"><span style=\"color: #000000;\">poudre blanche \u00e0 gris clair<\/span><\/td>\n<\/tr>\n<tr>\n<td style=\"background-color: #bce4f5;\" width=\"467\"><span style=\"color: #000000;\">Indice d&#039;activit\u00e9, g\/g, \u2265<\/span><\/td>\n<td width=\"710\"><span style=\"color: #000000;\">500<\/span><\/td>\n<\/tr>\n<\/tbody>\n<\/table>\n<p><span style=\"color: #28a7de;\"><strong><b>Guide d&#039;utilisation<\/b><\/strong><\/span><\/p>\n<ol>\n<li><span style=\"color: #000000;\">R\u00e9agir des quantit\u00e9s \u00e9quimolaires du catalyseur avec du m\u00e9thylate de potassium dans du m\u00e9thanol. Filtrer le pr\u00e9cipit\u00e9 pour obtenir une solution de catalyseur.<\/span><\/li>\n<li><span style=\"color: #000000;\">Combiner la solution d\u2019initiateur et de catalyseur \u00e0 temp\u00e9rature ambiante sous atmosph\u00e8re d\u2019azote. Retirer le solvant sous vide \u00e0 une temp\u00e9rature sp\u00e9cifi\u00e9e pendant 1 heure.<\/span><\/li>\n<li><span style=\"color: #000000;\">Augmenter la temp\u00e9rature \u00e0 90\u00b0C et introduire les monom\u00e8res pour la polym\u00e9risation. Maintenir la temp\u00e9rature de polym\u00e9risation entre 90\u00b0C et 95\u00b0C pour l&#039;oxyde de propyl\u00e8ne et entre 100\u00b0C et 105\u00b0C pour l&#039;oxyde d&#039;\u00e9thyl\u00e8ne.<\/span><\/li>\n<li><span style=\"color: #000000;\">Les initiateurs appropri\u00e9s comprennent de petites mol\u00e9cules comme la glyc\u00e9rine, le propyl\u00e8ne glycol ou des poly\u00e9thers de faible poids mol\u00e9culaire (par exemple, 500 ou 1 000 de poids mol\u00e9culaire).<\/span><\/li>\n<li><span style=\"color: #000000;\">Lorsque vous utilisez des poly\u00e9thers de faible poids mol\u00e9culaire, pr\u00e9f\u00e9rez ceux sans antioxydants pour \u00e9viter la coloration.<\/span><\/li>\n<li><span style=\"color: #000000;\">Des \u00e9thers bruts contenant du KOH peuvent \u00eatre utilis\u00e9s pour \u00e9liminer les ions potassium apr\u00e8s polym\u00e9risation. Les \u00e9thers bruts sont recommand\u00e9s comme d\u00e9marreurs.<\/span><\/li>\n<li><span style=\"color: #000000;\">Assurez-vous que la teneur en eau des initiateurs et des monom\u00e8res est inf\u00e9rieure \u00e0 300 ppm. Une teneur \u00e9lev\u00e9e en eau dans les initiateurs peut alt\u00e9rer l&#039;activit\u00e9 du catalyseur.<\/span><\/li>\n<li><span style=\"color: #000000;\">Dans un premier temps, utilisez environ 1\/1000 du catalyseur, en r\u00e9duisant progressivement la quantit\u00e9 au fil des utilisations ult\u00e9rieures. La concentration du catalyseur sera marqu\u00e9e pour une mesure pr\u00e9cise.<\/span><\/li>\n<li><span style=\"color: #000000;\">Conservez le catalyseur scell\u00e9 dans un dessiccateur et utilisez-le rapidement.<\/span><\/li>\n<li><span style=\"color: #000000;\">Les m\u00e9thodes d&#039;\u00e9limination du catalyseur comprennent la neutralisation de l&#039;acide suivie d&#039;un traitement adsorbant ou d&#039;un traitement adsorbant direct. Une exp\u00e9rimentation peut \u00eatre n\u00e9cessaire pour des conditions sp\u00e9cifiques.<\/span><\/li>\n<li><span style=\"color: #000000;\">Le poids mol\u00e9culaire du catalyseur est calcul\u00e9 \u00e0 500.<\/span><\/li>\n<\/ol>\n<p><span style=\"color: #000000;\">Ces directives sont con\u00e7ues pour optimiser les performances du catalyseur et les r\u00e9sultats de polym\u00e9risation.\u00a0<\/span><\/p>\n<p><span style=\"color: #28a7de;\"><strong><b>Dur\u00e9e de conservation <\/b><\/strong><\/span><\/p>\n<p><span style=\"color: #000000;\">3 ans \u00e0 compter de la date de production sous emballage d&#039;origine non ouvert.<\/span><\/p>\n<p><span style=\"color: #28a7de;\"><strong><b>Stockage et transport<\/b><\/strong><\/span><\/p>\n<p><span style=\"color: #000000;\">Conserver dans un environnement frais, sec et sombre, en veillant \u00e0 ce que le r\u00e9cipient soit bien ferm\u00e9. Apr\u00e8s ouverture, refermez rapidement le r\u00e9cipient et utilisez le produit d\u00e8s que possible. Pendant le transport, prenez des pr\u00e9cautions pour \u00e9viter les fuites, respectez les pratiques de manipulation industrielle standard, manipulez avec soin et minimisez le risque de contamination de l&#039;environnement.<\/span><\/p>","protected":false},"excerpt":{"rendered":"<p>Prot\u00e8ge les mat\u00e9riaux des dommages oxydatifs, prolongeant leur dur\u00e9e de vie.<\/p>","protected":false},"featured_media":0,"template":"","meta":{"site-sidebar-layout":"default","site-content-layout":"","ast-site-content-layout":"default","site-content-style":"default","site-sidebar-style":"default","ast-global-header-display":"","ast-banner-title-visibility":"","ast-main-header-display":"","ast-hfb-above-header-display":"","ast-hfb-below-header-display":"","ast-hfb-mobile-header-display":"","site-post-title":"","ast-breadcrumbs-content":"","ast-featured-img":"","footer-sml-layout":"","theme-transparent-header-meta":"default","adv-header-id-meta":"","stick-header-meta":"","header-above-stick-meta":"","header-main-stick-meta":"","header-below-stick-meta":"","astra-migrate-meta-layouts":"set","ast-page-background-enabled":"default","ast-page-background-meta":{"desktop":{"background-color":"","background-image":"","background-repeat":"repeat","background-position":"center center","background-size":"auto","background-attachment":"scroll","background-type":"","background-media":"","overlay-type":"","overlay-color":"","overlay-opacity":"","overlay-gradient":""},"tablet":{"background-color":"","background-image":"","background-repeat":"repeat","background-position":"center center","background-size":"auto","background-attachment":"scroll","background-type":"","background-media":"","overlay-type":"","overlay-color":"","overlay-opacity":"","overlay-gradient":""},"mobile":{"background-color":"","background-image":"","background-repeat":"repeat","background-position":"center center","background-size":"auto","background-attachment":"scroll","background-type":"","background-media":"","overlay-type":"","overlay-color":"","overlay-opacity":"","overlay-gradient":""}},"ast-content-background-meta":{"desktop":{"background-color":"var(--ast-global-color-5)","background-image":"","background-repeat":"repeat","background-position":"center center","background-size":"auto","background-attachment":"scroll","background-type":"","background-media":"","overlay-type":"","overlay-color":"","overlay-opacity":"","overlay-gradient":""},"tablet":{"background-color":"var(--ast-global-color-5)","background-image":"","background-repeat":"repeat","background-position":"center center","background-size":"auto","background-attachment":"scroll","background-type":"","background-media":"","overlay-type":"","overlay-color":"","overlay-opacity":"","overlay-gradient":""},"mobile":{"background-color":"var(--ast-global-color-5)","background-image":"","background-repeat":"repeat","background-position":"center center","background-size":"auto","background-attachment":"scroll","background-type":"","background-media":"","overlay-type":"","overlay-color":"","overlay-opacity":"","overlay-gradient":""}}},"product_brand":[],"product_cat":[18,19],"product_tag":[],"class_list":{"0":"post-3441","1":"product","2":"type-product","3":"status-publish","5":"product_cat-products","6":"product_cat-antioxidant-for-polyether-and-foam","7":"desktop-align-left","8":"tablet-align-left","9":"mobile-align-left","11":"first","12":"instock","13":"shipping-taxable","14":"product-type-simple"},"_links":{"self":[{"href":"https:\/\/chicchem.com\/fr\/wp-json\/wp\/v2\/product\/3441","targetHints":{"allow":["GET"]}}],"collection":[{"href":"https:\/\/chicchem.com\/fr\/wp-json\/wp\/v2\/product"}],"about":[{"href":"https:\/\/chicchem.com\/fr\/wp-json\/wp\/v2\/types\/product"}],"wp:attachment":[{"href":"https:\/\/chicchem.com\/fr\/wp-json\/wp\/v2\/media?parent=3441"}],"wp:term":[{"taxonomy":"product_brand","embeddable":true,"href":"https:\/\/chicchem.com\/fr\/wp-json\/wp\/v2\/product_brand?post=3441"},{"taxonomy":"product_cat","embeddable":true,"href":"https:\/\/chicchem.com\/fr\/wp-json\/wp\/v2\/product_cat?post=3441"},{"taxonomy":"product_tag","embeddable":true,"href":"https:\/\/chicchem.com\/fr\/wp-json\/wp\/v2\/product_tag?post=3441"}],"curies":[{"name":"wp","href":"https:\/\/api.w.org\/{rel}","templated":true}]}}