{"id":3447,"date":"2024-06-21T05:01:55","date_gmt":"2024-06-21T05:01:55","guid":{"rendered":"https:\/\/chicchem.com\/?post_type=product&#038;p=3447"},"modified":"2024-08-07T09:17:38","modified_gmt":"2024-08-07T09:17:38","slug":"chicstab-ay165","status":"publish","type":"product","link":"https:\/\/chicchem.com\/fr\/produit\/chicstab-ay165\/","title":{"rendered":"Chictab AY165"},"content":{"rendered":"<p><span style=\"color: #28a7de;\"><strong><b>Description du produit<\/b><\/strong><\/span><\/p>\n<p><span style=\"color: #000000;\">Chicstab AY165 est un m\u00e9lange liquide de viscosit\u00e9 mod\u00e9r\u00e9e. Ce produit ne contient pas d&#039;antioxydants amin\u00e9s et convient aux produits en polyur\u00e9thane ayant des exigences \u00e9lev\u00e9es en mati\u00e8re de thermique et de photo-oxydation, tels que les adh\u00e9sifs, les mousses pour chaussures, les mousses de soutien-gorge, les mousses cosm\u00e9tiques, etc. Il peut fournir une excellente stabilit\u00e9 de couleur pour l&#039;\u00e9ponge en mousse de polyur\u00e9thane apr\u00e8s une utilisation \u00e9lev\u00e9e. -Pressage \u00e0 chaud \u00e0 temp\u00e9rature, retarde le jaunissement de la mousse de polyur\u00e9thane et am\u00e9liore la r\u00e9sistance aux intemp\u00e9ries du produit. Il pr\u00e9sente une bonne compatibilit\u00e9 avec les supports et r\u00e9siste \u00e0 l\u2019extraction.<\/span><\/p>\n<p><span style=\"color: #000000;\">Chicstab AY165 ne contient ni BHT ni nonylph\u00e9nol, ce qui r\u00e9pond aux exigences environnementales.<\/span><\/p>\n<p><span style=\"color: #28a7de;\"><strong><b>Propri\u00e9t\u00e9s physiques\u00a0<\/b><\/strong><\/span><\/p>\n<table>\n<tbody>\n<tr>\n<td style=\"background-color: #bce4f5;\" width=\"574\"><span style=\"color: #000000;\">Forme physique\u00a0<\/span><\/td>\n<td width=\"680\"><span style=\"color: #000000;\">Liquide incolore \u00e0 jaune clair<\/span><\/td>\n<\/tr>\n<tr>\n<td style=\"background-color: #bce4f5;\" width=\"574\"><span style=\"color: #000000;\">Viscosit\u00e9 dynamique\uff0825\u2103\uff09 mPa.s<\/span><\/td>\n<td width=\"680\"><span style=\"color: #000000;\">450~850<\/span><\/td>\n<\/tr>\n<tr>\n<td style=\"background-color: #bce4f5;\" width=\"574\"><span style=\"color: #000000;\">Indice de r\u00e9fraction (25 \u2103)<\/span><\/td>\n<td width=\"680\"><span style=\"color: #000000;\">1.545~1.585<\/span><\/td>\n<\/tr>\n<\/tbody>\n<\/table>\n<p><span style=\"color: #28a7de;\"><strong><b>\u00a0<\/b><\/strong><strong><b>Caract\u00e9ristiques et avantages<\/b><\/strong><\/span><\/p>\n<p><span style=\"color: #000000;\">Ce produit est un antioxydant liquide pr\u00e9sentant une excellente compatibilit\u00e9 avec les substrats, offrant une r\u00e9sistance \u00e0 l&#039;oxydation \u00e0 haute temp\u00e9rature, une r\u00e9sistance aux intemp\u00e9ries, une facilit\u00e9 de dispersion et une pompabilit\u00e9.<\/span><\/p>\n<p><span style=\"color: #000000;\">Lorsqu&#039;il est utilis\u00e9 dans les applications de mousse de soutien-gorge et de chaussures, il donne les r\u00e9sultats ci-dessous\u00a0:<\/span><\/p>\n<ul>\n<li><span style=\"color: #000000;\">Jaunissement du ph\u00e9nol\u00a0: atteint une note de 4 \u00e0 4,5.<\/span><\/li>\n<li><span style=\"color: #000000;\">R\u00e9sistance \u00e0 la fum\u00e9e\u00a0: scores compris entre 3 et 3,5.<\/span><\/li>\n<li><span style=\"color: #000000;\">R\u00e9sistance aux UVA : Atteint une note de 3,5 \u00e0 4 sur 24 heures.<\/span><\/li>\n<li><span style=\"color: #000000;\">R\u00e9sistance aux UVB\u00a0: varie de 3,0 \u00e0 3,5 sur 6 heures.<\/span><\/li>\n<\/ul>\n<p><span style=\"color: #28a7de;\"><strong><b>Guide d&#039;utilisation<\/b><\/strong><\/span><\/p>\n<ul>\n<li><span style=\"color: #000000;\">L&#039;utilisation recommand\u00e9e de mousse PU est comprise entre 0,5% et 6,0% (base sur la teneur en poly\u00e9ther). L&#039;ajout recommand\u00e9 de pr\u00e9polym\u00e8re de polyur\u00e9thane est de 0,1% \u00e0 1,0%, qui peut \u00eatre ajust\u00e9 en fonction des exigences de l&#039;application. S\u2019il n\u2019est pas utilis\u00e9 compl\u00e8tement d\u2019un coup, veuillez sceller rapidement et conserver correctement.<\/span><\/li>\n<li><span style=\"color: #000000;\">Lorsqu&#039;il est appliqu\u00e9 sur des adh\u00e9sifs, le dosage recommand\u00e9 est de 4 500 ppm. Des dosages sp\u00e9cifiques doivent \u00eatre ajout\u00e9s en fonction des exigences du client.<\/span><\/li>\n<\/ul>\n<p><span style=\"color: #28a7de;\"><strong><b>Emballer<\/b><\/strong><strong><b>\u00a0<\/b><\/strong><\/span><\/p>\n<p><span style=\"color: #000000;\">25KG\/tambour ou 190KG\/tambour<\/span><\/p>\n<p><span style=\"color: #28a7de;\"><strong><b>S<\/b><\/strong><strong><b>dur\u00e9e de vie<\/b><\/strong><\/span><\/p>\n<p><span style=\"color: #000000;\">12 mois \u00e0 compter de la date de production sous emballage d&#039;origine non ouvert.<\/span><\/p>\n<p><span style=\"color: #28a7de;\"><strong><b>Stockage <\/b><\/strong><\/span><\/p>\n<p><span style=\"color: #000000;\">Stock\u00e9 dans des conditions sombres, s\u00e8ches et fra\u00eeches, herm\u00e9tiquement ferm\u00e9. Une exposition prolong\u00e9e \u00e0 l&#039;air peut alt\u00e9rer le produit.<\/span><\/p>","protected":false},"excerpt":{"rendered":"<p>Prot\u00e8ge les mat\u00e9riaux des dommages oxydatifs, prolongeant leur dur\u00e9e de vie.<\/p>","protected":false},"featured_media":0,"template":"","meta":{"site-sidebar-layout":"default","site-content-layout":"","ast-site-content-layout":"default","site-content-style":"default","site-sidebar-style":"default","ast-global-header-display":"","ast-banner-title-visibility":"","ast-main-header-display":"","ast-hfb-above-header-display":"","ast-hfb-below-header-display":"","ast-hfb-mobile-header-display":"","site-post-title":"","ast-breadcrumbs-content":"","ast-featured-img":"","footer-sml-layout":"","theme-transparent-header-meta":"default","adv-header-id-meta":"","stick-header-meta":"","header-above-stick-meta":"","header-main-stick-meta":"","header-below-stick-meta":"","astra-migrate-meta-layouts":"set","ast-page-background-enabled":"default","ast-page-background-meta":{"desktop":{"background-color":"","background-image":"","background-repeat":"repeat","background-position":"center center","background-size":"auto","background-attachment":"scroll","background-type":"","background-media":"","overlay-type":"","overlay-color":"","overlay-opacity":"","overlay-gradient":""},"tablet":{"background-color":"","background-image":"","background-repeat":"repeat","background-position":"center center","background-size":"auto","background-attachment":"scroll","background-type":"","background-media":"","overlay-type":"","overlay-color":"","overlay-opacity":"","overlay-gradient":""},"mobile":{"background-color":"","background-image":"","background-repeat":"repeat","background-position":"center center","background-size":"auto","background-attachment":"scroll","background-type":"","background-media":"","overlay-type":"","overlay-color":"","overlay-opacity":"","overlay-gradient":""}},"ast-content-background-meta":{"desktop":{"background-color":"var(--ast-global-color-5)","background-image":"","background-repeat":"repeat","background-position":"center center","background-size":"auto","background-attachment":"scroll","background-type":"","background-media":"","overlay-type":"","overlay-color":"","overlay-opacity":"","overlay-gradient":""},"tablet":{"background-color":"var(--ast-global-color-5)","background-image":"","background-repeat":"repeat","background-position":"center center","background-size":"auto","background-attachment":"scroll","background-type":"","background-media":"","overlay-type":"","overlay-color":"","overlay-opacity":"","overlay-gradient":""},"mobile":{"background-color":"var(--ast-global-color-5)","background-image":"","background-repeat":"repeat","background-position":"center center","background-size":"auto","background-attachment":"scroll","background-type":"","background-media":"","overlay-type":"","overlay-color":"","overlay-opacity":"","overlay-gradient":""}}},"product_brand":[],"product_cat":[18,19],"product_tag":[],"class_list":{"0":"post-3447","1":"product","2":"type-product","3":"status-publish","5":"product_cat-products","6":"product_cat-antioxidant-for-polyether-and-foam","7":"desktop-align-left","8":"tablet-align-left","9":"mobile-align-left","11":"first","12":"instock","13":"shipping-taxable","14":"product-type-simple"},"_links":{"self":[{"href":"https:\/\/chicchem.com\/fr\/wp-json\/wp\/v2\/product\/3447","targetHints":{"allow":["GET"]}}],"collection":[{"href":"https:\/\/chicchem.com\/fr\/wp-json\/wp\/v2\/product"}],"about":[{"href":"https:\/\/chicchem.com\/fr\/wp-json\/wp\/v2\/types\/product"}],"wp:attachment":[{"href":"https:\/\/chicchem.com\/fr\/wp-json\/wp\/v2\/media?parent=3447"}],"wp:term":[{"taxonomy":"product_brand","embeddable":true,"href":"https:\/\/chicchem.com\/fr\/wp-json\/wp\/v2\/product_brand?post=3447"},{"taxonomy":"product_cat","embeddable":true,"href":"https:\/\/chicchem.com\/fr\/wp-json\/wp\/v2\/product_cat?post=3447"},{"taxonomy":"product_tag","embeddable":true,"href":"https:\/\/chicchem.com\/fr\/wp-json\/wp\/v2\/product_tag?post=3447"}],"curies":[{"name":"wp","href":"https:\/\/api.w.org\/{rel}","templated":true}]}}